{"id":13533,"date":"2022-04-14T07:18:04","date_gmt":"2022-04-14T04:18:04","guid":{"rendered":"https:\/\/otepaagolf.com\/sale-of-shares\/"},"modified":"2024-02-11T13:33:25","modified_gmt":"2024-02-11T11:33:25","slug":"sale-of-shares","status":"publish","type":"page","link":"https:\/\/otepaagolf.com\/en\/golf-centre\/sale-of-shares\/","title":{"rendered":"Sale of shares"},"content":{"rendered":"\t\t<div data-elementor-type=\"wp-page\" data-elementor-id=\"13533\" class=\"elementor elementor-13533 elementor-3097\" data-elementor-post-type=\"page\">\n\t\t\t\t\t\t<section class=\"elementor-section elementor-top-section elementor-element elementor-element-a08342d elementor-section-boxed elementor-section-height-default elementor-section-height-default\" data-id=\"a08342d\" data-element_type=\"section\">\n\t\t\t\t\t\t<div class=\"elementor-container elementor-column-gap-default\">\n\t\t\t\t\t<div class=\"elementor-column elementor-col-100 elementor-top-column elementor-element elementor-element-befeaba\" data-id=\"befeaba\" data-element_type=\"column\">\n\t\t\t<div class=\"elementor-widget-wrap elementor-element-populated\">\n\t\t\t\t\t\t<div class=\"elementor-element elementor-element-7786e6e elementor-widget elementor-widget-spacer\" data-id=\"7786e6e\" data-element_type=\"widget\" data-widget_type=\"spacer.default\">\n\t\t\t\t<div class=\"elementor-widget-container\">\n\t\t\t\t\t\t\t<div class=\"elementor-spacer\">\n\t\t\t<div class=\"elementor-spacer-inner\"><\/div>\n\t\t<\/div>\n\t\t\t\t\t\t<\/div>\n\t\t\t\t<\/div>\n\t\t\t\t\t<\/div>\n\t\t<\/div>\n\t\t\t\t\t<\/div>\n\t\t<\/section>\n\t\t\t\t<section class=\"elementor-section elementor-top-section elementor-element elementor-element-118a236 elementor-section-boxed elementor-section-height-default elementor-section-height-default\" data-id=\"118a236\" data-element_type=\"section\">\n\t\t\t\t\t\t<div class=\"elementor-container elementor-column-gap-default\">\n\t\t\t\t\t<div class=\"elementor-column elementor-col-100 elementor-top-column elementor-element elementor-element-d6c3b80\" data-id=\"d6c3b80\" data-element_type=\"column\">\n\t\t\t<div class=\"elementor-widget-wrap elementor-element-populated\">\n\t\t\t\t\t\t<div class=\"elementor-element elementor-element-cc7432c elementor-widget elementor-widget-heading\" data-id=\"cc7432c\" data-element_type=\"widget\" data-widget_type=\"heading.default\">\n\t\t\t\t<div class=\"elementor-widget-container\">\n\t\t\t\t\t<h2 class=\"elementor-heading-title elementor-size-default\">BE THE FIRST WITH A SHARE<\/h2>\t\t\t\t<\/div>\n\t\t\t\t<\/div>\n\t\t\t\t\t<\/div>\n\t\t<\/div>\n\t\t\t\t\t<\/div>\n\t\t<\/section>\n\t\t\t\t<section class=\"elementor-section elementor-top-section elementor-element elementor-element-fec76fa elementor-section-boxed elementor-section-height-default elementor-section-height-default\" data-id=\"fec76fa\" data-element_type=\"section\">\n\t\t\t\t\t\t<div class=\"elementor-container elementor-column-gap-default\">\n\t\t\t\t\t<div class=\"elementor-column elementor-col-100 elementor-top-column elementor-element elementor-element-62bc340\" data-id=\"62bc340\" data-element_type=\"column\">\n\t\t\t<div class=\"elementor-widget-wrap elementor-element-populated\">\n\t\t\t\t\t\t<div class=\"elementor-element elementor-element-0d4364d elementor-widget elementor-widget-spacer\" data-id=\"0d4364d\" data-element_type=\"widget\" data-widget_type=\"spacer.default\">\n\t\t\t\t<div class=\"elementor-widget-container\">\n\t\t\t\t\t\t\t<div class=\"elementor-spacer\">\n\t\t\t<div class=\"elementor-spacer-inner\"><\/div>\n\t\t<\/div>\n\t\t\t\t\t\t<\/div>\n\t\t\t\t<\/div>\n\t\t\t\t\t<\/div>\n\t\t<\/div>\n\t\t\t\t\t<\/div>\n\t\t<\/section>\n\t\t\t\t<section class=\"elementor-section elementor-top-section elementor-element elementor-element-5b48e7f elementor-section-boxed elementor-section-height-default elementor-section-height-default\" data-id=\"5b48e7f\" data-element_type=\"section\">\n\t\t\t\t\t\t<div class=\"elementor-container elementor-column-gap-default\">\n\t\t\t\t\t<div class=\"elementor-column elementor-col-100 elementor-top-column elementor-element elementor-element-7210b60\" data-id=\"7210b60\" data-element_type=\"column\">\n\t\t\t<div class=\"elementor-widget-wrap elementor-element-populated\">\n\t\t\t\t\t\t<div class=\"elementor-element elementor-element-204d643 elementor-widget elementor-widget-text-editor\" data-id=\"204d643\" data-element_type=\"widget\" data-widget_type=\"text-editor.default\">\n\t\t\t\t<div class=\"elementor-widget-container\">\n\t\t\t\t\t\t\t\t\t<p style=\"text-align: center;\">The number of golfers in Estonia and neighbouring countries have started to grow rapidly over the past two years, as COVID-19 has forced people to change their hobbies and consumption habits. The number of golfers in Estonia doubled and golf became one of the TOP3 fastest growing sports (according to the Estonian Golf Association&#8217;s end-2021 statistics).<\/p>\n<p style=\"text-align: center;\">\n<p style=\"text-align: center;\">Golf shares are not linked to the ability to earn dividends. The main value of a golf share are the benefits that the golf centre offers to the shareholder, his family and his playing companions. Offering such benefits to the shareholder is possible from the moment the golf course occupancy rate increases and Otep\u00e4\u00e4 has a high occupancy rate at peak times, during the summer holiday period and above average at other times. The benefits of being a shareholder in Otep\u00e4\u00e4 Golf Centre have grown rapidly in recent years.<\/p>\n<p style=\"text-align: center;\">\n<p style=\"text-align: center;\">\n<p style=\"text-align: center;\">\n<p style=\"text-align: center;\"><strong>FIND THE PRICE ADVANTAGES OFFERED TO THE EQUITY PLAYER <\/strong><a href=\"https:\/\/otepaagolf.com\/en\/golf-centre\/price-list\/\" target=\"_blank\" rel=\"noopener\">PRICE SHEET<\/a><strong> PAGE.<\/strong><\/p>\n<p style=\"text-align: center;\"><strong> <\/strong><\/p>\n<p style=\"text-align: center;\">\n\t\t\t\t\t\t\t\t<\/div>\n\t\t\t\t<\/div>\n\t\t\t\t\t<\/div>\n\t\t<\/div>\n\t\t\t\t\t<\/div>\n\t\t<\/section>\n\t\t\t\t<\/div>\n\t\t","protected":false},"excerpt":{"rendered":"<p>BE THE FIRST WITH A SHARE The number of golfers in Estonia and neighbouring countries have started to grow rapidly over the past two years, as COVID-19 has forced people to change their hobbies and consumption habits. The number of golfers in Estonia doubled and golf became one of the TOP3 fastest growing sports (according [&hellip;]<\/p>\n","protected":false},"author":5,"featured_media":0,"parent":13704,"menu_order":0,"comment_status":"closed","ping_status":"closed","template":"","meta":{"_acf_changed":false,"_improvement_type_select":"improve_an_existing","_thumb_yes_seoaic":false,"_frame_yes_seoaic":false,"seoaic_generate_description":"","seoaic_improve_instructions_prompt":"","seoaic_rollback_content_improvement":"","seoaic_idea_thumbnail_generator":"","thumbnail_generated":false,"thumbnail_generate_prompt":"","seoaic_article_description":"","footnotes":""},"class_list":["post-13533","page","type-page","status-publish","hentry"],"acf":[],"yoast_head":"<!-- This site is optimized with the Yoast SEO plugin v26.8 - https:\/\/yoast.com\/product\/yoast-seo-wordpress\/ -->\n<title>Sale of shares - Otep\u00e4\u00e4 Golf &amp; Country Club<\/title>\n<meta name=\"robots\" content=\"index, follow, max-snippet:-1, max-image-preview:large, max-video-preview:-1\" \/>\n<link rel=\"canonical\" href=\"https:\/\/otepaagolf.com\/en\/golf-centre\/sale-of-shares\/\" \/>\n<meta property=\"og:locale\" content=\"en_US\" \/>\n<meta property=\"og:type\" content=\"article\" \/>\n<meta property=\"og:title\" content=\"Sale of shares - Otep\u00e4\u00e4 Golf &amp; Country Club\" \/>\n<meta property=\"og:description\" content=\"BE THE FIRST WITH A SHARE The number of golfers in Estonia and neighbouring countries have started to grow rapidly over the past two years, as COVID-19 has forced people to change their hobbies and consumption habits. The number of golfers in Estonia doubled and golf became one of the TOP3 fastest growing sports (according [&hellip;]\" \/>\n<meta property=\"og:url\" content=\"https:\/\/otepaagolf.com\/en\/golf-centre\/sale-of-shares\/\" \/>\n<meta property=\"og:site_name\" content=\"Otep\u00e4\u00e4 Golf &amp; Country Club\" \/>\n<meta property=\"article:modified_time\" content=\"2024-02-11T11:33:25+00:00\" \/>\n<meta name=\"twitter:card\" content=\"summary_large_image\" \/>\n<meta name=\"twitter:label1\" content=\"Est. reading time\" \/>\n\t<meta name=\"twitter:data1\" content=\"1 minute\" \/>\n<script type=\"application\/ld+json\" class=\"yoast-schema-graph\">{\"@context\":\"https:\/\/schema.org\",\"@graph\":[{\"@type\":\"WebPage\",\"@id\":\"https:\/\/otepaagolf.com\/en\/golf-centre\/sale-of-shares\/\",\"url\":\"https:\/\/otepaagolf.com\/en\/golf-centre\/sale-of-shares\/\",\"name\":\"Sale of shares - Otep\u00e4\u00e4 Golf &amp; Country Club\",\"isPartOf\":{\"@id\":\"https:\/\/otepaagolf.com\/en\/#website\"},\"datePublished\":\"2022-04-14T04:18:04+00:00\",\"dateModified\":\"2024-02-11T11:33:25+00:00\",\"breadcrumb\":{\"@id\":\"https:\/\/otepaagolf.com\/en\/golf-centre\/sale-of-shares\/#breadcrumb\"},\"inLanguage\":\"en-US\",\"potentialAction\":[{\"@type\":\"ReadAction\",\"target\":[\"https:\/\/otepaagolf.com\/en\/golf-centre\/sale-of-shares\/\"]}]},{\"@type\":\"BreadcrumbList\",\"@id\":\"https:\/\/otepaagolf.com\/en\/golf-centre\/sale-of-shares\/#breadcrumb\",\"itemListElement\":[{\"@type\":\"ListItem\",\"position\":1,\"name\":\"Home\",\"item\":\"https:\/\/otepaagolf.com\/en\/\"},{\"@type\":\"ListItem\",\"position\":2,\"name\":\"Golf Centre\",\"item\":\"https:\/\/otepaagolf.com\/en\/golf-centre\/\"},{\"@type\":\"ListItem\",\"position\":3,\"name\":\"Sale of shares\"}]},{\"@type\":\"WebSite\",\"@id\":\"https:\/\/otepaagolf.com\/en\/#website\",\"url\":\"https:\/\/otepaagolf.com\/en\/\",\"name\":\"Otep\u00e4\u00e4 Golf &amp; Country Club\",\"description\":\"T\u00e4ism\u00f5\u00f5tmeline golfiv\u00e4ljak 18-holes PAR73\",\"publisher\":{\"@id\":\"https:\/\/otepaagolf.com\/en\/#organization\"},\"potentialAction\":[{\"@type\":\"SearchAction\",\"target\":{\"@type\":\"EntryPoint\",\"urlTemplate\":\"https:\/\/otepaagolf.com\/en\/?s={search_term_string}\"},\"query-input\":{\"@type\":\"PropertyValueSpecification\",\"valueRequired\":true,\"valueName\":\"search_term_string\"}}],\"inLanguage\":\"en-US\"},{\"@type\":\"Organization\",\"@id\":\"https:\/\/otepaagolf.com\/en\/#organization\",\"name\":\"Otep\u00e4\u00e4 Golf &amp; Country Club\",\"url\":\"https:\/\/otepaagolf.com\/en\/\",\"logo\":{\"@type\":\"ImageObject\",\"inLanguage\":\"en-US\",\"@id\":\"https:\/\/otepaagolf.com\/en\/#\/schema\/logo\/image\/\",\"url\":\"https:\/\/otepaagolf.com\/wp-content\/uploads\/2021\/10\/OGCC_web_pais.png\",\"contentUrl\":\"https:\/\/otepaagolf.com\/wp-content\/uploads\/2021\/10\/OGCC_web_pais.png\",\"width\":1368,\"height\":541,\"caption\":\"Otep\u00e4\u00e4 Golf &amp; Country Club\"},\"image\":{\"@id\":\"https:\/\/otepaagolf.com\/en\/#\/schema\/logo\/image\/\"}}]}<\/script>\n<!-- \/ Yoast SEO plugin. -->","yoast_head_json":{"title":"Sale of shares - Otep\u00e4\u00e4 Golf &amp; Country Club","robots":{"index":"index","follow":"follow","max-snippet":"max-snippet:-1","max-image-preview":"max-image-preview:large","max-video-preview":"max-video-preview:-1"},"canonical":"https:\/\/otepaagolf.com\/en\/golf-centre\/sale-of-shares\/","og_locale":"en_US","og_type":"article","og_title":"Sale of shares - Otep\u00e4\u00e4 Golf &amp; Country Club","og_description":"BE THE FIRST WITH A SHARE The number of golfers in Estonia and neighbouring countries have started to grow rapidly over the past two years, as COVID-19 has forced people to change their hobbies and consumption habits. The number of golfers in Estonia doubled and golf became one of the TOP3 fastest growing sports (according [&hellip;]","og_url":"https:\/\/otepaagolf.com\/en\/golf-centre\/sale-of-shares\/","og_site_name":"Otep\u00e4\u00e4 Golf &amp; Country Club","article_modified_time":"2024-02-11T11:33:25+00:00","twitter_card":"summary_large_image","twitter_misc":{"Est. reading time":"1 minute"},"schema":{"@context":"https:\/\/schema.org","@graph":[{"@type":"WebPage","@id":"https:\/\/otepaagolf.com\/en\/golf-centre\/sale-of-shares\/","url":"https:\/\/otepaagolf.com\/en\/golf-centre\/sale-of-shares\/","name":"Sale of shares - Otep\u00e4\u00e4 Golf &amp; Country Club","isPartOf":{"@id":"https:\/\/otepaagolf.com\/en\/#website"},"datePublished":"2022-04-14T04:18:04+00:00","dateModified":"2024-02-11T11:33:25+00:00","breadcrumb":{"@id":"https:\/\/otepaagolf.com\/en\/golf-centre\/sale-of-shares\/#breadcrumb"},"inLanguage":"en-US","potentialAction":[{"@type":"ReadAction","target":["https:\/\/otepaagolf.com\/en\/golf-centre\/sale-of-shares\/"]}]},{"@type":"BreadcrumbList","@id":"https:\/\/otepaagolf.com\/en\/golf-centre\/sale-of-shares\/#breadcrumb","itemListElement":[{"@type":"ListItem","position":1,"name":"Home","item":"https:\/\/otepaagolf.com\/en\/"},{"@type":"ListItem","position":2,"name":"Golf Centre","item":"https:\/\/otepaagolf.com\/en\/golf-centre\/"},{"@type":"ListItem","position":3,"name":"Sale of shares"}]},{"@type":"WebSite","@id":"https:\/\/otepaagolf.com\/en\/#website","url":"https:\/\/otepaagolf.com\/en\/","name":"Otep\u00e4\u00e4 Golf &amp; Country Club","description":"T\u00e4ism\u00f5\u00f5tmeline golfiv\u00e4ljak 18-holes PAR73","publisher":{"@id":"https:\/\/otepaagolf.com\/en\/#organization"},"potentialAction":[{"@type":"SearchAction","target":{"@type":"EntryPoint","urlTemplate":"https:\/\/otepaagolf.com\/en\/?s={search_term_string}"},"query-input":{"@type":"PropertyValueSpecification","valueRequired":true,"valueName":"search_term_string"}}],"inLanguage":"en-US"},{"@type":"Organization","@id":"https:\/\/otepaagolf.com\/en\/#organization","name":"Otep\u00e4\u00e4 Golf &amp; Country Club","url":"https:\/\/otepaagolf.com\/en\/","logo":{"@type":"ImageObject","inLanguage":"en-US","@id":"https:\/\/otepaagolf.com\/en\/#\/schema\/logo\/image\/","url":"https:\/\/otepaagolf.com\/wp-content\/uploads\/2021\/10\/OGCC_web_pais.png","contentUrl":"https:\/\/otepaagolf.com\/wp-content\/uploads\/2021\/10\/OGCC_web_pais.png","width":1368,"height":541,"caption":"Otep\u00e4\u00e4 Golf &amp; Country Club"},"image":{"@id":"https:\/\/otepaagolf.com\/en\/#\/schema\/logo\/image\/"}}]}},"publishpress_future_workflow_manual_trigger":{"enabledWorkflows":[]},"_links":{"self":[{"href":"https:\/\/otepaagolf.com\/en\/wp-json\/wp\/v2\/pages\/13533","targetHints":{"allow":["GET"]}}],"collection":[{"href":"https:\/\/otepaagolf.com\/en\/wp-json\/wp\/v2\/pages"}],"about":[{"href":"https:\/\/otepaagolf.com\/en\/wp-json\/wp\/v2\/types\/page"}],"author":[{"embeddable":true,"href":"https:\/\/otepaagolf.com\/en\/wp-json\/wp\/v2\/users\/5"}],"replies":[{"embeddable":true,"href":"https:\/\/otepaagolf.com\/en\/wp-json\/wp\/v2\/comments?post=13533"}],"version-history":[{"count":6,"href":"https:\/\/otepaagolf.com\/en\/wp-json\/wp\/v2\/pages\/13533\/revisions"}],"predecessor-version":[{"id":13981,"href":"https:\/\/otepaagolf.com\/en\/wp-json\/wp\/v2\/pages\/13533\/revisions\/13981"}],"up":[{"embeddable":true,"href":"https:\/\/otepaagolf.com\/en\/wp-json\/wp\/v2\/pages\/13704"}],"wp:attachment":[{"href":"https:\/\/otepaagolf.com\/en\/wp-json\/wp\/v2\/media?parent=13533"}],"curies":[{"name":"wp","href":"https:\/\/api.w.org\/{rel}","templated":true}]}}