{"id":13547,"date":"2021-07-25T13:02:56","date_gmt":"2021-07-25T10:02:56","guid":{"rendered":"https:\/\/otepaagolf.com\/hole-in-one-in-otepaa\/"},"modified":"2025-12-20T17:56:55","modified_gmt":"2025-12-20T15:56:55","slug":"hole-in-one-in-otepaa","status":"publish","type":"page","link":"https:\/\/otepaagolf.com\/en\/field\/hole-in-one-in-otepaa\/","title":{"rendered":"Hole-in-One in Otep\u00e4\u00e4"},"content":{"rendered":"\t\t<div data-elementor-type=\"wp-page\" data-elementor-id=\"13547\" class=\"elementor elementor-13547 elementor-1012\" data-elementor-post-type=\"page\">\n\t\t\t\t\t\t<section class=\"elementor-section elementor-top-section elementor-element elementor-element-c325fd3 elementor-section-boxed elementor-section-height-default elementor-section-height-default\" data-id=\"c325fd3\" data-element_type=\"section\">\n\t\t\t\t\t\t<div class=\"elementor-container elementor-column-gap-default\">\n\t\t\t\t\t<div class=\"elementor-column elementor-col-100 elementor-top-column elementor-element elementor-element-fe3a967\" data-id=\"fe3a967\" data-element_type=\"column\">\n\t\t\t<div class=\"elementor-widget-wrap elementor-element-populated\">\n\t\t\t\t\t\t\t<\/div>\n\t\t<\/div>\n\t\t\t\t\t<\/div>\n\t\t<\/section>\n\t\t\t\t<section class=\"elementor-section elementor-top-section elementor-element elementor-element-8356a38 elementor-section-boxed elementor-section-height-default elementor-section-height-default\" data-id=\"8356a38\" data-element_type=\"section\">\n\t\t\t\t\t\t<div class=\"elementor-container elementor-column-gap-default\">\n\t\t\t\t\t<div class=\"elementor-column elementor-col-33 elementor-top-column elementor-element elementor-element-9d20860\" data-id=\"9d20860\" data-element_type=\"column\">\n\t\t\t<div class=\"elementor-widget-wrap\">\n\t\t\t\t\t\t\t<\/div>\n\t\t<\/div>\n\t\t\t\t<div class=\"elementor-column elementor-col-33 elementor-top-column elementor-element elementor-element-f2bcdbd\" data-id=\"f2bcdbd\" data-element_type=\"column\">\n\t\t\t<div class=\"elementor-widget-wrap elementor-element-populated\">\n\t\t\t\t\t\t<div class=\"elementor-element elementor-element-8c29514 elementor-widget elementor-widget-image\" data-id=\"8c29514\" data-element_type=\"widget\" data-widget_type=\"image.default\">\n\t\t\t\t<div class=\"elementor-widget-container\">\n\t\t\t\t\t\t\t\t\t\t\t\t\t\t\t<img fetchpriority=\"high\" decoding=\"async\" width=\"1024\" height=\"348\" src=\"https:\/\/otepaagolf.com\/wp-content\/uploads\/2022\/05\/MC-BrandLogo-CMYK-Gradient-Black-002-1024x348.png\" class=\"attachment-large size-large wp-image-8623\" alt=\"\" srcset=\"https:\/\/otepaagolf.com\/wp-content\/uploads\/2022\/05\/MC-BrandLogo-CMYK-Gradient-Black-002-1024x348.png 1024w, https:\/\/otepaagolf.com\/wp-content\/uploads\/2022\/05\/MC-BrandLogo-CMYK-Gradient-Black-002-300x102.png 300w, https:\/\/otepaagolf.com\/wp-content\/uploads\/2022\/05\/MC-BrandLogo-CMYK-Gradient-Black-002-768x261.png 768w, https:\/\/otepaagolf.com\/wp-content\/uploads\/2022\/05\/MC-BrandLogo-CMYK-Gradient-Black-002-1536x522.png 1536w, https:\/\/otepaagolf.com\/wp-content\/uploads\/2022\/05\/MC-BrandLogo-CMYK-Gradient-Black-002-2048x696.png 2048w, https:\/\/otepaagolf.com\/wp-content\/uploads\/2022\/05\/MC-BrandLogo-CMYK-Gradient-Black-002-150x51.png 150w\" sizes=\"(max-width: 1024px) 100vw, 1024px\" \/>\t\t\t\t\t\t\t\t\t\t\t\t\t\t\t<\/div>\n\t\t\t\t<\/div>\n\t\t\t\t\t<\/div>\n\t\t<\/div>\n\t\t\t\t<div class=\"elementor-column elementor-col-33 elementor-top-column elementor-element elementor-element-f45fa33\" data-id=\"f45fa33\" data-element_type=\"column\">\n\t\t\t<div class=\"elementor-widget-wrap\">\n\t\t\t\t\t\t\t<\/div>\n\t\t<\/div>\n\t\t\t\t\t<\/div>\n\t\t<\/section>\n\t\t\t\t<section class=\"elementor-section elementor-top-section elementor-element elementor-element-9aed18e elementor-section-boxed elementor-section-height-default elementor-section-height-default\" data-id=\"9aed18e\" data-element_type=\"section\">\n\t\t\t\t\t\t<div class=\"elementor-container elementor-column-gap-default\">\n\t\t\t\t\t<div class=\"elementor-column elementor-col-100 elementor-top-column elementor-element elementor-element-927fc60\" data-id=\"927fc60\" data-element_type=\"column\">\n\t\t\t<div class=\"elementor-widget-wrap elementor-element-populated\">\n\t\t\t\t\t\t<div class=\"elementor-element elementor-element-5c82e8f elementor-widget elementor-widget-spacer\" data-id=\"5c82e8f\" data-element_type=\"widget\" data-widget_type=\"spacer.default\">\n\t\t\t\t<div class=\"elementor-widget-container\">\n\t\t\t\t\t\t\t<div class=\"elementor-spacer\">\n\t\t\t<div class=\"elementor-spacer-inner\"><\/div>\n\t\t<\/div>\n\t\t\t\t\t\t<\/div>\n\t\t\t\t<\/div>\n\t\t\t\t\t<\/div>\n\t\t<\/div>\n\t\t\t\t\t<\/div>\n\t\t<\/section>\n\t\t\t\t<section class=\"elementor-section elementor-top-section elementor-element elementor-element-fb3b686 elementor-section-boxed elementor-section-height-default elementor-section-height-default\" data-id=\"fb3b686\" data-element_type=\"section\">\n\t\t\t\t\t\t<div class=\"elementor-container elementor-column-gap-default\">\n\t\t\t\t\t<div class=\"elementor-column elementor-col-33 elementor-top-column elementor-element elementor-element-4a10dd6\" data-id=\"4a10dd6\" data-element_type=\"column\">\n\t\t\t<div class=\"elementor-widget-wrap\">\n\t\t\t\t\t\t\t<\/div>\n\t\t<\/div>\n\t\t\t\t<div class=\"elementor-column elementor-col-33 elementor-top-column elementor-element elementor-element-38d4131\" data-id=\"38d4131\" data-element_type=\"column\">\n\t\t\t<div class=\"elementor-widget-wrap\">\n\t\t\t\t\t\t\t<\/div>\n\t\t<\/div>\n\t\t\t\t<div class=\"elementor-column elementor-col-33 elementor-top-column elementor-element elementor-element-c87afb7\" data-id=\"c87afb7\" data-element_type=\"column\">\n\t\t\t<div class=\"elementor-widget-wrap\">\n\t\t\t\t\t\t\t<\/div>\n\t\t<\/div>\n\t\t\t\t\t<\/div>\n\t\t<\/section>\n\t\t\t\t<section class=\"elementor-section elementor-top-section elementor-element elementor-element-1a7fbbe elementor-section-boxed elementor-section-height-default elementor-section-height-default\" data-id=\"1a7fbbe\" data-element_type=\"section\">\n\t\t\t\t\t\t<div class=\"elementor-container elementor-column-gap-default\">\n\t\t\t\t\t<div class=\"elementor-column elementor-col-100 elementor-top-column elementor-element elementor-element-24ca81d\" data-id=\"24ca81d\" data-element_type=\"column\">\n\t\t\t<div class=\"elementor-widget-wrap\">\n\t\t\t\t\t\t\t<\/div>\n\t\t<\/div>\n\t\t\t\t\t<\/div>\n\t\t<\/section>\n\t\t\t\t<section class=\"elementor-section elementor-top-section elementor-element elementor-element-9eedca2 elementor-section-boxed elementor-section-height-default elementor-section-height-default\" data-id=\"9eedca2\" data-element_type=\"section\">\n\t\t\t\t\t\t<div class=\"elementor-container elementor-column-gap-default\">\n\t\t\t\t\t<div class=\"elementor-column elementor-col-100 elementor-top-column elementor-element elementor-element-ac514b3\" data-id=\"ac514b3\" data-element_type=\"column\">\n\t\t\t<div class=\"elementor-widget-wrap elementor-element-populated\">\n\t\t\t\t\t\t<div class=\"elementor-element elementor-element-c12f3fe elementor-widget elementor-widget-spacer\" data-id=\"c12f3fe\" data-element_type=\"widget\" data-widget_type=\"spacer.default\">\n\t\t\t\t<div class=\"elementor-widget-container\">\n\t\t\t\t\t\t\t<div class=\"elementor-spacer\">\n\t\t\t<div class=\"elementor-spacer-inner\"><\/div>\n\t\t<\/div>\n\t\t\t\t\t\t<\/div>\n\t\t\t\t<\/div>\n\t\t\t\t\t<\/div>\n\t\t<\/div>\n\t\t\t\t\t<\/div>\n\t\t<\/section>\n\t\t\t\t<\/div>\n\t\t","protected":false},"excerpt":{"rendered":"","protected":false},"author":3,"featured_media":0,"parent":13637,"menu_order":0,"comment_status":"closed","ping_status":"closed","template":"","meta":{"_acf_changed":false,"_improvement_type_select":"improve_an_existing","_thumb_yes_seoaic":false,"_frame_yes_seoaic":false,"seoaic_generate_description":"","seoaic_improve_instructions_prompt":"","seoaic_rollback_content_improvement":"","seoaic_idea_thumbnail_generator":"","thumbnail_generated":false,"thumbnail_generate_prompt":"","seoaic_article_description":"","footnotes":""},"class_list":["post-13547","page","type-page","status-publish","hentry"],"acf":[],"yoast_head":"<!-- This site is optimized with the Yoast SEO plugin v26.8 - https:\/\/yoast.com\/product\/yoast-seo-wordpress\/ -->\n<title>Hole-in-One in Otep\u00e4\u00e4 - Otep\u00e4\u00e4 Golf &amp; Country Club<\/title>\n<meta name=\"robots\" content=\"index, follow, max-snippet:-1, max-image-preview:large, max-video-preview:-1\" \/>\n<link rel=\"canonical\" href=\"https:\/\/otepaagolf.com\/en\/field\/hole-in-one-in-otepaa\/\" \/>\n<meta property=\"og:locale\" content=\"en_US\" \/>\n<meta property=\"og:type\" content=\"article\" \/>\n<meta property=\"og:title\" content=\"Hole-in-One in Otep\u00e4\u00e4 - Otep\u00e4\u00e4 Golf &amp; Country Club\" \/>\n<meta property=\"og:url\" content=\"https:\/\/otepaagolf.com\/en\/field\/hole-in-one-in-otepaa\/\" \/>\n<meta property=\"og:site_name\" content=\"Otep\u00e4\u00e4 Golf &amp; Country Club\" \/>\n<meta property=\"article:modified_time\" content=\"2025-12-20T15:56:55+00:00\" \/>\n<meta property=\"og:image\" content=\"https:\/\/otepaagolf.com\/wp-content\/uploads\/2022\/05\/MC-BrandLogo-CMYK-Gradient-Black-002.png\" \/>\n\t<meta property=\"og:image:width\" content=\"2295\" \/>\n\t<meta property=\"og:image:height\" content=\"780\" \/>\n\t<meta property=\"og:image:type\" content=\"image\/png\" \/>\n<meta name=\"twitter:card\" content=\"summary_large_image\" \/>\n<script type=\"application\/ld+json\" class=\"yoast-schema-graph\">{\"@context\":\"https:\/\/schema.org\",\"@graph\":[{\"@type\":\"WebPage\",\"@id\":\"https:\/\/otepaagolf.com\/en\/field\/hole-in-one-in-otepaa\/\",\"url\":\"https:\/\/otepaagolf.com\/en\/field\/hole-in-one-in-otepaa\/\",\"name\":\"Hole-in-One in Otep\u00e4\u00e4 - Otep\u00e4\u00e4 Golf &amp; Country Club\",\"isPartOf\":{\"@id\":\"https:\/\/otepaagolf.com\/en\/#website\"},\"primaryImageOfPage\":{\"@id\":\"https:\/\/otepaagolf.com\/en\/field\/hole-in-one-in-otepaa\/#primaryimage\"},\"image\":{\"@id\":\"https:\/\/otepaagolf.com\/en\/field\/hole-in-one-in-otepaa\/#primaryimage\"},\"thumbnailUrl\":\"https:\/\/otepaagolf.com\/wp-content\/uploads\/2022\/05\/MC-BrandLogo-CMYK-Gradient-Black-002-1024x348.png\",\"datePublished\":\"2021-07-25T10:02:56+00:00\",\"dateModified\":\"2025-12-20T15:56:55+00:00\",\"breadcrumb\":{\"@id\":\"https:\/\/otepaagolf.com\/en\/field\/hole-in-one-in-otepaa\/#breadcrumb\"},\"inLanguage\":\"en-US\",\"potentialAction\":[{\"@type\":\"ReadAction\",\"target\":[\"https:\/\/otepaagolf.com\/en\/field\/hole-in-one-in-otepaa\/\"]}]},{\"@type\":\"ImageObject\",\"inLanguage\":\"en-US\",\"@id\":\"https:\/\/otepaagolf.com\/en\/field\/hole-in-one-in-otepaa\/#primaryimage\",\"url\":\"https:\/\/otepaagolf.com\/wp-content\/uploads\/2022\/05\/MC-BrandLogo-CMYK-Gradient-Black-002-1024x348.png\",\"contentUrl\":\"https:\/\/otepaagolf.com\/wp-content\/uploads\/2022\/05\/MC-BrandLogo-CMYK-Gradient-Black-002-1024x348.png\"},{\"@type\":\"BreadcrumbList\",\"@id\":\"https:\/\/otepaagolf.com\/en\/field\/hole-in-one-in-otepaa\/#breadcrumb\",\"itemListElement\":[{\"@type\":\"ListItem\",\"position\":1,\"name\":\"Home\",\"item\":\"https:\/\/otepaagolf.com\/en\/\"},{\"@type\":\"ListItem\",\"position\":2,\"name\":\"Course\",\"item\":\"https:\/\/otepaagolf.com\/en\/field\/\"},{\"@type\":\"ListItem\",\"position\":3,\"name\":\"Hole-in-One in Otep\u00e4\u00e4\"}]},{\"@type\":\"WebSite\",\"@id\":\"https:\/\/otepaagolf.com\/en\/#website\",\"url\":\"https:\/\/otepaagolf.com\/en\/\",\"name\":\"Otep\u00e4\u00e4 Golf &amp; Country Club\",\"description\":\"T\u00e4ism\u00f5\u00f5tmeline golfiv\u00e4ljak 18-holes PAR73\",\"publisher\":{\"@id\":\"https:\/\/otepaagolf.com\/en\/#organization\"},\"potentialAction\":[{\"@type\":\"SearchAction\",\"target\":{\"@type\":\"EntryPoint\",\"urlTemplate\":\"https:\/\/otepaagolf.com\/en\/?s={search_term_string}\"},\"query-input\":{\"@type\":\"PropertyValueSpecification\",\"valueRequired\":true,\"valueName\":\"search_term_string\"}}],\"inLanguage\":\"en-US\"},{\"@type\":\"Organization\",\"@id\":\"https:\/\/otepaagolf.com\/en\/#organization\",\"name\":\"Otep\u00e4\u00e4 Golf &amp; Country Club\",\"url\":\"https:\/\/otepaagolf.com\/en\/\",\"logo\":{\"@type\":\"ImageObject\",\"inLanguage\":\"en-US\",\"@id\":\"https:\/\/otepaagolf.com\/en\/#\/schema\/logo\/image\/\",\"url\":\"https:\/\/otepaagolf.com\/wp-content\/uploads\/2021\/10\/OGCC_web_pais.png\",\"contentUrl\":\"https:\/\/otepaagolf.com\/wp-content\/uploads\/2021\/10\/OGCC_web_pais.png\",\"width\":1368,\"height\":541,\"caption\":\"Otep\u00e4\u00e4 Golf &amp; Country Club\"},\"image\":{\"@id\":\"https:\/\/otepaagolf.com\/en\/#\/schema\/logo\/image\/\"}}]}<\/script>\n<!-- \/ Yoast SEO plugin. -->","yoast_head_json":{"title":"Hole-in-One in Otep\u00e4\u00e4 - Otep\u00e4\u00e4 Golf &amp; Country Club","robots":{"index":"index","follow":"follow","max-snippet":"max-snippet:-1","max-image-preview":"max-image-preview:large","max-video-preview":"max-video-preview:-1"},"canonical":"https:\/\/otepaagolf.com\/en\/field\/hole-in-one-in-otepaa\/","og_locale":"en_US","og_type":"article","og_title":"Hole-in-One in Otep\u00e4\u00e4 - Otep\u00e4\u00e4 Golf &amp; Country Club","og_url":"https:\/\/otepaagolf.com\/en\/field\/hole-in-one-in-otepaa\/","og_site_name":"Otep\u00e4\u00e4 Golf &amp; Country Club","article_modified_time":"2025-12-20T15:56:55+00:00","og_image":[{"width":2295,"height":780,"url":"https:\/\/otepaagolf.com\/wp-content\/uploads\/2022\/05\/MC-BrandLogo-CMYK-Gradient-Black-002.png","type":"image\/png"}],"twitter_card":"summary_large_image","schema":{"@context":"https:\/\/schema.org","@graph":[{"@type":"WebPage","@id":"https:\/\/otepaagolf.com\/en\/field\/hole-in-one-in-otepaa\/","url":"https:\/\/otepaagolf.com\/en\/field\/hole-in-one-in-otepaa\/","name":"Hole-in-One in Otep\u00e4\u00e4 - Otep\u00e4\u00e4 Golf &amp; Country Club","isPartOf":{"@id":"https:\/\/otepaagolf.com\/en\/#website"},"primaryImageOfPage":{"@id":"https:\/\/otepaagolf.com\/en\/field\/hole-in-one-in-otepaa\/#primaryimage"},"image":{"@id":"https:\/\/otepaagolf.com\/en\/field\/hole-in-one-in-otepaa\/#primaryimage"},"thumbnailUrl":"https:\/\/otepaagolf.com\/wp-content\/uploads\/2022\/05\/MC-BrandLogo-CMYK-Gradient-Black-002-1024x348.png","datePublished":"2021-07-25T10:02:56+00:00","dateModified":"2025-12-20T15:56:55+00:00","breadcrumb":{"@id":"https:\/\/otepaagolf.com\/en\/field\/hole-in-one-in-otepaa\/#breadcrumb"},"inLanguage":"en-US","potentialAction":[{"@type":"ReadAction","target":["https:\/\/otepaagolf.com\/en\/field\/hole-in-one-in-otepaa\/"]}]},{"@type":"ImageObject","inLanguage":"en-US","@id":"https:\/\/otepaagolf.com\/en\/field\/hole-in-one-in-otepaa\/#primaryimage","url":"https:\/\/otepaagolf.com\/wp-content\/uploads\/2022\/05\/MC-BrandLogo-CMYK-Gradient-Black-002-1024x348.png","contentUrl":"https:\/\/otepaagolf.com\/wp-content\/uploads\/2022\/05\/MC-BrandLogo-CMYK-Gradient-Black-002-1024x348.png"},{"@type":"BreadcrumbList","@id":"https:\/\/otepaagolf.com\/en\/field\/hole-in-one-in-otepaa\/#breadcrumb","itemListElement":[{"@type":"ListItem","position":1,"name":"Home","item":"https:\/\/otepaagolf.com\/en\/"},{"@type":"ListItem","position":2,"name":"Course","item":"https:\/\/otepaagolf.com\/en\/field\/"},{"@type":"ListItem","position":3,"name":"Hole-in-One in Otep\u00e4\u00e4"}]},{"@type":"WebSite","@id":"https:\/\/otepaagolf.com\/en\/#website","url":"https:\/\/otepaagolf.com\/en\/","name":"Otep\u00e4\u00e4 Golf &amp; Country Club","description":"T\u00e4ism\u00f5\u00f5tmeline golfiv\u00e4ljak 18-holes PAR73","publisher":{"@id":"https:\/\/otepaagolf.com\/en\/#organization"},"potentialAction":[{"@type":"SearchAction","target":{"@type":"EntryPoint","urlTemplate":"https:\/\/otepaagolf.com\/en\/?s={search_term_string}"},"query-input":{"@type":"PropertyValueSpecification","valueRequired":true,"valueName":"search_term_string"}}],"inLanguage":"en-US"},{"@type":"Organization","@id":"https:\/\/otepaagolf.com\/en\/#organization","name":"Otep\u00e4\u00e4 Golf &amp; Country Club","url":"https:\/\/otepaagolf.com\/en\/","logo":{"@type":"ImageObject","inLanguage":"en-US","@id":"https:\/\/otepaagolf.com\/en\/#\/schema\/logo\/image\/","url":"https:\/\/otepaagolf.com\/wp-content\/uploads\/2021\/10\/OGCC_web_pais.png","contentUrl":"https:\/\/otepaagolf.com\/wp-content\/uploads\/2021\/10\/OGCC_web_pais.png","width":1368,"height":541,"caption":"Otep\u00e4\u00e4 Golf &amp; Country Club"},"image":{"@id":"https:\/\/otepaagolf.com\/en\/#\/schema\/logo\/image\/"}}]}},"publishpress_future_workflow_manual_trigger":{"enabledWorkflows":[]},"_links":{"self":[{"href":"https:\/\/otepaagolf.com\/en\/wp-json\/wp\/v2\/pages\/13547","targetHints":{"allow":["GET"]}}],"collection":[{"href":"https:\/\/otepaagolf.com\/en\/wp-json\/wp\/v2\/pages"}],"about":[{"href":"https:\/\/otepaagolf.com\/en\/wp-json\/wp\/v2\/types\/page"}],"author":[{"embeddable":true,"href":"https:\/\/otepaagolf.com\/en\/wp-json\/wp\/v2\/users\/3"}],"replies":[{"embeddable":true,"href":"https:\/\/otepaagolf.com\/en\/wp-json\/wp\/v2\/comments?post=13547"}],"version-history":[{"count":6,"href":"https:\/\/otepaagolf.com\/en\/wp-json\/wp\/v2\/pages\/13547\/revisions"}],"predecessor-version":[{"id":23112,"href":"https:\/\/otepaagolf.com\/en\/wp-json\/wp\/v2\/pages\/13547\/revisions\/23112"}],"up":[{"embeddable":true,"href":"https:\/\/otepaagolf.com\/en\/wp-json\/wp\/v2\/pages\/13637"}],"wp:attachment":[{"href":"https:\/\/otepaagolf.com\/en\/wp-json\/wp\/v2\/media?parent=13547"}],"curies":[{"name":"wp","href":"https:\/\/api.w.org\/{rel}","templated":true}]}}