{"id":13561,"date":"2022-02-22T13:43:46","date_gmt":"2022-02-22T11:43:46","guid":{"rendered":"https:\/\/otepaagolf.com\/loyalty-benefits\/"},"modified":"2024-03-16T18:54:08","modified_gmt":"2024-03-16T16:54:08","slug":"loyalty-benefits","status":"publish","type":"page","link":"https:\/\/otepaagolf.com\/en\/golf-centre\/loyalty-benefits\/","title":{"rendered":"Loyalty discounts"},"content":{"rendered":"\t\t<div data-elementor-type=\"wp-page\" data-elementor-id=\"13561\" class=\"elementor elementor-13561\" data-elementor-post-type=\"page\">\n\t\t\t\t\t\t<section class=\"elementor-section elementor-top-section elementor-element elementor-element-6936754 elementor-section-boxed elementor-section-height-default elementor-section-height-default\" data-id=\"6936754\" data-element_type=\"section\">\n\t\t\t\t\t\t<div class=\"elementor-container elementor-column-gap-default\">\n\t\t\t\t\t<div class=\"elementor-column elementor-col-100 elementor-top-column elementor-element elementor-element-cd6419e\" data-id=\"cd6419e\" data-element_type=\"column\">\n\t\t\t<div class=\"elementor-widget-wrap elementor-element-populated\">\n\t\t\t\t\t\t<div class=\"elementor-element elementor-element-4d62347 elementor-widget elementor-widget-heading\" data-id=\"4d62347\" data-element_type=\"widget\" data-widget_type=\"heading.default\">\n\t\t\t\t<div class=\"elementor-widget-container\">\n\t\t\t\t\t<h2 class=\"elementor-heading-title elementor-size-default\">LOYALTY DISCOUNTS<\/h2>\t\t\t\t<\/div>\n\t\t\t\t<\/div>\n\t\t\t\t\t<\/div>\n\t\t<\/div>\n\t\t\t\t\t<\/div>\n\t\t<\/section>\n\t\t\t\t<section class=\"elementor-section elementor-top-section elementor-element elementor-element-11d4a5a elementor-section-boxed elementor-section-height-default elementor-section-height-default\" data-id=\"11d4a5a\" data-element_type=\"section\">\n\t\t\t\t\t\t<div class=\"elementor-container elementor-column-gap-default\">\n\t\t\t\t\t<div class=\"elementor-column elementor-col-100 elementor-top-column elementor-element elementor-element-f38629c\" data-id=\"f38629c\" data-element_type=\"column\">\n\t\t\t<div class=\"elementor-widget-wrap\">\n\t\t\t\t\t\t\t<\/div>\n\t\t<\/div>\n\t\t\t\t\t<\/div>\n\t\t<\/section>\n\t\t\t\t<section class=\"elementor-section elementor-top-section elementor-element elementor-element-a5ebc7e elementor-section-boxed elementor-section-height-default elementor-section-height-default\" data-id=\"a5ebc7e\" data-element_type=\"section\">\n\t\t\t\t\t\t<div class=\"elementor-container elementor-column-gap-default\">\n\t\t\t\t\t<div class=\"elementor-column elementor-col-100 elementor-top-column elementor-element elementor-element-d534557\" data-id=\"d534557\" data-element_type=\"column\">\n\t\t\t<div class=\"elementor-widget-wrap elementor-element-populated\">\n\t\t\t\t\t\t<div class=\"elementor-element elementor-element-209bd57 elementor-widget-divider--view-line elementor-widget elementor-widget-divider\" data-id=\"209bd57\" data-element_type=\"widget\" data-widget_type=\"divider.default\">\n\t\t\t\t<div class=\"elementor-widget-container\">\n\t\t\t\t\t\t\t<div class=\"elementor-divider\">\n\t\t\t<span class=\"elementor-divider-separator\">\n\t\t\t\t\t\t<\/span>\n\t\t<\/div>\n\t\t\t\t\t\t<\/div>\n\t\t\t\t<\/div>\n\t\t\t\t\t<\/div>\n\t\t<\/div>\n\t\t\t\t\t<\/div>\n\t\t<\/section>\n\t\t\t\t<section class=\"elementor-section elementor-top-section elementor-element elementor-element-4392ab7 elementor-section-boxed elementor-section-height-default elementor-section-height-default\" data-id=\"4392ab7\" data-element_type=\"section\" data-settings=\"{&quot;background_background&quot;:&quot;classic&quot;}\">\n\t\t\t\t\t\t<div class=\"elementor-container elementor-column-gap-default\">\n\t\t\t\t\t<div class=\"elementor-column elementor-col-50 elementor-top-column elementor-element elementor-element-f6bb9e8\" data-id=\"f6bb9e8\" data-element_type=\"column\" data-settings=\"{&quot;background_background&quot;:&quot;classic&quot;}\">\n\t\t\t<div class=\"elementor-widget-wrap elementor-element-populated\">\n\t\t\t\t\t\t<div class=\"elementor-element elementor-element-f68c81e elementor-widget elementor-widget-text-editor\" data-id=\"f68c81e\" data-element_type=\"widget\" data-widget_type=\"text-editor.default\">\n\t\t\t\t<div class=\"elementor-widget-container\">\n\t\t\t\t\t\t\t\t\t<h4>GET A GIFT CARD<\/h4>\n\t\t\t\t\t\t\t\t<\/div>\n\t\t\t\t<\/div>\n\t\t\t\t<div class=\"elementor-element elementor-element-89db6dc elementor-widget elementor-widget-text-editor\" data-id=\"89db6dc\" data-element_type=\"widget\" data-widget_type=\"text-editor.default\">\n\t\t\t\t<div class=\"elementor-widget-container\">\n\t\t\t\t\t\t\t\t\t<p>In our e-shop you will find various services such as playing rights, Green fees, Beginners Season Packages, Green Card Courses and also gift cards! <\/p>\n<p>Ask <a href=\"mailto:info@otepaagolf.com\"><em><b>info@otepaagolf.com<\/b><\/em><\/a> or call <em><b>5620 0115 <\/b><\/em> <\/p>\n\t\t\t\t\t\t\t\t<\/div>\n\t\t\t\t<\/div>\n\t\t\t\t<div class=\"elementor-element elementor-element-4cb26f3 elementor-widget elementor-widget-global elementor-global-13060 elementor-global-4024 elementor-widget-button\" data-id=\"4cb26f3\" data-element_type=\"widget\" data-widget_type=\"button.default\">\n\t\t\t\t<div class=\"elementor-widget-container\">\n\t\t\t\t\t\t\t\t\t<div class=\"elementor-button-wrapper\">\n\t\t\t\t\t<a class=\"elementor-button elementor-button-link elementor-size-xl\" href=\"https:\/\/fienta.com\/et\/2024-otepaagolf\">\n\t\t\t\t\t\t<span class=\"elementor-button-content-wrapper\">\n\t\t\t\t\t\t\t\t\t<span class=\"elementor-button-text\">E-SHOP<\/span>\n\t\t\t\t\t<\/span>\n\t\t\t\t\t<\/a>\n\t\t\t\t<\/div>\n\t\t\t\t\t\t\t\t<\/div>\n\t\t\t\t<\/div>\n\t\t\t\t\t<\/div>\n\t\t<\/div>\n\t\t\t\t<div class=\"elementor-column elementor-col-50 elementor-top-column elementor-element elementor-element-cbda24f\" data-id=\"cbda24f\" data-element_type=\"column\">\n\t\t\t<div class=\"elementor-widget-wrap elementor-element-populated\">\n\t\t\t\t\t\t<div class=\"elementor-element elementor-element-ad4f54e elementor-widget elementor-widget-image\" data-id=\"ad4f54e\" data-element_type=\"widget\" data-widget_type=\"image.default\">\n\t\t\t\t<div class=\"elementor-widget-container\">\n\t\t\t\t\t\t\t\t\t\t\t\t\t\t\t<img fetchpriority=\"high\" decoding=\"async\" width=\"1024\" height=\"1024\" src=\"https:\/\/otepaagolf.com\/wp-content\/uploads\/2022\/04\/Kinkekaart-1024x1024.png\" class=\"attachment-large size-large wp-image-8147\" alt=\"\" srcset=\"https:\/\/otepaagolf.com\/wp-content\/uploads\/2022\/04\/Kinkekaart-1024x1024.png 1024w, https:\/\/otepaagolf.com\/wp-content\/uploads\/2022\/04\/Kinkekaart-150x150.png 150w, https:\/\/otepaagolf.com\/wp-content\/uploads\/2022\/04\/Kinkekaart-300x300.png 300w, https:\/\/otepaagolf.com\/wp-content\/uploads\/2022\/04\/Kinkekaart-600x600.png 600w, https:\/\/otepaagolf.com\/wp-content\/uploads\/2022\/04\/Kinkekaart-768x768.png 768w, https:\/\/otepaagolf.com\/wp-content\/uploads\/2022\/04\/Kinkekaart-100x100.png 100w, https:\/\/otepaagolf.com\/wp-content\/uploads\/2022\/04\/Kinkekaart.png 1080w\" sizes=\"(max-width: 1024px) 100vw, 1024px\" \/>\t\t\t\t\t\t\t\t\t\t\t\t\t\t\t<\/div>\n\t\t\t\t<\/div>\n\t\t\t\t\t<\/div>\n\t\t<\/div>\n\t\t\t\t\t<\/div>\n\t\t<\/section>\n\t\t\t\t<section class=\"elementor-section elementor-top-section elementor-element elementor-element-644f72e elementor-section-boxed elementor-section-height-default elementor-section-height-default\" data-id=\"644f72e\" data-element_type=\"section\">\n\t\t\t\t\t\t<div class=\"elementor-container elementor-column-gap-default\">\n\t\t\t\t\t<div class=\"elementor-column elementor-col-100 elementor-top-column elementor-element elementor-element-4921237\" data-id=\"4921237\" data-element_type=\"column\">\n\t\t\t<div class=\"elementor-widget-wrap elementor-element-populated\">\n\t\t\t\t\t\t<div class=\"elementor-element elementor-element-4e0f586 elementor-widget elementor-widget-text-editor\" data-id=\"4e0f586\" data-element_type=\"widget\" data-widget_type=\"text-editor.default\">\n\t\t\t\t<div class=\"elementor-widget-container\">\n\t\t\t\t\t\t\t\t\t<p><em>The Golf Centre reserves the right to supplement and amend the current price list. The changes will be effective from the date of publication on the website.<\/em><\/p>\n\t\t\t\t\t\t\t\t<\/div>\n\t\t\t\t<\/div>\n\t\t\t\t\t<\/div>\n\t\t<\/div>\n\t\t\t\t\t<\/div>\n\t\t<\/section>\n\t\t\t\t<\/div>\n\t\t","protected":false},"excerpt":{"rendered":"<p>LOYALTY DISCOUNTS Regular price Player with a playing right OGCC club member Shareholder of the Golf Centre Golf car rental (18 holes) 38 \u20ac 35 \u20ac 30 \u20ac 25 \u20ac Golf car rental (9 holes) 25 \u20ac 22 \u20ac 20 \u20ac 18 \u20ac Golf club rental 4 \u20ac 3 \u20ac 2 \u20ac free of charge [&hellip;]<\/p>\n","protected":false},"author":5,"featured_media":0,"parent":13704,"menu_order":0,"comment_status":"closed","ping_status":"closed","template":"","meta":{"_acf_changed":false,"_improvement_type_select":"improve_an_existing","_thumb_yes_seoaic":false,"_frame_yes_seoaic":false,"seoaic_generate_description":"","seoaic_improve_instructions_prompt":"","seoaic_rollback_content_improvement":"","seoaic_idea_thumbnail_generator":"","thumbnail_generated":false,"thumbnail_generate_prompt":"","seoaic_article_description":"","footnotes":""},"class_list":["post-13561","page","type-page","status-publish","hentry"],"acf":[],"yoast_head":"<!-- This site is optimized with the Yoast SEO plugin v26.8 - https:\/\/yoast.com\/product\/yoast-seo-wordpress\/ -->\n<title>Loyalty discounts - Otep\u00e4\u00e4 Golf &amp; Country Club<\/title>\n<meta name=\"robots\" content=\"index, follow, max-snippet:-1, max-image-preview:large, max-video-preview:-1\" \/>\n<link rel=\"canonical\" href=\"https:\/\/otepaagolf.com\/en\/golf-centre\/loyalty-benefits\/\" \/>\n<meta property=\"og:locale\" content=\"en_US\" \/>\n<meta property=\"og:type\" content=\"article\" \/>\n<meta property=\"og:title\" content=\"Loyalty discounts - Otep\u00e4\u00e4 Golf &amp; Country Club\" \/>\n<meta property=\"og:description\" content=\"LOYALTY DISCOUNTS Regular price Player with a playing right OGCC club member Shareholder of the Golf Centre Golf car rental (18 holes) 38 \u20ac 35 \u20ac 30 \u20ac 25 \u20ac Golf car rental (9 holes) 25 \u20ac 22 \u20ac 20 \u20ac 18 \u20ac Golf club rental 4 \u20ac 3 \u20ac 2 \u20ac free of charge [&hellip;]\" \/>\n<meta property=\"og:url\" content=\"https:\/\/otepaagolf.com\/en\/golf-centre\/loyalty-benefits\/\" \/>\n<meta property=\"og:site_name\" content=\"Otep\u00e4\u00e4 Golf &amp; Country Club\" \/>\n<meta property=\"article:modified_time\" content=\"2024-03-16T16:54:08+00:00\" \/>\n<meta property=\"og:image\" content=\"https:\/\/otepaagolf.com\/wp-content\/uploads\/2022\/04\/Kinkekaart-1024x1024.png\" \/>\n<meta name=\"twitter:card\" content=\"summary_large_image\" \/>\n<meta name=\"twitter:label1\" content=\"Est. reading time\" \/>\n\t<meta name=\"twitter:data1\" content=\"1 minute\" \/>\n<script type=\"application\/ld+json\" class=\"yoast-schema-graph\">{\"@context\":\"https:\/\/schema.org\",\"@graph\":[{\"@type\":\"WebPage\",\"@id\":\"https:\/\/otepaagolf.com\/en\/golf-centre\/loyalty-benefits\/\",\"url\":\"https:\/\/otepaagolf.com\/en\/golf-centre\/loyalty-benefits\/\",\"name\":\"Loyalty discounts - Otep\u00e4\u00e4 Golf &amp; Country Club\",\"isPartOf\":{\"@id\":\"https:\/\/otepaagolf.com\/en\/#website\"},\"primaryImageOfPage\":{\"@id\":\"https:\/\/otepaagolf.com\/en\/golf-centre\/loyalty-benefits\/#primaryimage\"},\"image\":{\"@id\":\"https:\/\/otepaagolf.com\/en\/golf-centre\/loyalty-benefits\/#primaryimage\"},\"thumbnailUrl\":\"https:\/\/otepaagolf.com\/wp-content\/uploads\/2022\/04\/Kinkekaart-1024x1024.png\",\"datePublished\":\"2022-02-22T11:43:46+00:00\",\"dateModified\":\"2024-03-16T16:54:08+00:00\",\"breadcrumb\":{\"@id\":\"https:\/\/otepaagolf.com\/en\/golf-centre\/loyalty-benefits\/#breadcrumb\"},\"inLanguage\":\"en-US\",\"potentialAction\":[{\"@type\":\"ReadAction\",\"target\":[\"https:\/\/otepaagolf.com\/en\/golf-centre\/loyalty-benefits\/\"]}]},{\"@type\":\"ImageObject\",\"inLanguage\":\"en-US\",\"@id\":\"https:\/\/otepaagolf.com\/en\/golf-centre\/loyalty-benefits\/#primaryimage\",\"url\":\"https:\/\/otepaagolf.com\/wp-content\/uploads\/2022\/04\/Kinkekaart-1024x1024.png\",\"contentUrl\":\"https:\/\/otepaagolf.com\/wp-content\/uploads\/2022\/04\/Kinkekaart-1024x1024.png\"},{\"@type\":\"BreadcrumbList\",\"@id\":\"https:\/\/otepaagolf.com\/en\/golf-centre\/loyalty-benefits\/#breadcrumb\",\"itemListElement\":[{\"@type\":\"ListItem\",\"position\":1,\"name\":\"Home\",\"item\":\"https:\/\/otepaagolf.com\/en\/\"},{\"@type\":\"ListItem\",\"position\":2,\"name\":\"Golf Centre\",\"item\":\"https:\/\/otepaagolf.com\/en\/golf-centre\/\"},{\"@type\":\"ListItem\",\"position\":3,\"name\":\"Loyalty discounts\"}]},{\"@type\":\"WebSite\",\"@id\":\"https:\/\/otepaagolf.com\/en\/#website\",\"url\":\"https:\/\/otepaagolf.com\/en\/\",\"name\":\"Otep\u00e4\u00e4 Golf &amp; Country Club\",\"description\":\"T\u00e4ism\u00f5\u00f5tmeline golfiv\u00e4ljak 18-holes PAR73\",\"publisher\":{\"@id\":\"https:\/\/otepaagolf.com\/en\/#organization\"},\"potentialAction\":[{\"@type\":\"SearchAction\",\"target\":{\"@type\":\"EntryPoint\",\"urlTemplate\":\"https:\/\/otepaagolf.com\/en\/?s={search_term_string}\"},\"query-input\":{\"@type\":\"PropertyValueSpecification\",\"valueRequired\":true,\"valueName\":\"search_term_string\"}}],\"inLanguage\":\"en-US\"},{\"@type\":\"Organization\",\"@id\":\"https:\/\/otepaagolf.com\/en\/#organization\",\"name\":\"Otep\u00e4\u00e4 Golf &amp; Country Club\",\"url\":\"https:\/\/otepaagolf.com\/en\/\",\"logo\":{\"@type\":\"ImageObject\",\"inLanguage\":\"en-US\",\"@id\":\"https:\/\/otepaagolf.com\/en\/#\/schema\/logo\/image\/\",\"url\":\"https:\/\/otepaagolf.com\/wp-content\/uploads\/2021\/10\/OGCC_web_pais.png\",\"contentUrl\":\"https:\/\/otepaagolf.com\/wp-content\/uploads\/2021\/10\/OGCC_web_pais.png\",\"width\":1368,\"height\":541,\"caption\":\"Otep\u00e4\u00e4 Golf &amp; Country Club\"},\"image\":{\"@id\":\"https:\/\/otepaagolf.com\/en\/#\/schema\/logo\/image\/\"}}]}<\/script>\n<!-- \/ Yoast SEO plugin. -->","yoast_head_json":{"title":"Loyalty discounts - Otep\u00e4\u00e4 Golf &amp; Country Club","robots":{"index":"index","follow":"follow","max-snippet":"max-snippet:-1","max-image-preview":"max-image-preview:large","max-video-preview":"max-video-preview:-1"},"canonical":"https:\/\/otepaagolf.com\/en\/golf-centre\/loyalty-benefits\/","og_locale":"en_US","og_type":"article","og_title":"Loyalty discounts - Otep\u00e4\u00e4 Golf &amp; Country Club","og_description":"LOYALTY DISCOUNTS Regular price Player with a playing right OGCC club member Shareholder of the Golf Centre Golf car rental (18 holes) 38 \u20ac 35 \u20ac 30 \u20ac 25 \u20ac Golf car rental (9 holes) 25 \u20ac 22 \u20ac 20 \u20ac 18 \u20ac Golf club rental 4 \u20ac 3 \u20ac 2 \u20ac free of charge [&hellip;]","og_url":"https:\/\/otepaagolf.com\/en\/golf-centre\/loyalty-benefits\/","og_site_name":"Otep\u00e4\u00e4 Golf &amp; Country Club","article_modified_time":"2024-03-16T16:54:08+00:00","og_image":[{"url":"https:\/\/otepaagolf.com\/wp-content\/uploads\/2022\/04\/Kinkekaart-1024x1024.png","type":"","width":"","height":""}],"twitter_card":"summary_large_image","twitter_misc":{"Est. reading time":"1 minute"},"schema":{"@context":"https:\/\/schema.org","@graph":[{"@type":"WebPage","@id":"https:\/\/otepaagolf.com\/en\/golf-centre\/loyalty-benefits\/","url":"https:\/\/otepaagolf.com\/en\/golf-centre\/loyalty-benefits\/","name":"Loyalty discounts - Otep\u00e4\u00e4 Golf &amp; Country Club","isPartOf":{"@id":"https:\/\/otepaagolf.com\/en\/#website"},"primaryImageOfPage":{"@id":"https:\/\/otepaagolf.com\/en\/golf-centre\/loyalty-benefits\/#primaryimage"},"image":{"@id":"https:\/\/otepaagolf.com\/en\/golf-centre\/loyalty-benefits\/#primaryimage"},"thumbnailUrl":"https:\/\/otepaagolf.com\/wp-content\/uploads\/2022\/04\/Kinkekaart-1024x1024.png","datePublished":"2022-02-22T11:43:46+00:00","dateModified":"2024-03-16T16:54:08+00:00","breadcrumb":{"@id":"https:\/\/otepaagolf.com\/en\/golf-centre\/loyalty-benefits\/#breadcrumb"},"inLanguage":"en-US","potentialAction":[{"@type":"ReadAction","target":["https:\/\/otepaagolf.com\/en\/golf-centre\/loyalty-benefits\/"]}]},{"@type":"ImageObject","inLanguage":"en-US","@id":"https:\/\/otepaagolf.com\/en\/golf-centre\/loyalty-benefits\/#primaryimage","url":"https:\/\/otepaagolf.com\/wp-content\/uploads\/2022\/04\/Kinkekaart-1024x1024.png","contentUrl":"https:\/\/otepaagolf.com\/wp-content\/uploads\/2022\/04\/Kinkekaart-1024x1024.png"},{"@type":"BreadcrumbList","@id":"https:\/\/otepaagolf.com\/en\/golf-centre\/loyalty-benefits\/#breadcrumb","itemListElement":[{"@type":"ListItem","position":1,"name":"Home","item":"https:\/\/otepaagolf.com\/en\/"},{"@type":"ListItem","position":2,"name":"Golf Centre","item":"https:\/\/otepaagolf.com\/en\/golf-centre\/"},{"@type":"ListItem","position":3,"name":"Loyalty discounts"}]},{"@type":"WebSite","@id":"https:\/\/otepaagolf.com\/en\/#website","url":"https:\/\/otepaagolf.com\/en\/","name":"Otep\u00e4\u00e4 Golf &amp; Country Club","description":"T\u00e4ism\u00f5\u00f5tmeline golfiv\u00e4ljak 18-holes PAR73","publisher":{"@id":"https:\/\/otepaagolf.com\/en\/#organization"},"potentialAction":[{"@type":"SearchAction","target":{"@type":"EntryPoint","urlTemplate":"https:\/\/otepaagolf.com\/en\/?s={search_term_string}"},"query-input":{"@type":"PropertyValueSpecification","valueRequired":true,"valueName":"search_term_string"}}],"inLanguage":"en-US"},{"@type":"Organization","@id":"https:\/\/otepaagolf.com\/en\/#organization","name":"Otep\u00e4\u00e4 Golf &amp; Country Club","url":"https:\/\/otepaagolf.com\/en\/","logo":{"@type":"ImageObject","inLanguage":"en-US","@id":"https:\/\/otepaagolf.com\/en\/#\/schema\/logo\/image\/","url":"https:\/\/otepaagolf.com\/wp-content\/uploads\/2021\/10\/OGCC_web_pais.png","contentUrl":"https:\/\/otepaagolf.com\/wp-content\/uploads\/2021\/10\/OGCC_web_pais.png","width":1368,"height":541,"caption":"Otep\u00e4\u00e4 Golf &amp; Country Club"},"image":{"@id":"https:\/\/otepaagolf.com\/en\/#\/schema\/logo\/image\/"}}]}},"publishpress_future_workflow_manual_trigger":{"enabledWorkflows":[]},"_links":{"self":[{"href":"https:\/\/otepaagolf.com\/en\/wp-json\/wp\/v2\/pages\/13561","targetHints":{"allow":["GET"]}}],"collection":[{"href":"https:\/\/otepaagolf.com\/en\/wp-json\/wp\/v2\/pages"}],"about":[{"href":"https:\/\/otepaagolf.com\/en\/wp-json\/wp\/v2\/types\/page"}],"author":[{"embeddable":true,"href":"https:\/\/otepaagolf.com\/en\/wp-json\/wp\/v2\/users\/5"}],"replies":[{"embeddable":true,"href":"https:\/\/otepaagolf.com\/en\/wp-json\/wp\/v2\/comments?post=13561"}],"version-history":[{"count":7,"href":"https:\/\/otepaagolf.com\/en\/wp-json\/wp\/v2\/pages\/13561\/revisions"}],"predecessor-version":[{"id":14834,"href":"https:\/\/otepaagolf.com\/en\/wp-json\/wp\/v2\/pages\/13561\/revisions\/14834"}],"up":[{"embeddable":true,"href":"https:\/\/otepaagolf.com\/en\/wp-json\/wp\/v2\/pages\/13704"}],"wp:attachment":[{"href":"https:\/\/otepaagolf.com\/en\/wp-json\/wp\/v2\/media?parent=13561"}],"curies":[{"name":"wp","href":"https:\/\/api.w.org\/{rel}","templated":true}]}}