{"id":13581,"date":"2022-02-09T14:45:48","date_gmt":"2022-02-09T12:45:48","guid":{"rendered":"https:\/\/otepaagolf.com\/customer-events\/"},"modified":"2024-01-24T23:50:31","modified_gmt":"2024-01-24T21:50:31","slug":"customer-events","status":"publish","type":"page","link":"https:\/\/otepaagolf.com\/en\/for-business\/customer-events\/","title":{"rendered":"Customer events"},"content":{"rendered":"\t\t<div data-elementor-type=\"wp-page\" data-elementor-id=\"13581\" class=\"elementor elementor-13581 elementor-2233\" data-elementor-post-type=\"page\">\n\t\t\t\t\t\t<section class=\"elementor-section elementor-top-section elementor-element elementor-element-15084e5 elementor-section-boxed elementor-section-height-default elementor-section-height-default\" data-id=\"15084e5\" data-element_type=\"section\">\n\t\t\t\t\t\t<div class=\"elementor-container elementor-column-gap-default\">\n\t\t\t\t\t<div class=\"elementor-column elementor-col-100 elementor-top-column elementor-element elementor-element-94e1032\" data-id=\"94e1032\" data-element_type=\"column\">\n\t\t\t<div class=\"elementor-widget-wrap elementor-element-populated\">\n\t\t\t\t\t\t<div class=\"elementor-element elementor-element-9b3c063 elementor-widget elementor-widget-image\" data-id=\"9b3c063\" data-element_type=\"widget\" data-widget_type=\"image.default\">\n\t\t\t\t<div class=\"elementor-widget-container\">\n\t\t\t\t\t\t\t\t\t\t\t\t\t\t\t<img decoding=\"async\" src=\"https:\/\/otepaagolf.com\/wp-content\/plugins\/elementor\/assets\/images\/placeholder.png\" title=\"\" alt=\"\" loading=\"lazy\" \/>\t\t\t\t\t\t\t\t\t\t\t\t\t\t\t<\/div>\n\t\t\t\t<\/div>\n\t\t\t\t\t<\/div>\n\t\t<\/div>\n\t\t\t\t\t<\/div>\n\t\t<\/section>\n\t\t\t\t<\/div>\n\t\t","protected":false},"excerpt":{"rendered":"","protected":false},"author":5,"featured_media":0,"parent":13625,"menu_order":0,"comment_status":"closed","ping_status":"closed","template":"","meta":{"_acf_changed":false,"_improvement_type_select":"improve_an_existing","_thumb_yes_seoaic":false,"_frame_yes_seoaic":false,"seoaic_generate_description":"","seoaic_improve_instructions_prompt":"","seoaic_rollback_content_improvement":"","seoaic_idea_thumbnail_generator":"","thumbnail_generated":false,"thumbnail_generate_prompt":"","seoaic_article_description":"","footnotes":""},"class_list":["post-13581","page","type-page","status-publish","hentry"],"acf":[],"yoast_head":"<!-- This site is optimized with the Yoast SEO plugin v26.8 - https:\/\/yoast.com\/product\/yoast-seo-wordpress\/ -->\n<title>Customer events - Otep\u00e4\u00e4 Golf &amp; Country Club<\/title>\n<meta name=\"robots\" content=\"index, follow, max-snippet:-1, max-image-preview:large, max-video-preview:-1\" \/>\n<link rel=\"canonical\" href=\"https:\/\/otepaagolf.com\/en\/for-business\/customer-events\/\" \/>\n<meta property=\"og:locale\" content=\"en_US\" \/>\n<meta property=\"og:type\" content=\"article\" \/>\n<meta property=\"og:title\" content=\"Customer events - Otep\u00e4\u00e4 Golf &amp; Country Club\" \/>\n<meta property=\"og:url\" content=\"https:\/\/otepaagolf.com\/en\/for-business\/customer-events\/\" \/>\n<meta property=\"og:site_name\" content=\"Otep\u00e4\u00e4 Golf &amp; Country Club\" \/>\n<meta property=\"article:modified_time\" content=\"2024-01-24T21:50:31+00:00\" \/>\n<meta property=\"og:image\" content=\"https:\/\/otepaagolf.com\/wp-content\/plugins\/elementor\/assets\/images\/placeholder.png\" \/>\n<meta name=\"twitter:card\" content=\"summary_large_image\" \/>\n<script type=\"application\/ld+json\" class=\"yoast-schema-graph\">{\"@context\":\"https:\/\/schema.org\",\"@graph\":[{\"@type\":\"WebPage\",\"@id\":\"https:\/\/otepaagolf.com\/en\/for-business\/customer-events\/\",\"url\":\"https:\/\/otepaagolf.com\/en\/for-business\/customer-events\/\",\"name\":\"Customer events - Otep\u00e4\u00e4 Golf &amp; Country Club\",\"isPartOf\":{\"@id\":\"https:\/\/otepaagolf.com\/en\/#website\"},\"primaryImageOfPage\":{\"@id\":\"https:\/\/otepaagolf.com\/en\/for-business\/customer-events\/#primaryimage\"},\"image\":{\"@id\":\"https:\/\/otepaagolf.com\/en\/for-business\/customer-events\/#primaryimage\"},\"thumbnailUrl\":\"https:\/\/otepaagolf.com\/wp-content\/plugins\/elementor\/assets\/images\/placeholder.png\",\"datePublished\":\"2022-02-09T12:45:48+00:00\",\"dateModified\":\"2024-01-24T21:50:31+00:00\",\"breadcrumb\":{\"@id\":\"https:\/\/otepaagolf.com\/en\/for-business\/customer-events\/#breadcrumb\"},\"inLanguage\":\"en-US\",\"potentialAction\":[{\"@type\":\"ReadAction\",\"target\":[\"https:\/\/otepaagolf.com\/en\/for-business\/customer-events\/\"]}]},{\"@type\":\"ImageObject\",\"inLanguage\":\"en-US\",\"@id\":\"https:\/\/otepaagolf.com\/en\/for-business\/customer-events\/#primaryimage\",\"url\":\"https:\/\/otepaagolf.com\/wp-content\/plugins\/elementor\/assets\/images\/placeholder.png\",\"contentUrl\":\"https:\/\/otepaagolf.com\/wp-content\/plugins\/elementor\/assets\/images\/placeholder.png\"},{\"@type\":\"BreadcrumbList\",\"@id\":\"https:\/\/otepaagolf.com\/en\/for-business\/customer-events\/#breadcrumb\",\"itemListElement\":[{\"@type\":\"ListItem\",\"position\":1,\"name\":\"Home\",\"item\":\"https:\/\/otepaagolf.com\/en\/\"},{\"@type\":\"ListItem\",\"position\":2,\"name\":\"Customer events\"}]},{\"@type\":\"WebSite\",\"@id\":\"https:\/\/otepaagolf.com\/en\/#website\",\"url\":\"https:\/\/otepaagolf.com\/en\/\",\"name\":\"Otep\u00e4\u00e4 Golf &amp; Country Club\",\"description\":\"T\u00e4ism\u00f5\u00f5tmeline golfiv\u00e4ljak 18-holes PAR73\",\"publisher\":{\"@id\":\"https:\/\/otepaagolf.com\/en\/#organization\"},\"potentialAction\":[{\"@type\":\"SearchAction\",\"target\":{\"@type\":\"EntryPoint\",\"urlTemplate\":\"https:\/\/otepaagolf.com\/en\/?s={search_term_string}\"},\"query-input\":{\"@type\":\"PropertyValueSpecification\",\"valueRequired\":true,\"valueName\":\"search_term_string\"}}],\"inLanguage\":\"en-US\"},{\"@type\":\"Organization\",\"@id\":\"https:\/\/otepaagolf.com\/en\/#organization\",\"name\":\"Otep\u00e4\u00e4 Golf &amp; Country Club\",\"url\":\"https:\/\/otepaagolf.com\/en\/\",\"logo\":{\"@type\":\"ImageObject\",\"inLanguage\":\"en-US\",\"@id\":\"https:\/\/otepaagolf.com\/en\/#\/schema\/logo\/image\/\",\"url\":\"https:\/\/otepaagolf.com\/wp-content\/uploads\/2021\/10\/OGCC_web_pais.png\",\"contentUrl\":\"https:\/\/otepaagolf.com\/wp-content\/uploads\/2021\/10\/OGCC_web_pais.png\",\"width\":1368,\"height\":541,\"caption\":\"Otep\u00e4\u00e4 Golf &amp; Country Club\"},\"image\":{\"@id\":\"https:\/\/otepaagolf.com\/en\/#\/schema\/logo\/image\/\"}}]}<\/script>\n<!-- \/ Yoast SEO plugin. -->","yoast_head_json":{"title":"Customer events - Otep\u00e4\u00e4 Golf &amp; Country Club","robots":{"index":"index","follow":"follow","max-snippet":"max-snippet:-1","max-image-preview":"max-image-preview:large","max-video-preview":"max-video-preview:-1"},"canonical":"https:\/\/otepaagolf.com\/en\/for-business\/customer-events\/","og_locale":"en_US","og_type":"article","og_title":"Customer events - Otep\u00e4\u00e4 Golf &amp; Country Club","og_url":"https:\/\/otepaagolf.com\/en\/for-business\/customer-events\/","og_site_name":"Otep\u00e4\u00e4 Golf &amp; Country Club","article_modified_time":"2024-01-24T21:50:31+00:00","og_image":[{"url":"https:\/\/otepaagolf.com\/wp-content\/plugins\/elementor\/assets\/images\/placeholder.png","type":"","width":"","height":""}],"twitter_card":"summary_large_image","schema":{"@context":"https:\/\/schema.org","@graph":[{"@type":"WebPage","@id":"https:\/\/otepaagolf.com\/en\/for-business\/customer-events\/","url":"https:\/\/otepaagolf.com\/en\/for-business\/customer-events\/","name":"Customer events - Otep\u00e4\u00e4 Golf &amp; Country Club","isPartOf":{"@id":"https:\/\/otepaagolf.com\/en\/#website"},"primaryImageOfPage":{"@id":"https:\/\/otepaagolf.com\/en\/for-business\/customer-events\/#primaryimage"},"image":{"@id":"https:\/\/otepaagolf.com\/en\/for-business\/customer-events\/#primaryimage"},"thumbnailUrl":"https:\/\/otepaagolf.com\/wp-content\/plugins\/elementor\/assets\/images\/placeholder.png","datePublished":"2022-02-09T12:45:48+00:00","dateModified":"2024-01-24T21:50:31+00:00","breadcrumb":{"@id":"https:\/\/otepaagolf.com\/en\/for-business\/customer-events\/#breadcrumb"},"inLanguage":"en-US","potentialAction":[{"@type":"ReadAction","target":["https:\/\/otepaagolf.com\/en\/for-business\/customer-events\/"]}]},{"@type":"ImageObject","inLanguage":"en-US","@id":"https:\/\/otepaagolf.com\/en\/for-business\/customer-events\/#primaryimage","url":"https:\/\/otepaagolf.com\/wp-content\/plugins\/elementor\/assets\/images\/placeholder.png","contentUrl":"https:\/\/otepaagolf.com\/wp-content\/plugins\/elementor\/assets\/images\/placeholder.png"},{"@type":"BreadcrumbList","@id":"https:\/\/otepaagolf.com\/en\/for-business\/customer-events\/#breadcrumb","itemListElement":[{"@type":"ListItem","position":1,"name":"Home","item":"https:\/\/otepaagolf.com\/en\/"},{"@type":"ListItem","position":2,"name":"Customer events"}]},{"@type":"WebSite","@id":"https:\/\/otepaagolf.com\/en\/#website","url":"https:\/\/otepaagolf.com\/en\/","name":"Otep\u00e4\u00e4 Golf &amp; Country Club","description":"T\u00e4ism\u00f5\u00f5tmeline golfiv\u00e4ljak 18-holes PAR73","publisher":{"@id":"https:\/\/otepaagolf.com\/en\/#organization"},"potentialAction":[{"@type":"SearchAction","target":{"@type":"EntryPoint","urlTemplate":"https:\/\/otepaagolf.com\/en\/?s={search_term_string}"},"query-input":{"@type":"PropertyValueSpecification","valueRequired":true,"valueName":"search_term_string"}}],"inLanguage":"en-US"},{"@type":"Organization","@id":"https:\/\/otepaagolf.com\/en\/#organization","name":"Otep\u00e4\u00e4 Golf &amp; Country Club","url":"https:\/\/otepaagolf.com\/en\/","logo":{"@type":"ImageObject","inLanguage":"en-US","@id":"https:\/\/otepaagolf.com\/en\/#\/schema\/logo\/image\/","url":"https:\/\/otepaagolf.com\/wp-content\/uploads\/2021\/10\/OGCC_web_pais.png","contentUrl":"https:\/\/otepaagolf.com\/wp-content\/uploads\/2021\/10\/OGCC_web_pais.png","width":1368,"height":541,"caption":"Otep\u00e4\u00e4 Golf &amp; Country Club"},"image":{"@id":"https:\/\/otepaagolf.com\/en\/#\/schema\/logo\/image\/"}}]}},"publishpress_future_workflow_manual_trigger":{"enabledWorkflows":[]},"_links":{"self":[{"href":"https:\/\/otepaagolf.com\/en\/wp-json\/wp\/v2\/pages\/13581","targetHints":{"allow":["GET"]}}],"collection":[{"href":"https:\/\/otepaagolf.com\/en\/wp-json\/wp\/v2\/pages"}],"about":[{"href":"https:\/\/otepaagolf.com\/en\/wp-json\/wp\/v2\/types\/page"}],"author":[{"embeddable":true,"href":"https:\/\/otepaagolf.com\/en\/wp-json\/wp\/v2\/users\/5"}],"replies":[{"embeddable":true,"href":"https:\/\/otepaagolf.com\/en\/wp-json\/wp\/v2\/comments?post=13581"}],"version-history":[{"count":2,"href":"https:\/\/otepaagolf.com\/en\/wp-json\/wp\/v2\/pages\/13581\/revisions"}],"predecessor-version":[{"id":13583,"href":"https:\/\/otepaagolf.com\/en\/wp-json\/wp\/v2\/pages\/13581\/revisions\/13583"}],"up":[{"embeddable":true,"href":"https:\/\/otepaagolf.com\/en\/wp-json\/wp\/v2\/pages\/13625"}],"wp:attachment":[{"href":"https:\/\/otepaagolf.com\/en\/wp-json\/wp\/v2\/media?parent=13581"}],"curies":[{"name":"wp","href":"https:\/\/api.w.org\/{rel}","templated":true}]}}