{"id":13606,"date":"2021-05-24T19:33:18","date_gmt":"2021-05-24T16:33:18","guid":{"rendered":"https:\/\/otepaagolf.com\/book-a-tee-time\/"},"modified":"2025-10-09T12:35:34","modified_gmt":"2025-10-09T09:35:34","slug":"book-a-tee-time","status":"publish","type":"page","link":"https:\/\/otepaagolf.com\/en\/book-a-tee-time\/","title":{"rendered":"Book and pay for tee time"},"content":{"rendered":"\t\t<div data-elementor-type=\"wp-page\" data-elementor-id=\"13606\" class=\"elementor elementor-13606 elementor-459\" data-elementor-post-type=\"page\">\n\t\t\t\t\t\t<section class=\"elementor-section elementor-top-section elementor-element elementor-element-222ff57 elementor-section-boxed elementor-section-height-default elementor-section-height-default\" data-id=\"222ff57\" data-element_type=\"section\">\n\t\t\t\t\t\t<div class=\"elementor-container elementor-column-gap-default\">\n\t\t\t\t\t<div class=\"elementor-column elementor-col-100 elementor-top-column elementor-element elementor-element-11eb28c\" data-id=\"11eb28c\" data-element_type=\"column\">\n\t\t\t<div class=\"elementor-widget-wrap\">\n\t\t\t\t\t\t\t<\/div>\n\t\t<\/div>\n\t\t\t\t\t<\/div>\n\t\t<\/section>\n\t\t\t\t<section class=\"elementor-section elementor-top-section elementor-element elementor-element-9b22139 elementor-section-boxed elementor-section-height-default elementor-section-height-default\" data-id=\"9b22139\" data-element_type=\"section\">\n\t\t\t\t\t\t<div class=\"elementor-container elementor-column-gap-default\">\n\t\t\t\t\t<div class=\"elementor-column elementor-col-100 elementor-top-column elementor-element elementor-element-bc7a9d8\" data-id=\"bc7a9d8\" data-element_type=\"column\">\n\t\t\t<div class=\"elementor-widget-wrap elementor-element-populated\">\n\t\t\t\t\t\t<div class=\"elementor-element elementor-element-b31f952 elementor-widget elementor-widget-spacer\" data-id=\"b31f952\" data-element_type=\"widget\" data-widget_type=\"spacer.default\">\n\t\t\t\t<div class=\"elementor-widget-container\">\n\t\t\t\t\t\t\t<div class=\"elementor-spacer\">\n\t\t\t<div class=\"elementor-spacer-inner\"><\/div>\n\t\t<\/div>\n\t\t\t\t\t\t<\/div>\n\t\t\t\t<\/div>\n\t\t\t\t\t<\/div>\n\t\t<\/div>\n\t\t\t\t\t<\/div>\n\t\t<\/section>\n\t\t\t\t<section class=\"elementor-section elementor-top-section elementor-element elementor-element-67aa196 elementor-section-boxed elementor-section-height-default elementor-section-height-default\" data-id=\"67aa196\" data-element_type=\"section\">\n\t\t\t\t\t\t<div class=\"elementor-container elementor-column-gap-default\">\n\t\t\t\t\t<div class=\"elementor-column elementor-col-50 elementor-top-column elementor-element elementor-element-ca5b4fc\" data-id=\"ca5b4fc\" data-element_type=\"column\">\n\t\t\t<div class=\"elementor-widget-wrap elementor-element-populated\">\n\t\t\t\t\t\t<div class=\"elementor-element elementor-element-937b71d elementor-widget elementor-widget-text-editor\" data-id=\"937b71d\" data-element_type=\"widget\" data-widget_type=\"text-editor.default\">\n\t\t\t\t<div class=\"elementor-widget-container\">\n\t\t\t\t\t\t\t\t\t<h4>You can find our tee times on Golf-Booking.com. Book and pay for your slots early and you&#8217;ll be worry-free.<\/h4>\t\t\t\t\t\t\t\t<\/div>\n\t\t\t\t<\/div>\n\t\t\t\t\t<\/div>\n\t\t<\/div>\n\t\t\t\t<div class=\"elementor-column elementor-col-50 elementor-top-column elementor-element elementor-element-b397b23\" data-id=\"b397b23\" data-element_type=\"column\">\n\t\t\t<div class=\"elementor-widget-wrap elementor-element-populated\">\n\t\t\t\t\t\t<div class=\"elementor-element elementor-element-3b9d786 elementor-widget elementor-widget-text-editor\" data-id=\"3b9d786\" data-element_type=\"widget\" data-widget_type=\"text-editor.default\">\n\t\t\t\t<div class=\"elementor-widget-container\">\n\t\t\t\t\t\t\t\t\t<h4>&nbsp;BOOK AND PAY HERE:<\/h4>\n<div>&nbsp;<\/div>\n<div>&nbsp;<\/div>\t\t\t\t\t\t\t\t<\/div>\n\t\t\t\t<\/div>\n\t\t\t\t<div class=\"elementor-element elementor-element-4fb9305 elementor-widget elementor-widget-text-editor\" data-id=\"4fb9305\" data-element_type=\"widget\" data-widget_type=\"text-editor.default\">\n\t\t\t\t<div class=\"elementor-widget-container\">\n\t\t\t\t\t\t\t\t\t<h4><a href=\"https:\/\/www.golf-booking.com\/ee\/club\/otepaa-golf-center,nc\" target=\"_blank\" rel=\"noopener\"><img decoding=\"async\" class=\"alignnone size-medium wp-image-2077\" src=\"http:\/\/otepaagolf.com\/wp-content\/uploads\/2021\/11\/logo_golfbooking-300x62.png\" alt=\"\" width=\"300\" height=\"62\" srcset=\"https:\/\/otepaagolf.com\/wp-content\/uploads\/2021\/11\/logo_golfbooking-300x62.png 300w, https:\/\/otepaagolf.com\/wp-content\/uploads\/2021\/11\/logo_golfbooking-150x31.png 150w, https:\/\/otepaagolf.com\/wp-content\/uploads\/2021\/11\/logo_golfbooking.png 400w\" sizes=\"(max-width: 300px) 100vw, 300px\" \/><\/a><\/h4>\t\t\t\t\t\t\t\t<\/div>\n\t\t\t\t<\/div>\n\t\t\t\t\t<\/div>\n\t\t<\/div>\n\t\t\t\t\t<\/div>\n\t\t<\/section>\n\t\t\t\t<section class=\"elementor-section elementor-top-section elementor-element elementor-element-b324ac1 elementor-section-boxed elementor-section-height-default elementor-section-height-default\" data-id=\"b324ac1\" data-element_type=\"section\">\n\t\t\t\t\t\t<div class=\"elementor-container elementor-column-gap-default\">\n\t\t\t\t\t<div class=\"elementor-column elementor-col-100 elementor-top-column elementor-element elementor-element-e414b87\" data-id=\"e414b87\" data-element_type=\"column\">\n\t\t\t<div class=\"elementor-widget-wrap elementor-element-populated\">\n\t\t\t\t\t\t<div class=\"elementor-element elementor-element-2188008 elementor-widget elementor-widget-spacer\" data-id=\"2188008\" data-element_type=\"widget\" data-widget_type=\"spacer.default\">\n\t\t\t\t<div class=\"elementor-widget-container\">\n\t\t\t\t\t\t\t<div class=\"elementor-spacer\">\n\t\t\t<div class=\"elementor-spacer-inner\"><\/div>\n\t\t<\/div>\n\t\t\t\t\t\t<\/div>\n\t\t\t\t<\/div>\n\t\t\t\t\t<\/div>\n\t\t<\/div>\n\t\t\t\t\t<\/div>\n\t\t<\/section>\n\t\t\t\t<section class=\"elementor-section elementor-top-section elementor-element elementor-element-e5fff8f elementor-section-boxed elementor-section-height-default elementor-section-height-default\" data-id=\"e5fff8f\" data-element_type=\"section\">\n\t\t\t\t\t\t<div class=\"elementor-container elementor-column-gap-default\">\n\t\t\t\t\t<div class=\"elementor-column elementor-col-33 elementor-top-column elementor-element elementor-element-d36a27e\" data-id=\"d36a27e\" data-element_type=\"column\">\n\t\t\t<div class=\"elementor-widget-wrap\">\n\t\t\t\t\t\t\t<\/div>\n\t\t<\/div>\n\t\t\t\t<div class=\"elementor-column elementor-col-33 elementor-top-column elementor-element elementor-element-5a1650e\" data-id=\"5a1650e\" data-element_type=\"column\">\n\t\t\t<div class=\"elementor-widget-wrap\">\n\t\t\t\t\t\t\t<\/div>\n\t\t<\/div>\n\t\t\t\t<div class=\"elementor-column elementor-col-33 elementor-top-column elementor-element elementor-element-4b855a4\" data-id=\"4b855a4\" data-element_type=\"column\">\n\t\t\t<div class=\"elementor-widget-wrap\">\n\t\t\t\t\t\t\t<\/div>\n\t\t<\/div>\n\t\t\t\t\t<\/div>\n\t\t<\/section>\n\t\t\t\t<section class=\"elementor-section elementor-top-section elementor-element elementor-element-ce74905 elementor-section-boxed elementor-section-height-default elementor-section-height-default\" data-id=\"ce74905\" data-element_type=\"section\">\n\t\t\t\t\t\t<div class=\"elementor-container elementor-column-gap-default\">\n\t\t\t\t\t<div class=\"elementor-column elementor-col-100 elementor-top-column elementor-element elementor-element-d1d2243\" data-id=\"d1d2243\" data-element_type=\"column\">\n\t\t\t<div class=\"elementor-widget-wrap elementor-element-populated\">\n\t\t\t\t\t\t<div class=\"elementor-element elementor-element-1e3eb45 elementor-widget elementor-widget-spacer\" data-id=\"1e3eb45\" data-element_type=\"widget\" data-widget_type=\"spacer.default\">\n\t\t\t\t<div class=\"elementor-widget-container\">\n\t\t\t\t\t\t\t<div class=\"elementor-spacer\">\n\t\t\t<div class=\"elementor-spacer-inner\"><\/div>\n\t\t<\/div>\n\t\t\t\t\t\t<\/div>\n\t\t\t\t<\/div>\n\t\t\t\t\t<\/div>\n\t\t<\/div>\n\t\t\t\t\t<\/div>\n\t\t<\/section>\n\t\t\t\t<\/div>\n\t\t","protected":false},"excerpt":{"rendered":"<p>You can find our tee times on Golf-Booking.com. Book and pay for your slots early and you&#8217;ll be worry-free. &nbsp;BOOK AND PAY HERE: &nbsp; &nbsp;<\/p>\n","protected":false},"author":2,"featured_media":0,"parent":0,"menu_order":0,"comment_status":"closed","ping_status":"closed","template":"","meta":{"_acf_changed":false,"_improvement_type_select":"improve_an_existing","_thumb_yes_seoaic":false,"_frame_yes_seoaic":false,"seoaic_generate_description":"","seoaic_improve_instructions_prompt":"","seoaic_rollback_content_improvement":"","seoaic_idea_thumbnail_generator":"","thumbnail_generated":false,"thumbnail_generate_prompt":"","seoaic_article_description":"","footnotes":""},"class_list":["post-13606","page","type-page","status-publish","hentry"],"acf":[],"yoast_head":"<!-- This site is optimized with the Yoast SEO plugin v26.8 - https:\/\/yoast.com\/product\/yoast-seo-wordpress\/ -->\n<title>Book and pay for tee time - Otep\u00e4\u00e4 Golf &amp; Country Club<\/title>\n<meta name=\"robots\" content=\"index, follow, max-snippet:-1, max-image-preview:large, max-video-preview:-1\" \/>\n<link rel=\"canonical\" href=\"https:\/\/otepaagolf.com\/en\/book-a-tee-time\/\" \/>\n<meta property=\"og:locale\" content=\"en_US\" \/>\n<meta property=\"og:type\" content=\"article\" \/>\n<meta property=\"og:title\" content=\"Book and pay for tee time - Otep\u00e4\u00e4 Golf &amp; Country Club\" \/>\n<meta property=\"og:description\" content=\"You can find our tee times on Golf-Booking.com. Book and pay for your slots early and you&#8217;ll be worry-free. &nbsp;BOOK AND PAY HERE: &nbsp; &nbsp;\" \/>\n<meta property=\"og:url\" content=\"https:\/\/otepaagolf.com\/en\/book-a-tee-time\/\" \/>\n<meta property=\"og:site_name\" content=\"Otep\u00e4\u00e4 Golf &amp; Country Club\" \/>\n<meta property=\"article:modified_time\" content=\"2025-10-09T09:35:34+00:00\" \/>\n<meta property=\"og:image\" content=\"http:\/\/otepaagolf.com\/wp-content\/uploads\/2021\/11\/logo_golfbooking-300x62.png\" \/>\n<meta name=\"twitter:card\" content=\"summary_large_image\" \/>\n<script type=\"application\/ld+json\" class=\"yoast-schema-graph\">{\"@context\":\"https:\/\/schema.org\",\"@graph\":[{\"@type\":\"WebPage\",\"@id\":\"https:\/\/otepaagolf.com\/en\/book-a-tee-time\/\",\"url\":\"https:\/\/otepaagolf.com\/en\/book-a-tee-time\/\",\"name\":\"Book and pay for tee time - Otep\u00e4\u00e4 Golf &amp; Country Club\",\"isPartOf\":{\"@id\":\"https:\/\/otepaagolf.com\/en\/#website\"},\"primaryImageOfPage\":{\"@id\":\"https:\/\/otepaagolf.com\/en\/book-a-tee-time\/#primaryimage\"},\"image\":{\"@id\":\"https:\/\/otepaagolf.com\/en\/book-a-tee-time\/#primaryimage\"},\"thumbnailUrl\":\"http:\/\/otepaagolf.com\/wp-content\/uploads\/2021\/11\/logo_golfbooking-300x62.png\",\"datePublished\":\"2021-05-24T16:33:18+00:00\",\"dateModified\":\"2025-10-09T09:35:34+00:00\",\"breadcrumb\":{\"@id\":\"https:\/\/otepaagolf.com\/en\/book-a-tee-time\/#breadcrumb\"},\"inLanguage\":\"en-US\",\"potentialAction\":[{\"@type\":\"ReadAction\",\"target\":[\"https:\/\/otepaagolf.com\/en\/book-a-tee-time\/\"]}]},{\"@type\":\"ImageObject\",\"inLanguage\":\"en-US\",\"@id\":\"https:\/\/otepaagolf.com\/en\/book-a-tee-time\/#primaryimage\",\"url\":\"http:\/\/otepaagolf.com\/wp-content\/uploads\/2021\/11\/logo_golfbooking-300x62.png\",\"contentUrl\":\"http:\/\/otepaagolf.com\/wp-content\/uploads\/2021\/11\/logo_golfbooking-300x62.png\"},{\"@type\":\"BreadcrumbList\",\"@id\":\"https:\/\/otepaagolf.com\/en\/book-a-tee-time\/#breadcrumb\",\"itemListElement\":[{\"@type\":\"ListItem\",\"position\":1,\"name\":\"Home\",\"item\":\"https:\/\/otepaagolf.com\/en\/\"},{\"@type\":\"ListItem\",\"position\":2,\"name\":\"Book and pay for tee time\"}]},{\"@type\":\"WebSite\",\"@id\":\"https:\/\/otepaagolf.com\/en\/#website\",\"url\":\"https:\/\/otepaagolf.com\/en\/\",\"name\":\"Otep\u00e4\u00e4 Golf &amp; Country Club\",\"description\":\"T\u00e4ism\u00f5\u00f5tmeline golfiv\u00e4ljak 18-holes PAR73\",\"publisher\":{\"@id\":\"https:\/\/otepaagolf.com\/en\/#organization\"},\"potentialAction\":[{\"@type\":\"SearchAction\",\"target\":{\"@type\":\"EntryPoint\",\"urlTemplate\":\"https:\/\/otepaagolf.com\/en\/?s={search_term_string}\"},\"query-input\":{\"@type\":\"PropertyValueSpecification\",\"valueRequired\":true,\"valueName\":\"search_term_string\"}}],\"inLanguage\":\"en-US\"},{\"@type\":\"Organization\",\"@id\":\"https:\/\/otepaagolf.com\/en\/#organization\",\"name\":\"Otep\u00e4\u00e4 Golf &amp; Country Club\",\"url\":\"https:\/\/otepaagolf.com\/en\/\",\"logo\":{\"@type\":\"ImageObject\",\"inLanguage\":\"en-US\",\"@id\":\"https:\/\/otepaagolf.com\/en\/#\/schema\/logo\/image\/\",\"url\":\"https:\/\/otepaagolf.com\/wp-content\/uploads\/2021\/10\/OGCC_web_pais.png\",\"contentUrl\":\"https:\/\/otepaagolf.com\/wp-content\/uploads\/2021\/10\/OGCC_web_pais.png\",\"width\":1368,\"height\":541,\"caption\":\"Otep\u00e4\u00e4 Golf &amp; Country Club\"},\"image\":{\"@id\":\"https:\/\/otepaagolf.com\/en\/#\/schema\/logo\/image\/\"}}]}<\/script>\n<!-- \/ Yoast SEO plugin. -->","yoast_head_json":{"title":"Book and pay for tee time - Otep\u00e4\u00e4 Golf &amp; Country Club","robots":{"index":"index","follow":"follow","max-snippet":"max-snippet:-1","max-image-preview":"max-image-preview:large","max-video-preview":"max-video-preview:-1"},"canonical":"https:\/\/otepaagolf.com\/en\/book-a-tee-time\/","og_locale":"en_US","og_type":"article","og_title":"Book and pay for tee time - Otep\u00e4\u00e4 Golf &amp; Country Club","og_description":"You can find our tee times on Golf-Booking.com. Book and pay for your slots early and you&#8217;ll be worry-free. &nbsp;BOOK AND PAY HERE: &nbsp; &nbsp;","og_url":"https:\/\/otepaagolf.com\/en\/book-a-tee-time\/","og_site_name":"Otep\u00e4\u00e4 Golf &amp; Country Club","article_modified_time":"2025-10-09T09:35:34+00:00","og_image":[{"url":"http:\/\/otepaagolf.com\/wp-content\/uploads\/2021\/11\/logo_golfbooking-300x62.png","type":"","width":"","height":""}],"twitter_card":"summary_large_image","schema":{"@context":"https:\/\/schema.org","@graph":[{"@type":"WebPage","@id":"https:\/\/otepaagolf.com\/en\/book-a-tee-time\/","url":"https:\/\/otepaagolf.com\/en\/book-a-tee-time\/","name":"Book and pay for tee time - Otep\u00e4\u00e4 Golf &amp; Country Club","isPartOf":{"@id":"https:\/\/otepaagolf.com\/en\/#website"},"primaryImageOfPage":{"@id":"https:\/\/otepaagolf.com\/en\/book-a-tee-time\/#primaryimage"},"image":{"@id":"https:\/\/otepaagolf.com\/en\/book-a-tee-time\/#primaryimage"},"thumbnailUrl":"http:\/\/otepaagolf.com\/wp-content\/uploads\/2021\/11\/logo_golfbooking-300x62.png","datePublished":"2021-05-24T16:33:18+00:00","dateModified":"2025-10-09T09:35:34+00:00","breadcrumb":{"@id":"https:\/\/otepaagolf.com\/en\/book-a-tee-time\/#breadcrumb"},"inLanguage":"en-US","potentialAction":[{"@type":"ReadAction","target":["https:\/\/otepaagolf.com\/en\/book-a-tee-time\/"]}]},{"@type":"ImageObject","inLanguage":"en-US","@id":"https:\/\/otepaagolf.com\/en\/book-a-tee-time\/#primaryimage","url":"http:\/\/otepaagolf.com\/wp-content\/uploads\/2021\/11\/logo_golfbooking-300x62.png","contentUrl":"http:\/\/otepaagolf.com\/wp-content\/uploads\/2021\/11\/logo_golfbooking-300x62.png"},{"@type":"BreadcrumbList","@id":"https:\/\/otepaagolf.com\/en\/book-a-tee-time\/#breadcrumb","itemListElement":[{"@type":"ListItem","position":1,"name":"Home","item":"https:\/\/otepaagolf.com\/en\/"},{"@type":"ListItem","position":2,"name":"Book and pay for tee time"}]},{"@type":"WebSite","@id":"https:\/\/otepaagolf.com\/en\/#website","url":"https:\/\/otepaagolf.com\/en\/","name":"Otep\u00e4\u00e4 Golf &amp; Country Club","description":"T\u00e4ism\u00f5\u00f5tmeline golfiv\u00e4ljak 18-holes PAR73","publisher":{"@id":"https:\/\/otepaagolf.com\/en\/#organization"},"potentialAction":[{"@type":"SearchAction","target":{"@type":"EntryPoint","urlTemplate":"https:\/\/otepaagolf.com\/en\/?s={search_term_string}"},"query-input":{"@type":"PropertyValueSpecification","valueRequired":true,"valueName":"search_term_string"}}],"inLanguage":"en-US"},{"@type":"Organization","@id":"https:\/\/otepaagolf.com\/en\/#organization","name":"Otep\u00e4\u00e4 Golf &amp; Country Club","url":"https:\/\/otepaagolf.com\/en\/","logo":{"@type":"ImageObject","inLanguage":"en-US","@id":"https:\/\/otepaagolf.com\/en\/#\/schema\/logo\/image\/","url":"https:\/\/otepaagolf.com\/wp-content\/uploads\/2021\/10\/OGCC_web_pais.png","contentUrl":"https:\/\/otepaagolf.com\/wp-content\/uploads\/2021\/10\/OGCC_web_pais.png","width":1368,"height":541,"caption":"Otep\u00e4\u00e4 Golf &amp; Country Club"},"image":{"@id":"https:\/\/otepaagolf.com\/en\/#\/schema\/logo\/image\/"}}]}},"publishpress_future_workflow_manual_trigger":{"enabledWorkflows":[]},"_links":{"self":[{"href":"https:\/\/otepaagolf.com\/en\/wp-json\/wp\/v2\/pages\/13606","targetHints":{"allow":["GET"]}}],"collection":[{"href":"https:\/\/otepaagolf.com\/en\/wp-json\/wp\/v2\/pages"}],"about":[{"href":"https:\/\/otepaagolf.com\/en\/wp-json\/wp\/v2\/types\/page"}],"author":[{"embeddable":true,"href":"https:\/\/otepaagolf.com\/en\/wp-json\/wp\/v2\/users\/2"}],"replies":[{"embeddable":true,"href":"https:\/\/otepaagolf.com\/en\/wp-json\/wp\/v2\/comments?post=13606"}],"version-history":[{"count":6,"href":"https:\/\/otepaagolf.com\/en\/wp-json\/wp\/v2\/pages\/13606\/revisions"}],"predecessor-version":[{"id":22617,"href":"https:\/\/otepaagolf.com\/en\/wp-json\/wp\/v2\/pages\/13606\/revisions\/22617"}],"wp:attachment":[{"href":"https:\/\/otepaagolf.com\/en\/wp-json\/wp\/v2\/media?parent=13606"}],"curies":[{"name":"wp","href":"https:\/\/api.w.org\/{rel}","templated":true}]}}