{"id":13665,"date":"2021-05-07T07:10:49","date_gmt":"2021-05-07T04:10:49","guid":{"rendered":"https:\/\/otepaagolf.com\/local-rules\/"},"modified":"2025-09-24T13:26:42","modified_gmt":"2025-09-24T10:26:42","slug":"local-rules","status":"publish","type":"page","link":"https:\/\/otepaagolf.com\/en\/golf-centre\/local-rules\/","title":{"rendered":"Local rules"},"content":{"rendered":"\t\t<div data-elementor-type=\"wp-page\" data-elementor-id=\"13665\" class=\"elementor elementor-13665 elementor-265\" data-elementor-post-type=\"page\">\n\t\t\t\t\t\t<section class=\"elementor-section elementor-top-section elementor-element elementor-element-2fd639f elementor-section-boxed elementor-section-height-default elementor-section-height-default\" data-id=\"2fd639f\" data-element_type=\"section\">\n\t\t\t\t\t\t<div class=\"elementor-container elementor-column-gap-default\">\n\t\t\t\t\t<div class=\"elementor-column elementor-col-100 elementor-top-column elementor-element elementor-element-98aa7f1\" data-id=\"98aa7f1\" data-element_type=\"column\">\n\t\t\t<div class=\"elementor-widget-wrap\">\n\t\t\t\t\t\t\t<\/div>\n\t\t<\/div>\n\t\t\t\t\t<\/div>\n\t\t<\/section>\n\t\t\t\t<section class=\"elementor-section elementor-top-section elementor-element elementor-element-c347158 elementor-section-boxed elementor-section-height-default elementor-section-height-default\" data-id=\"c347158\" data-element_type=\"section\">\n\t\t\t\t\t\t<div class=\"elementor-container elementor-column-gap-default\">\n\t\t\t\t\t<div class=\"elementor-column elementor-col-100 elementor-top-column elementor-element elementor-element-f930b6d\" data-id=\"f930b6d\" data-element_type=\"column\">\n\t\t\t<div class=\"elementor-widget-wrap elementor-element-populated\">\n\t\t\t\t\t\t<div class=\"elementor-element elementor-element-40d7a2f elementor-widget elementor-widget-text-editor\" data-id=\"40d7a2f\" data-element_type=\"widget\" data-widget_type=\"text-editor.default\">\n\t\t\t\t<div class=\"elementor-widget-container\">\n\t\t\t\t\t\t\t\t\t<h1 style=\"text-align: center;\">LOCAL RULES AT THE OTEP\u00c4\u00c4 GOLF COURSE<\/h1>\t\t\t\t\t\t\t\t<\/div>\n\t\t\t\t<\/div>\n\t\t\t\t\t<\/div>\n\t\t<\/div>\n\t\t\t\t\t<\/div>\n\t\t<\/section>\n\t\t\t\t<section class=\"elementor-section elementor-top-section elementor-element elementor-element-9fd3427 elementor-section-boxed elementor-section-height-default elementor-section-height-default\" data-id=\"9fd3427\" data-element_type=\"section\">\n\t\t\t\t\t\t<div class=\"elementor-container elementor-column-gap-default\">\n\t\t\t\t\t<div class=\"elementor-column elementor-col-50 elementor-top-column elementor-element elementor-element-5a581c8\" data-id=\"5a581c8\" data-element_type=\"column\">\n\t\t\t<div class=\"elementor-widget-wrap elementor-element-populated\">\n\t\t\t\t\t\t<div class=\"elementor-element elementor-element-1953c5e elementor-widget elementor-widget-text-editor\" data-id=\"1953c5e\" data-element_type=\"widget\" data-widget_type=\"text-editor.default\">\n\t\t\t\t<div class=\"elementor-widget-container\">\n\t\t\t\t\t\t\t\t\t<p><b>1) Out of Bounds (Rule 18.2)<\/b><br>Out of bounds is marked with white stakes on holes 1, 3, 5, 9, 14, 17, 18. The edge of the out of bounds is defined by a line on the ground between the sides of the piles and the piles themselves are in out of bounds.<\/p>\n<p>The fairway of hole 18 is out of bounds in relation to hole 10 along its entire length.<\/p>\n<p><b>2) Penalty Areas (Rule 17)<\/b><br>Penalty areas are defined by either red or yellow stakes. The boundary of a penalty area is defined by a line running between the course-side edges of the stakes on the ground and also extends over any part of the penalty area.<br>If the ball last crossed the edge of a red penalty area on holes 1, 4, 8, 9, it is possible to take an additional relief (adding one penalty stroke) as a lateral relief from the opposite side of the red penalty area, from a spot equidistant from the hole as the point where the ball entered (Local Rule Model B-2).  From the penalty areas of holes 7, 16 and 17, as an additional exemption (by adding one penalty shot), it is possible to drop the ball in the drop zone marked DROP ZONE or DZ. The drop area is the exemption area as defined in rule 14.3.<\/p>\n<p><b>3) Playing a provisional ball in the penalty area.&nbsp;<\/b><\/p>\n<p>If a player does not know whether his ball is in the penalty area of the 9th lane, he may play a provisional ball as modified by&nbsp;rule 18.3. as follows:<br>A player may use the stroke-and-distance relief option (Rule 17.1.d(1)), the back-on-the-line relief option (Rule 17.1.d(2)), or the lateral relief option from the opposite side of the red penalty area (Rule 17.1d(3)) to play a provisional ball. If a dropping zone (Local Rule Model E-1) is one of the available options in that penalty area, the player may also use that option.<br>If a player has played a provisional ball under this Rule, they cannot use any subsequent options under Rule 17.1 that apply to the original ball.<br>To determine when a provisional ball becomes the ball in play or when a provisional ball is abandoned, Rules 18.3c(2) and 18.3c(3) apply, except in the following case:<br>If the original ball is found within the three-minute search time \u2013 the player may choose whether to:<br>-continue playing the original ball that is in the penalty area (in which case the provisional ball is not played). Any strokes made with the provisional ball before it was abandoned (including strokes made with the provisional ball and penalty strokes incurred while playing the provisional ball) do not count,<br>or continue playing the provisional ball (in which case the original ball is not played).<br>If the original ball is not found within the three-minute search time, or if it is known or virtually certain,<br>that the ball is in the penalty area \u2013 the provisional ball becomes the ball in play.   <\/p>\n<p><strong>4)&nbsp;Pre-match venues<\/strong><\/p>\n<p>Preferred lie rule applies.<\/p>\n<p><span style=\"font-weight: bold; color: var( --e-global-color-text ); font-family: var( --e-global-typography-text-font-family ), Sans-serif;\">5) Abnormal ground conditions (i.e. immovable obstacles) (rule 16).<\/span><\/p>\n<p>Repair areas are defined by blue stakes or a white (blue) line. Areas of bunkers where water has washed away sand are repair areas.<\/p>\n<p>All sprinklers, distance signs, pavilions, &#8220;next road&#8221; signs, fences, etc. are immovable obstacles.&nbsp;<\/p>\n<p>The large stones located in the greenside bunker of hole 2 are immovable obstructions.<\/p>\n<p><span style=\"color: var( --e-global-color-text ); font-family: var( --e-global-typography-text-font-family ), Sans-serif;\">The 9th hole stone wall is an integral part of the course.<\/span><\/p>\n<p>The piles of branches in the penalty areas are an integral part of the course.<\/p>\t\t\t\t\t\t\t\t<\/div>\n\t\t\t\t<\/div>\n\t\t\t\t\t<\/div>\n\t\t<\/div>\n\t\t\t\t<div class=\"elementor-column elementor-col-50 elementor-top-column elementor-element elementor-element-fd816c7\" data-id=\"fd816c7\" data-element_type=\"column\">\n\t\t\t<div class=\"elementor-widget-wrap elementor-element-populated\">\n\t\t\t\t\t\t<div class=\"elementor-element elementor-element-5f445eb elementor-widget elementor-widget-text-editor\" data-id=\"5f445eb\" data-element_type=\"widget\" data-widget_type=\"text-editor.default\">\n\t\t\t\t<div class=\"elementor-widget-container\">\n\t\t\t\t\t\t\t\t\t<p><span style=\"font-weight: bold; color: var( --e-global-color-text ); font-family: var( --e-global-typography-text-font-family ), Sans-serif;\">6) Dropping zones<\/span><\/p>\n<p><span style=\"color: var( --e-global-color-text ); font-family: var( --e-global-typography-text-font-family ), Sans-serif;\">As an additional exemption from the repair area on hole 16, a player may drop a ball into a drop zone marked DROP ZONE or DZ. The drop zone is the exemption area (rule 14.3).<\/span>ext road&#8221; signs, fences, etc. are immovable obstacles. The 9th hole stone wall is an integral part of the course.&nbsp;The piles of branches in the penalty areas are an integral part of the course.<b style=\"color: var( --e-global-color-text ); font-family: var( --e-global-typography-text-font-family ), Sans-serif;\"><\/b><\/p>\n<p><b style=\"color: var( --e-global-color-text ); font-family: var( --e-global-typography-text-font-family ), Sans-serif;\">&nbsp;<\/b><\/p>\n<p><b style=\"color: var( --e-global-color-text ); font-family: var( --e-global-typography-text-font-family ), Sans-serif;\">7) Animal damage<\/b><\/p>\n<p>Damage caused by animals in the general area is a ground under repair, and relief may be taken under Rule 16.1b.<br>No relief is allowed if the damage only interferes with the player&#8217;s stance.<\/p>\n<p><b>8) All Roads and Paths are Obstructions<\/b><br>All roads and paths on the course, even if not covered with artificial material, are obstructions, and relief may be taken from them under Rule 16.1. As an additional relief option, the ball may be dropped into the nearest drop zone on 7th hole.<\/p>\n<p><b>9) Concrete Drainage Channels<\/b><br>Drainage channels made of artificial materials and installed alongside roads are immovable obstructions in the general area and are treated as part of the road, and relief may be taken from them under Rule 16.1b. Alternatively, a drop zone can be used if it is nearby. Penalty for breaking a local rule &#8211; see rule 4.3.<\/p>\n<p><b>10) Rules for Suspension and Resumption of Play<\/b><br>If the Committee declares an immediate suspension of play due to a dangerous situation, all players must immediately stop play, and a player is prohibited from making another stroke until the Committee resumes play. In case of danger, players are alerted by the signal with ONE LONG sound. For all other interruptions, three short beeps. In both cases, the resumption of the game is signalled by the sound of TWO SOUNDS. Penalty for breaking a local rule: A player will receive a general penalty for each lane where they break a rule. If the infringement occurs between two holes, it will be applied on the next hole.<\/p>\n<p>If you have any questions about the local rules, please send them to the Otep\u00e4\u00e4 Golf &amp; Country Club Rules Committee by e-mail&nbsp;REEGLID@OTEPAAGOLF.COM.<\/p><p><br><\/p>\n<p><b>Have a good game!<\/b><\/p><p><b><br><\/b><\/p><p><b><br><\/b><\/p>\t\t\t\t\t\t\t\t<\/div>\n\t\t\t\t<\/div>\n\t\t\t\t<div class=\"elementor-element elementor-element-15fed0a elementor-widget elementor-widget-image\" data-id=\"15fed0a\" data-element_type=\"widget\" data-widget_type=\"image.default\">\n\t\t\t\t<div class=\"elementor-widget-container\">\n\t\t\t\t\t\t\t\t\t\t\t\t\t\t\t<img fetchpriority=\"high\" decoding=\"async\" width=\"1024\" height=\"683\" src=\"https:\/\/otepaagolf.com\/wp-content\/uploads\/2022\/02\/0a85e41f1830faf4b980c3e1fdfcd67d-1024x683.jpg\" class=\"attachment-large size-large wp-image-8091\" alt=\"\" srcset=\"https:\/\/otepaagolf.com\/wp-content\/uploads\/2022\/02\/0a85e41f1830faf4b980c3e1fdfcd67d-1024x683.jpg 1024w, https:\/\/otepaagolf.com\/wp-content\/uploads\/2022\/02\/0a85e41f1830faf4b980c3e1fdfcd67d-300x200.jpg 300w, https:\/\/otepaagolf.com\/wp-content\/uploads\/2022\/02\/0a85e41f1830faf4b980c3e1fdfcd67d-768x512.jpg 768w, https:\/\/otepaagolf.com\/wp-content\/uploads\/2022\/02\/0a85e41f1830faf4b980c3e1fdfcd67d-1536x1024.jpg 1536w, https:\/\/otepaagolf.com\/wp-content\/uploads\/2022\/02\/0a85e41f1830faf4b980c3e1fdfcd67d-150x100.jpg 150w, https:\/\/otepaagolf.com\/wp-content\/uploads\/2022\/02\/0a85e41f1830faf4b980c3e1fdfcd67d.jpg 2048w\" sizes=\"(max-width: 1024px) 100vw, 1024px\" \/>\t\t\t\t\t\t\t\t\t\t\t\t\t\t\t<\/div>\n\t\t\t\t<\/div>\n\t\t\t\t\t<\/div>\n\t\t<\/div>\n\t\t\t\t\t<\/div>\n\t\t<\/section>\n\t\t\t\t<section class=\"elementor-section elementor-top-section elementor-element elementor-element-b6c30f6 elementor-section-boxed elementor-section-height-default elementor-section-height-default\" data-id=\"b6c30f6\" data-element_type=\"section\">\n\t\t\t\t\t\t<div class=\"elementor-container elementor-column-gap-default\">\n\t\t\t\t\t<div class=\"elementor-column elementor-col-100 elementor-top-column elementor-element elementor-element-b02ec7d\" data-id=\"b02ec7d\" data-element_type=\"column\">\n\t\t\t<div class=\"elementor-widget-wrap elementor-element-populated\">\n\t\t\t\t\t\t<div class=\"elementor-element elementor-element-4616d46 elementor-widget elementor-widget-spacer\" data-id=\"4616d46\" data-element_type=\"widget\" data-widget_type=\"spacer.default\">\n\t\t\t\t<div class=\"elementor-widget-container\">\n\t\t\t\t\t\t\t<div class=\"elementor-spacer\">\n\t\t\t<div class=\"elementor-spacer-inner\"><\/div>\n\t\t<\/div>\n\t\t\t\t\t\t<\/div>\n\t\t\t\t<\/div>\n\t\t\t\t\t<\/div>\n\t\t<\/div>\n\t\t\t\t\t<\/div>\n\t\t<\/section>\n\t\t\t\t<section class=\"elementor-section elementor-top-section elementor-element elementor-element-7840c28 elementor-section-boxed elementor-section-height-default elementor-section-height-default\" data-id=\"7840c28\" data-element_type=\"section\">\n\t\t\t\t\t\t<div class=\"elementor-container elementor-column-gap-default\">\n\t\t\t\t\t<div class=\"elementor-column elementor-col-100 elementor-top-column elementor-element elementor-element-91ecbc5\" data-id=\"91ecbc5\" data-element_type=\"column\">\n\t\t\t<div class=\"elementor-widget-wrap elementor-element-populated\">\n\t\t\t\t\t\t<div class=\"elementor-element elementor-element-e8d025e elementor-widget elementor-widget-button\" data-id=\"e8d025e\" data-element_type=\"widget\" data-widget_type=\"button.default\">\n\t\t\t\t<div class=\"elementor-widget-container\">\n\t\t\t\t\t\t\t\t\t<div class=\"elementor-button-wrapper\">\n\t\t\t\t\t<a class=\"elementor-button elementor-button-link elementor-size-sm\" href=\"https:\/\/www.golf.ee\/wp-content\/uploads\/2020\/04\/golfireeglid_kehtivad_alates_2019.pdf\" target=\"_blank\">\n\t\t\t\t\t\t<span class=\"elementor-button-content-wrapper\">\n\t\t\t\t\t\t\t\t\t<span class=\"elementor-button-text\">BOOK OF GOLF RULES<\/span>\n\t\t\t\t\t<\/span>\n\t\t\t\t\t<\/a>\n\t\t\t\t<\/div>\n\t\t\t\t\t\t\t\t<\/div>\n\t\t\t\t<\/div>\n\t\t\t\t\t<\/div>\n\t\t<\/div>\n\t\t\t\t\t<\/div>\n\t\t<\/section>\n\t\t\t\t<section class=\"elementor-section elementor-top-section elementor-element elementor-element-5a3377d elementor-section-boxed elementor-section-height-default elementor-section-height-default\" data-id=\"5a3377d\" data-element_type=\"section\">\n\t\t\t\t\t\t<div class=\"elementor-container elementor-column-gap-default\">\n\t\t\t\t\t<div class=\"elementor-column elementor-col-100 elementor-top-column elementor-element elementor-element-d336cc8\" data-id=\"d336cc8\" data-element_type=\"column\">\n\t\t\t<div class=\"elementor-widget-wrap elementor-element-populated\">\n\t\t\t\t\t\t<div class=\"elementor-element elementor-element-ac55f24 elementor-widget elementor-widget-spacer\" data-id=\"ac55f24\" data-element_type=\"widget\" data-widget_type=\"spacer.default\">\n\t\t\t\t<div class=\"elementor-widget-container\">\n\t\t\t\t\t\t\t<div class=\"elementor-spacer\">\n\t\t\t<div class=\"elementor-spacer-inner\"><\/div>\n\t\t<\/div>\n\t\t\t\t\t\t<\/div>\n\t\t\t\t<\/div>\n\t\t\t\t\t<\/div>\n\t\t<\/div>\n\t\t\t\t\t<\/div>\n\t\t<\/section>\n\t\t\t\t<\/div>\n\t\t","protected":false},"excerpt":{"rendered":"<p>LOCAL RULES AT THE OTEP\u00c4\u00c4 GOLF COURSE 1) Out of Bounds (Rule 18.2)Out of bounds is marked with white stakes on holes 1, 3, 5, 9, 14, 17, 18. The edge of the out of bounds is defined by a line on the ground between the sides of the piles and the piles themselves are [&hellip;]<\/p>\n","protected":false},"author":2,"featured_media":0,"parent":13704,"menu_order":0,"comment_status":"closed","ping_status":"closed","template":"","meta":{"_acf_changed":false,"_improvement_type_select":"improve_an_existing","_thumb_yes_seoaic":false,"_frame_yes_seoaic":false,"seoaic_generate_description":"","seoaic_improve_instructions_prompt":"","seoaic_rollback_content_improvement":"","seoaic_idea_thumbnail_generator":"","thumbnail_generated":false,"thumbnail_generate_prompt":"","seoaic_article_description":"","footnotes":""},"class_list":["post-13665","page","type-page","status-publish","hentry"],"acf":[],"yoast_head":"<!-- This site is optimized with the Yoast SEO plugin v26.8 - https:\/\/yoast.com\/product\/yoast-seo-wordpress\/ -->\n<title>Local rules - Otep\u00e4\u00e4 Golf &amp; Country Club<\/title>\n<meta name=\"robots\" content=\"index, follow, max-snippet:-1, max-image-preview:large, max-video-preview:-1\" \/>\n<link rel=\"canonical\" href=\"https:\/\/otepaagolf.com\/en\/golf-centre\/local-rules\/\" \/>\n<meta property=\"og:locale\" content=\"en_US\" \/>\n<meta property=\"og:type\" content=\"article\" \/>\n<meta property=\"og:title\" content=\"Local rules - Otep\u00e4\u00e4 Golf &amp; Country Club\" \/>\n<meta property=\"og:description\" content=\"LOCAL RULES AT THE OTEP\u00c4\u00c4 GOLF COURSE 1) Out of Bounds (Rule 18.2)Out of bounds is marked with white stakes on holes 1, 3, 5, 9, 14, 17, 18. The edge of the out of bounds is defined by a line on the ground between the sides of the piles and the piles themselves are [&hellip;]\" \/>\n<meta property=\"og:url\" content=\"https:\/\/otepaagolf.com\/en\/golf-centre\/local-rules\/\" \/>\n<meta property=\"og:site_name\" content=\"Otep\u00e4\u00e4 Golf &amp; Country Club\" \/>\n<meta property=\"article:modified_time\" content=\"2025-09-24T10:26:42+00:00\" \/>\n<meta property=\"og:image\" content=\"https:\/\/otepaagolf.com\/wp-content\/uploads\/2022\/02\/0a85e41f1830faf4b980c3e1fdfcd67d.jpg\" \/>\n\t<meta property=\"og:image:width\" content=\"2048\" \/>\n\t<meta property=\"og:image:height\" content=\"1365\" \/>\n\t<meta property=\"og:image:type\" content=\"image\/jpeg\" \/>\n<meta name=\"twitter:card\" content=\"summary_large_image\" \/>\n<meta name=\"twitter:label1\" content=\"Est. reading time\" \/>\n\t<meta name=\"twitter:data1\" content=\"6 minutes\" \/>\n<script type=\"application\/ld+json\" class=\"yoast-schema-graph\">{\"@context\":\"https:\/\/schema.org\",\"@graph\":[{\"@type\":\"WebPage\",\"@id\":\"https:\/\/otepaagolf.com\/en\/golf-centre\/local-rules\/\",\"url\":\"https:\/\/otepaagolf.com\/en\/golf-centre\/local-rules\/\",\"name\":\"Local rules - Otep\u00e4\u00e4 Golf &amp; Country Club\",\"isPartOf\":{\"@id\":\"https:\/\/otepaagolf.com\/en\/#website\"},\"primaryImageOfPage\":{\"@id\":\"https:\/\/otepaagolf.com\/en\/golf-centre\/local-rules\/#primaryimage\"},\"image\":{\"@id\":\"https:\/\/otepaagolf.com\/en\/golf-centre\/local-rules\/#primaryimage\"},\"thumbnailUrl\":\"https:\/\/otepaagolf.com\/wp-content\/uploads\/2022\/02\/0a85e41f1830faf4b980c3e1fdfcd67d-1024x683.jpg\",\"datePublished\":\"2021-05-07T04:10:49+00:00\",\"dateModified\":\"2025-09-24T10:26:42+00:00\",\"breadcrumb\":{\"@id\":\"https:\/\/otepaagolf.com\/en\/golf-centre\/local-rules\/#breadcrumb\"},\"inLanguage\":\"en-US\",\"potentialAction\":[{\"@type\":\"ReadAction\",\"target\":[\"https:\/\/otepaagolf.com\/en\/golf-centre\/local-rules\/\"]}]},{\"@type\":\"ImageObject\",\"inLanguage\":\"en-US\",\"@id\":\"https:\/\/otepaagolf.com\/en\/golf-centre\/local-rules\/#primaryimage\",\"url\":\"https:\/\/otepaagolf.com\/wp-content\/uploads\/2022\/02\/0a85e41f1830faf4b980c3e1fdfcd67d-1024x683.jpg\",\"contentUrl\":\"https:\/\/otepaagolf.com\/wp-content\/uploads\/2022\/02\/0a85e41f1830faf4b980c3e1fdfcd67d-1024x683.jpg\"},{\"@type\":\"BreadcrumbList\",\"@id\":\"https:\/\/otepaagolf.com\/en\/golf-centre\/local-rules\/#breadcrumb\",\"itemListElement\":[{\"@type\":\"ListItem\",\"position\":1,\"name\":\"Home\",\"item\":\"https:\/\/otepaagolf.com\/en\/\"},{\"@type\":\"ListItem\",\"position\":2,\"name\":\"Golf Centre\",\"item\":\"https:\/\/otepaagolf.com\/en\/golf-centre\/\"},{\"@type\":\"ListItem\",\"position\":3,\"name\":\"Local rules\"}]},{\"@type\":\"WebSite\",\"@id\":\"https:\/\/otepaagolf.com\/en\/#website\",\"url\":\"https:\/\/otepaagolf.com\/en\/\",\"name\":\"Otep\u00e4\u00e4 Golf &amp; Country Club\",\"description\":\"T\u00e4ism\u00f5\u00f5tmeline golfiv\u00e4ljak 18-holes PAR73\",\"publisher\":{\"@id\":\"https:\/\/otepaagolf.com\/en\/#organization\"},\"potentialAction\":[{\"@type\":\"SearchAction\",\"target\":{\"@type\":\"EntryPoint\",\"urlTemplate\":\"https:\/\/otepaagolf.com\/en\/?s={search_term_string}\"},\"query-input\":{\"@type\":\"PropertyValueSpecification\",\"valueRequired\":true,\"valueName\":\"search_term_string\"}}],\"inLanguage\":\"en-US\"},{\"@type\":\"Organization\",\"@id\":\"https:\/\/otepaagolf.com\/en\/#organization\",\"name\":\"Otep\u00e4\u00e4 Golf &amp; Country Club\",\"url\":\"https:\/\/otepaagolf.com\/en\/\",\"logo\":{\"@type\":\"ImageObject\",\"inLanguage\":\"en-US\",\"@id\":\"https:\/\/otepaagolf.com\/en\/#\/schema\/logo\/image\/\",\"url\":\"https:\/\/otepaagolf.com\/wp-content\/uploads\/2021\/10\/OGCC_web_pais.png\",\"contentUrl\":\"https:\/\/otepaagolf.com\/wp-content\/uploads\/2021\/10\/OGCC_web_pais.png\",\"width\":1368,\"height\":541,\"caption\":\"Otep\u00e4\u00e4 Golf &amp; Country Club\"},\"image\":{\"@id\":\"https:\/\/otepaagolf.com\/en\/#\/schema\/logo\/image\/\"}}]}<\/script>\n<!-- \/ Yoast SEO plugin. -->","yoast_head_json":{"title":"Local rules - Otep\u00e4\u00e4 Golf &amp; Country Club","robots":{"index":"index","follow":"follow","max-snippet":"max-snippet:-1","max-image-preview":"max-image-preview:large","max-video-preview":"max-video-preview:-1"},"canonical":"https:\/\/otepaagolf.com\/en\/golf-centre\/local-rules\/","og_locale":"en_US","og_type":"article","og_title":"Local rules - Otep\u00e4\u00e4 Golf &amp; Country Club","og_description":"LOCAL RULES AT THE OTEP\u00c4\u00c4 GOLF COURSE 1) Out of Bounds (Rule 18.2)Out of bounds is marked with white stakes on holes 1, 3, 5, 9, 14, 17, 18. The edge of the out of bounds is defined by a line on the ground between the sides of the piles and the piles themselves are [&hellip;]","og_url":"https:\/\/otepaagolf.com\/en\/golf-centre\/local-rules\/","og_site_name":"Otep\u00e4\u00e4 Golf &amp; Country Club","article_modified_time":"2025-09-24T10:26:42+00:00","og_image":[{"width":2048,"height":1365,"url":"https:\/\/otepaagolf.com\/wp-content\/uploads\/2022\/02\/0a85e41f1830faf4b980c3e1fdfcd67d.jpg","type":"image\/jpeg"}],"twitter_card":"summary_large_image","twitter_misc":{"Est. reading time":"6 minutes"},"schema":{"@context":"https:\/\/schema.org","@graph":[{"@type":"WebPage","@id":"https:\/\/otepaagolf.com\/en\/golf-centre\/local-rules\/","url":"https:\/\/otepaagolf.com\/en\/golf-centre\/local-rules\/","name":"Local rules - Otep\u00e4\u00e4 Golf &amp; Country Club","isPartOf":{"@id":"https:\/\/otepaagolf.com\/en\/#website"},"primaryImageOfPage":{"@id":"https:\/\/otepaagolf.com\/en\/golf-centre\/local-rules\/#primaryimage"},"image":{"@id":"https:\/\/otepaagolf.com\/en\/golf-centre\/local-rules\/#primaryimage"},"thumbnailUrl":"https:\/\/otepaagolf.com\/wp-content\/uploads\/2022\/02\/0a85e41f1830faf4b980c3e1fdfcd67d-1024x683.jpg","datePublished":"2021-05-07T04:10:49+00:00","dateModified":"2025-09-24T10:26:42+00:00","breadcrumb":{"@id":"https:\/\/otepaagolf.com\/en\/golf-centre\/local-rules\/#breadcrumb"},"inLanguage":"en-US","potentialAction":[{"@type":"ReadAction","target":["https:\/\/otepaagolf.com\/en\/golf-centre\/local-rules\/"]}]},{"@type":"ImageObject","inLanguage":"en-US","@id":"https:\/\/otepaagolf.com\/en\/golf-centre\/local-rules\/#primaryimage","url":"https:\/\/otepaagolf.com\/wp-content\/uploads\/2022\/02\/0a85e41f1830faf4b980c3e1fdfcd67d-1024x683.jpg","contentUrl":"https:\/\/otepaagolf.com\/wp-content\/uploads\/2022\/02\/0a85e41f1830faf4b980c3e1fdfcd67d-1024x683.jpg"},{"@type":"BreadcrumbList","@id":"https:\/\/otepaagolf.com\/en\/golf-centre\/local-rules\/#breadcrumb","itemListElement":[{"@type":"ListItem","position":1,"name":"Home","item":"https:\/\/otepaagolf.com\/en\/"},{"@type":"ListItem","position":2,"name":"Golf Centre","item":"https:\/\/otepaagolf.com\/en\/golf-centre\/"},{"@type":"ListItem","position":3,"name":"Local rules"}]},{"@type":"WebSite","@id":"https:\/\/otepaagolf.com\/en\/#website","url":"https:\/\/otepaagolf.com\/en\/","name":"Otep\u00e4\u00e4 Golf &amp; Country Club","description":"T\u00e4ism\u00f5\u00f5tmeline golfiv\u00e4ljak 18-holes PAR73","publisher":{"@id":"https:\/\/otepaagolf.com\/en\/#organization"},"potentialAction":[{"@type":"SearchAction","target":{"@type":"EntryPoint","urlTemplate":"https:\/\/otepaagolf.com\/en\/?s={search_term_string}"},"query-input":{"@type":"PropertyValueSpecification","valueRequired":true,"valueName":"search_term_string"}}],"inLanguage":"en-US"},{"@type":"Organization","@id":"https:\/\/otepaagolf.com\/en\/#organization","name":"Otep\u00e4\u00e4 Golf &amp; Country Club","url":"https:\/\/otepaagolf.com\/en\/","logo":{"@type":"ImageObject","inLanguage":"en-US","@id":"https:\/\/otepaagolf.com\/en\/#\/schema\/logo\/image\/","url":"https:\/\/otepaagolf.com\/wp-content\/uploads\/2021\/10\/OGCC_web_pais.png","contentUrl":"https:\/\/otepaagolf.com\/wp-content\/uploads\/2021\/10\/OGCC_web_pais.png","width":1368,"height":541,"caption":"Otep\u00e4\u00e4 Golf &amp; Country Club"},"image":{"@id":"https:\/\/otepaagolf.com\/en\/#\/schema\/logo\/image\/"}}]}},"publishpress_future_workflow_manual_trigger":{"enabledWorkflows":[]},"_links":{"self":[{"href":"https:\/\/otepaagolf.com\/en\/wp-json\/wp\/v2\/pages\/13665","targetHints":{"allow":["GET"]}}],"collection":[{"href":"https:\/\/otepaagolf.com\/en\/wp-json\/wp\/v2\/pages"}],"about":[{"href":"https:\/\/otepaagolf.com\/en\/wp-json\/wp\/v2\/types\/page"}],"author":[{"embeddable":true,"href":"https:\/\/otepaagolf.com\/en\/wp-json\/wp\/v2\/users\/2"}],"replies":[{"embeddable":true,"href":"https:\/\/otepaagolf.com\/en\/wp-json\/wp\/v2\/comments?post=13665"}],"version-history":[{"count":10,"href":"https:\/\/otepaagolf.com\/en\/wp-json\/wp\/v2\/pages\/13665\/revisions"}],"predecessor-version":[{"id":22551,"href":"https:\/\/otepaagolf.com\/en\/wp-json\/wp\/v2\/pages\/13665\/revisions\/22551"}],"up":[{"embeddable":true,"href":"https:\/\/otepaagolf.com\/en\/wp-json\/wp\/v2\/pages\/13704"}],"wp:attachment":[{"href":"https:\/\/otepaagolf.com\/en\/wp-json\/wp\/v2\/media?parent=13665"}],"curies":[{"name":"wp","href":"https:\/\/api.w.org\/{rel}","templated":true}]}}