{"id":13667,"date":"2021-05-07T07:08:45","date_gmt":"2021-05-07T04:08:45","guid":{"rendered":"https:\/\/otepaagolf.com\/practice-field\/"},"modified":"2024-01-24T23:52:51","modified_gmt":"2024-01-24T21:52:51","slug":"practice-field","status":"publish","type":"page","link":"https:\/\/otepaagolf.com\/en\/golf-centre\/practice-field\/","title":{"rendered":"Practice field"},"content":{"rendered":"\t\t<div data-elementor-type=\"wp-page\" data-elementor-id=\"13667\" class=\"elementor elementor-13667 elementor-251\" data-elementor-post-type=\"page\">\n\t\t\t\t\t\t<section class=\"elementor-section elementor-top-section elementor-element elementor-element-06f7273 elementor-section-full_width elementor-section-height-default elementor-section-height-default\" data-id=\"06f7273\" data-element_type=\"section\" data-settings=\"{&quot;background_background&quot;:&quot;classic&quot;}\">\n\t\t\t\t\t\t<div class=\"elementor-container elementor-column-gap-default\">\n\t\t\t\t\t<div class=\"elementor-column elementor-col-100 elementor-top-column elementor-element elementor-element-4551de5\" data-id=\"4551de5\" data-element_type=\"column\">\n\t\t\t<div class=\"elementor-widget-wrap elementor-element-populated\">\n\t\t\t\t\t\t<div class=\"elementor-element elementor-element-fea9915 elementor-widget elementor-widget-heading\" data-id=\"fea9915\" data-element_type=\"widget\" data-widget_type=\"heading.default\">\n\t\t\t\t<div class=\"elementor-widget-container\">\n\t\t\t\t\t<h2 class=\"elementor-heading-title elementor-size-default\">FOREIGN<\/h2>\t\t\t\t<\/div>\n\t\t\t\t<\/div>\n\t\t\t\t\t<\/div>\n\t\t<\/div>\n\t\t\t\t\t<\/div>\n\t\t<\/section>\n\t\t\t\t<section class=\"elementor-section elementor-top-section elementor-element elementor-element-23abcef elementor-section-boxed elementor-section-height-default elementor-section-height-default\" data-id=\"23abcef\" data-element_type=\"section\">\n\t\t\t\t\t\t<div class=\"elementor-container elementor-column-gap-default\">\n\t\t\t\t\t<div class=\"elementor-column elementor-col-100 elementor-top-column elementor-element elementor-element-7226473\" data-id=\"7226473\" data-element_type=\"column\">\n\t\t\t<div class=\"elementor-widget-wrap elementor-element-populated\">\n\t\t\t\t\t\t<div class=\"elementor-element elementor-element-5fcf95b elementor-widget elementor-widget-text-editor\" data-id=\"5fcf95b\" data-element_type=\"widget\" data-widget_type=\"text-editor.default\">\n\t\t\t\t<div class=\"elementor-widget-container\">\n\t\t\t\t\t\t\t\t\t<p>Otep\u00e4\u00e4 Golf Course is a full size PAR73 golf course. It is also one of the best and highest quality golf courses in Estonia. You can also try out the PAR6 (10th hole), a rare course in the Nordic countries, which is exotic for golfers. <\/p>\n<\/p>\n<p>Pitches 1-9, with a small clubhouse and maintenance hall, were opened to players in 2006. in the summer of 2007, tracks 10-18 with the clubhouse were completed in 2007. in July 2011. <\/p>\n<\/p>\n<p>The aim of the design was to create a sporting and interesting course for both beginners and professional golfers. On each track, you can play for a fixed result or take a risk and try to get a better result.  <\/p>\n<p>That&#8217;s the point of the game.  <\/p>\n\t\t\t\t\t\t\t\t<\/div>\n\t\t\t\t<\/div>\n\t\t\t\t<div class=\"elementor-element elementor-element-1df27e4 elementor-nav-menu__align-center elementor-nav-menu--dropdown-tablet elementor-nav-menu__text-align-aside elementor-nav-menu--toggle elementor-nav-menu--burger elementor-widget elementor-widget-nav-menu\" data-id=\"1df27e4\" data-element_type=\"widget\" data-settings=\"{&quot;layout&quot;:&quot;horizontal&quot;,&quot;submenu_icon&quot;:{&quot;value&quot;:&quot;&lt;i class=\\&quot;fas fa-caret-down\\&quot; aria-hidden=\\&quot;true\\&quot;&gt;&lt;\\\/i&gt;&quot;,&quot;library&quot;:&quot;fa-solid&quot;},&quot;toggle&quot;:&quot;burger&quot;}\" data-widget_type=\"nav-menu.default\">\n\t\t\t\t<div class=\"elementor-widget-container\">\n\t\t\t\t\t\t\t\t<nav aria-label=\"Menu\" class=\"elementor-nav-menu--main elementor-nav-menu__container elementor-nav-menu--layout-horizontal e--pointer-underline e--animation-fade\">\n\t\t\t\t<ul id=\"menu-1-1df27e4\" class=\"elementor-nav-menu\"><li class=\"menu-item menu-item-type-post_type menu-item-object-page menu-item-has-children menu-item-28\"><a href=\"https:\/\/otepaagolf.com\/golfikeskus\/\" class=\"elementor-item\">Golf Centre<\/a>\n<ul class=\"sub-menu elementor-nav-menu--dropdown\">\n\t<li class=\"menu-item menu-item-type-post_type menu-item-object-page menu-item-271\"><a href=\"https:\/\/otepaagolf.com\/golfikeskus\/hinnakiri\/\" class=\"elementor-sub-item\">Price list<\/a><\/li>\n\t<li class=\"menu-item menu-item-type-post_type menu-item-object-page menu-item-2593\"><a href=\"https:\/\/otepaagolf.com\/?page_id=2591\" class=\"elementor-sub-item\">Loyalty discounts<\/a><\/li>\n\t<li class=\"menu-item menu-item-type-post_type menu-item-object-page menu-item-2920\"><a href=\"https:\/\/otepaagolf.com\/golfikeskus\/golfiope-treenerid\/\" class=\"elementor-sub-item\">Golf lessons<\/a><\/li>\n\t<li class=\"menu-item menu-item-type-post_type menu-item-object-page menu-item-3099\"><a href=\"https:\/\/otepaagolf.com\/golfikeskus\/aktsia_muuk\/\" class=\"elementor-sub-item\">Sale of shares<\/a><\/li>\n\t<li class=\"menu-item menu-item-type-post_type menu-item-object-page menu-item-280\"><a href=\"https:\/\/otepaagolf.com\/golfikeskus\/etikett\/\" class=\"elementor-sub-item\">Etiquette &amp; pace of play<\/a><\/li>\n\t<li class=\"menu-item menu-item-type-post_type menu-item-object-page menu-item-279\"><a href=\"https:\/\/otepaagolf.com\/golfikeskus\/kohalikud-reeglid\/\" class=\"elementor-sub-item\">Local rules<\/a><\/li>\n\t<li class=\"menu-item menu-item-type-post_type menu-item-object-page menu-item-278\"><a href=\"https:\/\/otepaagolf.com\/golfikeskus\/golfivaljaku-uldtingimused\/\" class=\"elementor-sub-item\">General conditions of the golf course<\/a><\/li>\n\t<li class=\"menu-item menu-item-type-post_type menu-item-object-page menu-item-5632\"><a href=\"https:\/\/otepaagolf.com\/golfikeskus\/kontaktid\/\" class=\"elementor-sub-item\">Contacts<\/a><\/li>\n<\/ul>\n<\/li>\n<li class=\"menu-item menu-item-type-post_type menu-item-object-page menu-item-has-children menu-item-274\"><a href=\"https:\/\/otepaagolf.com\/valjak\/\" class=\"elementor-item\">Course<\/a>\n<ul class=\"sub-menu elementor-nav-menu--dropdown\">\n\t<li class=\"menu-item menu-item-type-post_type menu-item-object-page menu-item-4992\"><a href=\"https:\/\/otepaagolf.com\/valjaku-tutvustus\/\" class=\"elementor-sub-item\">The course<\/a><\/li>\n\t<li class=\"menu-item menu-item-type-post_type menu-item-object-page menu-item-3783\"><a href=\"https:\/\/otepaagolf.com\/valjak\/hole-in-one-otepaal\/\" class=\"elementor-sub-item\">Hole-in-One in Otep\u00e4\u00e4<\/a><\/li>\n<\/ul>\n<\/li>\n<li class=\"menu-item menu-item-type-post_type menu-item-object-page menu-item-29\"><a href=\"https:\/\/otepaagolf.com\/klubi\/\" class=\"elementor-item\">Club<\/a><\/li>\n<li class=\"menu-item menu-item-type-post_type menu-item-object-page menu-item-has-children menu-item-25\"><a href=\"https:\/\/otepaagolf.com\/alustajale\/\" class=\"elementor-item\">Beginners<\/a>\n<ul class=\"sub-menu elementor-nav-menu--dropdown\">\n\t<li class=\"menu-item menu-item-type-post_type menu-item-object-page menu-item-2656\"><a href=\"https:\/\/otepaagolf.com\/alustajale\/golfidemo\/\" class=\"elementor-sub-item\">Golf Demo<\/a><\/li>\n\t<li class=\"menu-item menu-item-type-post_type menu-item-object-page menu-item-2547\"><a href=\"https:\/\/otepaagolf.com\/alustajale\/greencard\/\" class=\"elementor-sub-item\">Green Card<\/a><\/li>\n\t<li class=\"menu-item menu-item-type-post_type menu-item-object-page menu-item-2659\"><a href=\"https:\/\/otepaagolf.com\/alustaja-programm\/\" class=\"elementor-sub-item\">Season Programme for Beginners<\/a><\/li>\n\t<li class=\"menu-item menu-item-type-post_type menu-item-object-page menu-item-3069\"><a href=\"https:\/\/otepaagolf.com\/alustajale\/alustaja_manguoigused\/\" class=\"elementor-sub-item\">Beginners playing rights<\/a><\/li>\n\t<li class=\"menu-item menu-item-type-post_type menu-item-object-page menu-item-4511\"><a href=\"https:\/\/otepaagolf.com\/alustajale\/mentorid\/\" class=\"elementor-sub-item\">Mentors<\/a><\/li>\n\t<li class=\"menu-item menu-item-type-post_type menu-item-object-page menu-item-15168\"><a href=\"https:\/\/otepaagolf.com\/alustajale\/treenerid\/\" class=\"elementor-sub-item\">Coaches<\/a><\/li>\n<\/ul>\n<\/li>\n<li class=\"menu-item menu-item-type-post_type menu-item-object-page menu-item-18683\"><a href=\"https:\/\/otepaagolf.com\/esto-makselahendused\/\" class=\"elementor-item\">ESTO<\/a><\/li>\n<\/ul>\t\t\t<\/nav>\n\t\t\t\t\t<div class=\"elementor-menu-toggle\" role=\"button\" tabindex=\"0\" aria-label=\"Menu Toggle\" aria-expanded=\"false\">\n\t\t\t<i aria-hidden=\"true\" role=\"presentation\" class=\"elementor-menu-toggle__icon--open eicon-menu-bar\"><\/i><i aria-hidden=\"true\" role=\"presentation\" class=\"elementor-menu-toggle__icon--close eicon-close\"><\/i>\t\t<\/div>\n\t\t\t\t\t<nav class=\"elementor-nav-menu--dropdown elementor-nav-menu__container\" aria-hidden=\"true\">\n\t\t\t\t<ul id=\"menu-2-1df27e4\" class=\"elementor-nav-menu\"><li class=\"menu-item menu-item-type-post_type menu-item-object-page menu-item-has-children menu-item-28\"><a href=\"https:\/\/otepaagolf.com\/golfikeskus\/\" class=\"elementor-item\" tabindex=\"-1\">Golf Centre<\/a>\n<ul class=\"sub-menu elementor-nav-menu--dropdown\">\n\t<li class=\"menu-item menu-item-type-post_type menu-item-object-page menu-item-271\"><a href=\"https:\/\/otepaagolf.com\/golfikeskus\/hinnakiri\/\" class=\"elementor-sub-item\" tabindex=\"-1\">Price list<\/a><\/li>\n\t<li class=\"menu-item menu-item-type-post_type menu-item-object-page menu-item-2593\"><a href=\"https:\/\/otepaagolf.com\/?page_id=2591\" class=\"elementor-sub-item\" tabindex=\"-1\">Loyalty discounts<\/a><\/li>\n\t<li class=\"menu-item menu-item-type-post_type menu-item-object-page menu-item-2920\"><a href=\"https:\/\/otepaagolf.com\/golfikeskus\/golfiope-treenerid\/\" class=\"elementor-sub-item\" tabindex=\"-1\">Golf lessons<\/a><\/li>\n\t<li class=\"menu-item menu-item-type-post_type menu-item-object-page menu-item-3099\"><a href=\"https:\/\/otepaagolf.com\/golfikeskus\/aktsia_muuk\/\" class=\"elementor-sub-item\" tabindex=\"-1\">Sale of shares<\/a><\/li>\n\t<li class=\"menu-item menu-item-type-post_type menu-item-object-page menu-item-280\"><a href=\"https:\/\/otepaagolf.com\/golfikeskus\/etikett\/\" class=\"elementor-sub-item\" tabindex=\"-1\">Etiquette &amp; pace of play<\/a><\/li>\n\t<li class=\"menu-item menu-item-type-post_type menu-item-object-page menu-item-279\"><a href=\"https:\/\/otepaagolf.com\/golfikeskus\/kohalikud-reeglid\/\" class=\"elementor-sub-item\" tabindex=\"-1\">Local rules<\/a><\/li>\n\t<li class=\"menu-item menu-item-type-post_type menu-item-object-page menu-item-278\"><a href=\"https:\/\/otepaagolf.com\/golfikeskus\/golfivaljaku-uldtingimused\/\" class=\"elementor-sub-item\" tabindex=\"-1\">General conditions of the golf course<\/a><\/li>\n\t<li class=\"menu-item menu-item-type-post_type menu-item-object-page menu-item-5632\"><a href=\"https:\/\/otepaagolf.com\/golfikeskus\/kontaktid\/\" class=\"elementor-sub-item\" tabindex=\"-1\">Contacts<\/a><\/li>\n<\/ul>\n<\/li>\n<li class=\"menu-item menu-item-type-post_type menu-item-object-page menu-item-has-children menu-item-274\"><a href=\"https:\/\/otepaagolf.com\/valjak\/\" class=\"elementor-item\" tabindex=\"-1\">Course<\/a>\n<ul class=\"sub-menu elementor-nav-menu--dropdown\">\n\t<li class=\"menu-item menu-item-type-post_type menu-item-object-page menu-item-4992\"><a href=\"https:\/\/otepaagolf.com\/valjaku-tutvustus\/\" class=\"elementor-sub-item\" tabindex=\"-1\">The course<\/a><\/li>\n\t<li class=\"menu-item menu-item-type-post_type menu-item-object-page menu-item-3783\"><a href=\"https:\/\/otepaagolf.com\/valjak\/hole-in-one-otepaal\/\" class=\"elementor-sub-item\" tabindex=\"-1\">Hole-in-One in Otep\u00e4\u00e4<\/a><\/li>\n<\/ul>\n<\/li>\n<li class=\"menu-item menu-item-type-post_type menu-item-object-page menu-item-29\"><a href=\"https:\/\/otepaagolf.com\/klubi\/\" class=\"elementor-item\" tabindex=\"-1\">Club<\/a><\/li>\n<li class=\"menu-item menu-item-type-post_type menu-item-object-page menu-item-has-children menu-item-25\"><a href=\"https:\/\/otepaagolf.com\/alustajale\/\" class=\"elementor-item\" tabindex=\"-1\">Beginners<\/a>\n<ul class=\"sub-menu elementor-nav-menu--dropdown\">\n\t<li class=\"menu-item menu-item-type-post_type menu-item-object-page menu-item-2656\"><a href=\"https:\/\/otepaagolf.com\/alustajale\/golfidemo\/\" class=\"elementor-sub-item\" tabindex=\"-1\">Golf Demo<\/a><\/li>\n\t<li class=\"menu-item menu-item-type-post_type menu-item-object-page menu-item-2547\"><a href=\"https:\/\/otepaagolf.com\/alustajale\/greencard\/\" class=\"elementor-sub-item\" tabindex=\"-1\">Green Card<\/a><\/li>\n\t<li class=\"menu-item menu-item-type-post_type menu-item-object-page menu-item-2659\"><a href=\"https:\/\/otepaagolf.com\/alustaja-programm\/\" class=\"elementor-sub-item\" tabindex=\"-1\">Season Programme for Beginners<\/a><\/li>\n\t<li class=\"menu-item menu-item-type-post_type menu-item-object-page menu-item-3069\"><a href=\"https:\/\/otepaagolf.com\/alustajale\/alustaja_manguoigused\/\" class=\"elementor-sub-item\" tabindex=\"-1\">Beginners playing rights<\/a><\/li>\n\t<li class=\"menu-item menu-item-type-post_type menu-item-object-page menu-item-4511\"><a href=\"https:\/\/otepaagolf.com\/alustajale\/mentorid\/\" class=\"elementor-sub-item\" tabindex=\"-1\">Mentors<\/a><\/li>\n\t<li class=\"menu-item menu-item-type-post_type menu-item-object-page menu-item-15168\"><a href=\"https:\/\/otepaagolf.com\/alustajale\/treenerid\/\" class=\"elementor-sub-item\" tabindex=\"-1\">Coaches<\/a><\/li>\n<\/ul>\n<\/li>\n<li class=\"menu-item menu-item-type-post_type menu-item-object-page menu-item-18683\"><a href=\"https:\/\/otepaagolf.com\/esto-makselahendused\/\" class=\"elementor-item\" tabindex=\"-1\">ESTO<\/a><\/li>\n<\/ul>\t\t\t<\/nav>\n\t\t\t\t\t\t<\/div>\n\t\t\t\t<\/div>\n\t\t\t\t\t<\/div>\n\t\t<\/div>\n\t\t\t\t\t<\/div>\n\t\t<\/section>\n\t\t\t\t<\/div>\n\t\t","protected":false},"excerpt":{"rendered":"<p>FOREIGN Otep\u00e4\u00e4 Golf Course is a full size PAR73 golf course. It is also one of the best and highest quality golf courses in Estonia. You can also try out the PAR6 (10th hole), a rare course in the Nordic countries, which is exotic for golfers. Pitches 1-9, with a small clubhouse and maintenance hall, [&hellip;]<\/p>\n","protected":false},"author":2,"featured_media":0,"parent":13704,"menu_order":0,"comment_status":"closed","ping_status":"closed","template":"","meta":{"_acf_changed":false,"_improvement_type_select":"improve_an_existing","_thumb_yes_seoaic":false,"_frame_yes_seoaic":false,"seoaic_generate_description":"","seoaic_improve_instructions_prompt":"","seoaic_rollback_content_improvement":"","seoaic_idea_thumbnail_generator":"","thumbnail_generated":false,"thumbnail_generate_prompt":"","seoaic_article_description":"","footnotes":""},"class_list":["post-13667","page","type-page","status-publish","hentry"],"acf":[],"yoast_head":"<!-- This site is optimized with the Yoast SEO plugin v26.8 - https:\/\/yoast.com\/product\/yoast-seo-wordpress\/ -->\n<title>Practice field - Otep\u00e4\u00e4 Golf &amp; Country Club<\/title>\n<meta name=\"robots\" content=\"index, follow, max-snippet:-1, max-image-preview:large, max-video-preview:-1\" \/>\n<link rel=\"canonical\" href=\"https:\/\/otepaagolf.com\/en\/golf-centre\/practice-field\/\" \/>\n<meta property=\"og:locale\" content=\"en_US\" \/>\n<meta property=\"og:type\" content=\"article\" \/>\n<meta property=\"og:title\" content=\"Practice field - Otep\u00e4\u00e4 Golf &amp; Country Club\" \/>\n<meta property=\"og:description\" content=\"FOREIGN Otep\u00e4\u00e4 Golf Course is a full size PAR73 golf course. It is also one of the best and highest quality golf courses in Estonia. You can also try out the PAR6 (10th hole), a rare course in the Nordic countries, which is exotic for golfers. Pitches 1-9, with a small clubhouse and maintenance hall, [&hellip;]\" \/>\n<meta property=\"og:url\" content=\"https:\/\/otepaagolf.com\/en\/golf-centre\/practice-field\/\" \/>\n<meta property=\"og:site_name\" content=\"Otep\u00e4\u00e4 Golf &amp; Country Club\" \/>\n<meta property=\"article:modified_time\" content=\"2024-01-24T21:52:51+00:00\" \/>\n<meta name=\"twitter:card\" content=\"summary_large_image\" \/>\n<meta name=\"twitter:label1\" content=\"Est. reading time\" \/>\n\t<meta name=\"twitter:data1\" content=\"1 minute\" \/>\n<script type=\"application\/ld+json\" class=\"yoast-schema-graph\">{\"@context\":\"https:\/\/schema.org\",\"@graph\":[{\"@type\":\"WebPage\",\"@id\":\"https:\/\/otepaagolf.com\/en\/golf-centre\/practice-field\/\",\"url\":\"https:\/\/otepaagolf.com\/en\/golf-centre\/practice-field\/\",\"name\":\"Practice field - Otep\u00e4\u00e4 Golf &amp; Country Club\",\"isPartOf\":{\"@id\":\"https:\/\/otepaagolf.com\/en\/#website\"},\"datePublished\":\"2021-05-07T04:08:45+00:00\",\"dateModified\":\"2024-01-24T21:52:51+00:00\",\"breadcrumb\":{\"@id\":\"https:\/\/otepaagolf.com\/en\/golf-centre\/practice-field\/#breadcrumb\"},\"inLanguage\":\"en-US\",\"potentialAction\":[{\"@type\":\"ReadAction\",\"target\":[\"https:\/\/otepaagolf.com\/en\/golf-centre\/practice-field\/\"]}]},{\"@type\":\"BreadcrumbList\",\"@id\":\"https:\/\/otepaagolf.com\/en\/golf-centre\/practice-field\/#breadcrumb\",\"itemListElement\":[{\"@type\":\"ListItem\",\"position\":1,\"name\":\"Home\",\"item\":\"https:\/\/otepaagolf.com\/en\/\"},{\"@type\":\"ListItem\",\"position\":2,\"name\":\"Practice field\"}]},{\"@type\":\"WebSite\",\"@id\":\"https:\/\/otepaagolf.com\/en\/#website\",\"url\":\"https:\/\/otepaagolf.com\/en\/\",\"name\":\"Otep\u00e4\u00e4 Golf &amp; Country Club\",\"description\":\"T\u00e4ism\u00f5\u00f5tmeline golfiv\u00e4ljak 18-holes PAR73\",\"publisher\":{\"@id\":\"https:\/\/otepaagolf.com\/en\/#organization\"},\"potentialAction\":[{\"@type\":\"SearchAction\",\"target\":{\"@type\":\"EntryPoint\",\"urlTemplate\":\"https:\/\/otepaagolf.com\/en\/?s={search_term_string}\"},\"query-input\":{\"@type\":\"PropertyValueSpecification\",\"valueRequired\":true,\"valueName\":\"search_term_string\"}}],\"inLanguage\":\"en-US\"},{\"@type\":\"Organization\",\"@id\":\"https:\/\/otepaagolf.com\/en\/#organization\",\"name\":\"Otep\u00e4\u00e4 Golf &amp; Country Club\",\"url\":\"https:\/\/otepaagolf.com\/en\/\",\"logo\":{\"@type\":\"ImageObject\",\"inLanguage\":\"en-US\",\"@id\":\"https:\/\/otepaagolf.com\/en\/#\/schema\/logo\/image\/\",\"url\":\"https:\/\/otepaagolf.com\/wp-content\/uploads\/2021\/10\/OGCC_web_pais.png\",\"contentUrl\":\"https:\/\/otepaagolf.com\/wp-content\/uploads\/2021\/10\/OGCC_web_pais.png\",\"width\":1368,\"height\":541,\"caption\":\"Otep\u00e4\u00e4 Golf &amp; Country Club\"},\"image\":{\"@id\":\"https:\/\/otepaagolf.com\/en\/#\/schema\/logo\/image\/\"}}]}<\/script>\n<!-- \/ Yoast SEO plugin. -->","yoast_head_json":{"title":"Practice field - Otep\u00e4\u00e4 Golf &amp; Country Club","robots":{"index":"index","follow":"follow","max-snippet":"max-snippet:-1","max-image-preview":"max-image-preview:large","max-video-preview":"max-video-preview:-1"},"canonical":"https:\/\/otepaagolf.com\/en\/golf-centre\/practice-field\/","og_locale":"en_US","og_type":"article","og_title":"Practice field - Otep\u00e4\u00e4 Golf &amp; Country Club","og_description":"FOREIGN Otep\u00e4\u00e4 Golf Course is a full size PAR73 golf course. It is also one of the best and highest quality golf courses in Estonia. You can also try out the PAR6 (10th hole), a rare course in the Nordic countries, which is exotic for golfers. Pitches 1-9, with a small clubhouse and maintenance hall, [&hellip;]","og_url":"https:\/\/otepaagolf.com\/en\/golf-centre\/practice-field\/","og_site_name":"Otep\u00e4\u00e4 Golf &amp; Country Club","article_modified_time":"2024-01-24T21:52:51+00:00","twitter_card":"summary_large_image","twitter_misc":{"Est. reading time":"1 minute"},"schema":{"@context":"https:\/\/schema.org","@graph":[{"@type":"WebPage","@id":"https:\/\/otepaagolf.com\/en\/golf-centre\/practice-field\/","url":"https:\/\/otepaagolf.com\/en\/golf-centre\/practice-field\/","name":"Practice field - Otep\u00e4\u00e4 Golf &amp; Country Club","isPartOf":{"@id":"https:\/\/otepaagolf.com\/en\/#website"},"datePublished":"2021-05-07T04:08:45+00:00","dateModified":"2024-01-24T21:52:51+00:00","breadcrumb":{"@id":"https:\/\/otepaagolf.com\/en\/golf-centre\/practice-field\/#breadcrumb"},"inLanguage":"en-US","potentialAction":[{"@type":"ReadAction","target":["https:\/\/otepaagolf.com\/en\/golf-centre\/practice-field\/"]}]},{"@type":"BreadcrumbList","@id":"https:\/\/otepaagolf.com\/en\/golf-centre\/practice-field\/#breadcrumb","itemListElement":[{"@type":"ListItem","position":1,"name":"Home","item":"https:\/\/otepaagolf.com\/en\/"},{"@type":"ListItem","position":2,"name":"Practice field"}]},{"@type":"WebSite","@id":"https:\/\/otepaagolf.com\/en\/#website","url":"https:\/\/otepaagolf.com\/en\/","name":"Otep\u00e4\u00e4 Golf &amp; Country Club","description":"T\u00e4ism\u00f5\u00f5tmeline golfiv\u00e4ljak 18-holes PAR73","publisher":{"@id":"https:\/\/otepaagolf.com\/en\/#organization"},"potentialAction":[{"@type":"SearchAction","target":{"@type":"EntryPoint","urlTemplate":"https:\/\/otepaagolf.com\/en\/?s={search_term_string}"},"query-input":{"@type":"PropertyValueSpecification","valueRequired":true,"valueName":"search_term_string"}}],"inLanguage":"en-US"},{"@type":"Organization","@id":"https:\/\/otepaagolf.com\/en\/#organization","name":"Otep\u00e4\u00e4 Golf &amp; Country Club","url":"https:\/\/otepaagolf.com\/en\/","logo":{"@type":"ImageObject","inLanguage":"en-US","@id":"https:\/\/otepaagolf.com\/en\/#\/schema\/logo\/image\/","url":"https:\/\/otepaagolf.com\/wp-content\/uploads\/2021\/10\/OGCC_web_pais.png","contentUrl":"https:\/\/otepaagolf.com\/wp-content\/uploads\/2021\/10\/OGCC_web_pais.png","width":1368,"height":541,"caption":"Otep\u00e4\u00e4 Golf &amp; Country Club"},"image":{"@id":"https:\/\/otepaagolf.com\/en\/#\/schema\/logo\/image\/"}}]}},"publishpress_future_workflow_manual_trigger":{"enabledWorkflows":[]},"_links":{"self":[{"href":"https:\/\/otepaagolf.com\/en\/wp-json\/wp\/v2\/pages\/13667","targetHints":{"allow":["GET"]}}],"collection":[{"href":"https:\/\/otepaagolf.com\/en\/wp-json\/wp\/v2\/pages"}],"about":[{"href":"https:\/\/otepaagolf.com\/en\/wp-json\/wp\/v2\/types\/page"}],"author":[{"embeddable":true,"href":"https:\/\/otepaagolf.com\/en\/wp-json\/wp\/v2\/users\/2"}],"replies":[{"embeddable":true,"href":"https:\/\/otepaagolf.com\/en\/wp-json\/wp\/v2\/comments?post=13667"}],"version-history":[{"count":2,"href":"https:\/\/otepaagolf.com\/en\/wp-json\/wp\/v2\/pages\/13667\/revisions"}],"predecessor-version":[{"id":13670,"href":"https:\/\/otepaagolf.com\/en\/wp-json\/wp\/v2\/pages\/13667\/revisions\/13670"}],"up":[{"embeddable":true,"href":"https:\/\/otepaagolf.com\/en\/wp-json\/wp\/v2\/pages\/13704"}],"wp:attachment":[{"href":"https:\/\/otepaagolf.com\/en\/wp-json\/wp\/v2\/media?parent=13667"}],"curies":[{"name":"wp","href":"https:\/\/api.w.org\/{rel}","templated":true}]}}