{"id":13539,"date":"2022-04-14T07:18:04","date_gmt":"2022-04-14T04:18:04","guid":{"rendered":"https:\/\/otepaagolf.com\/osakkeiden-myynti\/"},"modified":"2024-02-11T13:33:57","modified_gmt":"2024-02-11T11:33:57","slug":"osakkeiden-myynti","status":"publish","type":"page","link":"https:\/\/otepaagolf.com\/fi\/golfkeskus\/osakkeiden-myynti\/","title":{"rendered":"Osakkeiden myynti"},"content":{"rendered":"\t\t<div data-elementor-type=\"wp-page\" data-elementor-id=\"13539\" class=\"elementor elementor-13539 elementor-3097\" data-elementor-post-type=\"page\">\n\t\t\t\t\t\t<section class=\"elementor-section elementor-top-section elementor-element elementor-element-a08342d elementor-section-boxed elementor-section-height-default elementor-section-height-default\" data-id=\"a08342d\" data-element_type=\"section\">\n\t\t\t\t\t\t<div class=\"elementor-container elementor-column-gap-default\">\n\t\t\t\t\t<div class=\"elementor-column elementor-col-100 elementor-top-column elementor-element elementor-element-befeaba\" data-id=\"befeaba\" data-element_type=\"column\">\n\t\t\t<div class=\"elementor-widget-wrap elementor-element-populated\">\n\t\t\t\t\t\t<div class=\"elementor-element elementor-element-7786e6e elementor-widget elementor-widget-spacer\" data-id=\"7786e6e\" data-element_type=\"widget\" data-widget_type=\"spacer.default\">\n\t\t\t\t<div class=\"elementor-widget-container\">\n\t\t\t\t\t\t\t<div class=\"elementor-spacer\">\n\t\t\t<div class=\"elementor-spacer-inner\"><\/div>\n\t\t<\/div>\n\t\t\t\t\t\t<\/div>\n\t\t\t\t<\/div>\n\t\t\t\t\t<\/div>\n\t\t<\/div>\n\t\t\t\t\t<\/div>\n\t\t<\/section>\n\t\t\t\t<section class=\"elementor-section elementor-top-section elementor-element elementor-element-118a236 elementor-section-boxed elementor-section-height-default elementor-section-height-default\" data-id=\"118a236\" data-element_type=\"section\">\n\t\t\t\t\t\t<div class=\"elementor-container elementor-column-gap-default\">\n\t\t\t\t\t<div class=\"elementor-column elementor-col-100 elementor-top-column elementor-element elementor-element-d6c3b80\" data-id=\"d6c3b80\" data-element_type=\"column\">\n\t\t\t<div class=\"elementor-widget-wrap elementor-element-populated\">\n\t\t\t\t\t\t<div class=\"elementor-element elementor-element-cc7432c elementor-widget elementor-widget-heading\" data-id=\"cc7432c\" data-element_type=\"widget\" data-widget_type=\"heading.default\">\n\t\t\t\t<div class=\"elementor-widget-container\">\n\t\t\t\t\t<h2 class=\"elementor-heading-title elementor-size-default\">JAKAA ENSIMM\u00c4ISEN\u00c4<\/h2>\t\t\t\t<\/div>\n\t\t\t\t<\/div>\n\t\t\t\t\t<\/div>\n\t\t<\/div>\n\t\t\t\t\t<\/div>\n\t\t<\/section>\n\t\t\t\t<section class=\"elementor-section elementor-top-section elementor-element elementor-element-fec76fa elementor-section-boxed elementor-section-height-default elementor-section-height-default\" data-id=\"fec76fa\" data-element_type=\"section\">\n\t\t\t\t\t\t<div class=\"elementor-container elementor-column-gap-default\">\n\t\t\t\t\t<div class=\"elementor-column elementor-col-100 elementor-top-column elementor-element elementor-element-62bc340\" data-id=\"62bc340\" data-element_type=\"column\">\n\t\t\t<div class=\"elementor-widget-wrap elementor-element-populated\">\n\t\t\t\t\t\t<div class=\"elementor-element elementor-element-0d4364d elementor-widget elementor-widget-spacer\" data-id=\"0d4364d\" data-element_type=\"widget\" data-widget_type=\"spacer.default\">\n\t\t\t\t<div class=\"elementor-widget-container\">\n\t\t\t\t\t\t\t<div class=\"elementor-spacer\">\n\t\t\t<div class=\"elementor-spacer-inner\"><\/div>\n\t\t<\/div>\n\t\t\t\t\t\t<\/div>\n\t\t\t\t<\/div>\n\t\t\t\t\t<\/div>\n\t\t<\/div>\n\t\t\t\t\t<\/div>\n\t\t<\/section>\n\t\t\t\t<section class=\"elementor-section elementor-top-section elementor-element elementor-element-5b48e7f elementor-section-boxed elementor-section-height-default elementor-section-height-default\" data-id=\"5b48e7f\" data-element_type=\"section\">\n\t\t\t\t\t\t<div class=\"elementor-container elementor-column-gap-default\">\n\t\t\t\t\t<div class=\"elementor-column elementor-col-100 elementor-top-column elementor-element elementor-element-7210b60\" data-id=\"7210b60\" data-element_type=\"column\">\n\t\t\t<div class=\"elementor-widget-wrap elementor-element-populated\">\n\t\t\t\t\t\t<div class=\"elementor-element elementor-element-204d643 elementor-widget elementor-widget-text-editor\" data-id=\"204d643\" data-element_type=\"widget\" data-widget_type=\"text-editor.default\">\n\t\t\t\t<div class=\"elementor-widget-container\">\n\t\t\t\t\t\t\t\t\t<p style=\"text-align: center;\">Golfin pelaajien m\u00e4\u00e4r\u00e4 Virossa ja naapurimaissa on alkanut kasvaa nopeasti kahden viime vuoden aikana, sill\u00e4 COVID-19 on pakottanut ihmiset muuttamaan harrastuksiaan ja kulutustottumuksiaan. Golfin pelaajien m\u00e4\u00e4r\u00e4 Virossa kaksinkertaistui ja golfista tuli yksi TOP3 nopeimmin kasvavista urheilulajeista (Viron golfliiton vuoden 2021 lopun tilastojen mukaan).<\/p>\n<p style=\"text-align: center;\">\n<p style=\"text-align: center;\">Golf-osakkeet eiv\u00e4t ole sidoksissa mahdollisuuteen ansaita osinkoja. Golfosakkeen t\u00e4rkein arvo on edut, joita golfkeskus tarjoaa osakkeenomistajalle, h\u00e4nen perheelleen ja peliseuralaisilleen. T\u00e4llaisten etujen tarjoaminen osakkeenomistajalle on mahdollista siit\u00e4 hetkest\u00e4 l\u00e4htien, kun golfkent\u00e4n k\u00e4ytt\u00f6aste nousee, ja Otep\u00e4\u00e4n k\u00e4ytt\u00f6aste on korkea ruuhka-aikoina, kes\u00e4lomakaudella ja keskim\u00e4\u00e4r\u00e4ist\u00e4 korkeampi muina aikoina. Otep\u00e4\u00e4n Golfkeskuksen osakkeenomistajana olemisen edut ovat kasvaneet nopeasti viime vuosina.<\/p>\n<p style=\"text-align: center;\">\n<p style=\"text-align: center;\">\n<p style=\"text-align: center;\">\n<p style=\"text-align: center;\"><strong>L\u00d6YT\u00c4\u00c4 P\u00c4\u00c4OMASIJOITTAJALLE TARJOTUT HINTAEDUT <\/strong><a href=\"https:\/\/otepaagolf.com\/fi\/golfkeskus\/hinnasto\/\" target=\"_blank\" rel=\"noopener\">HINTALOMAKE<\/a><strong> SIVU.<\/strong><\/p>\n<p style=\"text-align: center;\"><strong> <\/strong><\/p>\n<p style=\"text-align: center;\">\n\t\t\t\t\t\t\t\t<\/div>\n\t\t\t\t<\/div>\n\t\t\t\t\t<\/div>\n\t\t<\/div>\n\t\t\t\t\t<\/div>\n\t\t<\/section>\n\t\t\t\t<\/div>\n\t\t","protected":false},"excerpt":{"rendered":"<p>JAKAA ENSIMM\u00c4ISEN\u00c4 Golfin pelaajien m\u00e4\u00e4r\u00e4 Virossa ja naapurimaissa on alkanut kasvaa nopeasti kahden viime vuoden aikana, sill\u00e4 COVID-19 on pakottanut ihmiset muuttamaan harrastuksiaan ja kulutustottumuksiaan. Golfin pelaajien m\u00e4\u00e4r\u00e4 Virossa kaksinkertaistui ja golfista tuli yksi TOP3 nopeimmin kasvavista urheilulajeista (Viron golfliiton vuoden 2021 lopun tilastojen mukaan). Golf-osakkeet eiv\u00e4t ole sidoksissa mahdollisuuteen ansaita osinkoja. Golfosakkeen t\u00e4rkein arvo [&hellip;]<\/p>\n","protected":false},"author":5,"featured_media":0,"parent":13674,"menu_order":0,"comment_status":"closed","ping_status":"closed","template":"","meta":{"_acf_changed":false,"_improvement_type_select":"improve_an_existing","_thumb_yes_seoaic":false,"_frame_yes_seoaic":false,"seoaic_generate_description":"","seoaic_improve_instructions_prompt":"","seoaic_rollback_content_improvement":"","seoaic_idea_thumbnail_generator":"","thumbnail_generated":false,"thumbnail_generate_prompt":"","seoaic_article_description":"","footnotes":""},"class_list":["post-13539","page","type-page","status-publish","hentry"],"acf":[],"yoast_head":"<!-- This site is optimized with the Yoast SEO plugin v26.8 - https:\/\/yoast.com\/product\/yoast-seo-wordpress\/ -->\n<title>Osakkeiden myynti - Otep\u00e4\u00e4 Golf &amp; Country Club<\/title>\n<meta name=\"robots\" content=\"index, follow, max-snippet:-1, max-image-preview:large, max-video-preview:-1\" \/>\n<link rel=\"canonical\" href=\"https:\/\/otepaagolf.com\/fi\/golfkeskus\/osakkeiden-myynti\/\" \/>\n<meta property=\"og:locale\" content=\"fi_FI\" \/>\n<meta property=\"og:type\" content=\"article\" \/>\n<meta property=\"og:title\" content=\"Osakkeiden myynti - Otep\u00e4\u00e4 Golf &amp; Country Club\" \/>\n<meta property=\"og:description\" content=\"JAKAA ENSIMM\u00c4ISEN\u00c4 Golfin pelaajien m\u00e4\u00e4r\u00e4 Virossa ja naapurimaissa on alkanut kasvaa nopeasti kahden viime vuoden aikana, sill\u00e4 COVID-19 on pakottanut ihmiset muuttamaan harrastuksiaan ja kulutustottumuksiaan. Golfin pelaajien m\u00e4\u00e4r\u00e4 Virossa kaksinkertaistui ja golfista tuli yksi TOP3 nopeimmin kasvavista urheilulajeista (Viron golfliiton vuoden 2021 lopun tilastojen mukaan). Golf-osakkeet eiv\u00e4t ole sidoksissa mahdollisuuteen ansaita osinkoja. Golfosakkeen t\u00e4rkein arvo [&hellip;]\" \/>\n<meta property=\"og:url\" content=\"https:\/\/otepaagolf.com\/fi\/golfkeskus\/osakkeiden-myynti\/\" \/>\n<meta property=\"og:site_name\" content=\"Otep\u00e4\u00e4 Golf &amp; Country Club\" \/>\n<meta property=\"article:modified_time\" content=\"2024-02-11T11:33:57+00:00\" \/>\n<meta name=\"twitter:card\" content=\"summary_large_image\" \/>\n<meta name=\"twitter:label1\" content=\"Arvioitu lukuaika\" \/>\n\t<meta name=\"twitter:data1\" content=\"1 minuutti\" \/>\n<script type=\"application\/ld+json\" class=\"yoast-schema-graph\">{\"@context\":\"https:\/\/schema.org\",\"@graph\":[{\"@type\":\"WebPage\",\"@id\":\"https:\/\/otepaagolf.com\/fi\/golfkeskus\/osakkeiden-myynti\/\",\"url\":\"https:\/\/otepaagolf.com\/fi\/golfkeskus\/osakkeiden-myynti\/\",\"name\":\"Osakkeiden myynti - Otep\u00e4\u00e4 Golf &amp; Country Club\",\"isPartOf\":{\"@id\":\"https:\/\/otepaagolf.com\/fi\/#website\"},\"datePublished\":\"2022-04-14T04:18:04+00:00\",\"dateModified\":\"2024-02-11T11:33:57+00:00\",\"breadcrumb\":{\"@id\":\"https:\/\/otepaagolf.com\/fi\/golfkeskus\/osakkeiden-myynti\/#breadcrumb\"},\"inLanguage\":\"fi\",\"potentialAction\":[{\"@type\":\"ReadAction\",\"target\":[\"https:\/\/otepaagolf.com\/fi\/golfkeskus\/osakkeiden-myynti\/\"]}]},{\"@type\":\"BreadcrumbList\",\"@id\":\"https:\/\/otepaagolf.com\/fi\/golfkeskus\/osakkeiden-myynti\/#breadcrumb\",\"itemListElement\":[{\"@type\":\"ListItem\",\"position\":1,\"name\":\"Home\",\"item\":\"https:\/\/otepaagolf.com\/fi\/\"},{\"@type\":\"ListItem\",\"position\":2,\"name\":\"Golfkeskus\",\"item\":\"https:\/\/otepaagolf.com\/fi\/golfikeskus\/\"},{\"@type\":\"ListItem\",\"position\":3,\"name\":\"Osakkeiden myynti\"}]},{\"@type\":\"WebSite\",\"@id\":\"https:\/\/otepaagolf.com\/fi\/#website\",\"url\":\"https:\/\/otepaagolf.com\/fi\/\",\"name\":\"Otep\u00e4\u00e4 Golf &amp; Country Club\",\"description\":\"T\u00e4ism\u00f5\u00f5tmeline golfiv\u00e4ljak 18-holes PAR73\",\"publisher\":{\"@id\":\"https:\/\/otepaagolf.com\/fi\/#organization\"},\"potentialAction\":[{\"@type\":\"SearchAction\",\"target\":{\"@type\":\"EntryPoint\",\"urlTemplate\":\"https:\/\/otepaagolf.com\/fi\/?s={search_term_string}\"},\"query-input\":{\"@type\":\"PropertyValueSpecification\",\"valueRequired\":true,\"valueName\":\"search_term_string\"}}],\"inLanguage\":\"fi\"},{\"@type\":\"Organization\",\"@id\":\"https:\/\/otepaagolf.com\/fi\/#organization\",\"name\":\"Otep\u00e4\u00e4 Golf &amp; Country Club\",\"url\":\"https:\/\/otepaagolf.com\/fi\/\",\"logo\":{\"@type\":\"ImageObject\",\"inLanguage\":\"fi\",\"@id\":\"https:\/\/otepaagolf.com\/fi\/#\/schema\/logo\/image\/\",\"url\":\"https:\/\/otepaagolf.com\/wp-content\/uploads\/2021\/10\/OGCC_web_pais.png\",\"contentUrl\":\"https:\/\/otepaagolf.com\/wp-content\/uploads\/2021\/10\/OGCC_web_pais.png\",\"width\":1368,\"height\":541,\"caption\":\"Otep\u00e4\u00e4 Golf &amp; Country Club\"},\"image\":{\"@id\":\"https:\/\/otepaagolf.com\/fi\/#\/schema\/logo\/image\/\"}}]}<\/script>\n<!-- \/ Yoast SEO plugin. -->","yoast_head_json":{"title":"Osakkeiden myynti - Otep\u00e4\u00e4 Golf &amp; Country Club","robots":{"index":"index","follow":"follow","max-snippet":"max-snippet:-1","max-image-preview":"max-image-preview:large","max-video-preview":"max-video-preview:-1"},"canonical":"https:\/\/otepaagolf.com\/fi\/golfkeskus\/osakkeiden-myynti\/","og_locale":"fi_FI","og_type":"article","og_title":"Osakkeiden myynti - Otep\u00e4\u00e4 Golf &amp; Country Club","og_description":"JAKAA ENSIMM\u00c4ISEN\u00c4 Golfin pelaajien m\u00e4\u00e4r\u00e4 Virossa ja naapurimaissa on alkanut kasvaa nopeasti kahden viime vuoden aikana, sill\u00e4 COVID-19 on pakottanut ihmiset muuttamaan harrastuksiaan ja kulutustottumuksiaan. Golfin pelaajien m\u00e4\u00e4r\u00e4 Virossa kaksinkertaistui ja golfista tuli yksi TOP3 nopeimmin kasvavista urheilulajeista (Viron golfliiton vuoden 2021 lopun tilastojen mukaan). Golf-osakkeet eiv\u00e4t ole sidoksissa mahdollisuuteen ansaita osinkoja. Golfosakkeen t\u00e4rkein arvo [&hellip;]","og_url":"https:\/\/otepaagolf.com\/fi\/golfkeskus\/osakkeiden-myynti\/","og_site_name":"Otep\u00e4\u00e4 Golf &amp; Country Club","article_modified_time":"2024-02-11T11:33:57+00:00","twitter_card":"summary_large_image","twitter_misc":{"Arvioitu lukuaika":"1 minuutti"},"schema":{"@context":"https:\/\/schema.org","@graph":[{"@type":"WebPage","@id":"https:\/\/otepaagolf.com\/fi\/golfkeskus\/osakkeiden-myynti\/","url":"https:\/\/otepaagolf.com\/fi\/golfkeskus\/osakkeiden-myynti\/","name":"Osakkeiden myynti - Otep\u00e4\u00e4 Golf &amp; Country Club","isPartOf":{"@id":"https:\/\/otepaagolf.com\/fi\/#website"},"datePublished":"2022-04-14T04:18:04+00:00","dateModified":"2024-02-11T11:33:57+00:00","breadcrumb":{"@id":"https:\/\/otepaagolf.com\/fi\/golfkeskus\/osakkeiden-myynti\/#breadcrumb"},"inLanguage":"fi","potentialAction":[{"@type":"ReadAction","target":["https:\/\/otepaagolf.com\/fi\/golfkeskus\/osakkeiden-myynti\/"]}]},{"@type":"BreadcrumbList","@id":"https:\/\/otepaagolf.com\/fi\/golfkeskus\/osakkeiden-myynti\/#breadcrumb","itemListElement":[{"@type":"ListItem","position":1,"name":"Home","item":"https:\/\/otepaagolf.com\/fi\/"},{"@type":"ListItem","position":2,"name":"Golfkeskus","item":"https:\/\/otepaagolf.com\/fi\/golfikeskus\/"},{"@type":"ListItem","position":3,"name":"Osakkeiden myynti"}]},{"@type":"WebSite","@id":"https:\/\/otepaagolf.com\/fi\/#website","url":"https:\/\/otepaagolf.com\/fi\/","name":"Otep\u00e4\u00e4 Golf &amp; Country Club","description":"T\u00e4ism\u00f5\u00f5tmeline golfiv\u00e4ljak 18-holes PAR73","publisher":{"@id":"https:\/\/otepaagolf.com\/fi\/#organization"},"potentialAction":[{"@type":"SearchAction","target":{"@type":"EntryPoint","urlTemplate":"https:\/\/otepaagolf.com\/fi\/?s={search_term_string}"},"query-input":{"@type":"PropertyValueSpecification","valueRequired":true,"valueName":"search_term_string"}}],"inLanguage":"fi"},{"@type":"Organization","@id":"https:\/\/otepaagolf.com\/fi\/#organization","name":"Otep\u00e4\u00e4 Golf &amp; Country Club","url":"https:\/\/otepaagolf.com\/fi\/","logo":{"@type":"ImageObject","inLanguage":"fi","@id":"https:\/\/otepaagolf.com\/fi\/#\/schema\/logo\/image\/","url":"https:\/\/otepaagolf.com\/wp-content\/uploads\/2021\/10\/OGCC_web_pais.png","contentUrl":"https:\/\/otepaagolf.com\/wp-content\/uploads\/2021\/10\/OGCC_web_pais.png","width":1368,"height":541,"caption":"Otep\u00e4\u00e4 Golf &amp; Country Club"},"image":{"@id":"https:\/\/otepaagolf.com\/fi\/#\/schema\/logo\/image\/"}}]}},"publishpress_future_workflow_manual_trigger":{"enabledWorkflows":[]},"_links":{"self":[{"href":"https:\/\/otepaagolf.com\/fi\/wp-json\/wp\/v2\/pages\/13539","targetHints":{"allow":["GET"]}}],"collection":[{"href":"https:\/\/otepaagolf.com\/fi\/wp-json\/wp\/v2\/pages"}],"about":[{"href":"https:\/\/otepaagolf.com\/fi\/wp-json\/wp\/v2\/types\/page"}],"author":[{"embeddable":true,"href":"https:\/\/otepaagolf.com\/fi\/wp-json\/wp\/v2\/users\/5"}],"replies":[{"embeddable":true,"href":"https:\/\/otepaagolf.com\/fi\/wp-json\/wp\/v2\/comments?post=13539"}],"version-history":[{"count":4,"href":"https:\/\/otepaagolf.com\/fi\/wp-json\/wp\/v2\/pages\/13539\/revisions"}],"predecessor-version":[{"id":13983,"href":"https:\/\/otepaagolf.com\/fi\/wp-json\/wp\/v2\/pages\/13539\/revisions\/13983"}],"up":[{"embeddable":true,"href":"https:\/\/otepaagolf.com\/fi\/wp-json\/wp\/v2\/pages\/13674"}],"wp:attachment":[{"href":"https:\/\/otepaagolf.com\/fi\/wp-json\/wp\/v2\/media?parent=13539"}],"curies":[{"name":"wp","href":"https:\/\/api.w.org\/{rel}","templated":true}]}}