{"id":13558,"date":"2022-05-13T10:14:07","date_gmt":"2022-05-13T07:14:07","guid":{"rendered":"https:\/\/otepaagolf.com\/ota-yhteytta\/"},"modified":"2024-12-31T17:34:39","modified_gmt":"2024-12-31T15:34:39","slug":"ota-yhteytta","status":"publish","type":"page","link":"https:\/\/otepaagolf.com\/fi\/golfkeskus\/ota-yhteytta\/","title":{"rendered":"Ota yhteytt\u00e4"},"content":{"rendered":"\t\t<div data-elementor-type=\"wp-page\" data-elementor-id=\"13558\" class=\"elementor elementor-13558 elementor-5618\" data-elementor-post-type=\"page\">\n\t\t\t\t\t\t<section class=\"elementor-section elementor-top-section elementor-element elementor-element-a51a98a elementor-section-boxed elementor-section-height-default elementor-section-height-default\" data-id=\"a51a98a\" data-element_type=\"section\">\n\t\t\t\t\t\t<div class=\"elementor-container elementor-column-gap-default\">\n\t\t\t\t\t<div class=\"elementor-column elementor-col-100 elementor-top-column elementor-element elementor-element-da3862b\" data-id=\"da3862b\" data-element_type=\"column\">\n\t\t\t<div class=\"elementor-widget-wrap\">\n\t\t\t\t\t\t\t<\/div>\n\t\t<\/div>\n\t\t\t\t\t<\/div>\n\t\t<\/section>\n\t\t\t\t<section class=\"elementor-section elementor-top-section elementor-element elementor-element-a48605a elementor-section-boxed elementor-section-height-default elementor-section-height-default\" data-id=\"a48605a\" data-element_type=\"section\">\n\t\t\t\t\t\t<div class=\"elementor-container elementor-column-gap-default\">\n\t\t\t\t\t<div class=\"elementor-column elementor-col-100 elementor-top-column elementor-element elementor-element-962c1c2\" data-id=\"962c1c2\" data-element_type=\"column\">\n\t\t\t<div class=\"elementor-widget-wrap elementor-element-populated\">\n\t\t\t\t\t\t<div class=\"elementor-element elementor-element-cc7f1ff elementor-widget elementor-widget-spacer\" data-id=\"cc7f1ff\" data-element_type=\"widget\" data-widget_type=\"spacer.default\">\n\t\t\t\t<div class=\"elementor-widget-container\">\n\t\t\t\t\t\t\t<div class=\"elementor-spacer\">\n\t\t\t<div class=\"elementor-spacer-inner\"><\/div>\n\t\t<\/div>\n\t\t\t\t\t\t<\/div>\n\t\t\t\t<\/div>\n\t\t\t\t<div class=\"elementor-element elementor-element-978eb3d elementor-widget elementor-widget-heading\" data-id=\"978eb3d\" data-element_type=\"widget\" data-widget_type=\"heading.default\">\n\t\t\t\t<div class=\"elementor-widget-container\">\n\t\t\t\t\t<h2 class=\"elementor-heading-title elementor-size-default\">YHTEYSTIEDOT<\/h2>\t\t\t\t<\/div>\n\t\t\t\t<\/div>\n\t\t\t\t\t<\/div>\n\t\t<\/div>\n\t\t\t\t\t<\/div>\n\t\t<\/section>\n\t\t\t\t<section class=\"elementor-section elementor-top-section elementor-element elementor-element-177dd7f elementor-section-boxed elementor-section-height-default elementor-section-height-default\" data-id=\"177dd7f\" data-element_type=\"section\">\n\t\t\t\t\t\t<div class=\"elementor-container elementor-column-gap-default\">\n\t\t\t\t\t<div class=\"elementor-column elementor-col-100 elementor-top-column elementor-element elementor-element-59114fb\" data-id=\"59114fb\" data-element_type=\"column\">\n\t\t\t<div class=\"elementor-widget-wrap elementor-element-populated\">\n\t\t\t\t\t\t<div class=\"elementor-element elementor-element-d57a8d5 elementor-widget elementor-widget-spacer\" data-id=\"d57a8d5\" data-element_type=\"widget\" data-widget_type=\"spacer.default\">\n\t\t\t\t<div class=\"elementor-widget-container\">\n\t\t\t\t\t\t\t<div class=\"elementor-spacer\">\n\t\t\t<div class=\"elementor-spacer-inner\"><\/div>\n\t\t<\/div>\n\t\t\t\t\t\t<\/div>\n\t\t\t\t<\/div>\n\t\t\t\t\t<\/div>\n\t\t<\/div>\n\t\t\t\t\t<\/div>\n\t\t<\/section>\n\t\t\t\t<section class=\"elementor-section elementor-top-section elementor-element elementor-element-14b9005 container elementor-section-boxed elementor-section-height-default elementor-section-height-default\" data-id=\"14b9005\" data-element_type=\"section\">\n\t\t\t\t\t\t<div class=\"elementor-container elementor-column-gap-default\">\n\t\t\t\t\t<div class=\"elementor-column elementor-col-50 elementor-top-column elementor-element elementor-element-bd7b2bc\" data-id=\"bd7b2bc\" data-element_type=\"column\">\n\t\t\t<div class=\"elementor-widget-wrap elementor-element-populated\">\n\t\t\t\t\t\t<div class=\"elementor-element elementor-element-ce2d3bf elementor-widget elementor-widget-text-editor\" data-id=\"ce2d3bf\" data-element_type=\"widget\" data-widget_type=\"text-editor.default\">\n\t\t\t\t<div class=\"elementor-widget-container\">\n\t\t\t\t\t\t\t\t\t<p><b>GOLFKESKUKSEN PALVELUT<\/b><\/p>\n<p><strong> <\/strong><\/p>\n<p><span style=\"color: var( --e-global-color-text ); font-family: var( --e-global-typography-text-font-family ), Sans-serif;\"><u><b>Golfkeskuksen hallinto | Caddiemaster<\/b><\/u><\/span><\/p>\n<\/p>\n<p style=\"font-weight: 400;\">(+372) 5620 0115<\/p>\n<p><a href=\"mailto:info@otepaagolf.com\">info@otepaagolf.com<\/a> <\/p>\n<\/p>\n<p><b style=\"color: var( --e-global-color-text ); font-family: var( --e-global-typography-text-font-family ), Sans-serif;\"> <\/b><\/p>\n<p><u><b>Osoitteemme<\/b><\/u><\/p>\n<p><strong style=\"color: var( --e-global-color-text ); font-family: var( --e-global-typography-text-font-family ), Sans-serif;\">South Estonia Golf SA<\/strong><\/p>\n<p style=\"font-weight: 400;\">Saagj\u00e4rve, M\u00e4han kyl\u00e4, <span style=\"color: var( --e-global-color-text ); font-family: var( --e-global-typography-text-font-family ), Sans-serif;\">Otep\u00e4\u00e4n maalaiskunta<\/span><\/p>\n<p style=\"font-weight: 400;\">Valgamaa 67409<\/p>\n<p style=\"font-weight: 400;\"><span style=\"color: var( --e-global-color-text ); font-family: var( --e-global-typography-text-font-family ), Sans-serif;\">Reg. numero 90014129<\/span><\/p>\n<p style=\"font-weight: 400;\">KMKR EE102105722<\/p>\n<p style=\"font-weight: 400;\">\n<p style=\"font-weight: 400;\">\n<p><b><u>Sekkitili Swedbank<\/u><\/b><span style=\"font-weight: 400;\"><br \/>EE732200221069145866 SWIFT-koodi\/BIC HABAEE2X<\/span><\/p>\n<p style=\"font-weight: 400;\"><span style=\"color: var( --e-global-color-text ); font-family: var( --e-global-typography-text-font-family ), Sans-serif;\"> <\/span><\/p>\n<p style=\"font-weight: 400;\">\n<p style=\"font-weight: 400;\">\n\t\t\t\t\t\t\t\t<\/div>\n\t\t\t\t<\/div>\n\t\t\t\t\t<\/div>\n\t\t<\/div>\n\t\t\t\t<div class=\"elementor-column elementor-col-50 elementor-top-column elementor-element elementor-element-88b2324\" data-id=\"88b2324\" data-element_type=\"column\">\n\t\t\t<div class=\"elementor-widget-wrap elementor-element-populated\">\n\t\t\t\t\t\t<div class=\"elementor-element elementor-element-7cf29a3 elementor-widget elementor-widget-text-editor\" data-id=\"7cf29a3\" data-element_type=\"widget\" data-widget_type=\"text-editor.default\">\n\t\t\t\t<div class=\"elementor-widget-container\">\n\t\t\t\t\t\t\t\t\t<p style=\"font-weight: 400;\"><strong>LASKUTUSYHTEYSTIEDOT<\/strong><\/p>\n<p style=\"font-weight: 400;\"><strong>&nbsp;<\/strong><\/p>\n<p style=\"font-weight: 400;\">E-POST<a style=\"background-color: #ebede8;\" href=\"mailto:ogcc@otepaagolf.com\"> arved@otepaagolf.com<\/a><\/p>\n<p style=\"font-weight: 400;\"><br><\/p>\n<p style=\"font-weight: 400;\">\n<\/p><p><span style=\"color: var( --e-global-color-text ); font-family: var( --e-global-typography-text-font-family ), Sans-serif;\">&nbsp;<\/span><\/p>\n<p><span style=\"color: var( --e-global-color-text ); font-family: var( --e-global-typography-text-font-family ), Sans-serif;\">&nbsp;<\/span><\/p>\n<p><span style=\"color: var( --e-global-color-text ); font-family: var( --e-global-typography-text-font-family ), Sans-serif;\"><b><u>S\u00e4\u00e4nt\u00f6valiokunta&nbsp;<\/u><\/b><\/span><\/p>\n<p><span style=\"color: var( --e-global-color-text ); font-family: var( --e-global-typography-text-font-family ), Sans-serif;\">osoite: reeglid@otepaagolf.com<\/span><\/p>\n<p><span style=\"color: var( --e-global-color-text ); font-family: var( --e-global-typography-text-font-family ), Sans-serif;\">&nbsp;<\/span><\/p>\n<p><span style=\"color: var( --e-global-color-text ); font-family: var( --e-global-typography-text-font-family ), Sans-serif;\">&nbsp;<\/span><\/p>\t\t\t\t\t\t\t\t<\/div>\n\t\t\t\t<\/div>\n\t\t\t\t\t<\/div>\n\t\t<\/div>\n\t\t\t\t\t<\/div>\n\t\t<\/section>\n\t\t\t\t<section class=\"elementor-section elementor-top-section elementor-element elementor-element-fe54e9b elementor-section-boxed elementor-section-height-default elementor-section-height-default\" data-id=\"fe54e9b\" data-element_type=\"section\">\n\t\t\t\t\t\t<div class=\"elementor-container elementor-column-gap-default\">\n\t\t\t\t\t<div class=\"elementor-column elementor-col-100 elementor-top-column elementor-element elementor-element-648c2a1\" data-id=\"648c2a1\" data-element_type=\"column\">\n\t\t\t<div class=\"elementor-widget-wrap elementor-element-populated\">\n\t\t\t\t\t\t<div class=\"elementor-element elementor-element-a5a3a12 elementor-widget elementor-widget-spacer\" data-id=\"a5a3a12\" data-element_type=\"widget\" data-widget_type=\"spacer.default\">\n\t\t\t\t<div class=\"elementor-widget-container\">\n\t\t\t\t\t\t\t<div class=\"elementor-spacer\">\n\t\t\t<div class=\"elementor-spacer-inner\"><\/div>\n\t\t<\/div>\n\t\t\t\t\t\t<\/div>\n\t\t\t\t<\/div>\n\t\t\t\t\t<\/div>\n\t\t<\/div>\n\t\t\t\t\t<\/div>\n\t\t<\/section>\n\t\t\t\t<section class=\"elementor-section elementor-top-section elementor-element elementor-element-1a172f5 elementor-section-full_width container elementor-section-height-default elementor-section-height-default\" data-id=\"1a172f5\" data-element_type=\"section\">\n\t\t\t\t\t\t<div class=\"elementor-container elementor-column-gap-default\">\n\t\t\t\t\t<div class=\"elementor-column elementor-col-100 elementor-top-column elementor-element elementor-element-711a9d2\" data-id=\"711a9d2\" data-element_type=\"column\">\n\t\t\t<div class=\"elementor-widget-wrap elementor-element-populated\">\n\t\t\t\t\t\t<div class=\"elementor-element elementor-element-47838a6 elementor-widget elementor-widget-image\" data-id=\"47838a6\" data-element_type=\"widget\" data-widget_type=\"image.default\">\n\t\t\t\t<div class=\"elementor-widget-container\">\n\t\t\t\t\t\t\t\t\t\t\t\t\t\t\t<img fetchpriority=\"high\" decoding=\"async\" width=\"1536\" height=\"668\" src=\"https:\/\/otepaagolf.com\/wp-content\/uploads\/2022\/02\/01TH0607JUN15A-16-1536x668.jpg\" class=\"attachment-1536x1536 size-1536x1536 wp-image-8090\" alt=\"\" srcset=\"https:\/\/otepaagolf.com\/wp-content\/uploads\/2022\/02\/01TH0607JUN15A-16-1536x668.jpg 1536w, https:\/\/otepaagolf.com\/wp-content\/uploads\/2022\/02\/01TH0607JUN15A-16-300x130.jpg 300w, https:\/\/otepaagolf.com\/wp-content\/uploads\/2022\/02\/01TH0607JUN15A-16-1024x445.jpg 1024w, https:\/\/otepaagolf.com\/wp-content\/uploads\/2022\/02\/01TH0607JUN15A-16-768x334.jpg 768w, https:\/\/otepaagolf.com\/wp-content\/uploads\/2022\/02\/01TH0607JUN15A-16-150x65.jpg 150w, https:\/\/otepaagolf.com\/wp-content\/uploads\/2022\/02\/01TH0607JUN15A-16.jpg 2048w\" sizes=\"(max-width: 1536px) 100vw, 1536px\" \/>\t\t\t\t\t\t\t\t\t\t\t\t\t\t\t<\/div>\n\t\t\t\t<\/div>\n\t\t\t\t\t<\/div>\n\t\t<\/div>\n\t\t\t\t\t<\/div>\n\t\t<\/section>\n\t\t\t\t<section class=\"elementor-section elementor-top-section elementor-element elementor-element-e090873 elementor-section-boxed elementor-section-height-default elementor-section-height-default\" data-id=\"e090873\" data-element_type=\"section\">\n\t\t\t\t\t\t<div class=\"elementor-container elementor-column-gap-default\">\n\t\t\t\t\t<div class=\"elementor-column elementor-col-100 elementor-top-column elementor-element elementor-element-c8b2746\" data-id=\"c8b2746\" data-element_type=\"column\">\n\t\t\t<div class=\"elementor-widget-wrap elementor-element-populated\">\n\t\t\t\t\t\t<div class=\"elementor-element elementor-element-905f6b7 elementor-widget elementor-widget-spacer\" data-id=\"905f6b7\" data-element_type=\"widget\" data-widget_type=\"spacer.default\">\n\t\t\t\t<div class=\"elementor-widget-container\">\n\t\t\t\t\t\t\t<div class=\"elementor-spacer\">\n\t\t\t<div class=\"elementor-spacer-inner\"><\/div>\n\t\t<\/div>\n\t\t\t\t\t\t<\/div>\n\t\t\t\t<\/div>\n\t\t\t\t\t<\/div>\n\t\t<\/div>\n\t\t\t\t\t<\/div>\n\t\t<\/section>\n\t\t\t\t<\/div>\n\t\t","protected":false},"excerpt":{"rendered":"<p>YHTEYSTIEDOT GOLFKESKUKSEN PALVELUT Golfkeskuksen hallinto | Caddiemaster (+372) 5620 0115 info@otepaagolf.com Osoitteemme South Estonia Golf SA Saagj\u00e4rve, M\u00e4han kyl\u00e4, Otep\u00e4\u00e4n maalaiskunta Valgamaa 67409 Reg. numero 90014129 KMKR EE102105722 Sekkitili SwedbankEE732200221069145866 SWIFT-koodi\/BIC HABAEE2X LASKUTUSYHTEYSTIEDOT &nbsp; E-POST arved@otepaagolf.com &nbsp; &nbsp; S\u00e4\u00e4nt\u00f6valiokunta&nbsp; osoite: reeglid@otepaagolf.com &nbsp; &nbsp;<\/p>\n","protected":false},"author":6,"featured_media":0,"parent":13674,"menu_order":0,"comment_status":"closed","ping_status":"closed","template":"","meta":{"_acf_changed":false,"_improvement_type_select":"improve_an_existing","_thumb_yes_seoaic":false,"_frame_yes_seoaic":false,"seoaic_generate_description":"","seoaic_improve_instructions_prompt":"","seoaic_rollback_content_improvement":"","seoaic_idea_thumbnail_generator":"","thumbnail_generated":false,"thumbnail_generate_prompt":"","seoaic_article_description":"","footnotes":""},"class_list":["post-13558","page","type-page","status-publish","hentry"],"acf":[],"yoast_head":"<!-- This site is optimized with the Yoast SEO plugin v26.8 - https:\/\/yoast.com\/product\/yoast-seo-wordpress\/ -->\n<title>Ota yhteytt\u00e4 - Otep\u00e4\u00e4 Golf &amp; Country Club<\/title>\n<meta name=\"robots\" content=\"index, follow, max-snippet:-1, max-image-preview:large, max-video-preview:-1\" \/>\n<link rel=\"canonical\" href=\"https:\/\/otepaagolf.com\/fi\/golfkeskus\/ota-yhteytta\/\" \/>\n<meta property=\"og:locale\" content=\"fi_FI\" \/>\n<meta property=\"og:type\" content=\"article\" \/>\n<meta property=\"og:title\" content=\"Ota yhteytt\u00e4 - Otep\u00e4\u00e4 Golf &amp; Country Club\" \/>\n<meta property=\"og:description\" content=\"YHTEYSTIEDOT GOLFKESKUKSEN PALVELUT Golfkeskuksen hallinto | Caddiemaster (+372) 5620 0115 info@otepaagolf.com Osoitteemme South Estonia Golf SA Saagj\u00e4rve, M\u00e4han kyl\u00e4, Otep\u00e4\u00e4n maalaiskunta Valgamaa 67409 Reg. numero 90014129 KMKR EE102105722 Sekkitili SwedbankEE732200221069145866 SWIFT-koodi\/BIC HABAEE2X LASKUTUSYHTEYSTIEDOT &nbsp; E-POST arved@otepaagolf.com &nbsp; &nbsp; S\u00e4\u00e4nt\u00f6valiokunta&nbsp; osoite: reeglid@otepaagolf.com &nbsp; &nbsp;\" \/>\n<meta property=\"og:url\" content=\"https:\/\/otepaagolf.com\/fi\/golfkeskus\/ota-yhteytta\/\" \/>\n<meta property=\"og:site_name\" content=\"Otep\u00e4\u00e4 Golf &amp; Country Club\" \/>\n<meta property=\"article:modified_time\" content=\"2024-12-31T15:34:39+00:00\" \/>\n<meta property=\"og:image\" content=\"https:\/\/otepaagolf.com\/wp-content\/uploads\/2022\/02\/01TH0607JUN15A-16.jpg\" \/>\n\t<meta property=\"og:image:width\" content=\"2048\" \/>\n\t<meta property=\"og:image:height\" content=\"890\" \/>\n\t<meta property=\"og:image:type\" content=\"image\/jpeg\" \/>\n<meta name=\"twitter:card\" content=\"summary_large_image\" \/>\n<script type=\"application\/ld+json\" class=\"yoast-schema-graph\">{\"@context\":\"https:\/\/schema.org\",\"@graph\":[{\"@type\":\"WebPage\",\"@id\":\"https:\/\/otepaagolf.com\/fi\/golfkeskus\/ota-yhteytta\/\",\"url\":\"https:\/\/otepaagolf.com\/fi\/golfkeskus\/ota-yhteytta\/\",\"name\":\"Ota yhteytt\u00e4 - Otep\u00e4\u00e4 Golf &amp; Country Club\",\"isPartOf\":{\"@id\":\"https:\/\/otepaagolf.com\/fi\/#website\"},\"primaryImageOfPage\":{\"@id\":\"https:\/\/otepaagolf.com\/fi\/golfkeskus\/ota-yhteytta\/#primaryimage\"},\"image\":{\"@id\":\"https:\/\/otepaagolf.com\/fi\/golfkeskus\/ota-yhteytta\/#primaryimage\"},\"thumbnailUrl\":\"https:\/\/otepaagolf.com\/wp-content\/uploads\/2022\/02\/01TH0607JUN15A-16-1536x668.jpg\",\"datePublished\":\"2022-05-13T07:14:07+00:00\",\"dateModified\":\"2024-12-31T15:34:39+00:00\",\"breadcrumb\":{\"@id\":\"https:\/\/otepaagolf.com\/fi\/golfkeskus\/ota-yhteytta\/#breadcrumb\"},\"inLanguage\":\"fi\",\"potentialAction\":[{\"@type\":\"ReadAction\",\"target\":[\"https:\/\/otepaagolf.com\/fi\/golfkeskus\/ota-yhteytta\/\"]}]},{\"@type\":\"ImageObject\",\"inLanguage\":\"fi\",\"@id\":\"https:\/\/otepaagolf.com\/fi\/golfkeskus\/ota-yhteytta\/#primaryimage\",\"url\":\"https:\/\/otepaagolf.com\/wp-content\/uploads\/2022\/02\/01TH0607JUN15A-16-1536x668.jpg\",\"contentUrl\":\"https:\/\/otepaagolf.com\/wp-content\/uploads\/2022\/02\/01TH0607JUN15A-16-1536x668.jpg\"},{\"@type\":\"BreadcrumbList\",\"@id\":\"https:\/\/otepaagolf.com\/fi\/golfkeskus\/ota-yhteytta\/#breadcrumb\",\"itemListElement\":[{\"@type\":\"ListItem\",\"position\":1,\"name\":\"Home\",\"item\":\"https:\/\/otepaagolf.com\/fi\/\"},{\"@type\":\"ListItem\",\"position\":2,\"name\":\"Golfkeskus\",\"item\":\"https:\/\/otepaagolf.com\/fi\/golfikeskus\/\"},{\"@type\":\"ListItem\",\"position\":3,\"name\":\"Ota yhteytt\u00e4\"}]},{\"@type\":\"WebSite\",\"@id\":\"https:\/\/otepaagolf.com\/fi\/#website\",\"url\":\"https:\/\/otepaagolf.com\/fi\/\",\"name\":\"Otep\u00e4\u00e4 Golf &amp; Country Club\",\"description\":\"T\u00e4ism\u00f5\u00f5tmeline golfiv\u00e4ljak 18-holes PAR73\",\"publisher\":{\"@id\":\"https:\/\/otepaagolf.com\/fi\/#organization\"},\"potentialAction\":[{\"@type\":\"SearchAction\",\"target\":{\"@type\":\"EntryPoint\",\"urlTemplate\":\"https:\/\/otepaagolf.com\/fi\/?s={search_term_string}\"},\"query-input\":{\"@type\":\"PropertyValueSpecification\",\"valueRequired\":true,\"valueName\":\"search_term_string\"}}],\"inLanguage\":\"fi\"},{\"@type\":\"Organization\",\"@id\":\"https:\/\/otepaagolf.com\/fi\/#organization\",\"name\":\"Otep\u00e4\u00e4 Golf &amp; Country Club\",\"url\":\"https:\/\/otepaagolf.com\/fi\/\",\"logo\":{\"@type\":\"ImageObject\",\"inLanguage\":\"fi\",\"@id\":\"https:\/\/otepaagolf.com\/fi\/#\/schema\/logo\/image\/\",\"url\":\"https:\/\/otepaagolf.com\/wp-content\/uploads\/2021\/10\/OGCC_web_pais.png\",\"contentUrl\":\"https:\/\/otepaagolf.com\/wp-content\/uploads\/2021\/10\/OGCC_web_pais.png\",\"width\":1368,\"height\":541,\"caption\":\"Otep\u00e4\u00e4 Golf &amp; Country Club\"},\"image\":{\"@id\":\"https:\/\/otepaagolf.com\/fi\/#\/schema\/logo\/image\/\"}}]}<\/script>\n<!-- \/ Yoast SEO plugin. -->","yoast_head_json":{"title":"Ota yhteytt\u00e4 - Otep\u00e4\u00e4 Golf &amp; Country Club","robots":{"index":"index","follow":"follow","max-snippet":"max-snippet:-1","max-image-preview":"max-image-preview:large","max-video-preview":"max-video-preview:-1"},"canonical":"https:\/\/otepaagolf.com\/fi\/golfkeskus\/ota-yhteytta\/","og_locale":"fi_FI","og_type":"article","og_title":"Ota yhteytt\u00e4 - Otep\u00e4\u00e4 Golf &amp; Country Club","og_description":"YHTEYSTIEDOT GOLFKESKUKSEN PALVELUT Golfkeskuksen hallinto | Caddiemaster (+372) 5620 0115 info@otepaagolf.com Osoitteemme South Estonia Golf SA Saagj\u00e4rve, M\u00e4han kyl\u00e4, Otep\u00e4\u00e4n maalaiskunta Valgamaa 67409 Reg. numero 90014129 KMKR EE102105722 Sekkitili SwedbankEE732200221069145866 SWIFT-koodi\/BIC HABAEE2X LASKUTUSYHTEYSTIEDOT &nbsp; E-POST arved@otepaagolf.com &nbsp; &nbsp; S\u00e4\u00e4nt\u00f6valiokunta&nbsp; osoite: reeglid@otepaagolf.com &nbsp; &nbsp;","og_url":"https:\/\/otepaagolf.com\/fi\/golfkeskus\/ota-yhteytta\/","og_site_name":"Otep\u00e4\u00e4 Golf &amp; Country Club","article_modified_time":"2024-12-31T15:34:39+00:00","og_image":[{"width":2048,"height":890,"url":"https:\/\/otepaagolf.com\/wp-content\/uploads\/2022\/02\/01TH0607JUN15A-16.jpg","type":"image\/jpeg"}],"twitter_card":"summary_large_image","schema":{"@context":"https:\/\/schema.org","@graph":[{"@type":"WebPage","@id":"https:\/\/otepaagolf.com\/fi\/golfkeskus\/ota-yhteytta\/","url":"https:\/\/otepaagolf.com\/fi\/golfkeskus\/ota-yhteytta\/","name":"Ota yhteytt\u00e4 - Otep\u00e4\u00e4 Golf &amp; Country Club","isPartOf":{"@id":"https:\/\/otepaagolf.com\/fi\/#website"},"primaryImageOfPage":{"@id":"https:\/\/otepaagolf.com\/fi\/golfkeskus\/ota-yhteytta\/#primaryimage"},"image":{"@id":"https:\/\/otepaagolf.com\/fi\/golfkeskus\/ota-yhteytta\/#primaryimage"},"thumbnailUrl":"https:\/\/otepaagolf.com\/wp-content\/uploads\/2022\/02\/01TH0607JUN15A-16-1536x668.jpg","datePublished":"2022-05-13T07:14:07+00:00","dateModified":"2024-12-31T15:34:39+00:00","breadcrumb":{"@id":"https:\/\/otepaagolf.com\/fi\/golfkeskus\/ota-yhteytta\/#breadcrumb"},"inLanguage":"fi","potentialAction":[{"@type":"ReadAction","target":["https:\/\/otepaagolf.com\/fi\/golfkeskus\/ota-yhteytta\/"]}]},{"@type":"ImageObject","inLanguage":"fi","@id":"https:\/\/otepaagolf.com\/fi\/golfkeskus\/ota-yhteytta\/#primaryimage","url":"https:\/\/otepaagolf.com\/wp-content\/uploads\/2022\/02\/01TH0607JUN15A-16-1536x668.jpg","contentUrl":"https:\/\/otepaagolf.com\/wp-content\/uploads\/2022\/02\/01TH0607JUN15A-16-1536x668.jpg"},{"@type":"BreadcrumbList","@id":"https:\/\/otepaagolf.com\/fi\/golfkeskus\/ota-yhteytta\/#breadcrumb","itemListElement":[{"@type":"ListItem","position":1,"name":"Home","item":"https:\/\/otepaagolf.com\/fi\/"},{"@type":"ListItem","position":2,"name":"Golfkeskus","item":"https:\/\/otepaagolf.com\/fi\/golfikeskus\/"},{"@type":"ListItem","position":3,"name":"Ota yhteytt\u00e4"}]},{"@type":"WebSite","@id":"https:\/\/otepaagolf.com\/fi\/#website","url":"https:\/\/otepaagolf.com\/fi\/","name":"Otep\u00e4\u00e4 Golf &amp; Country Club","description":"T\u00e4ism\u00f5\u00f5tmeline golfiv\u00e4ljak 18-holes PAR73","publisher":{"@id":"https:\/\/otepaagolf.com\/fi\/#organization"},"potentialAction":[{"@type":"SearchAction","target":{"@type":"EntryPoint","urlTemplate":"https:\/\/otepaagolf.com\/fi\/?s={search_term_string}"},"query-input":{"@type":"PropertyValueSpecification","valueRequired":true,"valueName":"search_term_string"}}],"inLanguage":"fi"},{"@type":"Organization","@id":"https:\/\/otepaagolf.com\/fi\/#organization","name":"Otep\u00e4\u00e4 Golf &amp; Country Club","url":"https:\/\/otepaagolf.com\/fi\/","logo":{"@type":"ImageObject","inLanguage":"fi","@id":"https:\/\/otepaagolf.com\/fi\/#\/schema\/logo\/image\/","url":"https:\/\/otepaagolf.com\/wp-content\/uploads\/2021\/10\/OGCC_web_pais.png","contentUrl":"https:\/\/otepaagolf.com\/wp-content\/uploads\/2021\/10\/OGCC_web_pais.png","width":1368,"height":541,"caption":"Otep\u00e4\u00e4 Golf &amp; Country Club"},"image":{"@id":"https:\/\/otepaagolf.com\/fi\/#\/schema\/logo\/image\/"}}]}},"publishpress_future_workflow_manual_trigger":{"enabledWorkflows":[]},"_links":{"self":[{"href":"https:\/\/otepaagolf.com\/fi\/wp-json\/wp\/v2\/pages\/13558","targetHints":{"allow":["GET"]}}],"collection":[{"href":"https:\/\/otepaagolf.com\/fi\/wp-json\/wp\/v2\/pages"}],"about":[{"href":"https:\/\/otepaagolf.com\/fi\/wp-json\/wp\/v2\/types\/page"}],"author":[{"embeddable":true,"href":"https:\/\/otepaagolf.com\/fi\/wp-json\/wp\/v2\/users\/6"}],"replies":[{"embeddable":true,"href":"https:\/\/otepaagolf.com\/fi\/wp-json\/wp\/v2\/comments?post=13558"}],"version-history":[{"count":5,"href":"https:\/\/otepaagolf.com\/fi\/wp-json\/wp\/v2\/pages\/13558\/revisions"}],"predecessor-version":[{"id":18190,"href":"https:\/\/otepaagolf.com\/fi\/wp-json\/wp\/v2\/pages\/13558\/revisions\/18190"}],"up":[{"embeddable":true,"href":"https:\/\/otepaagolf.com\/fi\/wp-json\/wp\/v2\/pages\/13674"}],"wp:attachment":[{"href":"https:\/\/otepaagolf.com\/fi\/wp-json\/wp\/v2\/media?parent=13558"}],"curies":[{"name":"wp","href":"https:\/\/api.w.org\/{rel}","templated":true}]}}