{"id":13577,"date":"2022-02-22T13:43:46","date_gmt":"2022-02-22T11:43:46","guid":{"rendered":"https:\/\/otepaagolf.com\/kanta-asiakasetuudet\/"},"modified":"2026-03-02T19:26:48","modified_gmt":"2026-03-02T17:26:48","slug":"kanta-asiakasetuudet","status":"publish","type":"page","link":"https:\/\/otepaagolf.com\/fi\/golfkeskus\/kanta-asiakasetuudet\/","title":{"rendered":"Kanta-asiakasetuudet"},"content":{"rendered":"\t\t<div data-elementor-type=\"wp-page\" data-elementor-id=\"13577\" class=\"elementor elementor-13577\" data-elementor-post-type=\"page\">\n\t\t\t\t\t\t<section class=\"elementor-section elementor-top-section elementor-element elementor-element-6936754 elementor-section-boxed elementor-section-height-default elementor-section-height-default\" data-id=\"6936754\" data-element_type=\"section\">\n\t\t\t\t\t\t<div class=\"elementor-container elementor-column-gap-default\">\n\t\t\t\t\t<div class=\"elementor-column elementor-col-100 elementor-top-column elementor-element elementor-element-cd6419e\" data-id=\"cd6419e\" data-element_type=\"column\">\n\t\t\t<div class=\"elementor-widget-wrap elementor-element-populated\">\n\t\t\t\t\t\t<div class=\"elementor-element elementor-element-4d62347 elementor-widget elementor-widget-heading\" data-id=\"4d62347\" data-element_type=\"widget\" data-widget_type=\"heading.default\">\n\t\t\t\t<div class=\"elementor-widget-container\">\n\t\t\t\t\t<h2 class=\"elementor-heading-title elementor-size-default\">KANTA-ASIAKASALENNUKSET<\/h2>\t\t\t\t<\/div>\n\t\t\t\t<\/div>\n\t\t\t\t\t<\/div>\n\t\t<\/div>\n\t\t\t\t\t<\/div>\n\t\t<\/section>\n\t\t\t\t<section class=\"elementor-section elementor-top-section elementor-element elementor-element-11d4a5a elementor-section-boxed elementor-section-height-default elementor-section-height-default\" data-id=\"11d4a5a\" data-element_type=\"section\">\n\t\t\t\t\t\t<div class=\"elementor-container elementor-column-gap-default\">\n\t\t\t\t\t<div class=\"elementor-column elementor-col-100 elementor-top-column elementor-element elementor-element-f38629c\" data-id=\"f38629c\" data-element_type=\"column\">\n\t\t\t<div class=\"elementor-widget-wrap\">\n\t\t\t\t\t\t\t<\/div>\n\t\t<\/div>\n\t\t\t\t\t<\/div>\n\t\t<\/section>\n\t\t\t\t<section class=\"elementor-section elementor-top-section elementor-element elementor-element-a5ebc7e elementor-section-boxed elementor-section-height-default elementor-section-height-default\" data-id=\"a5ebc7e\" data-element_type=\"section\">\n\t\t\t\t\t\t<div class=\"elementor-container elementor-column-gap-default\">\n\t\t\t\t\t<div class=\"elementor-column elementor-col-100 elementor-top-column elementor-element elementor-element-d534557\" data-id=\"d534557\" data-element_type=\"column\">\n\t\t\t<div class=\"elementor-widget-wrap elementor-element-populated\">\n\t\t\t\t\t\t<div class=\"elementor-element elementor-element-209bd57 elementor-widget-divider--view-line elementor-widget elementor-widget-divider\" data-id=\"209bd57\" data-element_type=\"widget\" data-widget_type=\"divider.default\">\n\t\t\t\t<div class=\"elementor-widget-container\">\n\t\t\t\t\t\t\t<div class=\"elementor-divider\">\n\t\t\t<span class=\"elementor-divider-separator\">\n\t\t\t\t\t\t<\/span>\n\t\t<\/div>\n\t\t\t\t\t\t<\/div>\n\t\t\t\t<\/div>\n\t\t\t\t\t<\/div>\n\t\t<\/div>\n\t\t\t\t\t<\/div>\n\t\t<\/section>\n\t\t\t\t<section class=\"elementor-section elementor-top-section elementor-element elementor-element-4392ab7 elementor-section-boxed elementor-section-height-default elementor-section-height-default\" data-id=\"4392ab7\" data-element_type=\"section\" data-settings=\"{&quot;background_background&quot;:&quot;classic&quot;}\">\n\t\t\t\t\t\t<div class=\"elementor-container elementor-column-gap-default\">\n\t\t\t\t\t<div class=\"elementor-column elementor-col-50 elementor-top-column elementor-element elementor-element-f6bb9e8\" data-id=\"f6bb9e8\" data-element_type=\"column\" data-settings=\"{&quot;background_background&quot;:&quot;classic&quot;}\">\n\t\t\t<div class=\"elementor-widget-wrap elementor-element-populated\">\n\t\t\t\t\t\t<div class=\"elementor-element elementor-element-f68c81e elementor-widget elementor-widget-text-editor\" data-id=\"f68c81e\" data-element_type=\"widget\" data-widget_type=\"text-editor.default\">\n\t\t\t\t<div class=\"elementor-widget-container\">\n\t\t\t\t\t\t\t\t\t<h4>TILAA LAHJAKORTTI<\/h4>\n\t\t\t\t\t\t\t\t<\/div>\n\t\t\t\t<\/div>\n\t\t\t\t<div class=\"elementor-element elementor-element-89db6dc elementor-widget elementor-widget-text-editor\" data-id=\"89db6dc\" data-element_type=\"widget\" data-widget_type=\"text-editor.default\">\n\t\t\t\t<div class=\"elementor-widget-container\">\n\t\t\t\t\t\t\t\t\t<p>Verkkokaupastamme l\u00f6yd\u00e4t pelioikeuksia, Greenfee-paketteja, aloittelijoiden kausipaketteja, Green Card -kursseja ja lahjakortteja<\/p><p>Kysy <a href=\"mailto:info@otepaagolf.com\"><em><b>info@otepaagolf.com<\/b><\/em><\/a> tai soita <b><i>+372<\/i><\/b>\u00a0<em><b>5620 0115 <\/b><\/em><\/p>\t\t\t\t\t\t\t\t<\/div>\n\t\t\t\t<\/div>\n\t\t\t\t<div class=\"elementor-element elementor-element-4cb26f3 elementor-widget elementor-widget-global elementor-global-13078 elementor-global-4024 elementor-widget-button\" data-id=\"4cb26f3\" data-element_type=\"widget\" data-widget_type=\"button.default\">\n\t\t\t\t<div class=\"elementor-widget-container\">\n\t\t\t\t\t\t\t\t\t<div class=\"elementor-button-wrapper\">\n\t\t\t\t\t<a class=\"elementor-button elementor-button-link elementor-size-xl\" href=\"https:\/\/fienta.com\/et\/2024-otepaagolf\">\n\t\t\t\t\t\t<span class=\"elementor-button-content-wrapper\">\n\t\t\t\t\t\t\t\t\t<span class=\"elementor-button-text\">KLIKKAA VERKKOKAUPPAAN<\/span>\n\t\t\t\t\t<\/span>\n\t\t\t\t\t<\/a>\n\t\t\t\t<\/div>\n\t\t\t\t\t\t\t\t<\/div>\n\t\t\t\t<\/div>\n\t\t\t\t\t<\/div>\n\t\t<\/div>\n\t\t\t\t<div class=\"elementor-column elementor-col-50 elementor-top-column elementor-element elementor-element-cbda24f\" data-id=\"cbda24f\" data-element_type=\"column\">\n\t\t\t<div class=\"elementor-widget-wrap elementor-element-populated\">\n\t\t\t\t\t\t<div class=\"elementor-element elementor-element-ad4f54e elementor-widget elementor-widget-image\" data-id=\"ad4f54e\" data-element_type=\"widget\" data-widget_type=\"image.default\">\n\t\t\t\t<div class=\"elementor-widget-container\">\n\t\t\t\t\t\t\t\t\t\t\t\t\t\t\t<img fetchpriority=\"high\" decoding=\"async\" width=\"1024\" height=\"1024\" src=\"https:\/\/otepaagolf.com\/wp-content\/uploads\/2022\/04\/Kinkekaart-1024x1024.png\" class=\"attachment-large size-large wp-image-8148\" alt=\"\" srcset=\"https:\/\/otepaagolf.com\/wp-content\/uploads\/2022\/04\/Kinkekaart-1024x1024.png 1024w, https:\/\/otepaagolf.com\/wp-content\/uploads\/2022\/04\/Kinkekaart-150x150.png 150w, https:\/\/otepaagolf.com\/wp-content\/uploads\/2022\/04\/Kinkekaart-300x300.png 300w, https:\/\/otepaagolf.com\/wp-content\/uploads\/2022\/04\/Kinkekaart-600x600.png 600w, https:\/\/otepaagolf.com\/wp-content\/uploads\/2022\/04\/Kinkekaart-768x768.png 768w, https:\/\/otepaagolf.com\/wp-content\/uploads\/2022\/04\/Kinkekaart-100x100.png 100w, https:\/\/otepaagolf.com\/wp-content\/uploads\/2022\/04\/Kinkekaart.png 1080w\" sizes=\"(max-width: 1024px) 100vw, 1024px\" \/>\t\t\t\t\t\t\t\t\t\t\t\t\t\t\t<\/div>\n\t\t\t\t<\/div>\n\t\t\t\t\t<\/div>\n\t\t<\/div>\n\t\t\t\t\t<\/div>\n\t\t<\/section>\n\t\t\t\t<section class=\"elementor-section elementor-top-section elementor-element elementor-element-644f72e elementor-section-boxed elementor-section-height-default elementor-section-height-default\" data-id=\"644f72e\" data-element_type=\"section\">\n\t\t\t\t\t\t<div class=\"elementor-container elementor-column-gap-default\">\n\t\t\t\t\t<div class=\"elementor-column elementor-col-100 elementor-top-column elementor-element elementor-element-4921237\" data-id=\"4921237\" data-element_type=\"column\">\n\t\t\t<div class=\"elementor-widget-wrap elementor-element-populated\">\n\t\t\t\t\t\t<div class=\"elementor-element elementor-element-4e0f586 elementor-widget elementor-widget-text-editor\" data-id=\"4e0f586\" data-element_type=\"widget\" data-widget_type=\"text-editor.default\">\n\t\t\t\t<div class=\"elementor-widget-container\">\n\t\t\t\t\t\t\t\t\t<p><em>Golfkeskus pid\u00e4tt\u00e4\u00e4 oikeuden t\u00e4ydent\u00e4\u00e4 ja muuttaa voimassa olevaa hinnastoa. Muutokset tulevat voimaan siit\u00e4 p\u00e4iv\u00e4st\u00e4, jona ne julkaistaan verkkosivustolla.<\/em><\/p>\n\t\t\t\t\t\t\t\t<\/div>\n\t\t\t\t<\/div>\n\t\t\t\t\t<\/div>\n\t\t<\/div>\n\t\t\t\t\t<\/div>\n\t\t<\/section>\n\t\t\t\t<\/div>\n\t\t","protected":false},"excerpt":{"rendered":"<p>KANTA-ASIAKASALENNUKSET TILAA LAHJAKORTTI Verkkokaupastamme l\u00f6yd\u00e4t pelioikeuksia, Greenfee-paketteja, aloittelijoiden kausipaketteja, Green Card -kursseja ja lahjakortteja Kysy info@otepaagolf.com tai soita +372\u00a05620 0115 E-POEST Golfkeskus pid\u00e4tt\u00e4\u00e4 oikeuden t\u00e4ydent\u00e4\u00e4 ja muuttaa voimassa olevaa hinnastoa. Muutokset tulevat voimaan siit\u00e4 p\u00e4iv\u00e4st\u00e4, jona ne julkaistaan verkkosivustolla.<\/p>\n","protected":false},"author":5,"featured_media":0,"parent":13674,"menu_order":0,"comment_status":"closed","ping_status":"closed","template":"","meta":{"_acf_changed":false,"_improvement_type_select":"improve_an_existing","_thumb_yes_seoaic":false,"_frame_yes_seoaic":false,"seoaic_generate_description":"","seoaic_improve_instructions_prompt":"","seoaic_rollback_content_improvement":"","seoaic_idea_thumbnail_generator":"","thumbnail_generated":false,"thumbnail_generate_prompt":"","seoaic_article_description":"","footnotes":""},"class_list":["post-13577","page","type-page","status-publish","hentry"],"acf":[],"yoast_head":"<!-- This site is optimized with the Yoast SEO plugin v26.8 - https:\/\/yoast.com\/product\/yoast-seo-wordpress\/ -->\n<title>Kanta-asiakasetuudet - Otep\u00e4\u00e4 Golf &amp; Country Club<\/title>\n<meta name=\"robots\" content=\"index, follow, max-snippet:-1, max-image-preview:large, max-video-preview:-1\" \/>\n<link rel=\"canonical\" href=\"https:\/\/otepaagolf.com\/fi\/golfkeskus\/kanta-asiakasetuudet\/\" \/>\n<meta property=\"og:locale\" content=\"fi_FI\" \/>\n<meta property=\"og:type\" content=\"article\" \/>\n<meta property=\"og:title\" content=\"Kanta-asiakasetuudet - Otep\u00e4\u00e4 Golf &amp; Country Club\" \/>\n<meta property=\"og:description\" content=\"KANTA-ASIAKASALENNUKSET TILAA LAHJAKORTTI Verkkokaupastamme l\u00f6yd\u00e4t pelioikeuksia, Greenfee-paketteja, aloittelijoiden kausipaketteja, Green Card -kursseja ja lahjakortteja Kysy info@otepaagolf.com tai soita +372\u00a05620 0115 E-POEST Golfkeskus pid\u00e4tt\u00e4\u00e4 oikeuden t\u00e4ydent\u00e4\u00e4 ja muuttaa voimassa olevaa hinnastoa. Muutokset tulevat voimaan siit\u00e4 p\u00e4iv\u00e4st\u00e4, jona ne julkaistaan verkkosivustolla.\" \/>\n<meta property=\"og:url\" content=\"https:\/\/otepaagolf.com\/fi\/golfkeskus\/kanta-asiakasetuudet\/\" \/>\n<meta property=\"og:site_name\" content=\"Otep\u00e4\u00e4 Golf &amp; Country Club\" \/>\n<meta property=\"article:modified_time\" content=\"2026-03-02T17:26:48+00:00\" \/>\n<meta property=\"og:image\" content=\"https:\/\/otepaagolf.com\/wp-content\/uploads\/2022\/04\/Kinkekaart.png\" \/>\n\t<meta property=\"og:image:width\" content=\"1080\" \/>\n\t<meta property=\"og:image:height\" content=\"1080\" \/>\n\t<meta property=\"og:image:type\" content=\"image\/png\" \/>\n<meta name=\"twitter:card\" content=\"summary_large_image\" \/>\n<meta name=\"twitter:label1\" content=\"Arvioitu lukuaika\" \/>\n\t<meta name=\"twitter:data1\" content=\"1 minuutti\" \/>\n<script type=\"application\/ld+json\" class=\"yoast-schema-graph\">{\"@context\":\"https:\/\/schema.org\",\"@graph\":[{\"@type\":\"WebPage\",\"@id\":\"https:\/\/otepaagolf.com\/fi\/golfkeskus\/kanta-asiakasetuudet\/\",\"url\":\"https:\/\/otepaagolf.com\/fi\/golfkeskus\/kanta-asiakasetuudet\/\",\"name\":\"Kanta-asiakasetuudet - Otep\u00e4\u00e4 Golf &amp; Country Club\",\"isPartOf\":{\"@id\":\"https:\/\/otepaagolf.com\/fi\/#website\"},\"primaryImageOfPage\":{\"@id\":\"https:\/\/otepaagolf.com\/fi\/golfkeskus\/kanta-asiakasetuudet\/#primaryimage\"},\"image\":{\"@id\":\"https:\/\/otepaagolf.com\/fi\/golfkeskus\/kanta-asiakasetuudet\/#primaryimage\"},\"thumbnailUrl\":\"https:\/\/otepaagolf.com\/wp-content\/uploads\/2022\/04\/Kinkekaart-1024x1024.png\",\"datePublished\":\"2022-02-22T11:43:46+00:00\",\"dateModified\":\"2026-03-02T17:26:48+00:00\",\"breadcrumb\":{\"@id\":\"https:\/\/otepaagolf.com\/fi\/golfkeskus\/kanta-asiakasetuudet\/#breadcrumb\"},\"inLanguage\":\"fi\",\"potentialAction\":[{\"@type\":\"ReadAction\",\"target\":[\"https:\/\/otepaagolf.com\/fi\/golfkeskus\/kanta-asiakasetuudet\/\"]}]},{\"@type\":\"ImageObject\",\"inLanguage\":\"fi\",\"@id\":\"https:\/\/otepaagolf.com\/fi\/golfkeskus\/kanta-asiakasetuudet\/#primaryimage\",\"url\":\"https:\/\/otepaagolf.com\/wp-content\/uploads\/2022\/04\/Kinkekaart-1024x1024.png\",\"contentUrl\":\"https:\/\/otepaagolf.com\/wp-content\/uploads\/2022\/04\/Kinkekaart-1024x1024.png\"},{\"@type\":\"BreadcrumbList\",\"@id\":\"https:\/\/otepaagolf.com\/fi\/golfkeskus\/kanta-asiakasetuudet\/#breadcrumb\",\"itemListElement\":[{\"@type\":\"ListItem\",\"position\":1,\"name\":\"Home\",\"item\":\"https:\/\/otepaagolf.com\/fi\/\"},{\"@type\":\"ListItem\",\"position\":2,\"name\":\"Golfkeskus\",\"item\":\"https:\/\/otepaagolf.com\/fi\/golfikeskus\/\"},{\"@type\":\"ListItem\",\"position\":3,\"name\":\"Kanta-asiakasetuudet\"}]},{\"@type\":\"WebSite\",\"@id\":\"https:\/\/otepaagolf.com\/fi\/#website\",\"url\":\"https:\/\/otepaagolf.com\/fi\/\",\"name\":\"Otep\u00e4\u00e4 Golf &amp; Country Club\",\"description\":\"T\u00e4ism\u00f5\u00f5tmeline golfiv\u00e4ljak 18-holes PAR73\",\"publisher\":{\"@id\":\"https:\/\/otepaagolf.com\/fi\/#organization\"},\"potentialAction\":[{\"@type\":\"SearchAction\",\"target\":{\"@type\":\"EntryPoint\",\"urlTemplate\":\"https:\/\/otepaagolf.com\/fi\/?s={search_term_string}\"},\"query-input\":{\"@type\":\"PropertyValueSpecification\",\"valueRequired\":true,\"valueName\":\"search_term_string\"}}],\"inLanguage\":\"fi\"},{\"@type\":\"Organization\",\"@id\":\"https:\/\/otepaagolf.com\/fi\/#organization\",\"name\":\"Otep\u00e4\u00e4 Golf &amp; Country Club\",\"url\":\"https:\/\/otepaagolf.com\/fi\/\",\"logo\":{\"@type\":\"ImageObject\",\"inLanguage\":\"fi\",\"@id\":\"https:\/\/otepaagolf.com\/fi\/#\/schema\/logo\/image\/\",\"url\":\"https:\/\/otepaagolf.com\/wp-content\/uploads\/2021\/10\/OGCC_web_pais.png\",\"contentUrl\":\"https:\/\/otepaagolf.com\/wp-content\/uploads\/2021\/10\/OGCC_web_pais.png\",\"width\":1368,\"height\":541,\"caption\":\"Otep\u00e4\u00e4 Golf &amp; Country Club\"},\"image\":{\"@id\":\"https:\/\/otepaagolf.com\/fi\/#\/schema\/logo\/image\/\"}}]}<\/script>\n<!-- \/ Yoast SEO plugin. -->","yoast_head_json":{"title":"Kanta-asiakasetuudet - Otep\u00e4\u00e4 Golf &amp; Country Club","robots":{"index":"index","follow":"follow","max-snippet":"max-snippet:-1","max-image-preview":"max-image-preview:large","max-video-preview":"max-video-preview:-1"},"canonical":"https:\/\/otepaagolf.com\/fi\/golfkeskus\/kanta-asiakasetuudet\/","og_locale":"fi_FI","og_type":"article","og_title":"Kanta-asiakasetuudet - Otep\u00e4\u00e4 Golf &amp; Country Club","og_description":"KANTA-ASIAKASALENNUKSET TILAA LAHJAKORTTI Verkkokaupastamme l\u00f6yd\u00e4t pelioikeuksia, Greenfee-paketteja, aloittelijoiden kausipaketteja, Green Card -kursseja ja lahjakortteja Kysy info@otepaagolf.com tai soita +372\u00a05620 0115 E-POEST Golfkeskus pid\u00e4tt\u00e4\u00e4 oikeuden t\u00e4ydent\u00e4\u00e4 ja muuttaa voimassa olevaa hinnastoa. Muutokset tulevat voimaan siit\u00e4 p\u00e4iv\u00e4st\u00e4, jona ne julkaistaan verkkosivustolla.","og_url":"https:\/\/otepaagolf.com\/fi\/golfkeskus\/kanta-asiakasetuudet\/","og_site_name":"Otep\u00e4\u00e4 Golf &amp; Country Club","article_modified_time":"2026-03-02T17:26:48+00:00","og_image":[{"width":1080,"height":1080,"url":"https:\/\/otepaagolf.com\/wp-content\/uploads\/2022\/04\/Kinkekaart.png","type":"image\/png"}],"twitter_card":"summary_large_image","twitter_misc":{"Arvioitu lukuaika":"1 minuutti"},"schema":{"@context":"https:\/\/schema.org","@graph":[{"@type":"WebPage","@id":"https:\/\/otepaagolf.com\/fi\/golfkeskus\/kanta-asiakasetuudet\/","url":"https:\/\/otepaagolf.com\/fi\/golfkeskus\/kanta-asiakasetuudet\/","name":"Kanta-asiakasetuudet - Otep\u00e4\u00e4 Golf &amp; Country Club","isPartOf":{"@id":"https:\/\/otepaagolf.com\/fi\/#website"},"primaryImageOfPage":{"@id":"https:\/\/otepaagolf.com\/fi\/golfkeskus\/kanta-asiakasetuudet\/#primaryimage"},"image":{"@id":"https:\/\/otepaagolf.com\/fi\/golfkeskus\/kanta-asiakasetuudet\/#primaryimage"},"thumbnailUrl":"https:\/\/otepaagolf.com\/wp-content\/uploads\/2022\/04\/Kinkekaart-1024x1024.png","datePublished":"2022-02-22T11:43:46+00:00","dateModified":"2026-03-02T17:26:48+00:00","breadcrumb":{"@id":"https:\/\/otepaagolf.com\/fi\/golfkeskus\/kanta-asiakasetuudet\/#breadcrumb"},"inLanguage":"fi","potentialAction":[{"@type":"ReadAction","target":["https:\/\/otepaagolf.com\/fi\/golfkeskus\/kanta-asiakasetuudet\/"]}]},{"@type":"ImageObject","inLanguage":"fi","@id":"https:\/\/otepaagolf.com\/fi\/golfkeskus\/kanta-asiakasetuudet\/#primaryimage","url":"https:\/\/otepaagolf.com\/wp-content\/uploads\/2022\/04\/Kinkekaart-1024x1024.png","contentUrl":"https:\/\/otepaagolf.com\/wp-content\/uploads\/2022\/04\/Kinkekaart-1024x1024.png"},{"@type":"BreadcrumbList","@id":"https:\/\/otepaagolf.com\/fi\/golfkeskus\/kanta-asiakasetuudet\/#breadcrumb","itemListElement":[{"@type":"ListItem","position":1,"name":"Home","item":"https:\/\/otepaagolf.com\/fi\/"},{"@type":"ListItem","position":2,"name":"Golfkeskus","item":"https:\/\/otepaagolf.com\/fi\/golfikeskus\/"},{"@type":"ListItem","position":3,"name":"Kanta-asiakasetuudet"}]},{"@type":"WebSite","@id":"https:\/\/otepaagolf.com\/fi\/#website","url":"https:\/\/otepaagolf.com\/fi\/","name":"Otep\u00e4\u00e4 Golf &amp; Country Club","description":"T\u00e4ism\u00f5\u00f5tmeline golfiv\u00e4ljak 18-holes PAR73","publisher":{"@id":"https:\/\/otepaagolf.com\/fi\/#organization"},"potentialAction":[{"@type":"SearchAction","target":{"@type":"EntryPoint","urlTemplate":"https:\/\/otepaagolf.com\/fi\/?s={search_term_string}"},"query-input":{"@type":"PropertyValueSpecification","valueRequired":true,"valueName":"search_term_string"}}],"inLanguage":"fi"},{"@type":"Organization","@id":"https:\/\/otepaagolf.com\/fi\/#organization","name":"Otep\u00e4\u00e4 Golf &amp; Country Club","url":"https:\/\/otepaagolf.com\/fi\/","logo":{"@type":"ImageObject","inLanguage":"fi","@id":"https:\/\/otepaagolf.com\/fi\/#\/schema\/logo\/image\/","url":"https:\/\/otepaagolf.com\/wp-content\/uploads\/2021\/10\/OGCC_web_pais.png","contentUrl":"https:\/\/otepaagolf.com\/wp-content\/uploads\/2021\/10\/OGCC_web_pais.png","width":1368,"height":541,"caption":"Otep\u00e4\u00e4 Golf &amp; Country Club"},"image":{"@id":"https:\/\/otepaagolf.com\/fi\/#\/schema\/logo\/image\/"}}]}},"publishpress_future_workflow_manual_trigger":{"enabledWorkflows":[]},"_links":{"self":[{"href":"https:\/\/otepaagolf.com\/fi\/wp-json\/wp\/v2\/pages\/13577","targetHints":{"allow":["GET"]}}],"collection":[{"href":"https:\/\/otepaagolf.com\/fi\/wp-json\/wp\/v2\/pages"}],"about":[{"href":"https:\/\/otepaagolf.com\/fi\/wp-json\/wp\/v2\/types\/page"}],"author":[{"embeddable":true,"href":"https:\/\/otepaagolf.com\/fi\/wp-json\/wp\/v2\/users\/5"}],"replies":[{"embeddable":true,"href":"https:\/\/otepaagolf.com\/fi\/wp-json\/wp\/v2\/comments?post=13577"}],"version-history":[{"count":11,"href":"https:\/\/otepaagolf.com\/fi\/wp-json\/wp\/v2\/pages\/13577\/revisions"}],"predecessor-version":[{"id":24091,"href":"https:\/\/otepaagolf.com\/fi\/wp-json\/wp\/v2\/pages\/13577\/revisions\/24091"}],"up":[{"embeddable":true,"href":"https:\/\/otepaagolf.com\/fi\/wp-json\/wp\/v2\/pages\/13674"}],"wp:attachment":[{"href":"https:\/\/otepaagolf.com\/fi\/wp-json\/wp\/v2\/media?parent=13577"}],"curies":[{"name":"wp","href":"https:\/\/api.w.org\/{rel}","templated":true}]}}