{"id":13626,"date":"2021-05-07T07:09:46","date_gmt":"2021-05-07T04:09:46","guid":{"rendered":"https:\/\/otepaagolf.com\/klubitalo\/"},"modified":"2024-01-24T23:52:51","modified_gmt":"2024-01-24T21:52:51","slug":"klubitalo","status":"publish","type":"page","link":"https:\/\/otepaagolf.com\/fi\/golfkeskus\/klubitalo\/","title":{"rendered":"Klubitalo"},"content":{"rendered":"\t\t<div data-elementor-type=\"wp-page\" data-elementor-id=\"13626\" class=\"elementor elementor-13626 elementor-259\" data-elementor-post-type=\"page\">\n\t\t\t\t\t\t<section class=\"elementor-section elementor-top-section elementor-element elementor-element-8836bf8 elementor-section-boxed elementor-section-height-default elementor-section-height-default\" data-id=\"8836bf8\" data-element_type=\"section\">\n\t\t\t\t\t\t<div class=\"elementor-container elementor-column-gap-default\">\n\t\t\t\t\t<div class=\"elementor-column elementor-col-100 elementor-top-column elementor-element elementor-element-5e30a26\" data-id=\"5e30a26\" data-element_type=\"column\" data-settings=\"{&quot;animation&quot;:&quot;none&quot;}\">\n\t\t\t<div class=\"elementor-widget-wrap elementor-element-populated\">\n\t\t\t\t\t\t<div class=\"elementor-element elementor-element-52f05b0 elementor-widget elementor-widget-video\" data-id=\"52f05b0\" data-element_type=\"widget\" data-settings=\"{&quot;video_type&quot;:&quot;hosted&quot;,&quot;autoplay&quot;:&quot;yes&quot;,&quot;play_on_mobile&quot;:&quot;yes&quot;,&quot;loop&quot;:&quot;yes&quot;,&quot;controls&quot;:&quot;yes&quot;}\" data-widget_type=\"video.default\">\n\t\t\t\t<div class=\"elementor-widget-container\">\n\t\t\t\t\t\t\t<div class=\"e-hosted-video elementor-wrapper elementor-open-inline\">\n\t\t\t\t\t<video class=\"elementor-video\" src=\"http:\/\/otepaagolf.com\/wp-content\/uploads\/2022\/02\/Otepa\u0308a\u0308-Golf-brand-video-F-2021.mp4\" autoplay=\"\" loop=\"\" controls=\"\" playsinline=\"\" controlsList=\"nodownload\"><\/video>\n\t\t\t\t<\/div>\n\t\t\t\t\t\t<\/div>\n\t\t\t\t<\/div>\n\t\t\t\t\t<\/div>\n\t\t<\/div>\n\t\t\t\t\t<\/div>\n\t\t<\/section>\n\t\t\t\t<\/div>\n\t\t","protected":false},"excerpt":{"rendered":"<p>http:\/\/otepaagolf.com\/wp-content\/uploads\/2022\/02\/Otepa\u0308a\u0308-Golf-brand-video-F-2021.mp4<\/p>\n","protected":false},"author":2,"featured_media":0,"parent":13674,"menu_order":0,"comment_status":"closed","ping_status":"closed","template":"","meta":{"_acf_changed":false,"_improvement_type_select":"improve_an_existing","_thumb_yes_seoaic":false,"_frame_yes_seoaic":false,"seoaic_generate_description":"","seoaic_improve_instructions_prompt":"","seoaic_rollback_content_improvement":"","seoaic_idea_thumbnail_generator":"","thumbnail_generated":false,"thumbnail_generate_prompt":"","seoaic_article_description":"","footnotes":""},"class_list":["post-13626","page","type-page","status-publish","hentry"],"acf":[],"yoast_head":"<!-- This site is optimized with the Yoast SEO plugin v26.8 - https:\/\/yoast.com\/product\/yoast-seo-wordpress\/ -->\n<title>Klubitalo - Otep\u00e4\u00e4 Golf &amp; Country Club<\/title>\n<meta name=\"robots\" content=\"index, follow, max-snippet:-1, max-image-preview:large, max-video-preview:-1\" \/>\n<link rel=\"canonical\" href=\"https:\/\/otepaagolf.com\/fi\/golfkeskus\/klubitalo\/\" \/>\n<meta property=\"og:locale\" content=\"fi_FI\" \/>\n<meta property=\"og:type\" content=\"article\" \/>\n<meta property=\"og:title\" content=\"Klubitalo - Otep\u00e4\u00e4 Golf &amp; Country Club\" \/>\n<meta property=\"og:description\" content=\"http:\/\/otepaagolf.com\/wp-content\/uploads\/2022\/02\/Otepa\u0308a\u0308-Golf-brand-video-F-2021.mp4\" \/>\n<meta property=\"og:url\" content=\"https:\/\/otepaagolf.com\/fi\/golfkeskus\/klubitalo\/\" \/>\n<meta property=\"og:site_name\" content=\"Otep\u00e4\u00e4 Golf &amp; Country Club\" \/>\n<meta property=\"article:modified_time\" content=\"2024-01-24T21:52:51+00:00\" \/>\n<meta name=\"twitter:card\" content=\"summary_large_image\" \/>\n<script type=\"application\/ld+json\" class=\"yoast-schema-graph\">{\"@context\":\"https:\/\/schema.org\",\"@graph\":[{\"@type\":\"WebPage\",\"@id\":\"https:\/\/otepaagolf.com\/fi\/golfkeskus\/klubitalo\/\",\"url\":\"https:\/\/otepaagolf.com\/fi\/golfkeskus\/klubitalo\/\",\"name\":\"Klubitalo - Otep\u00e4\u00e4 Golf &amp; Country Club\",\"isPartOf\":{\"@id\":\"https:\/\/otepaagolf.com\/fi\/#website\"},\"datePublished\":\"2021-05-07T04:09:46+00:00\",\"dateModified\":\"2024-01-24T21:52:51+00:00\",\"breadcrumb\":{\"@id\":\"https:\/\/otepaagolf.com\/fi\/golfkeskus\/klubitalo\/#breadcrumb\"},\"inLanguage\":\"fi\",\"potentialAction\":[{\"@type\":\"ReadAction\",\"target\":[\"https:\/\/otepaagolf.com\/fi\/golfkeskus\/klubitalo\/\"]}]},{\"@type\":\"BreadcrumbList\",\"@id\":\"https:\/\/otepaagolf.com\/fi\/golfkeskus\/klubitalo\/#breadcrumb\",\"itemListElement\":[{\"@type\":\"ListItem\",\"position\":1,\"name\":\"Home\",\"item\":\"https:\/\/otepaagolf.com\/fi\/\"},{\"@type\":\"ListItem\",\"position\":2,\"name\":\"Klubitalo\"}]},{\"@type\":\"WebSite\",\"@id\":\"https:\/\/otepaagolf.com\/fi\/#website\",\"url\":\"https:\/\/otepaagolf.com\/fi\/\",\"name\":\"Otep\u00e4\u00e4 Golf &amp; Country Club\",\"description\":\"T\u00e4ism\u00f5\u00f5tmeline golfiv\u00e4ljak 18-holes PAR73\",\"publisher\":{\"@id\":\"https:\/\/otepaagolf.com\/fi\/#organization\"},\"potentialAction\":[{\"@type\":\"SearchAction\",\"target\":{\"@type\":\"EntryPoint\",\"urlTemplate\":\"https:\/\/otepaagolf.com\/fi\/?s={search_term_string}\"},\"query-input\":{\"@type\":\"PropertyValueSpecification\",\"valueRequired\":true,\"valueName\":\"search_term_string\"}}],\"inLanguage\":\"fi\"},{\"@type\":\"Organization\",\"@id\":\"https:\/\/otepaagolf.com\/fi\/#organization\",\"name\":\"Otep\u00e4\u00e4 Golf &amp; Country Club\",\"url\":\"https:\/\/otepaagolf.com\/fi\/\",\"logo\":{\"@type\":\"ImageObject\",\"inLanguage\":\"fi\",\"@id\":\"https:\/\/otepaagolf.com\/fi\/#\/schema\/logo\/image\/\",\"url\":\"https:\/\/otepaagolf.com\/wp-content\/uploads\/2021\/10\/OGCC_web_pais.png\",\"contentUrl\":\"https:\/\/otepaagolf.com\/wp-content\/uploads\/2021\/10\/OGCC_web_pais.png\",\"width\":1368,\"height\":541,\"caption\":\"Otep\u00e4\u00e4 Golf &amp; Country Club\"},\"image\":{\"@id\":\"https:\/\/otepaagolf.com\/fi\/#\/schema\/logo\/image\/\"}}]}<\/script>\n<!-- \/ Yoast SEO plugin. -->","yoast_head_json":{"title":"Klubitalo - Otep\u00e4\u00e4 Golf &amp; Country Club","robots":{"index":"index","follow":"follow","max-snippet":"max-snippet:-1","max-image-preview":"max-image-preview:large","max-video-preview":"max-video-preview:-1"},"canonical":"https:\/\/otepaagolf.com\/fi\/golfkeskus\/klubitalo\/","og_locale":"fi_FI","og_type":"article","og_title":"Klubitalo - Otep\u00e4\u00e4 Golf &amp; Country Club","og_description":"http:\/\/otepaagolf.com\/wp-content\/uploads\/2022\/02\/Otepa\u0308a\u0308-Golf-brand-video-F-2021.mp4","og_url":"https:\/\/otepaagolf.com\/fi\/golfkeskus\/klubitalo\/","og_site_name":"Otep\u00e4\u00e4 Golf &amp; Country Club","article_modified_time":"2024-01-24T21:52:51+00:00","twitter_card":"summary_large_image","schema":{"@context":"https:\/\/schema.org","@graph":[{"@type":"WebPage","@id":"https:\/\/otepaagolf.com\/fi\/golfkeskus\/klubitalo\/","url":"https:\/\/otepaagolf.com\/fi\/golfkeskus\/klubitalo\/","name":"Klubitalo - Otep\u00e4\u00e4 Golf &amp; Country Club","isPartOf":{"@id":"https:\/\/otepaagolf.com\/fi\/#website"},"datePublished":"2021-05-07T04:09:46+00:00","dateModified":"2024-01-24T21:52:51+00:00","breadcrumb":{"@id":"https:\/\/otepaagolf.com\/fi\/golfkeskus\/klubitalo\/#breadcrumb"},"inLanguage":"fi","potentialAction":[{"@type":"ReadAction","target":["https:\/\/otepaagolf.com\/fi\/golfkeskus\/klubitalo\/"]}]},{"@type":"BreadcrumbList","@id":"https:\/\/otepaagolf.com\/fi\/golfkeskus\/klubitalo\/#breadcrumb","itemListElement":[{"@type":"ListItem","position":1,"name":"Home","item":"https:\/\/otepaagolf.com\/fi\/"},{"@type":"ListItem","position":2,"name":"Klubitalo"}]},{"@type":"WebSite","@id":"https:\/\/otepaagolf.com\/fi\/#website","url":"https:\/\/otepaagolf.com\/fi\/","name":"Otep\u00e4\u00e4 Golf &amp; Country Club","description":"T\u00e4ism\u00f5\u00f5tmeline golfiv\u00e4ljak 18-holes PAR73","publisher":{"@id":"https:\/\/otepaagolf.com\/fi\/#organization"},"potentialAction":[{"@type":"SearchAction","target":{"@type":"EntryPoint","urlTemplate":"https:\/\/otepaagolf.com\/fi\/?s={search_term_string}"},"query-input":{"@type":"PropertyValueSpecification","valueRequired":true,"valueName":"search_term_string"}}],"inLanguage":"fi"},{"@type":"Organization","@id":"https:\/\/otepaagolf.com\/fi\/#organization","name":"Otep\u00e4\u00e4 Golf &amp; Country Club","url":"https:\/\/otepaagolf.com\/fi\/","logo":{"@type":"ImageObject","inLanguage":"fi","@id":"https:\/\/otepaagolf.com\/fi\/#\/schema\/logo\/image\/","url":"https:\/\/otepaagolf.com\/wp-content\/uploads\/2021\/10\/OGCC_web_pais.png","contentUrl":"https:\/\/otepaagolf.com\/wp-content\/uploads\/2021\/10\/OGCC_web_pais.png","width":1368,"height":541,"caption":"Otep\u00e4\u00e4 Golf &amp; Country Club"},"image":{"@id":"https:\/\/otepaagolf.com\/fi\/#\/schema\/logo\/image\/"}}]}},"publishpress_future_workflow_manual_trigger":{"enabledWorkflows":[]},"_links":{"self":[{"href":"https:\/\/otepaagolf.com\/fi\/wp-json\/wp\/v2\/pages\/13626","targetHints":{"allow":["GET"]}}],"collection":[{"href":"https:\/\/otepaagolf.com\/fi\/wp-json\/wp\/v2\/pages"}],"about":[{"href":"https:\/\/otepaagolf.com\/fi\/wp-json\/wp\/v2\/types\/page"}],"author":[{"embeddable":true,"href":"https:\/\/otepaagolf.com\/fi\/wp-json\/wp\/v2\/users\/2"}],"replies":[{"embeddable":true,"href":"https:\/\/otepaagolf.com\/fi\/wp-json\/wp\/v2\/comments?post=13626"}],"version-history":[{"count":2,"href":"https:\/\/otepaagolf.com\/fi\/wp-json\/wp\/v2\/pages\/13626\/revisions"}],"predecessor-version":[{"id":13631,"href":"https:\/\/otepaagolf.com\/fi\/wp-json\/wp\/v2\/pages\/13626\/revisions\/13631"}],"up":[{"embeddable":true,"href":"https:\/\/otepaagolf.com\/fi\/wp-json\/wp\/v2\/pages\/13674"}],"wp:attachment":[{"href":"https:\/\/otepaagolf.com\/fi\/wp-json\/wp\/v2\/media?parent=13626"}],"curies":[{"name":"wp","href":"https:\/\/api.w.org\/{rel}","templated":true}]}}