{"id":13702,"date":"2021-05-06T11:19:00","date_gmt":"2021-05-06T08:19:00","guid":{"rendered":"https:\/\/otepaagolf.com\/ravintola\/"},"modified":"2026-04-14T22:32:15","modified_gmt":"2026-04-14T19:32:15","slug":"ravintola","status":"publish","type":"page","link":"https:\/\/otepaagolf.com\/fi\/ravintola\/","title":{"rendered":"Ravintola"},"content":{"rendered":"\t\t<div data-elementor-type=\"wp-page\" data-elementor-id=\"13702\" class=\"elementor elementor-13702 elementor-18\" data-elementor-post-type=\"page\">\n\t\t\t\t\t\t<section class=\"elementor-section elementor-top-section elementor-element elementor-element-d1cc135 elementor-section-full_width container elementor-hidden-mobile elementor-section-height-default elementor-section-height-default\" data-id=\"d1cc135\" data-element_type=\"section\">\n\t\t\t\t\t\t<div class=\"elementor-container elementor-column-gap-default\">\n\t\t\t\t\t<div class=\"elementor-column elementor-col-50 elementor-top-column elementor-element elementor-element-d0b33b7\" data-id=\"d0b33b7\" data-element_type=\"column\">\n\t\t\t<div class=\"elementor-widget-wrap\">\n\t\t\t\t\t\t\t<\/div>\n\t\t<\/div>\n\t\t\t\t<div class=\"elementor-column elementor-col-50 elementor-top-column elementor-element elementor-element-6e1581e\" data-id=\"6e1581e\" data-element_type=\"column\">\n\t\t\t<div class=\"elementor-widget-wrap elementor-element-populated\">\n\t\t\t\t\t\t<div class=\"elementor-element elementor-element-4bbe93a elementor-widget elementor-widget-heading\" data-id=\"4bbe93a\" data-element_type=\"widget\" data-widget_type=\"heading.default\">\n\t\t\t\t<div class=\"elementor-widget-container\">\n\t\t\t\t\t<h3 class=\"elementor-heading-title elementor-size-default\">Oletko miettinyt, miss\u00e4 j\u00e4rjest\u00e4\u00e4 seuraava t\u00e4rke\u00e4 tapahtumasi?<\/h3>\t\t\t\t<\/div>\n\t\t\t\t<\/div>\n\t\t\t\t\t<\/div>\n\t\t<\/div>\n\t\t\t\t\t<\/div>\n\t\t<\/section>\n\t\t\t\t<section class=\"elementor-section elementor-top-section elementor-element elementor-element-74d37b7 elementor-section-full_width container elementor-section-height-default elementor-section-height-default\" data-id=\"74d37b7\" data-element_type=\"section\">\n\t\t\t\t\t\t<div class=\"elementor-container elementor-column-gap-default\">\n\t\t\t\t\t<div class=\"elementor-column elementor-col-33 elementor-top-column elementor-element elementor-element-53cf6dd\" data-id=\"53cf6dd\" data-element_type=\"column\">\n\t\t\t<div class=\"elementor-widget-wrap elementor-element-populated\">\n\t\t\t\t\t\t<div class=\"elementor-element elementor-element-93c7424 elementor-widget elementor-widget-image\" data-id=\"93c7424\" data-element_type=\"widget\" data-widget_type=\"image.default\">\n\t\t\t\t<div class=\"elementor-widget-container\">\n\t\t\t\t\t\t\t\t\t\t\t\t\t\t\t<img fetchpriority=\"high\" decoding=\"async\" width=\"1021\" height=\"567\" src=\"https:\/\/otepaagolf.com\/wp-content\/uploads\/2022\/04\/Kurepesa_logo_va\u0308rv_m.png\" class=\"attachment-full size-full wp-image-8188\" alt=\"\" srcset=\"https:\/\/otepaagolf.com\/wp-content\/uploads\/2022\/04\/Kurepesa_logo_va\u0308rv_m.png 1021w, https:\/\/otepaagolf.com\/wp-content\/uploads\/2022\/04\/Kurepesa_logo_va\u0308rv_m-300x167.png 300w, https:\/\/otepaagolf.com\/wp-content\/uploads\/2022\/04\/Kurepesa_logo_va\u0308rv_m-768x426.png 768w, https:\/\/otepaagolf.com\/wp-content\/uploads\/2022\/04\/Kurepesa_logo_va\u0308rv_m-150x83.png 150w\" sizes=\"(max-width: 1021px) 100vw, 1021px\" \/>\t\t\t\t\t\t\t\t\t\t\t\t\t\t\t<\/div>\n\t\t\t\t<\/div>\n\t\t\t\t\t<\/div>\n\t\t<\/div>\n\t\t\t\t<div class=\"elementor-column elementor-col-33 elementor-top-column elementor-element elementor-element-11bf266\" data-id=\"11bf266\" data-element_type=\"column\">\n\t\t\t<div class=\"elementor-widget-wrap elementor-element-populated\">\n\t\t\t\t\t\t<div class=\"elementor-element elementor-element-7a3fc5d elementor-widget elementor-widget-text-editor\" data-id=\"7a3fc5d\" data-element_type=\"widget\" data-widget_type=\"text-editor.default\">\n\t\t\t\t<div class=\"elementor-widget-container\">\n\t\t\t\t\t\t\t\t\t<p data-start=\"0\" data-end=\"105\">Suunnitteletko tapahtumaa tai golfmatkaa? Me varmistamme, ett\u00e4 kokonaisuus toimii alusta loppuun.\u00a0<\/p><p data-start=\"0\" data-end=\"105\">\u00a0<\/p><p data-start=\"107\" data-end=\"319\" data-is-last-node=\"\" data-is-only-node=\"\">Luomme sujuvan aikataulun, l\u00f6yd\u00e4mme juuri oikeat esiintyj\u00e4t ja rakennamme el\u00e4myksellisen ohjelman, joka j\u00e4\u00e4 mieleen. Huipennuksena j\u00e4rjest\u00e4mme odotukset ylitt\u00e4v\u00e4t juhlat \u2013 tietenkin herkullisen ruoan kruunaamana.<\/p>\t\t\t\t\t\t\t\t<\/div>\n\t\t\t\t<\/div>\n\t\t\t\t\t<\/div>\n\t\t<\/div>\n\t\t\t\t<div class=\"elementor-column elementor-col-33 elementor-top-column elementor-element elementor-element-23d6f8c\" data-id=\"23d6f8c\" data-element_type=\"column\">\n\t\t\t<div class=\"elementor-widget-wrap elementor-element-populated\">\n\t\t\t\t\t\t<div class=\"elementor-element elementor-element-f542703 elementor-widget elementor-widget-text-editor\" data-id=\"f542703\" data-element_type=\"widget\" data-widget_type=\"text-editor.default\">\n\t\t\t\t<div class=\"elementor-widget-container\">\n\t\t\t\t\t\t\t\t\t<p>Yhteystiedot\u00a0<\/p><p>\u00a0<\/p><p>S-posti restoran@otepaagolf.com<\/p><p>(+372) 5300 8850\u00a0 (ENG, EST)<\/p><p>(+372) 5623 9302 Golfkeskuksen johtaja Kristi Laur (FIN, ENG, EST)<\/p>\t\t\t\t\t\t\t\t<\/div>\n\t\t\t\t<\/div>\n\t\t\t\t\t<\/div>\n\t\t<\/div>\n\t\t\t\t\t<\/div>\n\t\t<\/section>\n\t\t\t\t<section class=\"elementor-section elementor-top-section elementor-element elementor-element-cdfeef2 elementor-section-full_width container elementor-section-height-default elementor-section-height-default\" data-id=\"cdfeef2\" data-element_type=\"section\">\n\t\t\t\t\t\t<div class=\"elementor-container elementor-column-gap-default\">\n\t\t\t\t\t<div class=\"elementor-column elementor-col-100 elementor-top-column elementor-element elementor-element-98178b0\" data-id=\"98178b0\" data-element_type=\"column\">\n\t\t\t<div class=\"elementor-widget-wrap elementor-element-populated\">\n\t\t\t\t\t\t<div class=\"elementor-element elementor-element-e705906 elementor-widget elementor-widget-gallery\" data-id=\"e705906\" data-element_type=\"widget\" data-settings=\"{&quot;gap&quot;:{&quot;unit&quot;:&quot;px&quot;,&quot;size&quot;:19,&quot;sizes&quot;:[]},&quot;columns&quot;:5,&quot;columns_mobile&quot;:2,&quot;lazyload&quot;:&quot;yes&quot;,&quot;gallery_layout&quot;:&quot;grid&quot;,&quot;columns_tablet&quot;:2,&quot;gap_tablet&quot;:{&quot;unit&quot;:&quot;px&quot;,&quot;size&quot;:10,&quot;sizes&quot;:[]},&quot;gap_mobile&quot;:{&quot;unit&quot;:&quot;px&quot;,&quot;size&quot;:10,&quot;sizes&quot;:[]},&quot;link_to&quot;:&quot;file&quot;,&quot;aspect_ratio&quot;:&quot;3:2&quot;,&quot;overlay_background&quot;:&quot;yes&quot;,&quot;content_hover_animation&quot;:&quot;fade-in&quot;}\" data-widget_type=\"gallery.default\">\n\t\t\t\t<div class=\"elementor-widget-container\">\n\t\t\t\t\t\t\t<div class=\"elementor-gallery__container\">\n\t\t\t\t\t\t\t<a class=\"e-gallery-item elementor-gallery-item elementor-animated-content\" href=\"https:\/\/otepaagolf.com\/wp-content\/uploads\/2021\/10\/IMG_1198-scaled.jpg\" data-elementor-open-lightbox=\"yes\" data-elementor-lightbox-slideshow=\"e705906\" data-elementor-lightbox-title=\"KUREPESA restoran Otep\u00e4\u00e4 Golfikeskuse klubimajas\" data-e-action-hash=\"#elementor-action%3Aaction%3Dlightbox%26settings%3DeyJpZCI6MTczMywidXJsIjoiaHR0cHM6XC9cL290ZXBhYWdvbGYuY29tXC93cC1jb250ZW50XC91cGxvYWRzXC8yMDIxXC8xMFwvSU1HXzExOTgtc2NhbGVkLmpwZyIsInNsaWRlc2hvdyI6ImU3MDU5MDYifQ%3D%3D\">\n\t\t\t\t\t<div class=\"e-gallery-image elementor-gallery-item__image\" data-thumbnail=\"https:\/\/otepaagolf.com\/wp-content\/uploads\/2021\/10\/IMG_1198-300x199.jpg\" data-width=\"300\" data-height=\"199\" aria-label=\"Otep\u00e4\u00e4 Golfikeskus\" role=\"img\" ><\/div>\n\t\t\t\t\t\t\t\t\t\t\t<div class=\"elementor-gallery-item__overlay\"><\/div>\n\t\t\t\t\t\t\t\t\t\t\t\t\t\t<\/a>\n\t\t\t\t\t\t\t<a class=\"e-gallery-item elementor-gallery-item elementor-animated-content\" href=\"https:\/\/otepaagolf.com\/wp-content\/uploads\/2022\/04\/IMG_3612.jpg\" data-elementor-open-lightbox=\"yes\" data-elementor-lightbox-slideshow=\"e705906\" data-elementor-lightbox-title=\"KUREPESA restoran Otep\u00e4\u00e4 Golfikeskuse klubimajas\" data-e-action-hash=\"#elementor-action%3Aaction%3Dlightbox%26settings%3DeyJpZCI6MzI4NCwidXJsIjoiaHR0cHM6XC9cL290ZXBhYWdvbGYuY29tXC93cC1jb250ZW50XC91cGxvYWRzXC8yMDIyXC8wNFwvSU1HXzM2MTIuanBnIiwic2xpZGVzaG93IjoiZTcwNTkwNiJ9\">\n\t\t\t\t\t<div class=\"e-gallery-image elementor-gallery-item__image\" data-thumbnail=\"https:\/\/otepaagolf.com\/wp-content\/uploads\/2022\/04\/IMG_3612-300x225.jpg\" data-width=\"300\" data-height=\"225\" aria-label=\"\" role=\"img\" ><\/div>\n\t\t\t\t\t\t\t\t\t\t\t<div class=\"elementor-gallery-item__overlay\"><\/div>\n\t\t\t\t\t\t\t\t\t\t\t\t\t\t<\/a>\n\t\t\t\t\t\t\t<a class=\"e-gallery-item elementor-gallery-item elementor-animated-content\" href=\"https:\/\/otepaagolf.com\/wp-content\/uploads\/2022\/04\/IMG_3615.jpg\" data-elementor-open-lightbox=\"yes\" data-elementor-lightbox-slideshow=\"e705906\" data-elementor-lightbox-title=\"KUREPESA restoran Otep\u00e4\u00e4 Golfikeskuse klubimajas\" data-e-action-hash=\"#elementor-action%3Aaction%3Dlightbox%26settings%3DeyJpZCI6MzI4NywidXJsIjoiaHR0cHM6XC9cL290ZXBhYWdvbGYuY29tXC93cC1jb250ZW50XC91cGxvYWRzXC8yMDIyXC8wNFwvSU1HXzM2MTUuanBnIiwic2xpZGVzaG93IjoiZTcwNTkwNiJ9\">\n\t\t\t\t\t<div class=\"e-gallery-image elementor-gallery-item__image\" data-thumbnail=\"https:\/\/otepaagolf.com\/wp-content\/uploads\/2022\/04\/IMG_3615-300x225.jpg\" data-width=\"300\" data-height=\"225\" aria-label=\"\" role=\"img\" ><\/div>\n\t\t\t\t\t\t\t\t\t\t\t<div class=\"elementor-gallery-item__overlay\"><\/div>\n\t\t\t\t\t\t\t\t\t\t\t\t\t\t<\/a>\n\t\t\t\t\t\t\t<a class=\"e-gallery-item elementor-gallery-item elementor-animated-content\" href=\"https:\/\/otepaagolf.com\/wp-content\/uploads\/2021\/10\/IMG_3686.jpg\" data-elementor-open-lightbox=\"yes\" data-elementor-lightbox-slideshow=\"e705906\" data-elementor-lightbox-title=\"Hennessy VIP TROPHY by Mercedes-Benz\" data-e-action-hash=\"#elementor-action%3Aaction%3Dlightbox%26settings%3DeyJpZCI6MTc0NCwidXJsIjoiaHR0cHM6XC9cL290ZXBhYWdvbGYuY29tXC93cC1jb250ZW50XC91cGxvYWRzXC8yMDIxXC8xMFwvSU1HXzM2ODYuanBnIiwic2xpZGVzaG93IjoiZTcwNTkwNiJ9\">\n\t\t\t\t\t<div class=\"e-gallery-image elementor-gallery-item__image\" data-thumbnail=\"https:\/\/otepaagolf.com\/wp-content\/uploads\/2021\/10\/IMG_3686-300x169.jpg\" data-width=\"300\" data-height=\"169\" aria-label=\"Otep\u00e4\u00e4 Golfikeskus\" role=\"img\" ><\/div>\n\t\t\t\t\t\t\t\t\t\t\t<div class=\"elementor-gallery-item__overlay\"><\/div>\n\t\t\t\t\t\t\t\t\t\t\t\t\t\t<\/a>\n\t\t\t\t\t\t\t<a class=\"e-gallery-item elementor-gallery-item elementor-animated-content\" href=\"https:\/\/otepaagolf.com\/wp-content\/uploads\/2021\/10\/IMG_1202-scaled.jpg\" data-elementor-open-lightbox=\"yes\" data-elementor-lightbox-slideshow=\"e705906\" data-elementor-lightbox-title=\"KUREPESA restoran Otep\u00e4\u00e4 Golfikeskuse klubimajas\" data-e-action-hash=\"#elementor-action%3Aaction%3Dlightbox%26settings%3DeyJpZCI6MTcyOSwidXJsIjoiaHR0cHM6XC9cL290ZXBhYWdvbGYuY29tXC93cC1jb250ZW50XC91cGxvYWRzXC8yMDIxXC8xMFwvSU1HXzEyMDItc2NhbGVkLmpwZyIsInNsaWRlc2hvdyI6ImU3MDU5MDYifQ%3D%3D\">\n\t\t\t\t\t<div class=\"e-gallery-image elementor-gallery-item__image\" data-thumbnail=\"https:\/\/otepaagolf.com\/wp-content\/uploads\/2021\/10\/IMG_1202-300x200.jpg\" data-width=\"300\" data-height=\"200\" aria-label=\"\" role=\"img\" ><\/div>\n\t\t\t\t\t\t\t\t\t\t\t<div class=\"elementor-gallery-item__overlay\"><\/div>\n\t\t\t\t\t\t\t\t\t\t\t\t\t\t<\/a>\n\t\t\t\t\t\t\t<a class=\"e-gallery-item elementor-gallery-item elementor-animated-content\" href=\"https:\/\/otepaagolf.com\/wp-content\/uploads\/2021\/10\/IMG_1181-scaled.jpg\" data-elementor-open-lightbox=\"yes\" data-elementor-lightbox-slideshow=\"e705906\" data-elementor-lightbox-title=\"Hennessy VIP TROPHY by Mercedes-Benz\" data-e-action-hash=\"#elementor-action%3Aaction%3Dlightbox%26settings%3DeyJpZCI6MTcyOCwidXJsIjoiaHR0cHM6XC9cL290ZXBhYWdvbGYuY29tXC93cC1jb250ZW50XC91cGxvYWRzXC8yMDIxXC8xMFwvSU1HXzExODEtc2NhbGVkLmpwZyIsInNsaWRlc2hvdyI6ImU3MDU5MDYifQ%3D%3D\">\n\t\t\t\t\t<div class=\"e-gallery-image elementor-gallery-item__image\" data-thumbnail=\"https:\/\/otepaagolf.com\/wp-content\/uploads\/2021\/10\/IMG_1181-300x200.jpg\" data-width=\"300\" data-height=\"200\" aria-label=\"\" role=\"img\" ><\/div>\n\t\t\t\t\t\t\t\t\t\t\t<div class=\"elementor-gallery-item__overlay\"><\/div>\n\t\t\t\t\t\t\t\t\t\t\t\t\t\t<\/a>\n\t\t\t\t\t\t\t<a class=\"e-gallery-item elementor-gallery-item elementor-animated-content\" href=\"https:\/\/otepaagolf.com\/wp-content\/uploads\/2021\/10\/1-IMG_1483-scaled.jpg\" data-elementor-open-lightbox=\"yes\" data-elementor-lightbox-slideshow=\"e705906\" data-elementor-lightbox-title=\"Hennessy VIP TROPHY by Mercedes-Benz\" data-e-action-hash=\"#elementor-action%3Aaction%3Dlightbox%26settings%3DeyJpZCI6MTMyNCwidXJsIjoiaHR0cHM6XC9cL290ZXBhYWdvbGYuY29tXC93cC1jb250ZW50XC91cGxvYWRzXC8yMDIxXC8xMFwvMS1JTUdfMTQ4My1zY2FsZWQuanBnIiwic2xpZGVzaG93IjoiZTcwNTkwNiJ9\">\n\t\t\t\t\t<div class=\"e-gallery-image elementor-gallery-item__image\" data-thumbnail=\"https:\/\/otepaagolf.com\/wp-content\/uploads\/2021\/10\/1-IMG_1483-300x200.jpg\" data-width=\"300\" data-height=\"200\" aria-label=\"\" role=\"img\" ><\/div>\n\t\t\t\t\t\t\t\t\t\t\t<div class=\"elementor-gallery-item__overlay\"><\/div>\n\t\t\t\t\t\t\t\t\t\t\t\t\t\t<\/a>\n\t\t\t\t\t\t\t<a class=\"e-gallery-item elementor-gallery-item elementor-animated-content\" href=\"https:\/\/otepaagolf.com\/wp-content\/uploads\/2022\/04\/IMG_3614.jpg\" data-elementor-open-lightbox=\"yes\" data-elementor-lightbox-slideshow=\"e705906\" data-elementor-lightbox-title=\"KUREPESA restoran Otep\u00e4\u00e4 Golfikeskuse klubimajas\" data-e-action-hash=\"#elementor-action%3Aaction%3Dlightbox%26settings%3DeyJpZCI6MzI4NiwidXJsIjoiaHR0cHM6XC9cL290ZXBhYWdvbGYuY29tXC93cC1jb250ZW50XC91cGxvYWRzXC8yMDIyXC8wNFwvSU1HXzM2MTQuanBnIiwic2xpZGVzaG93IjoiZTcwNTkwNiJ9\">\n\t\t\t\t\t<div class=\"e-gallery-image elementor-gallery-item__image\" data-thumbnail=\"https:\/\/otepaagolf.com\/wp-content\/uploads\/2022\/04\/IMG_3614-300x225.jpg\" data-width=\"300\" data-height=\"225\" aria-label=\"\" role=\"img\" ><\/div>\n\t\t\t\t\t\t\t\t\t\t\t<div class=\"elementor-gallery-item__overlay\"><\/div>\n\t\t\t\t\t\t\t\t\t\t\t\t\t\t<\/a>\n\t\t\t\t\t\t\t<a class=\"e-gallery-item elementor-gallery-item elementor-animated-content\" href=\"https:\/\/otepaagolf.com\/wp-content\/uploads\/2022\/04\/IMG_3616.jpg\" data-elementor-open-lightbox=\"yes\" data-elementor-lightbox-slideshow=\"e705906\" data-elementor-lightbox-title=\"KUREPESA restoran Otep\u00e4\u00e4 Golfikeskuse klubimajas\" data-e-action-hash=\"#elementor-action%3Aaction%3Dlightbox%26settings%3DeyJpZCI6MzI4OCwidXJsIjoiaHR0cHM6XC9cL290ZXBhYWdvbGYuY29tXC93cC1jb250ZW50XC91cGxvYWRzXC8yMDIyXC8wNFwvSU1HXzM2MTYuanBnIiwic2xpZGVzaG93IjoiZTcwNTkwNiJ9\">\n\t\t\t\t\t<div class=\"e-gallery-image elementor-gallery-item__image\" data-thumbnail=\"https:\/\/otepaagolf.com\/wp-content\/uploads\/2022\/04\/IMG_3616-300x225.jpg\" data-width=\"300\" data-height=\"225\" aria-label=\"\" role=\"img\" ><\/div>\n\t\t\t\t\t\t\t\t\t\t\t<div class=\"elementor-gallery-item__overlay\"><\/div>\n\t\t\t\t\t\t\t\t\t\t\t\t\t\t<\/a>\n\t\t\t\t\t\t\t<a class=\"e-gallery-item elementor-gallery-item elementor-animated-content\" href=\"https:\/\/otepaagolf.com\/wp-content\/uploads\/2022\/04\/IMG_3629.jpg\" data-elementor-open-lightbox=\"yes\" data-elementor-lightbox-slideshow=\"e705906\" data-elementor-lightbox-title=\"KUREPESA restoran Otep\u00e4\u00e4 Golfikeskuse klubimajas\" data-e-action-hash=\"#elementor-action%3Aaction%3Dlightbox%26settings%3DeyJpZCI6MzI4OSwidXJsIjoiaHR0cHM6XC9cL290ZXBhYWdvbGYuY29tXC93cC1jb250ZW50XC91cGxvYWRzXC8yMDIyXC8wNFwvSU1HXzM2MjkuanBnIiwic2xpZGVzaG93IjoiZTcwNTkwNiJ9\">\n\t\t\t\t\t<div class=\"e-gallery-image elementor-gallery-item__image\" data-thumbnail=\"https:\/\/otepaagolf.com\/wp-content\/uploads\/2022\/04\/IMG_3629-300x225.jpg\" data-width=\"300\" data-height=\"225\" aria-label=\"\" role=\"img\" ><\/div>\n\t\t\t\t\t\t\t\t\t\t\t<div class=\"elementor-gallery-item__overlay\"><\/div>\n\t\t\t\t\t\t\t\t\t\t\t\t\t\t<\/a>\n\t\t\t\t\t<\/div>\n\t\t\t\t\t<\/div>\n\t\t\t\t<\/div>\n\t\t\t\t\t<\/div>\n\t\t<\/div>\n\t\t\t\t\t<\/div>\n\t\t<\/section>\n\t\t\t\t<\/div>\n\t\t","protected":false},"excerpt":{"rendered":"<p>Oletko miettinyt, miss\u00e4 j\u00e4rjest\u00e4\u00e4 seuraava t\u00e4rke\u00e4 tapahtumasi? Suunnitteletko tapahtumaa tai golfmatkaa? Me varmistamme, ett\u00e4 kokonaisuus toimii alusta loppuun.\u00a0 \u00a0 Luomme sujuvan aikataulun, l\u00f6yd\u00e4mme juuri oikeat esiintyj\u00e4t ja rakennamme el\u00e4myksellisen ohjelman, joka j\u00e4\u00e4 mieleen. Huipennuksena j\u00e4rjest\u00e4mme odotukset ylitt\u00e4v\u00e4t juhlat \u2013 tietenkin herkullisen ruoan kruunaamana. Yhteystiedot\u00a0 \u00a0 S-posti restoran@otepaagolf.com (+372) 5300 8850\u00a0 (ENG, EST) (+372) 5623 9302 [&hellip;]<\/p>\n","protected":false},"author":2,"featured_media":0,"parent":0,"menu_order":0,"comment_status":"closed","ping_status":"closed","template":"","meta":{"_acf_changed":false,"_improvement_type_select":"improve_an_existing","_thumb_yes_seoaic":false,"_frame_yes_seoaic":false,"seoaic_generate_description":"","seoaic_improve_instructions_prompt":"","seoaic_rollback_content_improvement":"","seoaic_idea_thumbnail_generator":"","thumbnail_generated":false,"thumbnail_generate_prompt":"","seoaic_article_description":"","footnotes":""},"class_list":["post-13702","page","type-page","status-publish","hentry"],"acf":[],"yoast_head":"<!-- This site is optimized with the Yoast SEO plugin v26.8 - https:\/\/yoast.com\/product\/yoast-seo-wordpress\/ -->\n<title>Ravintola - Otep\u00e4\u00e4 Golf &amp; Country Club<\/title>\n<meta name=\"robots\" content=\"index, follow, max-snippet:-1, max-image-preview:large, max-video-preview:-1\" \/>\n<link rel=\"canonical\" href=\"https:\/\/otepaagolf.com\/fi\/ravintola\/\" \/>\n<meta property=\"og:locale\" content=\"fi_FI\" \/>\n<meta property=\"og:type\" content=\"article\" \/>\n<meta property=\"og:title\" content=\"Ravintola - Otep\u00e4\u00e4 Golf &amp; Country Club\" \/>\n<meta property=\"og:description\" content=\"Oletko miettinyt, miss\u00e4 j\u00e4rjest\u00e4\u00e4 seuraava t\u00e4rke\u00e4 tapahtumasi? Suunnitteletko tapahtumaa tai golfmatkaa? Me varmistamme, ett\u00e4 kokonaisuus toimii alusta loppuun.\u00a0 \u00a0 Luomme sujuvan aikataulun, l\u00f6yd\u00e4mme juuri oikeat esiintyj\u00e4t ja rakennamme el\u00e4myksellisen ohjelman, joka j\u00e4\u00e4 mieleen. Huipennuksena j\u00e4rjest\u00e4mme odotukset ylitt\u00e4v\u00e4t juhlat \u2013 tietenkin herkullisen ruoan kruunaamana. Yhteystiedot\u00a0 \u00a0 S-posti restoran@otepaagolf.com (+372) 5300 8850\u00a0 (ENG, EST) (+372) 5623 9302 [&hellip;]\" \/>\n<meta property=\"og:url\" content=\"https:\/\/otepaagolf.com\/fi\/ravintola\/\" \/>\n<meta property=\"og:site_name\" content=\"Otep\u00e4\u00e4 Golf &amp; Country Club\" \/>\n<meta property=\"article:modified_time\" content=\"2026-04-14T19:32:15+00:00\" \/>\n<meta name=\"twitter:card\" content=\"summary_large_image\" \/>\n<meta name=\"twitter:label1\" content=\"Arvioitu lukuaika\" \/>\n\t<meta name=\"twitter:data1\" content=\"1 minuutti\" \/>\n<script type=\"application\/ld+json\" class=\"yoast-schema-graph\">{\"@context\":\"https:\/\/schema.org\",\"@graph\":[{\"@type\":\"WebPage\",\"@id\":\"https:\/\/otepaagolf.com\/fi\/ravintola\/\",\"url\":\"https:\/\/otepaagolf.com\/fi\/ravintola\/\",\"name\":\"Ravintola - Otep\u00e4\u00e4 Golf &amp; Country Club\",\"isPartOf\":{\"@id\":\"https:\/\/otepaagolf.com\/fi\/#website\"},\"datePublished\":\"2021-05-06T08:19:00+00:00\",\"dateModified\":\"2026-04-14T19:32:15+00:00\",\"breadcrumb\":{\"@id\":\"https:\/\/otepaagolf.com\/fi\/ravintola\/#breadcrumb\"},\"inLanguage\":\"fi\",\"potentialAction\":[{\"@type\":\"ReadAction\",\"target\":[\"https:\/\/otepaagolf.com\/fi\/ravintola\/\"]}]},{\"@type\":\"BreadcrumbList\",\"@id\":\"https:\/\/otepaagolf.com\/fi\/ravintola\/#breadcrumb\",\"itemListElement\":[{\"@type\":\"ListItem\",\"position\":1,\"name\":\"Home\",\"item\":\"https:\/\/otepaagolf.com\/fi\/\"},{\"@type\":\"ListItem\",\"position\":2,\"name\":\"Ravintola\"}]},{\"@type\":\"WebSite\",\"@id\":\"https:\/\/otepaagolf.com\/fi\/#website\",\"url\":\"https:\/\/otepaagolf.com\/fi\/\",\"name\":\"Otep\u00e4\u00e4 Golf &amp; Country Club\",\"description\":\"T\u00e4ism\u00f5\u00f5tmeline golfiv\u00e4ljak 18-holes PAR73\",\"publisher\":{\"@id\":\"https:\/\/otepaagolf.com\/fi\/#organization\"},\"potentialAction\":[{\"@type\":\"SearchAction\",\"target\":{\"@type\":\"EntryPoint\",\"urlTemplate\":\"https:\/\/otepaagolf.com\/fi\/?s={search_term_string}\"},\"query-input\":{\"@type\":\"PropertyValueSpecification\",\"valueRequired\":true,\"valueName\":\"search_term_string\"}}],\"inLanguage\":\"fi\"},{\"@type\":\"Organization\",\"@id\":\"https:\/\/otepaagolf.com\/fi\/#organization\",\"name\":\"Otep\u00e4\u00e4 Golf &amp; Country Club\",\"url\":\"https:\/\/otepaagolf.com\/fi\/\",\"logo\":{\"@type\":\"ImageObject\",\"inLanguage\":\"fi\",\"@id\":\"https:\/\/otepaagolf.com\/fi\/#\/schema\/logo\/image\/\",\"url\":\"https:\/\/otepaagolf.com\/wp-content\/uploads\/2021\/10\/OGCC_web_pais.png\",\"contentUrl\":\"https:\/\/otepaagolf.com\/wp-content\/uploads\/2021\/10\/OGCC_web_pais.png\",\"width\":1368,\"height\":541,\"caption\":\"Otep\u00e4\u00e4 Golf &amp; Country Club\"},\"image\":{\"@id\":\"https:\/\/otepaagolf.com\/fi\/#\/schema\/logo\/image\/\"}}]}<\/script>\n<!-- \/ Yoast SEO plugin. -->","yoast_head_json":{"title":"Ravintola - Otep\u00e4\u00e4 Golf &amp; Country Club","robots":{"index":"index","follow":"follow","max-snippet":"max-snippet:-1","max-image-preview":"max-image-preview:large","max-video-preview":"max-video-preview:-1"},"canonical":"https:\/\/otepaagolf.com\/fi\/ravintola\/","og_locale":"fi_FI","og_type":"article","og_title":"Ravintola - Otep\u00e4\u00e4 Golf &amp; Country Club","og_description":"Oletko miettinyt, miss\u00e4 j\u00e4rjest\u00e4\u00e4 seuraava t\u00e4rke\u00e4 tapahtumasi? Suunnitteletko tapahtumaa tai golfmatkaa? Me varmistamme, ett\u00e4 kokonaisuus toimii alusta loppuun.\u00a0 \u00a0 Luomme sujuvan aikataulun, l\u00f6yd\u00e4mme juuri oikeat esiintyj\u00e4t ja rakennamme el\u00e4myksellisen ohjelman, joka j\u00e4\u00e4 mieleen. Huipennuksena j\u00e4rjest\u00e4mme odotukset ylitt\u00e4v\u00e4t juhlat \u2013 tietenkin herkullisen ruoan kruunaamana. Yhteystiedot\u00a0 \u00a0 S-posti restoran@otepaagolf.com (+372) 5300 8850\u00a0 (ENG, EST) (+372) 5623 9302 [&hellip;]","og_url":"https:\/\/otepaagolf.com\/fi\/ravintola\/","og_site_name":"Otep\u00e4\u00e4 Golf &amp; Country Club","article_modified_time":"2026-04-14T19:32:15+00:00","twitter_card":"summary_large_image","twitter_misc":{"Arvioitu lukuaika":"1 minuutti"},"schema":{"@context":"https:\/\/schema.org","@graph":[{"@type":"WebPage","@id":"https:\/\/otepaagolf.com\/fi\/ravintola\/","url":"https:\/\/otepaagolf.com\/fi\/ravintola\/","name":"Ravintola - Otep\u00e4\u00e4 Golf &amp; Country Club","isPartOf":{"@id":"https:\/\/otepaagolf.com\/fi\/#website"},"datePublished":"2021-05-06T08:19:00+00:00","dateModified":"2026-04-14T19:32:15+00:00","breadcrumb":{"@id":"https:\/\/otepaagolf.com\/fi\/ravintola\/#breadcrumb"},"inLanguage":"fi","potentialAction":[{"@type":"ReadAction","target":["https:\/\/otepaagolf.com\/fi\/ravintola\/"]}]},{"@type":"BreadcrumbList","@id":"https:\/\/otepaagolf.com\/fi\/ravintola\/#breadcrumb","itemListElement":[{"@type":"ListItem","position":1,"name":"Home","item":"https:\/\/otepaagolf.com\/fi\/"},{"@type":"ListItem","position":2,"name":"Ravintola"}]},{"@type":"WebSite","@id":"https:\/\/otepaagolf.com\/fi\/#website","url":"https:\/\/otepaagolf.com\/fi\/","name":"Otep\u00e4\u00e4 Golf &amp; Country Club","description":"T\u00e4ism\u00f5\u00f5tmeline golfiv\u00e4ljak 18-holes PAR73","publisher":{"@id":"https:\/\/otepaagolf.com\/fi\/#organization"},"potentialAction":[{"@type":"SearchAction","target":{"@type":"EntryPoint","urlTemplate":"https:\/\/otepaagolf.com\/fi\/?s={search_term_string}"},"query-input":{"@type":"PropertyValueSpecification","valueRequired":true,"valueName":"search_term_string"}}],"inLanguage":"fi"},{"@type":"Organization","@id":"https:\/\/otepaagolf.com\/fi\/#organization","name":"Otep\u00e4\u00e4 Golf &amp; Country Club","url":"https:\/\/otepaagolf.com\/fi\/","logo":{"@type":"ImageObject","inLanguage":"fi","@id":"https:\/\/otepaagolf.com\/fi\/#\/schema\/logo\/image\/","url":"https:\/\/otepaagolf.com\/wp-content\/uploads\/2021\/10\/OGCC_web_pais.png","contentUrl":"https:\/\/otepaagolf.com\/wp-content\/uploads\/2021\/10\/OGCC_web_pais.png","width":1368,"height":541,"caption":"Otep\u00e4\u00e4 Golf &amp; Country Club"},"image":{"@id":"https:\/\/otepaagolf.com\/fi\/#\/schema\/logo\/image\/"}}]}},"publishpress_future_workflow_manual_trigger":{"enabledWorkflows":[]},"_links":{"self":[{"href":"https:\/\/otepaagolf.com\/fi\/wp-json\/wp\/v2\/pages\/13702","targetHints":{"allow":["GET"]}}],"collection":[{"href":"https:\/\/otepaagolf.com\/fi\/wp-json\/wp\/v2\/pages"}],"about":[{"href":"https:\/\/otepaagolf.com\/fi\/wp-json\/wp\/v2\/types\/page"}],"author":[{"embeddable":true,"href":"https:\/\/otepaagolf.com\/fi\/wp-json\/wp\/v2\/users\/2"}],"replies":[{"embeddable":true,"href":"https:\/\/otepaagolf.com\/fi\/wp-json\/wp\/v2\/comments?post=13702"}],"version-history":[{"count":26,"href":"https:\/\/otepaagolf.com\/fi\/wp-json\/wp\/v2\/pages\/13702\/revisions"}],"predecessor-version":[{"id":24870,"href":"https:\/\/otepaagolf.com\/fi\/wp-json\/wp\/v2\/pages\/13702\/revisions\/24870"}],"wp:attachment":[{"href":"https:\/\/otepaagolf.com\/fi\/wp-json\/wp\/v2\/media?parent=13702"}],"curies":[{"name":"wp","href":"https:\/\/api.w.org\/{rel}","templated":true}]}}