{"id":20131,"date":"2025-02-28T14:49:04","date_gmt":"2025-02-28T12:49:04","guid":{"rendered":"https:\/\/otepaagolf.com\/esto\/"},"modified":"2025-06-07T14:38:54","modified_gmt":"2025-06-07T11:38:54","slug":"esto","status":"publish","type":"page","link":"https:\/\/otepaagolf.com\/fi\/esto\/","title":{"rendered":"ESTO"},"content":{"rendered":"\t\t<div data-elementor-type=\"wp-page\" data-elementor-id=\"20131\" class=\"elementor elementor-20131 elementor-18681\" data-elementor-post-type=\"page\">\n\t\t\t\t\t\t<section class=\"elementor-section elementor-top-section elementor-element elementor-element-2ad3b8eb elementor-section-boxed elementor-section-height-default elementor-section-height-default\" data-id=\"2ad3b8eb\" data-element_type=\"section\">\n\t\t\t\t\t\t<div class=\"elementor-container elementor-column-gap-default\">\n\t\t\t\t\t<div class=\"elementor-column elementor-col-100 elementor-top-column elementor-element elementor-element-a7e770f\" data-id=\"a7e770f\" data-element_type=\"column\">\n\t\t\t<div class=\"elementor-widget-wrap elementor-element-populated\">\n\t\t\t\t\t\t<div class=\"elementor-element elementor-element-486fdda7 elementor-widget__width-initial elementor-widget elementor-widget-text-editor\" data-id=\"486fdda7\" data-element_type=\"widget\" data-widget_type=\"text-editor.default\">\n\t\t\t\t<div class=\"elementor-widget-container\">\n\t\t\t\t\t\t\t\t\t<h4><strong>ESTO-er\u00e4 &#8211; et halua maksaa koko summaa kerralla? Maksa eriss\u00e4! <\/strong><\/h4><p>ESTO-osamaksut ovat joustava maksuratkaisu, jonka avulla voit jakaa maksusi k\u00e4tev\u00e4sti kuukausieriin. Jaa ostosumma k\u00e4tev\u00e4sti sinulle sopivalle ajanjaksolle. Voit valita jakson ja maksuer\u00e4n m\u00e4\u00e4r\u00e4n ostoksen yhteydess\u00e4 valitsemalla kassalla ESTO-er\u00e4maksut.  <br><br><\/p><p>K\u00e4yt\u00e4 ESTO-osamaksukauppaa verkkokaupoissa ja fyysisiss\u00e4 myym\u00e4l\u00f6iss\u00e4. L\u00f6yd\u00e4t kaikki ESTO-kumppanikaupat ESTO Marketista: <strong><a href=\"https:\/\/esto.eu\/ee\/esto-market\">https:\/\/esto.eu\/ee\/esto-market<\/a><\/strong> <\/p><p><img decoding=\"async\" src=\"https:\/\/grillimaailm-outlet.ee\/wp-content\/uploads\/2024\/06\/HP_EE-1.png\"><\/p><p>Miten ESTO-osamaksukauppaa k\u00e4ytet\u00e4\u00e4n?<br><br><\/p><ol><li><p>Lis\u00e4\u00e4 tarvitsemasi tuotteet ostoskoriin.<\/p><\/li><li><p>Valitse kassalla maksutavaksi ESTO-er\u00e4.<\/p><\/li><li><p>Valitse haluamasi takaisinmaksuaika 3-60 kuukauden v\u00e4lill\u00e4.<\/p><\/li><li><p>Saat p\u00e4\u00e4t\u00f6ksen reaaliajassa.<\/p><\/li><li><p>Jos p\u00e4\u00e4t\u00f6s on my\u00f6nteinen, allekirjoita sopimus digitaalisesti henkil\u00f6kortilla, Smart-ID:ll\u00e4 tai Mobile-ID:ll\u00e4.<br><br><\/p><\/li><\/ol><p><em>ESTO osamaksukauppaa tarjoaa ja hallinnoi ESTO AS. ESTO AS:n osamaksuluoton todellinen vuosikorko on 23,63 %, joka perustuu seuraaviin malliehtoihin: luoton m\u00e4\u00e4r\u00e4 1490 euroa, tavaroiden\/palveluiden hinta 1490 euroa, 0 % k\u00e4siraha, kiinte\u00e4 korko 11,90 %, sopimuskorvaus 0 euroa, luoton ja lyhennysten yhteism\u00e4\u00e4r\u00e4 1844,64 euroa olettaen, ett\u00e4 luotto maksetaan takaisin tasasuuruisina 76,86 euron kuukausierin\u00e4 24 kuukauden aikana. Tutustu ehtoihin ennen sopimuksen allekirjoittamista ja tarvittaessa ota yhteytt\u00e4 asiantuntijaan.   J\u00e4lkimaksullisia palveluja tarjoaa ja hallinnoi ESTO AS.<\/em><\/p><p> <\/p><h4>ESTO 3 -maksutapa on innovatiivinen ratkaisu, jonka avulla voit vahvistaa ja maksaa ostoksesi k\u00e4tev\u00e4sti ja nopeasti &#8211; kolmessa samansuuruisessa er\u00e4ss\u00e4 ilman lis\u00e4maksuja!<\/h4><div> <\/div><p>ESTO 3 on suosituin uuden sukupolven maksutapa. Jaa ostosm\u00e4\u00e4r\u00e4si k\u00e4tev\u00e4sti kolmeen yht\u00e4 suureen osaan. Saat juuri sen, mit\u00e4 tarvitset ilman korkoja, lis\u00e4maksuja ja talletuksia.  <\/p><p>K\u00e4yt\u00e4 ESTOn 3-osaista maksutapaa verkkokaupoissa ja fyysisiss\u00e4 myym\u00e4l\u00f6iss\u00e4.<\/p><p>L\u00f6yd\u00e4t kaikki ESTO-kumppanikaupat ESTO Marketista: <strong><a href=\"https:\/\/esto.eu\/ee\/esto-market\">https:\/\/esto.eu\/ee\/esto-market<\/a><\/strong><\/p><p><img decoding=\"async\" src=\"https:\/\/grillimaailm-outlet.ee\/wp-content\/uploads\/2024\/06\/ESTO-3-1.png\"><\/p><p>Miten se toimii?<\/p><p> <\/p><p>Valitsemalla maksutavaksi ESTO 3 voit jakaa kokonaismaksun kolmeen yht\u00e4 suureen er\u00e4\u00e4n kolmen kuukauden aikana ilman kuluja.<\/p><p> <\/p><ol><li><p>Lis\u00e4\u00e4 tarvitsemasi tuotteet ostoskoriin.<\/p><\/li><li><p>Valitse ESTO 3 maksutavaksi kassalla.<\/p><\/li><li><p>Saat p\u00e4\u00e4t\u00f6ksen reaaliajassa.<\/p><\/li><li><p>Jos p\u00e4\u00e4t\u00f6s on my\u00f6nteinen, vahvista osto.<\/p><\/li><li><p>ESTO l\u00e4hett\u00e4\u00e4 sinulle ensimm\u00e4isen laskun seuraavan kuukauden 15. p\u00e4iv\u00e4n\u00e4. <\/p><\/li><\/ol><p> <\/p><p>Rahoituspalvelun tarjoaa ESTO AS. Ennen kuin allekirjoitat sopimuksen, tutustu ehtoihin ja ota tarvittaessa yhteytt\u00e4 ammattilaiseen. Lis\u00e4tietoja saat osoitteesta <strong><a href=\"https:\/\/esto.eu\/ee?lang=et\">www.esto.ee<\/a><\/strong>  <\/p><p> <\/p><h4>Ole fiksu ja valitse ESTO-maksu my\u00f6hemmin maksamaan ostoksesi!<\/h4><p>ESTO Pay later on uusi tapa maksaa ostoksesi. Pid\u00e4t ostosumman, sinun tarvitsee maksaa vain 30 p\u00e4iv\u00e4n kuluessa. Saat juuri sen, mit\u00e4 tarvitset ilman korkoa, lis\u00e4maksua tai talletusta.  <\/p><p>K\u00e4yt\u00e4 ESTO-maksua my\u00f6hemmin verkkokaupoissa ja fyysisiss\u00e4 kaupoissa. L\u00f6yd\u00e4t kaikki ESTO-kumppanikaupat ESTO Marketista: <strong><a href=\"https:\/\/esto.eu\/ee\/esto-market\">https:\/\/esto.eu\/ee\/esto-market<\/a><\/strong> <\/p><p><img decoding=\"async\" src=\"https:\/\/grillimaailm-outlet.ee\/wp-content\/uploads\/2024\/06\/ESTO-3-1.png\"><\/p><p>Miten se toimii?<\/p><p> <\/p><p>Jos valitset maksutavaksi ESTO-maksun my\u00f6hemmin, tilaus vahvistetaan heti, mutta sinun ei tarvitse maksaa heti, sill\u00e4 maksuaika on 30 p\u00e4iv\u00e4\u00e4 my\u00f6hemmin.<\/p><p> <\/p><ul><li><p>Lis\u00e4\u00e4 tarvitsemasi tuotteet ostoskoriin.<\/p><\/li><li><p>Valitse maksutavaksi ESTO maksa my\u00f6hemmin kassalla.<\/p><\/li><li><p>Saat p\u00e4\u00e4t\u00f6ksen reaaliajassa.<\/p><\/li><li><p>Jos p\u00e4\u00e4t\u00f6s on my\u00f6nteinen, vahvista osto.<\/p><\/li><li><p>ESTO l\u00e4hett\u00e4\u00e4 sinulle laskun, joka on maksettava kokonaisuudessaan 30 p\u00e4iv\u00e4n kuluessa.<\/p><\/li><\/ul><p> <\/p><p>Rahoituspalvelun tarjoaa ESTO AS. Ennen kuin allekirjoitat sopimuksen, tutustu ehtoihin ja ota tarvittaessa yhteytt\u00e4 ammattilaiseen. Lis\u00e4tietoja saat osoitteesta <strong><a href=\"https:\/\/esto.eu\/ee?lang=et\">www.esto.ee<\/a><\/strong>.  <\/p><p> <\/p><p><strong>MIK\u00c4 ON ESTO?<\/strong><\/p><p> <\/p><p>ESTO on Baltian suosituin maksuratkaisujen tarjoaja, joka mullistaa tavan, jolla kauppiaat myyv\u00e4t ja kuluttajat ostavat. ESTOlla on l\u00e4hes 500 000 aktiivista asiakasta ja yli 3 000 kumppanikauppaa Baltiassa. ESTOn teht\u00e4v\u00e4n\u00e4 on auttaa kumppaneita myym\u00e4\u00e4n ja asiakkaita ostamaan.  <\/p><p>Jos tarvitset apua, ota yhteytt\u00e4 ESTO AS:n ty\u00f6ntekij\u00e4\u00e4n osoitteessa info@esto.ee tai k\u00e4y osoitteessa. <strong><a href=\"https:\/\/esto.eu\/ee\/kliendile-klienditugi\">https:\/\/esto.eu\/ee\/kliendile-klienditugi<\/a><\/strong>.<\/p>\t\t\t\t\t\t\t\t<\/div>\n\t\t\t\t<\/div>\n\t\t\t\t\t<\/div>\n\t\t<\/div>\n\t\t\t\t\t<\/div>\n\t\t<\/section>\n\t\t\t\t<\/div>\n\t\t","protected":false},"excerpt":{"rendered":"<p>ESTO-er\u00e4 &#8211; et halua maksaa koko summaa kerralla? Maksa eriss\u00e4! ESTO-osamaksut ovat joustava maksuratkaisu, jonka avulla voit jakaa maksusi k\u00e4tev\u00e4sti kuukausieriin. Jaa ostosumma k\u00e4tev\u00e4sti sinulle sopivalle ajanjaksolle. Voit valita jakson ja maksuer\u00e4n m\u00e4\u00e4r\u00e4n ostoksen yhteydess\u00e4 valitsemalla kassalla ESTO-er\u00e4maksut. K\u00e4yt\u00e4 ESTO-osamaksukauppaa verkkokaupoissa ja fyysisiss\u00e4 myym\u00e4l\u00f6iss\u00e4. L\u00f6yd\u00e4t kaikki ESTO-kumppanikaupat ESTO Marketista: https:\/\/esto.eu\/ee\/esto-market Miten ESTO-osamaksukauppaa k\u00e4ytet\u00e4\u00e4n? Lis\u00e4\u00e4 tarvitsemasi [&hellip;]<\/p>\n","protected":false},"author":20,"featured_media":0,"parent":0,"menu_order":0,"comment_status":"closed","ping_status":"closed","template":"","meta":{"_acf_changed":false,"_improvement_type_select":"improve_an_existing","_thumb_yes_seoaic":false,"_frame_yes_seoaic":false,"seoaic_generate_description":"","seoaic_improve_instructions_prompt":"","seoaic_rollback_content_improvement":"","seoaic_idea_thumbnail_generator":"","thumbnail_generated":false,"thumbnail_generate_prompt":"","seoaic_article_description":"","footnotes":""},"class_list":["post-20131","page","type-page","status-publish","hentry"],"acf":[],"yoast_head":"<!-- This site is optimized with the Yoast SEO plugin v26.8 - https:\/\/yoast.com\/product\/yoast-seo-wordpress\/ -->\n<title>ESTO - Otep\u00e4\u00e4 Golf &amp; Country Club<\/title>\n<meta name=\"robots\" content=\"index, follow, max-snippet:-1, max-image-preview:large, max-video-preview:-1\" \/>\n<link rel=\"canonical\" href=\"https:\/\/otepaagolf.com\/fi\/esto\/\" \/>\n<meta property=\"og:locale\" content=\"fi_FI\" \/>\n<meta property=\"og:type\" content=\"article\" \/>\n<meta property=\"og:title\" content=\"ESTO - Otep\u00e4\u00e4 Golf &amp; Country Club\" \/>\n<meta property=\"og:description\" content=\"ESTO-er\u00e4 &#8211; et halua maksaa koko summaa kerralla? Maksa eriss\u00e4! ESTO-osamaksut ovat joustava maksuratkaisu, jonka avulla voit jakaa maksusi k\u00e4tev\u00e4sti kuukausieriin. Jaa ostosumma k\u00e4tev\u00e4sti sinulle sopivalle ajanjaksolle. Voit valita jakson ja maksuer\u00e4n m\u00e4\u00e4r\u00e4n ostoksen yhteydess\u00e4 valitsemalla kassalla ESTO-er\u00e4maksut. K\u00e4yt\u00e4 ESTO-osamaksukauppaa verkkokaupoissa ja fyysisiss\u00e4 myym\u00e4l\u00f6iss\u00e4. L\u00f6yd\u00e4t kaikki ESTO-kumppanikaupat ESTO Marketista: https:\/\/esto.eu\/ee\/esto-market Miten ESTO-osamaksukauppaa k\u00e4ytet\u00e4\u00e4n? Lis\u00e4\u00e4 tarvitsemasi [&hellip;]\" \/>\n<meta property=\"og:url\" content=\"https:\/\/otepaagolf.com\/fi\/esto\/\" \/>\n<meta property=\"og:site_name\" content=\"Otep\u00e4\u00e4 Golf &amp; Country Club\" \/>\n<meta property=\"article:modified_time\" content=\"2025-06-07T11:38:54+00:00\" \/>\n<meta property=\"og:image\" content=\"https:\/\/grillimaailm-outlet.ee\/wp-content\/uploads\/2024\/06\/HP_EE-1.png\" \/>\n<meta name=\"twitter:card\" content=\"summary_large_image\" \/>\n<meta name=\"twitter:label1\" content=\"Arvioitu lukuaika\" \/>\n\t<meta name=\"twitter:data1\" content=\"3 minuuttia\" \/>\n<script type=\"application\/ld+json\" class=\"yoast-schema-graph\">{\"@context\":\"https:\/\/schema.org\",\"@graph\":[{\"@type\":\"WebPage\",\"@id\":\"https:\/\/otepaagolf.com\/fi\/esto\/\",\"url\":\"https:\/\/otepaagolf.com\/fi\/esto\/\",\"name\":\"ESTO - Otep\u00e4\u00e4 Golf &amp; Country Club\",\"isPartOf\":{\"@id\":\"https:\/\/otepaagolf.com\/fi\/#website\"},\"primaryImageOfPage\":{\"@id\":\"https:\/\/otepaagolf.com\/fi\/esto\/#primaryimage\"},\"image\":{\"@id\":\"https:\/\/otepaagolf.com\/fi\/esto\/#primaryimage\"},\"thumbnailUrl\":\"https:\/\/grillimaailm-outlet.ee\/wp-content\/uploads\/2024\/06\/HP_EE-1.png\",\"datePublished\":\"2025-02-28T12:49:04+00:00\",\"dateModified\":\"2025-06-07T11:38:54+00:00\",\"breadcrumb\":{\"@id\":\"https:\/\/otepaagolf.com\/fi\/esto\/#breadcrumb\"},\"inLanguage\":\"fi\",\"potentialAction\":[{\"@type\":\"ReadAction\",\"target\":[\"https:\/\/otepaagolf.com\/fi\/esto\/\"]}]},{\"@type\":\"ImageObject\",\"inLanguage\":\"fi\",\"@id\":\"https:\/\/otepaagolf.com\/fi\/esto\/#primaryimage\",\"url\":\"https:\/\/grillimaailm-outlet.ee\/wp-content\/uploads\/2024\/06\/HP_EE-1.png\",\"contentUrl\":\"https:\/\/grillimaailm-outlet.ee\/wp-content\/uploads\/2024\/06\/HP_EE-1.png\"},{\"@type\":\"BreadcrumbList\",\"@id\":\"https:\/\/otepaagolf.com\/fi\/esto\/#breadcrumb\",\"itemListElement\":[{\"@type\":\"ListItem\",\"position\":1,\"name\":\"Home\",\"item\":\"https:\/\/otepaagolf.com\/fi\/\"},{\"@type\":\"ListItem\",\"position\":2,\"name\":\"ESTO\"}]},{\"@type\":\"WebSite\",\"@id\":\"https:\/\/otepaagolf.com\/fi\/#website\",\"url\":\"https:\/\/otepaagolf.com\/fi\/\",\"name\":\"Otep\u00e4\u00e4 Golf &amp; Country Club\",\"description\":\"T\u00e4ism\u00f5\u00f5tmeline golfiv\u00e4ljak 18-holes PAR73\",\"publisher\":{\"@id\":\"https:\/\/otepaagolf.com\/fi\/#organization\"},\"potentialAction\":[{\"@type\":\"SearchAction\",\"target\":{\"@type\":\"EntryPoint\",\"urlTemplate\":\"https:\/\/otepaagolf.com\/fi\/?s={search_term_string}\"},\"query-input\":{\"@type\":\"PropertyValueSpecification\",\"valueRequired\":true,\"valueName\":\"search_term_string\"}}],\"inLanguage\":\"fi\"},{\"@type\":\"Organization\",\"@id\":\"https:\/\/otepaagolf.com\/fi\/#organization\",\"name\":\"Otep\u00e4\u00e4 Golf &amp; Country Club\",\"url\":\"https:\/\/otepaagolf.com\/fi\/\",\"logo\":{\"@type\":\"ImageObject\",\"inLanguage\":\"fi\",\"@id\":\"https:\/\/otepaagolf.com\/fi\/#\/schema\/logo\/image\/\",\"url\":\"https:\/\/otepaagolf.com\/wp-content\/uploads\/2021\/10\/OGCC_web_pais.png\",\"contentUrl\":\"https:\/\/otepaagolf.com\/wp-content\/uploads\/2021\/10\/OGCC_web_pais.png\",\"width\":1368,\"height\":541,\"caption\":\"Otep\u00e4\u00e4 Golf &amp; Country Club\"},\"image\":{\"@id\":\"https:\/\/otepaagolf.com\/fi\/#\/schema\/logo\/image\/\"}}]}<\/script>\n<!-- \/ Yoast SEO plugin. -->","yoast_head_json":{"title":"ESTO - Otep\u00e4\u00e4 Golf &amp; Country Club","robots":{"index":"index","follow":"follow","max-snippet":"max-snippet:-1","max-image-preview":"max-image-preview:large","max-video-preview":"max-video-preview:-1"},"canonical":"https:\/\/otepaagolf.com\/fi\/esto\/","og_locale":"fi_FI","og_type":"article","og_title":"ESTO - Otep\u00e4\u00e4 Golf &amp; Country Club","og_description":"ESTO-er\u00e4 &#8211; et halua maksaa koko summaa kerralla? Maksa eriss\u00e4! ESTO-osamaksut ovat joustava maksuratkaisu, jonka avulla voit jakaa maksusi k\u00e4tev\u00e4sti kuukausieriin. Jaa ostosumma k\u00e4tev\u00e4sti sinulle sopivalle ajanjaksolle. Voit valita jakson ja maksuer\u00e4n m\u00e4\u00e4r\u00e4n ostoksen yhteydess\u00e4 valitsemalla kassalla ESTO-er\u00e4maksut. K\u00e4yt\u00e4 ESTO-osamaksukauppaa verkkokaupoissa ja fyysisiss\u00e4 myym\u00e4l\u00f6iss\u00e4. L\u00f6yd\u00e4t kaikki ESTO-kumppanikaupat ESTO Marketista: https:\/\/esto.eu\/ee\/esto-market Miten ESTO-osamaksukauppaa k\u00e4ytet\u00e4\u00e4n? Lis\u00e4\u00e4 tarvitsemasi [&hellip;]","og_url":"https:\/\/otepaagolf.com\/fi\/esto\/","og_site_name":"Otep\u00e4\u00e4 Golf &amp; Country Club","article_modified_time":"2025-06-07T11:38:54+00:00","og_image":[{"url":"https:\/\/grillimaailm-outlet.ee\/wp-content\/uploads\/2024\/06\/HP_EE-1.png","type":"","width":"","height":""}],"twitter_card":"summary_large_image","twitter_misc":{"Arvioitu lukuaika":"3 minuuttia"},"schema":{"@context":"https:\/\/schema.org","@graph":[{"@type":"WebPage","@id":"https:\/\/otepaagolf.com\/fi\/esto\/","url":"https:\/\/otepaagolf.com\/fi\/esto\/","name":"ESTO - Otep\u00e4\u00e4 Golf &amp; Country Club","isPartOf":{"@id":"https:\/\/otepaagolf.com\/fi\/#website"},"primaryImageOfPage":{"@id":"https:\/\/otepaagolf.com\/fi\/esto\/#primaryimage"},"image":{"@id":"https:\/\/otepaagolf.com\/fi\/esto\/#primaryimage"},"thumbnailUrl":"https:\/\/grillimaailm-outlet.ee\/wp-content\/uploads\/2024\/06\/HP_EE-1.png","datePublished":"2025-02-28T12:49:04+00:00","dateModified":"2025-06-07T11:38:54+00:00","breadcrumb":{"@id":"https:\/\/otepaagolf.com\/fi\/esto\/#breadcrumb"},"inLanguage":"fi","potentialAction":[{"@type":"ReadAction","target":["https:\/\/otepaagolf.com\/fi\/esto\/"]}]},{"@type":"ImageObject","inLanguage":"fi","@id":"https:\/\/otepaagolf.com\/fi\/esto\/#primaryimage","url":"https:\/\/grillimaailm-outlet.ee\/wp-content\/uploads\/2024\/06\/HP_EE-1.png","contentUrl":"https:\/\/grillimaailm-outlet.ee\/wp-content\/uploads\/2024\/06\/HP_EE-1.png"},{"@type":"BreadcrumbList","@id":"https:\/\/otepaagolf.com\/fi\/esto\/#breadcrumb","itemListElement":[{"@type":"ListItem","position":1,"name":"Home","item":"https:\/\/otepaagolf.com\/fi\/"},{"@type":"ListItem","position":2,"name":"ESTO"}]},{"@type":"WebSite","@id":"https:\/\/otepaagolf.com\/fi\/#website","url":"https:\/\/otepaagolf.com\/fi\/","name":"Otep\u00e4\u00e4 Golf &amp; Country Club","description":"T\u00e4ism\u00f5\u00f5tmeline golfiv\u00e4ljak 18-holes PAR73","publisher":{"@id":"https:\/\/otepaagolf.com\/fi\/#organization"},"potentialAction":[{"@type":"SearchAction","target":{"@type":"EntryPoint","urlTemplate":"https:\/\/otepaagolf.com\/fi\/?s={search_term_string}"},"query-input":{"@type":"PropertyValueSpecification","valueRequired":true,"valueName":"search_term_string"}}],"inLanguage":"fi"},{"@type":"Organization","@id":"https:\/\/otepaagolf.com\/fi\/#organization","name":"Otep\u00e4\u00e4 Golf &amp; Country Club","url":"https:\/\/otepaagolf.com\/fi\/","logo":{"@type":"ImageObject","inLanguage":"fi","@id":"https:\/\/otepaagolf.com\/fi\/#\/schema\/logo\/image\/","url":"https:\/\/otepaagolf.com\/wp-content\/uploads\/2021\/10\/OGCC_web_pais.png","contentUrl":"https:\/\/otepaagolf.com\/wp-content\/uploads\/2021\/10\/OGCC_web_pais.png","width":1368,"height":541,"caption":"Otep\u00e4\u00e4 Golf &amp; Country Club"},"image":{"@id":"https:\/\/otepaagolf.com\/fi\/#\/schema\/logo\/image\/"}}]}},"publishpress_future_workflow_manual_trigger":{"enabledWorkflows":[]},"_links":{"self":[{"href":"https:\/\/otepaagolf.com\/fi\/wp-json\/wp\/v2\/pages\/20131","targetHints":{"allow":["GET"]}}],"collection":[{"href":"https:\/\/otepaagolf.com\/fi\/wp-json\/wp\/v2\/pages"}],"about":[{"href":"https:\/\/otepaagolf.com\/fi\/wp-json\/wp\/v2\/types\/page"}],"author":[{"embeddable":true,"href":"https:\/\/otepaagolf.com\/fi\/wp-json\/wp\/v2\/users\/20"}],"replies":[{"embeddable":true,"href":"https:\/\/otepaagolf.com\/fi\/wp-json\/wp\/v2\/comments?post=20131"}],"version-history":[{"count":1,"href":"https:\/\/otepaagolf.com\/fi\/wp-json\/wp\/v2\/pages\/20131\/revisions"}],"predecessor-version":[{"id":20132,"href":"https:\/\/otepaagolf.com\/fi\/wp-json\/wp\/v2\/pages\/20131\/revisions\/20132"}],"wp:attachment":[{"href":"https:\/\/otepaagolf.com\/fi\/wp-json\/wp\/v2\/media?parent=20131"}],"curies":[{"name":"wp","href":"https:\/\/api.w.org\/{rel}","templated":true}]}}