{"id":16889,"date":"2024-07-26T12:49:35","date_gmt":"2024-07-26T09:49:35","guid":{"rendered":"https:\/\/otepaagolf.com\/?post_type=product&#038;p=16889"},"modified":"2025-12-17T17:51:07","modified_gmt":"2025-12-17T15:51:07","slug":"10-x-clubcar","status":"publish","type":"product","link":"https:\/\/otepaagolf.com\/fi\/product\/10-x-clubcar\/","title":{"rendered":"KAMPAANIA! 10 x CLUBCAR 18 RADA"},"content":{"rendered":"<p>Kehtiv kuni 2026. hooaja l\u00f5puni, \u00fchele isikule 18-rajal kasutamiseks golfiauto x 10 vaut\u0161erit.<\/p>\n<p>Palun esitage tellimuse kinnitus caddiemasterile.<\/p>\n","protected":false},"excerpt":{"rendered":"<p>Kehtiv kuni 2026. hooaja l\u00f5puni, \u00fchele isikule 18-rajal kasutamiseks golfiauto x 10 vaut\u0161erit. Palun esitage tellimuse kinnitus caddiemasterile.<\/p>\n","protected":false},"featured_media":18248,"template":"","meta":{"_acf_changed":false,"_improvement_type_select":"improve_an_existing","_thumb_yes_seoaic":false,"_frame_yes_seoaic":false,"seoaic_generate_description":"","seoaic_improve_instructions_prompt":"","seoaic_rollback_content_improvement":"","seoaic_idea_thumbnail_generator":"","thumbnail_generated":false,"thumbnail_generate_prompt":"","seoaic_article_description":""},"product_brand":[],"product_cat":[29,37,38],"product_tag":[85,77,84,75,73,76],"class_list":{"0":"post-16889","1":"product","2":"type-product","3":"status-publish","4":"has-post-thumbnail","6":"product_cat-teenused","7":"product_cat-37","8":"product_cat-golfivarustus","9":"product_tag-18-rada","10":"product_tag-auto","11":"product_tag-golfiauto","12":"product_tag-greenfee","13":"product_tag-manguoigus","14":"product_tag-rent","16":"first","17":"instock","18":"sale","19":"taxable","20":"shipping-taxable","21":"purchasable","22":"product-type-simple"},"acf":[],"gallery_images":[],"yoast_head":"<!-- This site is optimized with the Yoast SEO plugin v26.8 - https:\/\/yoast.com\/product\/yoast-seo-wordpress\/ -->\n<title>KAMPAANIA! 10 x CLUBCAR 18 RADA - Otep\u00e4\u00e4 Golf &amp; Country Club<\/title>\n<meta name=\"robots\" content=\"index, follow, max-snippet:-1, max-image-preview:large, max-video-preview:-1\" \/>\n<link rel=\"canonical\" href=\"https:\/\/otepaagolf.com\/fi\/product\/10-x-clubcar\/\" \/>\n<meta property=\"og:locale\" content=\"fi_FI\" \/>\n<meta property=\"og:type\" content=\"article\" \/>\n<meta property=\"og:title\" content=\"KAMPAANIA! 10 x CLUBCAR 18 RADA - Otep\u00e4\u00e4 Golf &amp; Country Club\" \/>\n<meta property=\"og:description\" content=\"Kehtiv kuni 2026. hooaja l\u00f5puni, \u00fchele isikule 18-rajal kasutamiseks golfiauto x 10 vaut\u0161erit. Palun esitage tellimuse kinnitus caddiemasterile.\" \/>\n<meta property=\"og:url\" content=\"https:\/\/otepaagolf.com\/fi\/product\/10-x-clubcar\/\" \/>\n<meta property=\"og:site_name\" content=\"Otep\u00e4\u00e4 Golf &amp; Country Club\" \/>\n<meta property=\"article:modified_time\" content=\"2025-12-17T15:51:07+00:00\" \/>\n<meta property=\"og:image\" content=\"https:\/\/otepaagolf.com\/wp-content\/uploads\/2024\/07\/Placeholder_image-\u2013-3.png\" \/>\n\t<meta property=\"og:image:width\" content=\"1080\" \/>\n\t<meta property=\"og:image:height\" content=\"1080\" \/>\n\t<meta property=\"og:image:type\" content=\"image\/png\" \/>\n<meta name=\"twitter:card\" content=\"summary_large_image\" \/>\n<meta name=\"twitter:label1\" content=\"Arvioitu lukuaika\" \/>\n\t<meta name=\"twitter:data1\" content=\"1 minuutti\" \/>\n<script type=\"application\/ld+json\" class=\"yoast-schema-graph\">{\"@context\":\"https:\/\/schema.org\",\"@graph\":[{\"@type\":\"WebPage\",\"@id\":\"https:\/\/otepaagolf.com\/fi\/product\/10-x-clubcar\/\",\"url\":\"https:\/\/otepaagolf.com\/fi\/product\/10-x-clubcar\/\",\"name\":\"KAMPAANIA! 10 x CLUBCAR 18 RADA - Otep\u00e4\u00e4 Golf &amp; Country Club\",\"isPartOf\":{\"@id\":\"https:\/\/otepaagolf.com\/fi\/#website\"},\"primaryImageOfPage\":{\"@id\":\"https:\/\/otepaagolf.com\/fi\/product\/10-x-clubcar\/#primaryimage\"},\"image\":{\"@id\":\"https:\/\/otepaagolf.com\/fi\/product\/10-x-clubcar\/#primaryimage\"},\"thumbnailUrl\":\"https:\/\/otepaagolf.com\/wp-content\/uploads\/2024\/07\/Placeholder_image-\u2013-3.png\",\"datePublished\":\"2024-07-26T09:49:35+00:00\",\"dateModified\":\"2025-12-17T15:51:07+00:00\",\"breadcrumb\":{\"@id\":\"https:\/\/otepaagolf.com\/fi\/product\/10-x-clubcar\/#breadcrumb\"},\"inLanguage\":\"fi\",\"potentialAction\":[{\"@type\":\"ReadAction\",\"target\":[\"https:\/\/otepaagolf.com\/fi\/product\/10-x-clubcar\/\"]}]},{\"@type\":\"ImageObject\",\"inLanguage\":\"fi\",\"@id\":\"https:\/\/otepaagolf.com\/fi\/product\/10-x-clubcar\/#primaryimage\",\"url\":\"https:\/\/otepaagolf.com\/wp-content\/uploads\/2024\/07\/Placeholder_image-\u2013-3.png\",\"contentUrl\":\"https:\/\/otepaagolf.com\/wp-content\/uploads\/2024\/07\/Placeholder_image-\u2013-3.png\",\"width\":1080,\"height\":1080},{\"@type\":\"BreadcrumbList\",\"@id\":\"https:\/\/otepaagolf.com\/fi\/product\/10-x-clubcar\/#breadcrumb\",\"itemListElement\":[{\"@type\":\"ListItem\",\"position\":1,\"name\":\"Home\",\"item\":\"https:\/\/otepaagolf.com\/fi\/\"},{\"@type\":\"ListItem\",\"position\":2,\"name\":\"E-POOD\",\"item\":\"https:\/\/otepaagolf.com\/pood\/\"},{\"@type\":\"ListItem\",\"position\":3,\"name\":\"KAMPAANIA! 10 x CLUBCAR 18 RADA\"}]},{\"@type\":\"WebSite\",\"@id\":\"https:\/\/otepaagolf.com\/fi\/#website\",\"url\":\"https:\/\/otepaagolf.com\/fi\/\",\"name\":\"Otep\u00e4\u00e4 Golf &amp; Country Club\",\"description\":\"T\u00e4ism\u00f5\u00f5tmeline golfiv\u00e4ljak 18-holes PAR73\",\"publisher\":{\"@id\":\"https:\/\/otepaagolf.com\/fi\/#organization\"},\"potentialAction\":[{\"@type\":\"SearchAction\",\"target\":{\"@type\":\"EntryPoint\",\"urlTemplate\":\"https:\/\/otepaagolf.com\/fi\/?s={search_term_string}\"},\"query-input\":{\"@type\":\"PropertyValueSpecification\",\"valueRequired\":true,\"valueName\":\"search_term_string\"}}],\"inLanguage\":\"fi\"},{\"@type\":\"Organization\",\"@id\":\"https:\/\/otepaagolf.com\/fi\/#organization\",\"name\":\"Otep\u00e4\u00e4 Golf &amp; Country Club\",\"url\":\"https:\/\/otepaagolf.com\/fi\/\",\"logo\":{\"@type\":\"ImageObject\",\"inLanguage\":\"fi\",\"@id\":\"https:\/\/otepaagolf.com\/fi\/#\/schema\/logo\/image\/\",\"url\":\"https:\/\/otepaagolf.com\/wp-content\/uploads\/2021\/10\/OGCC_web_pais.png\",\"contentUrl\":\"https:\/\/otepaagolf.com\/wp-content\/uploads\/2021\/10\/OGCC_web_pais.png\",\"width\":1368,\"height\":541,\"caption\":\"Otep\u00e4\u00e4 Golf &amp; Country Club\"},\"image\":{\"@id\":\"https:\/\/otepaagolf.com\/fi\/#\/schema\/logo\/image\/\"}}]}<\/script>\n<!-- \/ Yoast SEO plugin. -->","yoast_head_json":{"title":"KAMPAANIA! 10 x CLUBCAR 18 RADA - Otep\u00e4\u00e4 Golf &amp; Country Club","robots":{"index":"index","follow":"follow","max-snippet":"max-snippet:-1","max-image-preview":"max-image-preview:large","max-video-preview":"max-video-preview:-1"},"canonical":"https:\/\/otepaagolf.com\/fi\/product\/10-x-clubcar\/","og_locale":"fi_FI","og_type":"article","og_title":"KAMPAANIA! 10 x CLUBCAR 18 RADA - Otep\u00e4\u00e4 Golf &amp; Country Club","og_description":"Kehtiv kuni 2026. hooaja l\u00f5puni, \u00fchele isikule 18-rajal kasutamiseks golfiauto x 10 vaut\u0161erit. Palun esitage tellimuse kinnitus caddiemasterile.","og_url":"https:\/\/otepaagolf.com\/fi\/product\/10-x-clubcar\/","og_site_name":"Otep\u00e4\u00e4 Golf &amp; Country Club","article_modified_time":"2025-12-17T15:51:07+00:00","og_image":[{"width":1080,"height":1080,"url":"https:\/\/otepaagolf.com\/wp-content\/uploads\/2024\/07\/Placeholder_image-\u2013-3.png","type":"image\/png"}],"twitter_card":"summary_large_image","twitter_misc":{"Arvioitu lukuaika":"1 minuutti"},"schema":{"@context":"https:\/\/schema.org","@graph":[{"@type":"WebPage","@id":"https:\/\/otepaagolf.com\/fi\/product\/10-x-clubcar\/","url":"https:\/\/otepaagolf.com\/fi\/product\/10-x-clubcar\/","name":"KAMPAANIA! 10 x CLUBCAR 18 RADA - Otep\u00e4\u00e4 Golf &amp; Country Club","isPartOf":{"@id":"https:\/\/otepaagolf.com\/fi\/#website"},"primaryImageOfPage":{"@id":"https:\/\/otepaagolf.com\/fi\/product\/10-x-clubcar\/#primaryimage"},"image":{"@id":"https:\/\/otepaagolf.com\/fi\/product\/10-x-clubcar\/#primaryimage"},"thumbnailUrl":"https:\/\/otepaagolf.com\/wp-content\/uploads\/2024\/07\/Placeholder_image-\u2013-3.png","datePublished":"2024-07-26T09:49:35+00:00","dateModified":"2025-12-17T15:51:07+00:00","breadcrumb":{"@id":"https:\/\/otepaagolf.com\/fi\/product\/10-x-clubcar\/#breadcrumb"},"inLanguage":"fi","potentialAction":[{"@type":"ReadAction","target":["https:\/\/otepaagolf.com\/fi\/product\/10-x-clubcar\/"]}]},{"@type":"ImageObject","inLanguage":"fi","@id":"https:\/\/otepaagolf.com\/fi\/product\/10-x-clubcar\/#primaryimage","url":"https:\/\/otepaagolf.com\/wp-content\/uploads\/2024\/07\/Placeholder_image-\u2013-3.png","contentUrl":"https:\/\/otepaagolf.com\/wp-content\/uploads\/2024\/07\/Placeholder_image-\u2013-3.png","width":1080,"height":1080},{"@type":"BreadcrumbList","@id":"https:\/\/otepaagolf.com\/fi\/product\/10-x-clubcar\/#breadcrumb","itemListElement":[{"@type":"ListItem","position":1,"name":"Home","item":"https:\/\/otepaagolf.com\/fi\/"},{"@type":"ListItem","position":2,"name":"E-POOD","item":"https:\/\/otepaagolf.com\/pood\/"},{"@type":"ListItem","position":3,"name":"KAMPAANIA! 10 x CLUBCAR 18 RADA"}]},{"@type":"WebSite","@id":"https:\/\/otepaagolf.com\/fi\/#website","url":"https:\/\/otepaagolf.com\/fi\/","name":"Otep\u00e4\u00e4 Golf &amp; Country Club","description":"T\u00e4ism\u00f5\u00f5tmeline golfiv\u00e4ljak 18-holes PAR73","publisher":{"@id":"https:\/\/otepaagolf.com\/fi\/#organization"},"potentialAction":[{"@type":"SearchAction","target":{"@type":"EntryPoint","urlTemplate":"https:\/\/otepaagolf.com\/fi\/?s={search_term_string}"},"query-input":{"@type":"PropertyValueSpecification","valueRequired":true,"valueName":"search_term_string"}}],"inLanguage":"fi"},{"@type":"Organization","@id":"https:\/\/otepaagolf.com\/fi\/#organization","name":"Otep\u00e4\u00e4 Golf &amp; Country Club","url":"https:\/\/otepaagolf.com\/fi\/","logo":{"@type":"ImageObject","inLanguage":"fi","@id":"https:\/\/otepaagolf.com\/fi\/#\/schema\/logo\/image\/","url":"https:\/\/otepaagolf.com\/wp-content\/uploads\/2021\/10\/OGCC_web_pais.png","contentUrl":"https:\/\/otepaagolf.com\/wp-content\/uploads\/2021\/10\/OGCC_web_pais.png","width":1368,"height":541,"caption":"Otep\u00e4\u00e4 Golf &amp; Country Club"},"image":{"@id":"https:\/\/otepaagolf.com\/fi\/#\/schema\/logo\/image\/"}}]}},"publishpress_future_workflow_manual_trigger":{"enabledWorkflows":[]},"_links":{"self":[{"href":"https:\/\/otepaagolf.com\/fi\/wp-json\/wp\/v2\/product\/16889","targetHints":{"allow":["GET"]}}],"collection":[{"href":"https:\/\/otepaagolf.com\/fi\/wp-json\/wp\/v2\/product"}],"about":[{"href":"https:\/\/otepaagolf.com\/fi\/wp-json\/wp\/v2\/types\/product"}],"version-history":[{"count":8,"href":"https:\/\/otepaagolf.com\/fi\/wp-json\/wp\/v2\/product\/16889\/revisions"}],"predecessor-version":[{"id":22886,"href":"https:\/\/otepaagolf.com\/fi\/wp-json\/wp\/v2\/product\/16889\/revisions\/22886"}],"wp:featuredmedia":[{"embeddable":true,"href":"https:\/\/otepaagolf.com\/fi\/wp-json\/wp\/v2\/media\/18248"}],"wp:attachment":[{"href":"https:\/\/otepaagolf.com\/fi\/wp-json\/wp\/v2\/media?parent=16889"}],"wp:term":[{"taxonomy":"product_brand","embeddable":true,"href":"https:\/\/otepaagolf.com\/fi\/wp-json\/wp\/v2\/product_brand?post=16889"},{"taxonomy":"product_cat","embeddable":true,"href":"https:\/\/otepaagolf.com\/fi\/wp-json\/wp\/v2\/product_cat?post=16889"},{"taxonomy":"product_tag","embeddable":true,"href":"https:\/\/otepaagolf.com\/fi\/wp-json\/wp\/v2\/product_tag?post=16889"}],"curies":[{"name":"wp","href":"https:\/\/api.w.org\/{rel}","templated":true}]}}