{"id":16895,"date":"2026-02-03T13:41:35","date_gmt":"2026-02-03T11:41:35","guid":{"rendered":"https:\/\/otepaagolf.com\/?post_type=product&#038;p=16895"},"modified":"2026-02-03T13:41:35","modified_gmt":"2026-02-03T11:41:35","slug":"clubcar-manguoigus-boonus-bagihoiu-pakett-2024","status":"publish","type":"product","link":"https:\/\/otepaagolf.com\/fi\/product\/clubcar-manguoigus-boonus-bagihoiu-pakett-2024\/","title":{"rendered":"GOLFIAUTO HOOAJAPAKETT Klubiliikmele"},"content":{"rendered":"<p>Nimeline piiramata golfiauto kasutuse hooaja pakett 2026 klubiliikmele. Pakett kehtib \u00fchele nimetatud kasutajale. Kasutajat ei saa vahetada. Paketti ei saa vahetada \u00fcksikuteks piletiteks v\u00f5i m\u00e4\u00e4rata erinevat kasutajat peale kasutama hakkamist. Paketi kasutaja m\u00e4\u00e4rab ostja enne paketi kasutama hakkamist. Teenus tuleb ette broneerida Caddiemasteris info@otepaagolf.com, 56200115.<\/p>\n","protected":false},"excerpt":{"rendered":"<p>Nimeline piiramata golfiauto kasutuse hooaja pakett 2026 klubiliikmele. Pakett kehtib \u00fchele nimetatud kasutajale. Kasutajat ei saa vahetada. Paketti ei saa vahetada \u00fcksikuteks piletiteks v\u00f5i m\u00e4\u00e4rata erinevat kasutajat peale kasutama hakkamist. Paketi kasutaja m\u00e4\u00e4rab ostja enne paketi kasutama hakkamist. Teenus tuleb ette broneerida Caddiemasteris info@otepaagolf.com, 56200115.<\/p>\n","protected":false},"featured_media":20991,"template":"","meta":{"_acf_changed":false,"_improvement_type_select":"improve_an_existing","_thumb_yes_seoaic":false,"_frame_yes_seoaic":false,"seoaic_generate_description":"","seoaic_improve_instructions_prompt":"","seoaic_rollback_content_improvement":"","seoaic_idea_thumbnail_generator":"","thumbnail_generated":false,"thumbnail_generate_prompt":"","seoaic_article_description":""},"product_brand":[],"product_cat":[29,34,37,38],"product_tag":[85,83,77,84,75,78,80,74,73,82,91],"class_list":{"0":"post-16895","1":"product","2":"type-product","3":"status-publish","4":"has-post-thumbnail","6":"product_cat-teenused","7":"product_cat-34","8":"product_cat-37","9":"product_cat-golfivarustus","10":"product_tag-18-rada","11":"product_tag-9-rada","12":"product_tag-auto","13":"product_tag-golfiauto","14":"product_tag-greenfee","15":"product_tag-hoiustramine","16":"product_tag-hooajaline","17":"product_tag-hooajamanguoigus","18":"product_tag-manguoigus","19":"product_tag-muu","20":"product_tag-pakett","22":"first","23":"instock","24":"sale","25":"taxable","26":"shipping-taxable","27":"purchasable","28":"product-type-simple"},"acf":[],"gallery_images":[],"yoast_head":"<!-- This site is optimized with the Yoast SEO plugin v26.8 - https:\/\/yoast.com\/product\/yoast-seo-wordpress\/ -->\n<title>GOLFIAUTO HOOAJAPAKETT Klubiliikmele - Otep\u00e4\u00e4 Golf &amp; Country Club<\/title>\n<meta name=\"robots\" content=\"index, follow, max-snippet:-1, max-image-preview:large, max-video-preview:-1\" \/>\n<link rel=\"canonical\" href=\"https:\/\/otepaagolf.com\/fi\/product\/clubcar-manguoigus-boonus-bagihoiu-pakett-2024\/\" \/>\n<meta property=\"og:locale\" content=\"fi_FI\" \/>\n<meta property=\"og:type\" content=\"article\" \/>\n<meta property=\"og:title\" content=\"GOLFIAUTO HOOAJAPAKETT Klubiliikmele - Otep\u00e4\u00e4 Golf &amp; Country Club\" \/>\n<meta property=\"og:description\" content=\"Nimeline piiramata golfiauto kasutuse hooaja pakett 2026 klubiliikmele. Pakett kehtib \u00fchele nimetatud kasutajale. Kasutajat ei saa vahetada. Paketti ei saa vahetada \u00fcksikuteks piletiteks v\u00f5i m\u00e4\u00e4rata erinevat kasutajat peale kasutama hakkamist. Paketi kasutaja m\u00e4\u00e4rab ostja enne paketi kasutama hakkamist. Teenus tuleb ette broneerida Caddiemasteris info@otepaagolf.com, 56200115.\" \/>\n<meta property=\"og:url\" content=\"https:\/\/otepaagolf.com\/fi\/product\/clubcar-manguoigus-boonus-bagihoiu-pakett-2024\/\" \/>\n<meta property=\"og:site_name\" content=\"Otep\u00e4\u00e4 Golf &amp; Country Club\" \/>\n<meta property=\"og:image\" content=\"https:\/\/otepaagolf.com\/wp-content\/uploads\/2025\/08\/TG-25-158.jpg\" \/>\n\t<meta property=\"og:image:width\" content=\"1500\" \/>\n\t<meta property=\"og:image:height\" content=\"1000\" \/>\n\t<meta property=\"og:image:type\" content=\"image\/jpeg\" \/>\n<meta name=\"twitter:card\" content=\"summary_large_image\" \/>\n<meta name=\"twitter:label1\" content=\"Arvioitu lukuaika\" \/>\n\t<meta name=\"twitter:data1\" content=\"1 minuutti\" \/>\n<script type=\"application\/ld+json\" class=\"yoast-schema-graph\">{\"@context\":\"https:\/\/schema.org\",\"@graph\":[{\"@type\":\"WebPage\",\"@id\":\"https:\/\/otepaagolf.com\/fi\/product\/clubcar-manguoigus-boonus-bagihoiu-pakett-2024\/\",\"url\":\"https:\/\/otepaagolf.com\/fi\/product\/clubcar-manguoigus-boonus-bagihoiu-pakett-2024\/\",\"name\":\"GOLFIAUTO HOOAJAPAKETT Klubiliikmele - Otep\u00e4\u00e4 Golf &amp; Country Club\",\"isPartOf\":{\"@id\":\"https:\/\/otepaagolf.com\/fi\/#website\"},\"primaryImageOfPage\":{\"@id\":\"https:\/\/otepaagolf.com\/fi\/product\/clubcar-manguoigus-boonus-bagihoiu-pakett-2024\/#primaryimage\"},\"image\":{\"@id\":\"https:\/\/otepaagolf.com\/fi\/product\/clubcar-manguoigus-boonus-bagihoiu-pakett-2024\/#primaryimage\"},\"thumbnailUrl\":\"https:\/\/otepaagolf.com\/wp-content\/uploads\/2025\/08\/TG-25-158.jpg\",\"datePublished\":\"2026-02-03T11:41:35+00:00\",\"breadcrumb\":{\"@id\":\"https:\/\/otepaagolf.com\/fi\/product\/clubcar-manguoigus-boonus-bagihoiu-pakett-2024\/#breadcrumb\"},\"inLanguage\":\"fi\",\"potentialAction\":[{\"@type\":\"ReadAction\",\"target\":[\"https:\/\/otepaagolf.com\/fi\/product\/clubcar-manguoigus-boonus-bagihoiu-pakett-2024\/\"]}]},{\"@type\":\"ImageObject\",\"inLanguage\":\"fi\",\"@id\":\"https:\/\/otepaagolf.com\/fi\/product\/clubcar-manguoigus-boonus-bagihoiu-pakett-2024\/#primaryimage\",\"url\":\"https:\/\/otepaagolf.com\/wp-content\/uploads\/2025\/08\/TG-25-158.jpg\",\"contentUrl\":\"https:\/\/otepaagolf.com\/wp-content\/uploads\/2025\/08\/TG-25-158.jpg\",\"width\":1500,\"height\":1000},{\"@type\":\"BreadcrumbList\",\"@id\":\"https:\/\/otepaagolf.com\/fi\/product\/clubcar-manguoigus-boonus-bagihoiu-pakett-2024\/#breadcrumb\",\"itemListElement\":[{\"@type\":\"ListItem\",\"position\":1,\"name\":\"Home\",\"item\":\"https:\/\/otepaagolf.com\/fi\/\"},{\"@type\":\"ListItem\",\"position\":2,\"name\":\"E-POOD\",\"item\":\"https:\/\/otepaagolf.com\/pood\/\"},{\"@type\":\"ListItem\",\"position\":3,\"name\":\"GOLFIAUTO HOOAJAPAKETT Klubiliikmele\"}]},{\"@type\":\"WebSite\",\"@id\":\"https:\/\/otepaagolf.com\/fi\/#website\",\"url\":\"https:\/\/otepaagolf.com\/fi\/\",\"name\":\"Otep\u00e4\u00e4 Golf &amp; Country Club\",\"description\":\"T\u00e4ism\u00f5\u00f5tmeline golfiv\u00e4ljak 18-holes PAR73\",\"publisher\":{\"@id\":\"https:\/\/otepaagolf.com\/fi\/#organization\"},\"potentialAction\":[{\"@type\":\"SearchAction\",\"target\":{\"@type\":\"EntryPoint\",\"urlTemplate\":\"https:\/\/otepaagolf.com\/fi\/?s={search_term_string}\"},\"query-input\":{\"@type\":\"PropertyValueSpecification\",\"valueRequired\":true,\"valueName\":\"search_term_string\"}}],\"inLanguage\":\"fi\"},{\"@type\":\"Organization\",\"@id\":\"https:\/\/otepaagolf.com\/fi\/#organization\",\"name\":\"Otep\u00e4\u00e4 Golf &amp; Country Club\",\"url\":\"https:\/\/otepaagolf.com\/fi\/\",\"logo\":{\"@type\":\"ImageObject\",\"inLanguage\":\"fi\",\"@id\":\"https:\/\/otepaagolf.com\/fi\/#\/schema\/logo\/image\/\",\"url\":\"https:\/\/otepaagolf.com\/wp-content\/uploads\/2021\/10\/OGCC_web_pais.png\",\"contentUrl\":\"https:\/\/otepaagolf.com\/wp-content\/uploads\/2021\/10\/OGCC_web_pais.png\",\"width\":1368,\"height\":541,\"caption\":\"Otep\u00e4\u00e4 Golf &amp; Country Club\"},\"image\":{\"@id\":\"https:\/\/otepaagolf.com\/fi\/#\/schema\/logo\/image\/\"}}]}<\/script>\n<!-- \/ Yoast SEO plugin. -->","yoast_head_json":{"title":"GOLFIAUTO HOOAJAPAKETT Klubiliikmele - Otep\u00e4\u00e4 Golf &amp; Country Club","robots":{"index":"index","follow":"follow","max-snippet":"max-snippet:-1","max-image-preview":"max-image-preview:large","max-video-preview":"max-video-preview:-1"},"canonical":"https:\/\/otepaagolf.com\/fi\/product\/clubcar-manguoigus-boonus-bagihoiu-pakett-2024\/","og_locale":"fi_FI","og_type":"article","og_title":"GOLFIAUTO HOOAJAPAKETT Klubiliikmele - Otep\u00e4\u00e4 Golf &amp; Country Club","og_description":"Nimeline piiramata golfiauto kasutuse hooaja pakett 2026 klubiliikmele. Pakett kehtib \u00fchele nimetatud kasutajale. Kasutajat ei saa vahetada. Paketti ei saa vahetada \u00fcksikuteks piletiteks v\u00f5i m\u00e4\u00e4rata erinevat kasutajat peale kasutama hakkamist. Paketi kasutaja m\u00e4\u00e4rab ostja enne paketi kasutama hakkamist. Teenus tuleb ette broneerida Caddiemasteris info@otepaagolf.com, 56200115.","og_url":"https:\/\/otepaagolf.com\/fi\/product\/clubcar-manguoigus-boonus-bagihoiu-pakett-2024\/","og_site_name":"Otep\u00e4\u00e4 Golf &amp; Country Club","og_image":[{"width":1500,"height":1000,"url":"https:\/\/otepaagolf.com\/wp-content\/uploads\/2025\/08\/TG-25-158.jpg","type":"image\/jpeg"}],"twitter_card":"summary_large_image","twitter_misc":{"Arvioitu lukuaika":"1 minuutti"},"schema":{"@context":"https:\/\/schema.org","@graph":[{"@type":"WebPage","@id":"https:\/\/otepaagolf.com\/fi\/product\/clubcar-manguoigus-boonus-bagihoiu-pakett-2024\/","url":"https:\/\/otepaagolf.com\/fi\/product\/clubcar-manguoigus-boonus-bagihoiu-pakett-2024\/","name":"GOLFIAUTO HOOAJAPAKETT Klubiliikmele - Otep\u00e4\u00e4 Golf &amp; Country Club","isPartOf":{"@id":"https:\/\/otepaagolf.com\/fi\/#website"},"primaryImageOfPage":{"@id":"https:\/\/otepaagolf.com\/fi\/product\/clubcar-manguoigus-boonus-bagihoiu-pakett-2024\/#primaryimage"},"image":{"@id":"https:\/\/otepaagolf.com\/fi\/product\/clubcar-manguoigus-boonus-bagihoiu-pakett-2024\/#primaryimage"},"thumbnailUrl":"https:\/\/otepaagolf.com\/wp-content\/uploads\/2025\/08\/TG-25-158.jpg","datePublished":"2026-02-03T11:41:35+00:00","breadcrumb":{"@id":"https:\/\/otepaagolf.com\/fi\/product\/clubcar-manguoigus-boonus-bagihoiu-pakett-2024\/#breadcrumb"},"inLanguage":"fi","potentialAction":[{"@type":"ReadAction","target":["https:\/\/otepaagolf.com\/fi\/product\/clubcar-manguoigus-boonus-bagihoiu-pakett-2024\/"]}]},{"@type":"ImageObject","inLanguage":"fi","@id":"https:\/\/otepaagolf.com\/fi\/product\/clubcar-manguoigus-boonus-bagihoiu-pakett-2024\/#primaryimage","url":"https:\/\/otepaagolf.com\/wp-content\/uploads\/2025\/08\/TG-25-158.jpg","contentUrl":"https:\/\/otepaagolf.com\/wp-content\/uploads\/2025\/08\/TG-25-158.jpg","width":1500,"height":1000},{"@type":"BreadcrumbList","@id":"https:\/\/otepaagolf.com\/fi\/product\/clubcar-manguoigus-boonus-bagihoiu-pakett-2024\/#breadcrumb","itemListElement":[{"@type":"ListItem","position":1,"name":"Home","item":"https:\/\/otepaagolf.com\/fi\/"},{"@type":"ListItem","position":2,"name":"E-POOD","item":"https:\/\/otepaagolf.com\/pood\/"},{"@type":"ListItem","position":3,"name":"GOLFIAUTO HOOAJAPAKETT Klubiliikmele"}]},{"@type":"WebSite","@id":"https:\/\/otepaagolf.com\/fi\/#website","url":"https:\/\/otepaagolf.com\/fi\/","name":"Otep\u00e4\u00e4 Golf &amp; Country Club","description":"T\u00e4ism\u00f5\u00f5tmeline golfiv\u00e4ljak 18-holes PAR73","publisher":{"@id":"https:\/\/otepaagolf.com\/fi\/#organization"},"potentialAction":[{"@type":"SearchAction","target":{"@type":"EntryPoint","urlTemplate":"https:\/\/otepaagolf.com\/fi\/?s={search_term_string}"},"query-input":{"@type":"PropertyValueSpecification","valueRequired":true,"valueName":"search_term_string"}}],"inLanguage":"fi"},{"@type":"Organization","@id":"https:\/\/otepaagolf.com\/fi\/#organization","name":"Otep\u00e4\u00e4 Golf &amp; Country Club","url":"https:\/\/otepaagolf.com\/fi\/","logo":{"@type":"ImageObject","inLanguage":"fi","@id":"https:\/\/otepaagolf.com\/fi\/#\/schema\/logo\/image\/","url":"https:\/\/otepaagolf.com\/wp-content\/uploads\/2021\/10\/OGCC_web_pais.png","contentUrl":"https:\/\/otepaagolf.com\/wp-content\/uploads\/2021\/10\/OGCC_web_pais.png","width":1368,"height":541,"caption":"Otep\u00e4\u00e4 Golf &amp; Country Club"},"image":{"@id":"https:\/\/otepaagolf.com\/fi\/#\/schema\/logo\/image\/"}}]}},"publishpress_future_workflow_manual_trigger":{"enabledWorkflows":[]},"_links":{"self":[{"href":"https:\/\/otepaagolf.com\/fi\/wp-json\/wp\/v2\/product\/16895","targetHints":{"allow":["GET"]}}],"collection":[{"href":"https:\/\/otepaagolf.com\/fi\/wp-json\/wp\/v2\/product"}],"about":[{"href":"https:\/\/otepaagolf.com\/fi\/wp-json\/wp\/v2\/types\/product"}],"version-history":[{"count":4,"href":"https:\/\/otepaagolf.com\/fi\/wp-json\/wp\/v2\/product\/16895\/revisions"}],"predecessor-version":[{"id":22898,"href":"https:\/\/otepaagolf.com\/fi\/wp-json\/wp\/v2\/product\/16895\/revisions\/22898"}],"wp:featuredmedia":[{"embeddable":true,"href":"https:\/\/otepaagolf.com\/fi\/wp-json\/wp\/v2\/media\/20991"}],"wp:attachment":[{"href":"https:\/\/otepaagolf.com\/fi\/wp-json\/wp\/v2\/media?parent=16895"}],"wp:term":[{"taxonomy":"product_brand","embeddable":true,"href":"https:\/\/otepaagolf.com\/fi\/wp-json\/wp\/v2\/product_brand?post=16895"},{"taxonomy":"product_cat","embeddable":true,"href":"https:\/\/otepaagolf.com\/fi\/wp-json\/wp\/v2\/product_cat?post=16895"},{"taxonomy":"product_tag","embeddable":true,"href":"https:\/\/otepaagolf.com\/fi\/wp-json\/wp\/v2\/product_tag?post=16895"}],"curies":[{"name":"wp","href":"https:\/\/api.w.org\/{rel}","templated":true}]}}