{"id":19088,"date":"2025-04-23T22:45:28","date_gmt":"2025-04-23T19:45:28","guid":{"rendered":"https:\/\/otepaagolf.com\/?post_type=product&#038;p=19088"},"modified":"2025-04-23T22:48:52","modified_gmt":"2025-04-23T19:48:52","slug":"green-card-family","status":"publish","type":"product","link":"https:\/\/otepaagolf.com\/fi\/product\/green-card-family\/","title":{"rendered":"GREEN CARD FAMILY"},"content":{"rendered":"<p><strong>ESTO DEAL<\/strong><\/p>\n<p>GREEN CARD &#8211; FAMILY<\/p>\n<p>2 p\u00e4eva alg\u00f5pe 2 + kuni 3 juuniorit (tavahind kehtib 2+2 perele)<br \/>\n30 p\u00e4eva m\u00e4ngu\u00f5igus<br \/>\n4 grupitreeningut<\/p>\n<p><strong>Sisaldab:<\/strong><\/p>\n<ul>\n<li>Green Cardi alg\u00f5pe, 2 p\u00e4eva<\/li>\n<li>varustuse kasutamine kursuse jooksul<\/li>\n<li>30 p\u00e4eva m\u00e4ngu\u00f5igus<\/li>\n<li>varustuse kasutamine, 30 p\u00e4eva jooksul<\/li>\n<li>1 korv harjutuspalle p\u00e4eva kohta, 30 p\u00e4eva jooksul<\/li>\n<li>2 m\u00e4nguringi koos mentoriga, 9 rada<\/li>\n<li>kandidaatliikmelisus (HCP arvestus)<\/li>\n<li>4 grupitreeningut<\/li>\n<\/ul>\n<p>2 t\u00e4iskasvanut ja kuni 3\u00a0juuniorit (6-18 a.) 589 \u20ac (klubiliikme hinnaga 500 \u20ac)<\/p>\n<p><strong>Lisainfo:<\/strong><\/p>\n<p>Klubiliikmeks saades naudid p\u00fcsisoodustusi golfikeskuses ja proshopis. Soovi korral saad t\u00e4ita avalduse veebilehel men\u00fc\u00fc all <a href=\"https:\/\/otepaagolf.com\/klubi\/\" target=\"_blank\" rel=\"noopener\">KLUBI<\/a> ja alustaja hooaja liikmemaks on 0\u20ac.<\/p>\n","protected":false},"excerpt":{"rendered":"<p>ESTO DEAL GREEN CARD &#8211; FAMILY 2 p\u00e4eva alg\u00f5pe 2 + kuni 3 juuniorit (tavahind kehtib 2+2 perele) 30 p\u00e4eva m\u00e4ngu\u00f5igus 4 grupitreeningut Sisaldab: Green Cardi alg\u00f5pe, 2 p\u00e4eva varustuse kasutamine kursuse jooksul 30 p\u00e4eva m\u00e4ngu\u00f5igus varustuse kasutamine, 30 p\u00e4eva jooksul 1 korv harjutuspalle p\u00e4eva kohta, 30 p\u00e4eva jooksul 2 m\u00e4nguringi koos mentoriga, 9 rada [&hellip;]<\/p>\n","protected":false},"featured_media":19040,"template":"","meta":{"_acf_changed":false,"_improvement_type_select":"improve_an_existing","_thumb_yes_seoaic":false,"_frame_yes_seoaic":false,"seoaic_generate_description":"","seoaic_improve_instructions_prompt":"","seoaic_rollback_content_improvement":"","seoaic_idea_thumbnail_generator":"","thumbnail_generated":false,"thumbnail_generate_prompt":"","seoaic_article_description":""},"product_brand":[],"product_cat":[30,100],"product_tag":[],"class_list":{"0":"post-19088","1":"product","2":"type-product","3":"status-publish","4":"has-post-thumbnail","6":"product_cat-pakkumised","7":"product_cat-esto-deal","9":"first","10":"instock","11":"purchasable","12":"product-type-variable","13":"has-default-attributes"},"acf":[],"gallery_images":[],"yoast_head":"<!-- This site is optimized with the Yoast SEO plugin v26.8 - https:\/\/yoast.com\/product\/yoast-seo-wordpress\/ -->\n<title>GREEN CARD FAMILY - Otep\u00e4\u00e4 Golf &amp; Country Club<\/title>\n<meta name=\"robots\" content=\"index, follow, max-snippet:-1, max-image-preview:large, max-video-preview:-1\" \/>\n<link rel=\"canonical\" href=\"https:\/\/otepaagolf.com\/fi\/product\/green-card-family\/\" \/>\n<meta property=\"og:locale\" content=\"fi_FI\" \/>\n<meta property=\"og:type\" content=\"article\" \/>\n<meta property=\"og:title\" content=\"GREEN CARD FAMILY - Otep\u00e4\u00e4 Golf &amp; Country Club\" \/>\n<meta property=\"og:description\" content=\"ESTO DEAL GREEN CARD &#8211; FAMILY 2 p\u00e4eva alg\u00f5pe 2 + kuni 3 juuniorit (tavahind kehtib 2+2 perele) 30 p\u00e4eva m\u00e4ngu\u00f5igus 4 grupitreeningut Sisaldab: Green Cardi alg\u00f5pe, 2 p\u00e4eva varustuse kasutamine kursuse jooksul 30 p\u00e4eva m\u00e4ngu\u00f5igus varustuse kasutamine, 30 p\u00e4eva jooksul 1 korv harjutuspalle p\u00e4eva kohta, 30 p\u00e4eva jooksul 2 m\u00e4nguringi koos mentoriga, 9 rada [&hellip;]\" \/>\n<meta property=\"og:url\" content=\"https:\/\/otepaagolf.com\/fi\/product\/green-card-family\/\" \/>\n<meta property=\"og:site_name\" content=\"Otep\u00e4\u00e4 Golf &amp; Country Club\" \/>\n<meta property=\"article:modified_time\" content=\"2025-04-23T19:48:52+00:00\" \/>\n<meta property=\"og:image\" content=\"https:\/\/otepaagolf.com\/wp-content\/uploads\/2025\/04\/Placeholder_image-\u2013-21.png\" \/>\n\t<meta property=\"og:image:width\" content=\"1080\" \/>\n\t<meta property=\"og:image:height\" content=\"1080\" \/>\n\t<meta property=\"og:image:type\" content=\"image\/png\" \/>\n<meta name=\"twitter:card\" content=\"summary_large_image\" \/>\n<meta name=\"twitter:label1\" content=\"Arvioitu lukuaika\" \/>\n\t<meta name=\"twitter:data1\" content=\"1 minuutti\" \/>\n<script type=\"application\/ld+json\" class=\"yoast-schema-graph\">{\"@context\":\"https:\/\/schema.org\",\"@graph\":[{\"@type\":\"WebPage\",\"@id\":\"https:\/\/otepaagolf.com\/fi\/product\/green-card-family\/\",\"url\":\"https:\/\/otepaagolf.com\/fi\/product\/green-card-family\/\",\"name\":\"GREEN CARD FAMILY - Otep\u00e4\u00e4 Golf &amp; Country Club\",\"isPartOf\":{\"@id\":\"https:\/\/otepaagolf.com\/fi\/#website\"},\"primaryImageOfPage\":{\"@id\":\"https:\/\/otepaagolf.com\/fi\/product\/green-card-family\/#primaryimage\"},\"image\":{\"@id\":\"https:\/\/otepaagolf.com\/fi\/product\/green-card-family\/#primaryimage\"},\"thumbnailUrl\":\"https:\/\/otepaagolf.com\/wp-content\/uploads\/2025\/04\/Placeholder_image-\u2013-21.png\",\"datePublished\":\"2025-04-23T19:45:28+00:00\",\"dateModified\":\"2025-04-23T19:48:52+00:00\",\"breadcrumb\":{\"@id\":\"https:\/\/otepaagolf.com\/fi\/product\/green-card-family\/#breadcrumb\"},\"inLanguage\":\"fi\",\"potentialAction\":[{\"@type\":\"ReadAction\",\"target\":[\"https:\/\/otepaagolf.com\/fi\/product\/green-card-family\/\"]}]},{\"@type\":\"ImageObject\",\"inLanguage\":\"fi\",\"@id\":\"https:\/\/otepaagolf.com\/fi\/product\/green-card-family\/#primaryimage\",\"url\":\"https:\/\/otepaagolf.com\/wp-content\/uploads\/2025\/04\/Placeholder_image-\u2013-21.png\",\"contentUrl\":\"https:\/\/otepaagolf.com\/wp-content\/uploads\/2025\/04\/Placeholder_image-\u2013-21.png\",\"width\":1080,\"height\":1080},{\"@type\":\"BreadcrumbList\",\"@id\":\"https:\/\/otepaagolf.com\/fi\/product\/green-card-family\/#breadcrumb\",\"itemListElement\":[{\"@type\":\"ListItem\",\"position\":1,\"name\":\"Home\",\"item\":\"https:\/\/otepaagolf.com\/fi\/\"},{\"@type\":\"ListItem\",\"position\":2,\"name\":\"E-POOD\",\"item\":\"https:\/\/otepaagolf.com\/pood\/\"},{\"@type\":\"ListItem\",\"position\":3,\"name\":\"GREEN CARD FAMILY\"}]},{\"@type\":\"WebSite\",\"@id\":\"https:\/\/otepaagolf.com\/fi\/#website\",\"url\":\"https:\/\/otepaagolf.com\/fi\/\",\"name\":\"Otep\u00e4\u00e4 Golf &amp; Country Club\",\"description\":\"T\u00e4ism\u00f5\u00f5tmeline golfiv\u00e4ljak 18-holes PAR73\",\"publisher\":{\"@id\":\"https:\/\/otepaagolf.com\/fi\/#organization\"},\"potentialAction\":[{\"@type\":\"SearchAction\",\"target\":{\"@type\":\"EntryPoint\",\"urlTemplate\":\"https:\/\/otepaagolf.com\/fi\/?s={search_term_string}\"},\"query-input\":{\"@type\":\"PropertyValueSpecification\",\"valueRequired\":true,\"valueName\":\"search_term_string\"}}],\"inLanguage\":\"fi\"},{\"@type\":\"Organization\",\"@id\":\"https:\/\/otepaagolf.com\/fi\/#organization\",\"name\":\"Otep\u00e4\u00e4 Golf &amp; Country Club\",\"url\":\"https:\/\/otepaagolf.com\/fi\/\",\"logo\":{\"@type\":\"ImageObject\",\"inLanguage\":\"fi\",\"@id\":\"https:\/\/otepaagolf.com\/fi\/#\/schema\/logo\/image\/\",\"url\":\"https:\/\/otepaagolf.com\/wp-content\/uploads\/2021\/10\/OGCC_web_pais.png\",\"contentUrl\":\"https:\/\/otepaagolf.com\/wp-content\/uploads\/2021\/10\/OGCC_web_pais.png\",\"width\":1368,\"height\":541,\"caption\":\"Otep\u00e4\u00e4 Golf &amp; Country Club\"},\"image\":{\"@id\":\"https:\/\/otepaagolf.com\/fi\/#\/schema\/logo\/image\/\"}}]}<\/script>\n<!-- \/ Yoast SEO plugin. -->","yoast_head_json":{"title":"GREEN CARD FAMILY - Otep\u00e4\u00e4 Golf &amp; Country Club","robots":{"index":"index","follow":"follow","max-snippet":"max-snippet:-1","max-image-preview":"max-image-preview:large","max-video-preview":"max-video-preview:-1"},"canonical":"https:\/\/otepaagolf.com\/fi\/product\/green-card-family\/","og_locale":"fi_FI","og_type":"article","og_title":"GREEN CARD FAMILY - Otep\u00e4\u00e4 Golf &amp; Country Club","og_description":"ESTO DEAL GREEN CARD &#8211; FAMILY 2 p\u00e4eva alg\u00f5pe 2 + kuni 3 juuniorit (tavahind kehtib 2+2 perele) 30 p\u00e4eva m\u00e4ngu\u00f5igus 4 grupitreeningut Sisaldab: Green Cardi alg\u00f5pe, 2 p\u00e4eva varustuse kasutamine kursuse jooksul 30 p\u00e4eva m\u00e4ngu\u00f5igus varustuse kasutamine, 30 p\u00e4eva jooksul 1 korv harjutuspalle p\u00e4eva kohta, 30 p\u00e4eva jooksul 2 m\u00e4nguringi koos mentoriga, 9 rada [&hellip;]","og_url":"https:\/\/otepaagolf.com\/fi\/product\/green-card-family\/","og_site_name":"Otep\u00e4\u00e4 Golf &amp; Country Club","article_modified_time":"2025-04-23T19:48:52+00:00","og_image":[{"width":1080,"height":1080,"url":"https:\/\/otepaagolf.com\/wp-content\/uploads\/2025\/04\/Placeholder_image-\u2013-21.png","type":"image\/png"}],"twitter_card":"summary_large_image","twitter_misc":{"Arvioitu lukuaika":"1 minuutti"},"schema":{"@context":"https:\/\/schema.org","@graph":[{"@type":"WebPage","@id":"https:\/\/otepaagolf.com\/fi\/product\/green-card-family\/","url":"https:\/\/otepaagolf.com\/fi\/product\/green-card-family\/","name":"GREEN CARD FAMILY - Otep\u00e4\u00e4 Golf &amp; Country Club","isPartOf":{"@id":"https:\/\/otepaagolf.com\/fi\/#website"},"primaryImageOfPage":{"@id":"https:\/\/otepaagolf.com\/fi\/product\/green-card-family\/#primaryimage"},"image":{"@id":"https:\/\/otepaagolf.com\/fi\/product\/green-card-family\/#primaryimage"},"thumbnailUrl":"https:\/\/otepaagolf.com\/wp-content\/uploads\/2025\/04\/Placeholder_image-\u2013-21.png","datePublished":"2025-04-23T19:45:28+00:00","dateModified":"2025-04-23T19:48:52+00:00","breadcrumb":{"@id":"https:\/\/otepaagolf.com\/fi\/product\/green-card-family\/#breadcrumb"},"inLanguage":"fi","potentialAction":[{"@type":"ReadAction","target":["https:\/\/otepaagolf.com\/fi\/product\/green-card-family\/"]}]},{"@type":"ImageObject","inLanguage":"fi","@id":"https:\/\/otepaagolf.com\/fi\/product\/green-card-family\/#primaryimage","url":"https:\/\/otepaagolf.com\/wp-content\/uploads\/2025\/04\/Placeholder_image-\u2013-21.png","contentUrl":"https:\/\/otepaagolf.com\/wp-content\/uploads\/2025\/04\/Placeholder_image-\u2013-21.png","width":1080,"height":1080},{"@type":"BreadcrumbList","@id":"https:\/\/otepaagolf.com\/fi\/product\/green-card-family\/#breadcrumb","itemListElement":[{"@type":"ListItem","position":1,"name":"Home","item":"https:\/\/otepaagolf.com\/fi\/"},{"@type":"ListItem","position":2,"name":"E-POOD","item":"https:\/\/otepaagolf.com\/pood\/"},{"@type":"ListItem","position":3,"name":"GREEN CARD FAMILY"}]},{"@type":"WebSite","@id":"https:\/\/otepaagolf.com\/fi\/#website","url":"https:\/\/otepaagolf.com\/fi\/","name":"Otep\u00e4\u00e4 Golf &amp; Country Club","description":"T\u00e4ism\u00f5\u00f5tmeline golfiv\u00e4ljak 18-holes PAR73","publisher":{"@id":"https:\/\/otepaagolf.com\/fi\/#organization"},"potentialAction":[{"@type":"SearchAction","target":{"@type":"EntryPoint","urlTemplate":"https:\/\/otepaagolf.com\/fi\/?s={search_term_string}"},"query-input":{"@type":"PropertyValueSpecification","valueRequired":true,"valueName":"search_term_string"}}],"inLanguage":"fi"},{"@type":"Organization","@id":"https:\/\/otepaagolf.com\/fi\/#organization","name":"Otep\u00e4\u00e4 Golf &amp; Country Club","url":"https:\/\/otepaagolf.com\/fi\/","logo":{"@type":"ImageObject","inLanguage":"fi","@id":"https:\/\/otepaagolf.com\/fi\/#\/schema\/logo\/image\/","url":"https:\/\/otepaagolf.com\/wp-content\/uploads\/2021\/10\/OGCC_web_pais.png","contentUrl":"https:\/\/otepaagolf.com\/wp-content\/uploads\/2021\/10\/OGCC_web_pais.png","width":1368,"height":541,"caption":"Otep\u00e4\u00e4 Golf &amp; Country Club"},"image":{"@id":"https:\/\/otepaagolf.com\/fi\/#\/schema\/logo\/image\/"}}]}},"publishpress_future_workflow_manual_trigger":{"enabledWorkflows":[]},"_links":{"self":[{"href":"https:\/\/otepaagolf.com\/fi\/wp-json\/wp\/v2\/product\/19088","targetHints":{"allow":["GET"]}}],"collection":[{"href":"https:\/\/otepaagolf.com\/fi\/wp-json\/wp\/v2\/product"}],"about":[{"href":"https:\/\/otepaagolf.com\/fi\/wp-json\/wp\/v2\/types\/product"}],"version-history":[{"count":1,"href":"https:\/\/otepaagolf.com\/fi\/wp-json\/wp\/v2\/product\/19088\/revisions"}],"predecessor-version":[{"id":19094,"href":"https:\/\/otepaagolf.com\/fi\/wp-json\/wp\/v2\/product\/19088\/revisions\/19094"}],"wp:featuredmedia":[{"embeddable":true,"href":"https:\/\/otepaagolf.com\/fi\/wp-json\/wp\/v2\/media\/19040"}],"wp:attachment":[{"href":"https:\/\/otepaagolf.com\/fi\/wp-json\/wp\/v2\/media?parent=19088"}],"wp:term":[{"taxonomy":"product_brand","embeddable":true,"href":"https:\/\/otepaagolf.com\/fi\/wp-json\/wp\/v2\/product_brand?post=19088"},{"taxonomy":"product_cat","embeddable":true,"href":"https:\/\/otepaagolf.com\/fi\/wp-json\/wp\/v2\/product_cat?post=19088"},{"taxonomy":"product_tag","embeddable":true,"href":"https:\/\/otepaagolf.com\/fi\/wp-json\/wp\/v2\/product_tag?post=19088"}],"curies":[{"name":"wp","href":"https:\/\/api.w.org\/{rel}","templated":true}]}}