{"id":19095,"date":"2025-04-23T22:49:20","date_gmt":"2025-04-23T19:49:20","guid":{"rendered":"https:\/\/otepaagolf.com\/?post_type=product&#038;p=19095"},"modified":"2025-09-03T10:38:49","modified_gmt":"2025-09-03T07:38:49","slug":"alustaja-hooaja-executive-pakett-1-tase","status":"publish","type":"product","link":"https:\/\/otepaagolf.com\/fi\/product\/alustaja-hooaja-executive-pakett-1-tase\/","title":{"rendered":"2026 ALUSTAJA HOOAJA EXECUTIVE PAKETT, 1.TASE"},"content":{"rendered":"<p><strong>ESTO DEAL<\/strong><\/p>\n<p><strong>EXECUTIVE SEASON<br \/>\nALUSTAJA HOOAJA EXECUTIVE PAKETT, 1.TASE\u00a0\u00a0 <\/strong><\/p>\n<p>2 p\u00e4eva alg\u00f5pe GREEN CARD<br \/>\n2026 hooaja piiramata m\u00e4ngu\u00f5igus<br \/>\n4 alustaja grupitreeningut<br \/>\nalustajate 9-raja \u00f5ppev\u00f5istluste sari (v.a finaal)<br \/>\nKOMPLEKTIS Uus Spalding Executive golfivarustus<\/p>\n<p><strong>Sisaldab:<\/strong><\/p>\n<ul>\n<li>Green Cardi alg\u00f5pe, 2 p\u00e4eva<\/li>\n<li>Isiklik golfivarustuse komplekt Spalding Executive*<\/li>\n<li>hooajaline m\u00e4ngu\u00f5igus<\/li>\n<li>vajadusel ka varustuse kasutamine isikliku varustuse tellimise ajaks, 30 p\u00e4eva jooksul<\/li>\n<li>1 korv harjutuspalle p\u00e4eva kohta, 30 p\u00e4eva jooksul<\/li>\n<li>2 m\u00e4nguringi koos mentoriga, 9 rada<\/li>\n<li>4 grupitreeningut<\/li>\n<li>alustajate 9-raja \u00f5ppev\u00f5istluste sari (v.a finaal)<\/li>\n<\/ul>\n<p>* varustuse saadavus v\u00f5ib muutuda hooaja jooksul, komplektis on Spalding Executive v\u00f5i samav\u00e4\u00e4rne teise br\u00e4ndi meeste \/ naiste alustaja golfisett parema v\u00f5i vasakuk\u00e4elisele golfarile<\/p>\n<p>t\u00e4iskasvanu 1050 \u20ac (klubiliikme hinnaga 950 \u20ac)<\/p>\n<p><strong>Lisainfo:<\/strong><\/p>\n<p>Klubiliikmeks saades naudid p\u00fcsisoodustusi golfikeskuses ja proshopis. Soovi korral saad t\u00e4ita avalduse veebilehel men\u00fc\u00fc all <a href=\"https:\/\/otepaagolf.com\/klubi\/\" target=\"_blank\" rel=\"noopener\">KLUBI<\/a> ja alustaja hooaja liikmemaks on 0\u20ac.<\/p>\n","protected":false},"excerpt":{"rendered":"<p>ESTO DEAL EXECUTIVE SEASON ALUSTAJA HOOAJA EXECUTIVE PAKETT, 1.TASE\u00a0\u00a0 2 p\u00e4eva alg\u00f5pe GREEN CARD 2026 hooaja piiramata m\u00e4ngu\u00f5igus 4 alustaja grupitreeningut alustajate 9-raja \u00f5ppev\u00f5istluste sari (v.a finaal) KOMPLEKTIS Uus Spalding Executive golfivarustus Sisaldab: Green Cardi alg\u00f5pe, 2 p\u00e4eva Isiklik golfivarustuse komplekt Spalding Executive* hooajaline m\u00e4ngu\u00f5igus vajadusel ka varustuse kasutamine isikliku varustuse tellimise ajaks, 30 p\u00e4eva [&hellip;]<\/p>\n","protected":false},"featured_media":19040,"template":"","meta":{"_acf_changed":false,"_improvement_type_select":"improve_an_existing","_thumb_yes_seoaic":false,"_frame_yes_seoaic":false,"seoaic_generate_description":"","seoaic_improve_instructions_prompt":"","seoaic_rollback_content_improvement":"","seoaic_idea_thumbnail_generator":"","thumbnail_generated":false,"thumbnail_generate_prompt":"","seoaic_article_description":""},"product_brand":[],"product_cat":[30,100,35],"product_tag":[],"class_list":{"0":"post-19095","1":"product","2":"type-product","3":"status-publish","4":"has-post-thumbnail","6":"product_cat-pakkumised","7":"product_cat-esto-deal","8":"product_cat-alustajale","10":"first","11":"instock","12":"purchasable","13":"product-type-variable"},"acf":[],"gallery_images":[],"yoast_head":"<!-- This site is optimized with the Yoast SEO plugin v26.8 - https:\/\/yoast.com\/product\/yoast-seo-wordpress\/ -->\n<title>2026 ALUSTAJA HOOAJA EXECUTIVE PAKETT, 1.TASE - Otep\u00e4\u00e4 Golf &amp; Country Club<\/title>\n<meta name=\"robots\" content=\"index, follow, max-snippet:-1, max-image-preview:large, max-video-preview:-1\" \/>\n<link rel=\"canonical\" href=\"https:\/\/otepaagolf.com\/fi\/product\/alustaja-hooaja-executive-pakett-1-tase\/\" \/>\n<meta property=\"og:locale\" content=\"fi_FI\" \/>\n<meta property=\"og:type\" content=\"article\" \/>\n<meta property=\"og:title\" content=\"2026 ALUSTAJA HOOAJA EXECUTIVE PAKETT, 1.TASE - Otep\u00e4\u00e4 Golf &amp; Country Club\" \/>\n<meta property=\"og:description\" content=\"ESTO DEAL EXECUTIVE SEASON ALUSTAJA HOOAJA EXECUTIVE PAKETT, 1.TASE\u00a0\u00a0 2 p\u00e4eva alg\u00f5pe GREEN CARD 2026 hooaja piiramata m\u00e4ngu\u00f5igus 4 alustaja grupitreeningut alustajate 9-raja \u00f5ppev\u00f5istluste sari (v.a finaal) KOMPLEKTIS Uus Spalding Executive golfivarustus Sisaldab: Green Cardi alg\u00f5pe, 2 p\u00e4eva Isiklik golfivarustuse komplekt Spalding Executive* hooajaline m\u00e4ngu\u00f5igus vajadusel ka varustuse kasutamine isikliku varustuse tellimise ajaks, 30 p\u00e4eva [&hellip;]\" \/>\n<meta property=\"og:url\" content=\"https:\/\/otepaagolf.com\/fi\/product\/alustaja-hooaja-executive-pakett-1-tase\/\" \/>\n<meta property=\"og:site_name\" content=\"Otep\u00e4\u00e4 Golf &amp; Country Club\" \/>\n<meta property=\"article:modified_time\" content=\"2025-09-03T07:38:49+00:00\" \/>\n<meta property=\"og:image\" content=\"https:\/\/otepaagolf.com\/wp-content\/uploads\/2025\/04\/Placeholder_image-\u2013-21.png\" \/>\n\t<meta property=\"og:image:width\" content=\"1080\" \/>\n\t<meta property=\"og:image:height\" content=\"1080\" \/>\n\t<meta property=\"og:image:type\" content=\"image\/png\" \/>\n<meta name=\"twitter:card\" content=\"summary_large_image\" \/>\n<meta name=\"twitter:label1\" content=\"Arvioitu lukuaika\" \/>\n\t<meta name=\"twitter:data1\" content=\"1 minuutti\" \/>\n<script type=\"application\/ld+json\" class=\"yoast-schema-graph\">{\"@context\":\"https:\/\/schema.org\",\"@graph\":[{\"@type\":\"WebPage\",\"@id\":\"https:\/\/otepaagolf.com\/fi\/product\/alustaja-hooaja-executive-pakett-1-tase\/\",\"url\":\"https:\/\/otepaagolf.com\/fi\/product\/alustaja-hooaja-executive-pakett-1-tase\/\",\"name\":\"2026 ALUSTAJA HOOAJA EXECUTIVE PAKETT, 1.TASE - Otep\u00e4\u00e4 Golf &amp; Country Club\",\"isPartOf\":{\"@id\":\"https:\/\/otepaagolf.com\/fi\/#website\"},\"primaryImageOfPage\":{\"@id\":\"https:\/\/otepaagolf.com\/fi\/product\/alustaja-hooaja-executive-pakett-1-tase\/#primaryimage\"},\"image\":{\"@id\":\"https:\/\/otepaagolf.com\/fi\/product\/alustaja-hooaja-executive-pakett-1-tase\/#primaryimage\"},\"thumbnailUrl\":\"https:\/\/otepaagolf.com\/wp-content\/uploads\/2025\/04\/Placeholder_image-\u2013-21.png\",\"datePublished\":\"2025-04-23T19:49:20+00:00\",\"dateModified\":\"2025-09-03T07:38:49+00:00\",\"breadcrumb\":{\"@id\":\"https:\/\/otepaagolf.com\/fi\/product\/alustaja-hooaja-executive-pakett-1-tase\/#breadcrumb\"},\"inLanguage\":\"fi\",\"potentialAction\":[{\"@type\":\"ReadAction\",\"target\":[\"https:\/\/otepaagolf.com\/fi\/product\/alustaja-hooaja-executive-pakett-1-tase\/\"]}]},{\"@type\":\"ImageObject\",\"inLanguage\":\"fi\",\"@id\":\"https:\/\/otepaagolf.com\/fi\/product\/alustaja-hooaja-executive-pakett-1-tase\/#primaryimage\",\"url\":\"https:\/\/otepaagolf.com\/wp-content\/uploads\/2025\/04\/Placeholder_image-\u2013-21.png\",\"contentUrl\":\"https:\/\/otepaagolf.com\/wp-content\/uploads\/2025\/04\/Placeholder_image-\u2013-21.png\",\"width\":1080,\"height\":1080},{\"@type\":\"BreadcrumbList\",\"@id\":\"https:\/\/otepaagolf.com\/fi\/product\/alustaja-hooaja-executive-pakett-1-tase\/#breadcrumb\",\"itemListElement\":[{\"@type\":\"ListItem\",\"position\":1,\"name\":\"Home\",\"item\":\"https:\/\/otepaagolf.com\/fi\/\"},{\"@type\":\"ListItem\",\"position\":2,\"name\":\"E-POOD\",\"item\":\"https:\/\/otepaagolf.com\/pood\/\"},{\"@type\":\"ListItem\",\"position\":3,\"name\":\"2026 ALUSTAJA HOOAJA EXECUTIVE PAKETT, 1.TASE\"}]},{\"@type\":\"WebSite\",\"@id\":\"https:\/\/otepaagolf.com\/fi\/#website\",\"url\":\"https:\/\/otepaagolf.com\/fi\/\",\"name\":\"Otep\u00e4\u00e4 Golf &amp; Country Club\",\"description\":\"T\u00e4ism\u00f5\u00f5tmeline golfiv\u00e4ljak 18-holes PAR73\",\"publisher\":{\"@id\":\"https:\/\/otepaagolf.com\/fi\/#organization\"},\"potentialAction\":[{\"@type\":\"SearchAction\",\"target\":{\"@type\":\"EntryPoint\",\"urlTemplate\":\"https:\/\/otepaagolf.com\/fi\/?s={search_term_string}\"},\"query-input\":{\"@type\":\"PropertyValueSpecification\",\"valueRequired\":true,\"valueName\":\"search_term_string\"}}],\"inLanguage\":\"fi\"},{\"@type\":\"Organization\",\"@id\":\"https:\/\/otepaagolf.com\/fi\/#organization\",\"name\":\"Otep\u00e4\u00e4 Golf &amp; Country Club\",\"url\":\"https:\/\/otepaagolf.com\/fi\/\",\"logo\":{\"@type\":\"ImageObject\",\"inLanguage\":\"fi\",\"@id\":\"https:\/\/otepaagolf.com\/fi\/#\/schema\/logo\/image\/\",\"url\":\"https:\/\/otepaagolf.com\/wp-content\/uploads\/2021\/10\/OGCC_web_pais.png\",\"contentUrl\":\"https:\/\/otepaagolf.com\/wp-content\/uploads\/2021\/10\/OGCC_web_pais.png\",\"width\":1368,\"height\":541,\"caption\":\"Otep\u00e4\u00e4 Golf &amp; Country Club\"},\"image\":{\"@id\":\"https:\/\/otepaagolf.com\/fi\/#\/schema\/logo\/image\/\"}}]}<\/script>\n<!-- \/ Yoast SEO plugin. -->","yoast_head_json":{"title":"2026 ALUSTAJA HOOAJA EXECUTIVE PAKETT, 1.TASE - Otep\u00e4\u00e4 Golf &amp; Country Club","robots":{"index":"index","follow":"follow","max-snippet":"max-snippet:-1","max-image-preview":"max-image-preview:large","max-video-preview":"max-video-preview:-1"},"canonical":"https:\/\/otepaagolf.com\/fi\/product\/alustaja-hooaja-executive-pakett-1-tase\/","og_locale":"fi_FI","og_type":"article","og_title":"2026 ALUSTAJA HOOAJA EXECUTIVE PAKETT, 1.TASE - Otep\u00e4\u00e4 Golf &amp; Country Club","og_description":"ESTO DEAL EXECUTIVE SEASON ALUSTAJA HOOAJA EXECUTIVE PAKETT, 1.TASE\u00a0\u00a0 2 p\u00e4eva alg\u00f5pe GREEN CARD 2026 hooaja piiramata m\u00e4ngu\u00f5igus 4 alustaja grupitreeningut alustajate 9-raja \u00f5ppev\u00f5istluste sari (v.a finaal) KOMPLEKTIS Uus Spalding Executive golfivarustus Sisaldab: Green Cardi alg\u00f5pe, 2 p\u00e4eva Isiklik golfivarustuse komplekt Spalding Executive* hooajaline m\u00e4ngu\u00f5igus vajadusel ka varustuse kasutamine isikliku varustuse tellimise ajaks, 30 p\u00e4eva [&hellip;]","og_url":"https:\/\/otepaagolf.com\/fi\/product\/alustaja-hooaja-executive-pakett-1-tase\/","og_site_name":"Otep\u00e4\u00e4 Golf &amp; Country Club","article_modified_time":"2025-09-03T07:38:49+00:00","og_image":[{"width":1080,"height":1080,"url":"https:\/\/otepaagolf.com\/wp-content\/uploads\/2025\/04\/Placeholder_image-\u2013-21.png","type":"image\/png"}],"twitter_card":"summary_large_image","twitter_misc":{"Arvioitu lukuaika":"1 minuutti"},"schema":{"@context":"https:\/\/schema.org","@graph":[{"@type":"WebPage","@id":"https:\/\/otepaagolf.com\/fi\/product\/alustaja-hooaja-executive-pakett-1-tase\/","url":"https:\/\/otepaagolf.com\/fi\/product\/alustaja-hooaja-executive-pakett-1-tase\/","name":"2026 ALUSTAJA HOOAJA EXECUTIVE PAKETT, 1.TASE - Otep\u00e4\u00e4 Golf &amp; Country Club","isPartOf":{"@id":"https:\/\/otepaagolf.com\/fi\/#website"},"primaryImageOfPage":{"@id":"https:\/\/otepaagolf.com\/fi\/product\/alustaja-hooaja-executive-pakett-1-tase\/#primaryimage"},"image":{"@id":"https:\/\/otepaagolf.com\/fi\/product\/alustaja-hooaja-executive-pakett-1-tase\/#primaryimage"},"thumbnailUrl":"https:\/\/otepaagolf.com\/wp-content\/uploads\/2025\/04\/Placeholder_image-\u2013-21.png","datePublished":"2025-04-23T19:49:20+00:00","dateModified":"2025-09-03T07:38:49+00:00","breadcrumb":{"@id":"https:\/\/otepaagolf.com\/fi\/product\/alustaja-hooaja-executive-pakett-1-tase\/#breadcrumb"},"inLanguage":"fi","potentialAction":[{"@type":"ReadAction","target":["https:\/\/otepaagolf.com\/fi\/product\/alustaja-hooaja-executive-pakett-1-tase\/"]}]},{"@type":"ImageObject","inLanguage":"fi","@id":"https:\/\/otepaagolf.com\/fi\/product\/alustaja-hooaja-executive-pakett-1-tase\/#primaryimage","url":"https:\/\/otepaagolf.com\/wp-content\/uploads\/2025\/04\/Placeholder_image-\u2013-21.png","contentUrl":"https:\/\/otepaagolf.com\/wp-content\/uploads\/2025\/04\/Placeholder_image-\u2013-21.png","width":1080,"height":1080},{"@type":"BreadcrumbList","@id":"https:\/\/otepaagolf.com\/fi\/product\/alustaja-hooaja-executive-pakett-1-tase\/#breadcrumb","itemListElement":[{"@type":"ListItem","position":1,"name":"Home","item":"https:\/\/otepaagolf.com\/fi\/"},{"@type":"ListItem","position":2,"name":"E-POOD","item":"https:\/\/otepaagolf.com\/pood\/"},{"@type":"ListItem","position":3,"name":"2026 ALUSTAJA HOOAJA EXECUTIVE PAKETT, 1.TASE"}]},{"@type":"WebSite","@id":"https:\/\/otepaagolf.com\/fi\/#website","url":"https:\/\/otepaagolf.com\/fi\/","name":"Otep\u00e4\u00e4 Golf &amp; Country Club","description":"T\u00e4ism\u00f5\u00f5tmeline golfiv\u00e4ljak 18-holes PAR73","publisher":{"@id":"https:\/\/otepaagolf.com\/fi\/#organization"},"potentialAction":[{"@type":"SearchAction","target":{"@type":"EntryPoint","urlTemplate":"https:\/\/otepaagolf.com\/fi\/?s={search_term_string}"},"query-input":{"@type":"PropertyValueSpecification","valueRequired":true,"valueName":"search_term_string"}}],"inLanguage":"fi"},{"@type":"Organization","@id":"https:\/\/otepaagolf.com\/fi\/#organization","name":"Otep\u00e4\u00e4 Golf &amp; Country Club","url":"https:\/\/otepaagolf.com\/fi\/","logo":{"@type":"ImageObject","inLanguage":"fi","@id":"https:\/\/otepaagolf.com\/fi\/#\/schema\/logo\/image\/","url":"https:\/\/otepaagolf.com\/wp-content\/uploads\/2021\/10\/OGCC_web_pais.png","contentUrl":"https:\/\/otepaagolf.com\/wp-content\/uploads\/2021\/10\/OGCC_web_pais.png","width":1368,"height":541,"caption":"Otep\u00e4\u00e4 Golf &amp; Country Club"},"image":{"@id":"https:\/\/otepaagolf.com\/fi\/#\/schema\/logo\/image\/"}}]}},"publishpress_future_workflow_manual_trigger":{"enabledWorkflows":[]},"_links":{"self":[{"href":"https:\/\/otepaagolf.com\/fi\/wp-json\/wp\/v2\/product\/19095","targetHints":{"allow":["GET"]}}],"collection":[{"href":"https:\/\/otepaagolf.com\/fi\/wp-json\/wp\/v2\/product"}],"about":[{"href":"https:\/\/otepaagolf.com\/fi\/wp-json\/wp\/v2\/types\/product"}],"version-history":[{"count":3,"href":"https:\/\/otepaagolf.com\/fi\/wp-json\/wp\/v2\/product\/19095\/revisions"}],"predecessor-version":[{"id":22448,"href":"https:\/\/otepaagolf.com\/fi\/wp-json\/wp\/v2\/product\/19095\/revisions\/22448"}],"wp:featuredmedia":[{"embeddable":true,"href":"https:\/\/otepaagolf.com\/fi\/wp-json\/wp\/v2\/media\/19040"}],"wp:attachment":[{"href":"https:\/\/otepaagolf.com\/fi\/wp-json\/wp\/v2\/media?parent=19095"}],"wp:term":[{"taxonomy":"product_brand","embeddable":true,"href":"https:\/\/otepaagolf.com\/fi\/wp-json\/wp\/v2\/product_brand?post=19095"},{"taxonomy":"product_cat","embeddable":true,"href":"https:\/\/otepaagolf.com\/fi\/wp-json\/wp\/v2\/product_cat?post=19095"},{"taxonomy":"product_tag","embeddable":true,"href":"https:\/\/otepaagolf.com\/fi\/wp-json\/wp\/v2\/product_tag?post=19095"}],"curies":[{"name":"wp","href":"https:\/\/api.w.org\/{rel}","templated":true}]}}