{"id":19204,"date":"2025-05-27T11:54:53","date_gmt":"2025-05-27T08:54:53","guid":{"rendered":"https:\/\/otepaagolf.com\/?post_type=product&#038;p=19204"},"modified":"2026-02-03T12:57:11","modified_gmt":"2026-02-03T10:57:11","slug":"pakett-5-x-green-fee-18-rada","status":"publish","type":"product","link":"https:\/\/otepaagolf.com\/fi\/product\/pakett-5-x-green-fee-18-rada\/","title":{"rendered":"KAMPAANIA! PAKETT KAHELE 5 GOLFIRINGI 18 RADA"},"content":{"rendered":"<p>Kehtiv kuni 2026. hooaja l\u00f5puni, kahele m\u00e4ngijale korraga samas flaidis 5\u00a0 18-rajalise golfiringi m\u00e4ngimiseks. M\u00f5lemad m\u00e4ngijad on samas paketis kahekesi \u00fchel tiiajal. Juhul kui starti l\u00e4heb selle paketiga ainult \u00fcks m\u00e4ngija, loetakse kasutatuks m\u00f5lema m\u00e4ngija golfiringi pilet. Kokku saavad m\u00e4ngijad m\u00f5lemad koos l\u00e4bida 5 18-rajalist golfiringi.<\/p>\n<p>Paketti ei saa \u00fcle anda teisele isikule kasutamiseks.<\/p>\n<p>Paketi nimelisteks kasutajateks on golfim\u00e4ngijad, kes alustavad paketi kasutamist.<\/p>\n<p>Palun esitage tellimuse kinnitus caddiemasterile.<\/p>\n","protected":false},"excerpt":{"rendered":"<p>Kehtiv kuni 2026. hooaja l\u00f5puni, kahele m\u00e4ngijale korraga samas flaidis 5\u00a0 18-rajalise golfiringi m\u00e4ngimiseks. M\u00f5lemad m\u00e4ngijad on samas paketis kahekesi \u00fchel tiiajal. Juhul kui starti l\u00e4heb selle paketiga ainult \u00fcks m\u00e4ngija, loetakse kasutatuks m\u00f5lema m\u00e4ngija golfiringi pilet. Kokku saavad m\u00e4ngijad m\u00f5lemad koos l\u00e4bida 5 18-rajalist golfiringi. Paketti ei saa \u00fcle anda teisele isikule kasutamiseks. Paketi [&hellip;]<\/p>\n","protected":false},"featured_media":19040,"template":"","meta":{"_acf_changed":false,"_improvement_type_select":"improve_an_existing","_thumb_yes_seoaic":false,"_frame_yes_seoaic":false,"seoaic_generate_description":"","seoaic_improve_instructions_prompt":"","seoaic_rollback_content_improvement":"","seoaic_idea_thumbnail_generator":"","thumbnail_generated":false,"thumbnail_generate_prompt":"","seoaic_article_description":""},"product_brand":[],"product_cat":[29,34,31,70,30,100,68],"product_tag":[85,75,108,73,91],"class_list":{"0":"post-19204","1":"product","2":"type-product","3":"status-publish","4":"has-post-thumbnail","6":"product_cat-teenused","7":"product_cat-34","8":"product_cat-31","9":"product_cat-kinkekaardid","10":"product_cat-pakkumised","11":"product_cat-esto-deal","12":"product_cat-kampaaniad","13":"product_tag-18-rada","14":"product_tag-greenfee","15":"product_tag-kahele","16":"product_tag-manguoigus","17":"product_tag-pakett","19":"first","20":"instock","21":"sale","22":"purchasable","23":"product-type-simple"},"acf":[],"gallery_images":[],"yoast_head":"<!-- This site is optimized with the Yoast SEO plugin v26.8 - https:\/\/yoast.com\/product\/yoast-seo-wordpress\/ -->\n<title>KAMPAANIA! PAKETT KAHELE 5 GOLFIRINGI 18 RADA - Otep\u00e4\u00e4 Golf &amp; Country Club<\/title>\n<meta name=\"robots\" content=\"index, follow, max-snippet:-1, max-image-preview:large, max-video-preview:-1\" \/>\n<link rel=\"canonical\" href=\"https:\/\/otepaagolf.com\/fi\/product\/pakett-5-x-green-fee-18-rada\/\" \/>\n<meta property=\"og:locale\" content=\"fi_FI\" \/>\n<meta property=\"og:type\" content=\"article\" \/>\n<meta property=\"og:title\" content=\"KAMPAANIA! PAKETT KAHELE 5 GOLFIRINGI 18 RADA - Otep\u00e4\u00e4 Golf &amp; Country Club\" \/>\n<meta property=\"og:description\" content=\"Kehtiv kuni 2026. hooaja l\u00f5puni, kahele m\u00e4ngijale korraga samas flaidis 5\u00a0 18-rajalise golfiringi m\u00e4ngimiseks. M\u00f5lemad m\u00e4ngijad on samas paketis kahekesi \u00fchel tiiajal. Juhul kui starti l\u00e4heb selle paketiga ainult \u00fcks m\u00e4ngija, loetakse kasutatuks m\u00f5lema m\u00e4ngija golfiringi pilet. Kokku saavad m\u00e4ngijad m\u00f5lemad koos l\u00e4bida 5 18-rajalist golfiringi. Paketti ei saa \u00fcle anda teisele isikule kasutamiseks. Paketi [&hellip;]\" \/>\n<meta property=\"og:url\" content=\"https:\/\/otepaagolf.com\/fi\/product\/pakett-5-x-green-fee-18-rada\/\" \/>\n<meta property=\"og:site_name\" content=\"Otep\u00e4\u00e4 Golf &amp; Country Club\" \/>\n<meta property=\"article:modified_time\" content=\"2026-02-03T10:57:11+00:00\" \/>\n<meta property=\"og:image\" content=\"https:\/\/otepaagolf.com\/wp-content\/uploads\/2025\/04\/Placeholder_image-\u2013-21.png\" \/>\n\t<meta property=\"og:image:width\" content=\"1080\" \/>\n\t<meta property=\"og:image:height\" content=\"1080\" \/>\n\t<meta property=\"og:image:type\" content=\"image\/png\" \/>\n<meta name=\"twitter:card\" content=\"summary_large_image\" \/>\n<meta name=\"twitter:label1\" content=\"Arvioitu lukuaika\" \/>\n\t<meta name=\"twitter:data1\" content=\"1 minuutti\" \/>\n<script type=\"application\/ld+json\" class=\"yoast-schema-graph\">{\"@context\":\"https:\/\/schema.org\",\"@graph\":[{\"@type\":\"WebPage\",\"@id\":\"https:\/\/otepaagolf.com\/fi\/product\/pakett-5-x-green-fee-18-rada\/\",\"url\":\"https:\/\/otepaagolf.com\/fi\/product\/pakett-5-x-green-fee-18-rada\/\",\"name\":\"KAMPAANIA! PAKETT KAHELE 5 GOLFIRINGI 18 RADA - Otep\u00e4\u00e4 Golf &amp; Country Club\",\"isPartOf\":{\"@id\":\"https:\/\/otepaagolf.com\/fi\/#website\"},\"primaryImageOfPage\":{\"@id\":\"https:\/\/otepaagolf.com\/fi\/product\/pakett-5-x-green-fee-18-rada\/#primaryimage\"},\"image\":{\"@id\":\"https:\/\/otepaagolf.com\/fi\/product\/pakett-5-x-green-fee-18-rada\/#primaryimage\"},\"thumbnailUrl\":\"https:\/\/otepaagolf.com\/wp-content\/uploads\/2025\/04\/Placeholder_image-\u2013-21.png\",\"datePublished\":\"2025-05-27T08:54:53+00:00\",\"dateModified\":\"2026-02-03T10:57:11+00:00\",\"breadcrumb\":{\"@id\":\"https:\/\/otepaagolf.com\/fi\/product\/pakett-5-x-green-fee-18-rada\/#breadcrumb\"},\"inLanguage\":\"fi\",\"potentialAction\":[{\"@type\":\"ReadAction\",\"target\":[\"https:\/\/otepaagolf.com\/fi\/product\/pakett-5-x-green-fee-18-rada\/\"]}]},{\"@type\":\"ImageObject\",\"inLanguage\":\"fi\",\"@id\":\"https:\/\/otepaagolf.com\/fi\/product\/pakett-5-x-green-fee-18-rada\/#primaryimage\",\"url\":\"https:\/\/otepaagolf.com\/wp-content\/uploads\/2025\/04\/Placeholder_image-\u2013-21.png\",\"contentUrl\":\"https:\/\/otepaagolf.com\/wp-content\/uploads\/2025\/04\/Placeholder_image-\u2013-21.png\",\"width\":1080,\"height\":1080},{\"@type\":\"BreadcrumbList\",\"@id\":\"https:\/\/otepaagolf.com\/fi\/product\/pakett-5-x-green-fee-18-rada\/#breadcrumb\",\"itemListElement\":[{\"@type\":\"ListItem\",\"position\":1,\"name\":\"Home\",\"item\":\"https:\/\/otepaagolf.com\/fi\/\"},{\"@type\":\"ListItem\",\"position\":2,\"name\":\"E-POOD\",\"item\":\"https:\/\/otepaagolf.com\/pood\/\"},{\"@type\":\"ListItem\",\"position\":3,\"name\":\"KAMPAANIA! PAKETT KAHELE 5 GOLFIRINGI 18 RADA\"}]},{\"@type\":\"WebSite\",\"@id\":\"https:\/\/otepaagolf.com\/fi\/#website\",\"url\":\"https:\/\/otepaagolf.com\/fi\/\",\"name\":\"Otep\u00e4\u00e4 Golf &amp; Country Club\",\"description\":\"T\u00e4ism\u00f5\u00f5tmeline golfiv\u00e4ljak 18-holes PAR73\",\"publisher\":{\"@id\":\"https:\/\/otepaagolf.com\/fi\/#organization\"},\"potentialAction\":[{\"@type\":\"SearchAction\",\"target\":{\"@type\":\"EntryPoint\",\"urlTemplate\":\"https:\/\/otepaagolf.com\/fi\/?s={search_term_string}\"},\"query-input\":{\"@type\":\"PropertyValueSpecification\",\"valueRequired\":true,\"valueName\":\"search_term_string\"}}],\"inLanguage\":\"fi\"},{\"@type\":\"Organization\",\"@id\":\"https:\/\/otepaagolf.com\/fi\/#organization\",\"name\":\"Otep\u00e4\u00e4 Golf &amp; Country Club\",\"url\":\"https:\/\/otepaagolf.com\/fi\/\",\"logo\":{\"@type\":\"ImageObject\",\"inLanguage\":\"fi\",\"@id\":\"https:\/\/otepaagolf.com\/fi\/#\/schema\/logo\/image\/\",\"url\":\"https:\/\/otepaagolf.com\/wp-content\/uploads\/2021\/10\/OGCC_web_pais.png\",\"contentUrl\":\"https:\/\/otepaagolf.com\/wp-content\/uploads\/2021\/10\/OGCC_web_pais.png\",\"width\":1368,\"height\":541,\"caption\":\"Otep\u00e4\u00e4 Golf &amp; Country Club\"},\"image\":{\"@id\":\"https:\/\/otepaagolf.com\/fi\/#\/schema\/logo\/image\/\"}}]}<\/script>\n<!-- \/ Yoast SEO plugin. -->","yoast_head_json":{"title":"KAMPAANIA! PAKETT KAHELE 5 GOLFIRINGI 18 RADA - Otep\u00e4\u00e4 Golf &amp; Country Club","robots":{"index":"index","follow":"follow","max-snippet":"max-snippet:-1","max-image-preview":"max-image-preview:large","max-video-preview":"max-video-preview:-1"},"canonical":"https:\/\/otepaagolf.com\/fi\/product\/pakett-5-x-green-fee-18-rada\/","og_locale":"fi_FI","og_type":"article","og_title":"KAMPAANIA! PAKETT KAHELE 5 GOLFIRINGI 18 RADA - Otep\u00e4\u00e4 Golf &amp; Country Club","og_description":"Kehtiv kuni 2026. hooaja l\u00f5puni, kahele m\u00e4ngijale korraga samas flaidis 5\u00a0 18-rajalise golfiringi m\u00e4ngimiseks. M\u00f5lemad m\u00e4ngijad on samas paketis kahekesi \u00fchel tiiajal. Juhul kui starti l\u00e4heb selle paketiga ainult \u00fcks m\u00e4ngija, loetakse kasutatuks m\u00f5lema m\u00e4ngija golfiringi pilet. Kokku saavad m\u00e4ngijad m\u00f5lemad koos l\u00e4bida 5 18-rajalist golfiringi. Paketti ei saa \u00fcle anda teisele isikule kasutamiseks. Paketi [&hellip;]","og_url":"https:\/\/otepaagolf.com\/fi\/product\/pakett-5-x-green-fee-18-rada\/","og_site_name":"Otep\u00e4\u00e4 Golf &amp; Country Club","article_modified_time":"2026-02-03T10:57:11+00:00","og_image":[{"width":1080,"height":1080,"url":"https:\/\/otepaagolf.com\/wp-content\/uploads\/2025\/04\/Placeholder_image-\u2013-21.png","type":"image\/png"}],"twitter_card":"summary_large_image","twitter_misc":{"Arvioitu lukuaika":"1 minuutti"},"schema":{"@context":"https:\/\/schema.org","@graph":[{"@type":"WebPage","@id":"https:\/\/otepaagolf.com\/fi\/product\/pakett-5-x-green-fee-18-rada\/","url":"https:\/\/otepaagolf.com\/fi\/product\/pakett-5-x-green-fee-18-rada\/","name":"KAMPAANIA! PAKETT KAHELE 5 GOLFIRINGI 18 RADA - Otep\u00e4\u00e4 Golf &amp; Country Club","isPartOf":{"@id":"https:\/\/otepaagolf.com\/fi\/#website"},"primaryImageOfPage":{"@id":"https:\/\/otepaagolf.com\/fi\/product\/pakett-5-x-green-fee-18-rada\/#primaryimage"},"image":{"@id":"https:\/\/otepaagolf.com\/fi\/product\/pakett-5-x-green-fee-18-rada\/#primaryimage"},"thumbnailUrl":"https:\/\/otepaagolf.com\/wp-content\/uploads\/2025\/04\/Placeholder_image-\u2013-21.png","datePublished":"2025-05-27T08:54:53+00:00","dateModified":"2026-02-03T10:57:11+00:00","breadcrumb":{"@id":"https:\/\/otepaagolf.com\/fi\/product\/pakett-5-x-green-fee-18-rada\/#breadcrumb"},"inLanguage":"fi","potentialAction":[{"@type":"ReadAction","target":["https:\/\/otepaagolf.com\/fi\/product\/pakett-5-x-green-fee-18-rada\/"]}]},{"@type":"ImageObject","inLanguage":"fi","@id":"https:\/\/otepaagolf.com\/fi\/product\/pakett-5-x-green-fee-18-rada\/#primaryimage","url":"https:\/\/otepaagolf.com\/wp-content\/uploads\/2025\/04\/Placeholder_image-\u2013-21.png","contentUrl":"https:\/\/otepaagolf.com\/wp-content\/uploads\/2025\/04\/Placeholder_image-\u2013-21.png","width":1080,"height":1080},{"@type":"BreadcrumbList","@id":"https:\/\/otepaagolf.com\/fi\/product\/pakett-5-x-green-fee-18-rada\/#breadcrumb","itemListElement":[{"@type":"ListItem","position":1,"name":"Home","item":"https:\/\/otepaagolf.com\/fi\/"},{"@type":"ListItem","position":2,"name":"E-POOD","item":"https:\/\/otepaagolf.com\/pood\/"},{"@type":"ListItem","position":3,"name":"KAMPAANIA! PAKETT KAHELE 5 GOLFIRINGI 18 RADA"}]},{"@type":"WebSite","@id":"https:\/\/otepaagolf.com\/fi\/#website","url":"https:\/\/otepaagolf.com\/fi\/","name":"Otep\u00e4\u00e4 Golf &amp; Country Club","description":"T\u00e4ism\u00f5\u00f5tmeline golfiv\u00e4ljak 18-holes PAR73","publisher":{"@id":"https:\/\/otepaagolf.com\/fi\/#organization"},"potentialAction":[{"@type":"SearchAction","target":{"@type":"EntryPoint","urlTemplate":"https:\/\/otepaagolf.com\/fi\/?s={search_term_string}"},"query-input":{"@type":"PropertyValueSpecification","valueRequired":true,"valueName":"search_term_string"}}],"inLanguage":"fi"},{"@type":"Organization","@id":"https:\/\/otepaagolf.com\/fi\/#organization","name":"Otep\u00e4\u00e4 Golf &amp; Country Club","url":"https:\/\/otepaagolf.com\/fi\/","logo":{"@type":"ImageObject","inLanguage":"fi","@id":"https:\/\/otepaagolf.com\/fi\/#\/schema\/logo\/image\/","url":"https:\/\/otepaagolf.com\/wp-content\/uploads\/2021\/10\/OGCC_web_pais.png","contentUrl":"https:\/\/otepaagolf.com\/wp-content\/uploads\/2021\/10\/OGCC_web_pais.png","width":1368,"height":541,"caption":"Otep\u00e4\u00e4 Golf &amp; Country Club"},"image":{"@id":"https:\/\/otepaagolf.com\/fi\/#\/schema\/logo\/image\/"}}]}},"publishpress_future_workflow_manual_trigger":{"enabledWorkflows":[]},"_links":{"self":[{"href":"https:\/\/otepaagolf.com\/fi\/wp-json\/wp\/v2\/product\/19204","targetHints":{"allow":["GET"]}}],"collection":[{"href":"https:\/\/otepaagolf.com\/fi\/wp-json\/wp\/v2\/product"}],"about":[{"href":"https:\/\/otepaagolf.com\/fi\/wp-json\/wp\/v2\/types\/product"}],"version-history":[{"count":4,"href":"https:\/\/otepaagolf.com\/fi\/wp-json\/wp\/v2\/product\/19204\/revisions"}],"predecessor-version":[{"id":23328,"href":"https:\/\/otepaagolf.com\/fi\/wp-json\/wp\/v2\/product\/19204\/revisions\/23328"}],"wp:featuredmedia":[{"embeddable":true,"href":"https:\/\/otepaagolf.com\/fi\/wp-json\/wp\/v2\/media\/19040"}],"wp:attachment":[{"href":"https:\/\/otepaagolf.com\/fi\/wp-json\/wp\/v2\/media?parent=19204"}],"wp:term":[{"taxonomy":"product_brand","embeddable":true,"href":"https:\/\/otepaagolf.com\/fi\/wp-json\/wp\/v2\/product_brand?post=19204"},{"taxonomy":"product_cat","embeddable":true,"href":"https:\/\/otepaagolf.com\/fi\/wp-json\/wp\/v2\/product_cat?post=19204"},{"taxonomy":"product_tag","embeddable":true,"href":"https:\/\/otepaagolf.com\/fi\/wp-json\/wp\/v2\/product_tag?post=19204"}],"curies":[{"name":"wp","href":"https:\/\/api.w.org\/{rel}","templated":true}]}}