{"id":21912,"date":"2026-02-03T13:47:46","date_gmt":"2026-02-03T11:47:46","guid":{"rendered":"https:\/\/otepaagolf.com\/?post_type=product&#038;p=21912"},"modified":"2026-02-03T13:47:51","modified_gmt":"2026-02-03T11:47:51","slug":"kampaania-vaba-9-raja-manguoigus-2026","status":"publish","type":"product","link":"https:\/\/otepaagolf.com\/fi\/product\/kampaania-vaba-9-raja-manguoigus-2026\/","title":{"rendered":"9-raja vaba m\u00e4ngu\u00f5igus 2026"},"content":{"rendered":"<p>2026.aasta golfihooaja 9-raja m\u00e4ngu\u00f5igus Otep\u00e4\u00e4 golfirajal. M\u00e4nguringide arv p\u00e4evas on piiratud 1 tk 9-rajalise m\u00e4nguringiga. Tiiaegadele ja m\u00e4nguringide arvule hooaja jooksul piiranguid ei ole.<\/p>\n<p>Kehtib kuni golfihooaja l\u00f5puni 2026.<\/p>\n<p>M\u00e4ngu\u00f5iguse kasutajaks saab m\u00e4\u00e4rata \u00fche nimelise eraisiku.<\/p>\n<p>M\u00e4ngu\u00f5igust ei saa \u00fcle anda ega vahetada eraldi green fee piletiteks. Ostu t\u00f5endav tellimuse kinnitus palume esitada Caddiemasteris teenuse kasutamise alustamiseks.<\/p>\n<p>Teenused soovitame broneerida ette Caddiemasteris info@otepaagolf.com.<\/p>\n","protected":false},"excerpt":{"rendered":"<p>2026.aasta golfihooaja 9-raja m\u00e4ngu\u00f5igus Otep\u00e4\u00e4 golfirajal. M\u00e4nguringide arv p\u00e4evas on piiratud 1 tk 9-rajalise m\u00e4nguringiga. Tiiaegadele ja m\u00e4nguringide arvule hooaja jooksul piiranguid ei ole. Kehtib kuni golfihooaja l\u00f5puni 2026. M\u00e4ngu\u00f5iguse kasutajaks saab m\u00e4\u00e4rata \u00fche nimelise eraisiku. M\u00e4ngu\u00f5igust ei saa \u00fcle anda ega vahetada eraldi green fee piletiteks. Ostu t\u00f5endav tellimuse kinnitus palume esitada Caddiemasteris teenuse [&hellip;]<\/p>\n","protected":false},"featured_media":20015,"template":"","meta":{"_acf_changed":false,"_improvement_type_select":"improve_an_existing","_thumb_yes_seoaic":false,"_frame_yes_seoaic":false,"seoaic_generate_description":"","seoaic_improve_instructions_prompt":"","seoaic_rollback_content_improvement":"","seoaic_idea_thumbnail_generator":"","thumbnail_generated":false,"thumbnail_generate_prompt":"","seoaic_article_description":""},"product_brand":[],"product_cat":[29,34,100,68],"product_tag":[],"class_list":{"0":"post-21912","1":"product","2":"type-product","3":"status-publish","4":"has-post-thumbnail","6":"product_cat-teenused","7":"product_cat-34","8":"product_cat-esto-deal","9":"product_cat-kampaaniad","11":"first","12":"instock","13":"sale","14":"purchasable","15":"product-type-simple"},"acf":[],"gallery_images":[],"yoast_head":"<!-- This site is optimized with the Yoast SEO plugin v26.8 - https:\/\/yoast.com\/product\/yoast-seo-wordpress\/ -->\n<title>9-raja vaba m\u00e4ngu\u00f5igus 2026 - Otep\u00e4\u00e4 Golf &amp; Country Club<\/title>\n<meta name=\"robots\" content=\"index, follow, max-snippet:-1, max-image-preview:large, max-video-preview:-1\" \/>\n<link rel=\"canonical\" href=\"https:\/\/otepaagolf.com\/fi\/product\/kampaania-vaba-9-raja-manguoigus-2026\/\" \/>\n<meta property=\"og:locale\" content=\"fi_FI\" \/>\n<meta property=\"og:type\" content=\"article\" \/>\n<meta property=\"og:title\" content=\"9-raja vaba m\u00e4ngu\u00f5igus 2026 - Otep\u00e4\u00e4 Golf &amp; Country Club\" \/>\n<meta property=\"og:description\" content=\"2026.aasta golfihooaja 9-raja m\u00e4ngu\u00f5igus Otep\u00e4\u00e4 golfirajal. M\u00e4nguringide arv p\u00e4evas on piiratud 1 tk 9-rajalise m\u00e4nguringiga. Tiiaegadele ja m\u00e4nguringide arvule hooaja jooksul piiranguid ei ole. Kehtib kuni golfihooaja l\u00f5puni 2026. M\u00e4ngu\u00f5iguse kasutajaks saab m\u00e4\u00e4rata \u00fche nimelise eraisiku. M\u00e4ngu\u00f5igust ei saa \u00fcle anda ega vahetada eraldi green fee piletiteks. Ostu t\u00f5endav tellimuse kinnitus palume esitada Caddiemasteris teenuse [&hellip;]\" \/>\n<meta property=\"og:url\" content=\"https:\/\/otepaagolf.com\/fi\/product\/kampaania-vaba-9-raja-manguoigus-2026\/\" \/>\n<meta property=\"og:site_name\" content=\"Otep\u00e4\u00e4 Golf &amp; Country Club\" \/>\n<meta property=\"article:modified_time\" content=\"2026-02-03T11:47:51+00:00\" \/>\n<meta property=\"og:image\" content=\"https:\/\/otepaagolf.com\/wp-content\/uploads\/2025\/06\/Otepaa-golf-_5T_4366.jpg\" \/>\n\t<meta property=\"og:image:width\" content=\"2500\" \/>\n\t<meta property=\"og:image:height\" content=\"1667\" \/>\n\t<meta property=\"og:image:type\" content=\"image\/jpeg\" \/>\n<meta name=\"twitter:card\" content=\"summary_large_image\" \/>\n<meta name=\"twitter:label1\" content=\"Arvioitu lukuaika\" \/>\n\t<meta name=\"twitter:data1\" content=\"1 minuutti\" \/>\n<script type=\"application\/ld+json\" class=\"yoast-schema-graph\">{\"@context\":\"https:\/\/schema.org\",\"@graph\":[{\"@type\":\"WebPage\",\"@id\":\"https:\/\/otepaagolf.com\/fi\/product\/kampaania-vaba-9-raja-manguoigus-2026\/\",\"url\":\"https:\/\/otepaagolf.com\/fi\/product\/kampaania-vaba-9-raja-manguoigus-2026\/\",\"name\":\"9-raja vaba m\u00e4ngu\u00f5igus 2026 - Otep\u00e4\u00e4 Golf &amp; Country Club\",\"isPartOf\":{\"@id\":\"https:\/\/otepaagolf.com\/fi\/#website\"},\"primaryImageOfPage\":{\"@id\":\"https:\/\/otepaagolf.com\/fi\/product\/kampaania-vaba-9-raja-manguoigus-2026\/#primaryimage\"},\"image\":{\"@id\":\"https:\/\/otepaagolf.com\/fi\/product\/kampaania-vaba-9-raja-manguoigus-2026\/#primaryimage\"},\"thumbnailUrl\":\"https:\/\/otepaagolf.com\/wp-content\/uploads\/2025\/06\/Otepaa-golf-_5T_4366.jpg\",\"datePublished\":\"2026-02-03T11:47:46+00:00\",\"dateModified\":\"2026-02-03T11:47:51+00:00\",\"breadcrumb\":{\"@id\":\"https:\/\/otepaagolf.com\/fi\/product\/kampaania-vaba-9-raja-manguoigus-2026\/#breadcrumb\"},\"inLanguage\":\"fi\",\"potentialAction\":[{\"@type\":\"ReadAction\",\"target\":[\"https:\/\/otepaagolf.com\/fi\/product\/kampaania-vaba-9-raja-manguoigus-2026\/\"]}]},{\"@type\":\"ImageObject\",\"inLanguage\":\"fi\",\"@id\":\"https:\/\/otepaagolf.com\/fi\/product\/kampaania-vaba-9-raja-manguoigus-2026\/#primaryimage\",\"url\":\"https:\/\/otepaagolf.com\/wp-content\/uploads\/2025\/06\/Otepaa-golf-_5T_4366.jpg\",\"contentUrl\":\"https:\/\/otepaagolf.com\/wp-content\/uploads\/2025\/06\/Otepaa-golf-_5T_4366.jpg\",\"width\":2500,\"height\":1667},{\"@type\":\"BreadcrumbList\",\"@id\":\"https:\/\/otepaagolf.com\/fi\/product\/kampaania-vaba-9-raja-manguoigus-2026\/#breadcrumb\",\"itemListElement\":[{\"@type\":\"ListItem\",\"position\":1,\"name\":\"Home\",\"item\":\"https:\/\/otepaagolf.com\/fi\/\"},{\"@type\":\"ListItem\",\"position\":2,\"name\":\"E-POOD\",\"item\":\"https:\/\/otepaagolf.com\/pood\/\"},{\"@type\":\"ListItem\",\"position\":3,\"name\":\"9-raja vaba m\u00e4ngu\u00f5igus 2026\"}]},{\"@type\":\"WebSite\",\"@id\":\"https:\/\/otepaagolf.com\/fi\/#website\",\"url\":\"https:\/\/otepaagolf.com\/fi\/\",\"name\":\"Otep\u00e4\u00e4 Golf &amp; Country Club\",\"description\":\"T\u00e4ism\u00f5\u00f5tmeline golfiv\u00e4ljak 18-holes PAR73\",\"publisher\":{\"@id\":\"https:\/\/otepaagolf.com\/fi\/#organization\"},\"potentialAction\":[{\"@type\":\"SearchAction\",\"target\":{\"@type\":\"EntryPoint\",\"urlTemplate\":\"https:\/\/otepaagolf.com\/fi\/?s={search_term_string}\"},\"query-input\":{\"@type\":\"PropertyValueSpecification\",\"valueRequired\":true,\"valueName\":\"search_term_string\"}}],\"inLanguage\":\"fi\"},{\"@type\":\"Organization\",\"@id\":\"https:\/\/otepaagolf.com\/fi\/#organization\",\"name\":\"Otep\u00e4\u00e4 Golf &amp; Country Club\",\"url\":\"https:\/\/otepaagolf.com\/fi\/\",\"logo\":{\"@type\":\"ImageObject\",\"inLanguage\":\"fi\",\"@id\":\"https:\/\/otepaagolf.com\/fi\/#\/schema\/logo\/image\/\",\"url\":\"https:\/\/otepaagolf.com\/wp-content\/uploads\/2021\/10\/OGCC_web_pais.png\",\"contentUrl\":\"https:\/\/otepaagolf.com\/wp-content\/uploads\/2021\/10\/OGCC_web_pais.png\",\"width\":1368,\"height\":541,\"caption\":\"Otep\u00e4\u00e4 Golf &amp; Country Club\"},\"image\":{\"@id\":\"https:\/\/otepaagolf.com\/fi\/#\/schema\/logo\/image\/\"}}]}<\/script>\n<!-- \/ Yoast SEO plugin. -->","yoast_head_json":{"title":"9-raja vaba m\u00e4ngu\u00f5igus 2026 - Otep\u00e4\u00e4 Golf &amp; Country Club","robots":{"index":"index","follow":"follow","max-snippet":"max-snippet:-1","max-image-preview":"max-image-preview:large","max-video-preview":"max-video-preview:-1"},"canonical":"https:\/\/otepaagolf.com\/fi\/product\/kampaania-vaba-9-raja-manguoigus-2026\/","og_locale":"fi_FI","og_type":"article","og_title":"9-raja vaba m\u00e4ngu\u00f5igus 2026 - Otep\u00e4\u00e4 Golf &amp; Country Club","og_description":"2026.aasta golfihooaja 9-raja m\u00e4ngu\u00f5igus Otep\u00e4\u00e4 golfirajal. M\u00e4nguringide arv p\u00e4evas on piiratud 1 tk 9-rajalise m\u00e4nguringiga. Tiiaegadele ja m\u00e4nguringide arvule hooaja jooksul piiranguid ei ole. Kehtib kuni golfihooaja l\u00f5puni 2026. M\u00e4ngu\u00f5iguse kasutajaks saab m\u00e4\u00e4rata \u00fche nimelise eraisiku. M\u00e4ngu\u00f5igust ei saa \u00fcle anda ega vahetada eraldi green fee piletiteks. Ostu t\u00f5endav tellimuse kinnitus palume esitada Caddiemasteris teenuse [&hellip;]","og_url":"https:\/\/otepaagolf.com\/fi\/product\/kampaania-vaba-9-raja-manguoigus-2026\/","og_site_name":"Otep\u00e4\u00e4 Golf &amp; Country Club","article_modified_time":"2026-02-03T11:47:51+00:00","og_image":[{"width":2500,"height":1667,"url":"https:\/\/otepaagolf.com\/wp-content\/uploads\/2025\/06\/Otepaa-golf-_5T_4366.jpg","type":"image\/jpeg"}],"twitter_card":"summary_large_image","twitter_misc":{"Arvioitu lukuaika":"1 minuutti"},"schema":{"@context":"https:\/\/schema.org","@graph":[{"@type":"WebPage","@id":"https:\/\/otepaagolf.com\/fi\/product\/kampaania-vaba-9-raja-manguoigus-2026\/","url":"https:\/\/otepaagolf.com\/fi\/product\/kampaania-vaba-9-raja-manguoigus-2026\/","name":"9-raja vaba m\u00e4ngu\u00f5igus 2026 - Otep\u00e4\u00e4 Golf &amp; Country Club","isPartOf":{"@id":"https:\/\/otepaagolf.com\/fi\/#website"},"primaryImageOfPage":{"@id":"https:\/\/otepaagolf.com\/fi\/product\/kampaania-vaba-9-raja-manguoigus-2026\/#primaryimage"},"image":{"@id":"https:\/\/otepaagolf.com\/fi\/product\/kampaania-vaba-9-raja-manguoigus-2026\/#primaryimage"},"thumbnailUrl":"https:\/\/otepaagolf.com\/wp-content\/uploads\/2025\/06\/Otepaa-golf-_5T_4366.jpg","datePublished":"2026-02-03T11:47:46+00:00","dateModified":"2026-02-03T11:47:51+00:00","breadcrumb":{"@id":"https:\/\/otepaagolf.com\/fi\/product\/kampaania-vaba-9-raja-manguoigus-2026\/#breadcrumb"},"inLanguage":"fi","potentialAction":[{"@type":"ReadAction","target":["https:\/\/otepaagolf.com\/fi\/product\/kampaania-vaba-9-raja-manguoigus-2026\/"]}]},{"@type":"ImageObject","inLanguage":"fi","@id":"https:\/\/otepaagolf.com\/fi\/product\/kampaania-vaba-9-raja-manguoigus-2026\/#primaryimage","url":"https:\/\/otepaagolf.com\/wp-content\/uploads\/2025\/06\/Otepaa-golf-_5T_4366.jpg","contentUrl":"https:\/\/otepaagolf.com\/wp-content\/uploads\/2025\/06\/Otepaa-golf-_5T_4366.jpg","width":2500,"height":1667},{"@type":"BreadcrumbList","@id":"https:\/\/otepaagolf.com\/fi\/product\/kampaania-vaba-9-raja-manguoigus-2026\/#breadcrumb","itemListElement":[{"@type":"ListItem","position":1,"name":"Home","item":"https:\/\/otepaagolf.com\/fi\/"},{"@type":"ListItem","position":2,"name":"E-POOD","item":"https:\/\/otepaagolf.com\/pood\/"},{"@type":"ListItem","position":3,"name":"9-raja vaba m\u00e4ngu\u00f5igus 2026"}]},{"@type":"WebSite","@id":"https:\/\/otepaagolf.com\/fi\/#website","url":"https:\/\/otepaagolf.com\/fi\/","name":"Otep\u00e4\u00e4 Golf &amp; Country Club","description":"T\u00e4ism\u00f5\u00f5tmeline golfiv\u00e4ljak 18-holes PAR73","publisher":{"@id":"https:\/\/otepaagolf.com\/fi\/#organization"},"potentialAction":[{"@type":"SearchAction","target":{"@type":"EntryPoint","urlTemplate":"https:\/\/otepaagolf.com\/fi\/?s={search_term_string}"},"query-input":{"@type":"PropertyValueSpecification","valueRequired":true,"valueName":"search_term_string"}}],"inLanguage":"fi"},{"@type":"Organization","@id":"https:\/\/otepaagolf.com\/fi\/#organization","name":"Otep\u00e4\u00e4 Golf &amp; Country Club","url":"https:\/\/otepaagolf.com\/fi\/","logo":{"@type":"ImageObject","inLanguage":"fi","@id":"https:\/\/otepaagolf.com\/fi\/#\/schema\/logo\/image\/","url":"https:\/\/otepaagolf.com\/wp-content\/uploads\/2021\/10\/OGCC_web_pais.png","contentUrl":"https:\/\/otepaagolf.com\/wp-content\/uploads\/2021\/10\/OGCC_web_pais.png","width":1368,"height":541,"caption":"Otep\u00e4\u00e4 Golf &amp; Country Club"},"image":{"@id":"https:\/\/otepaagolf.com\/fi\/#\/schema\/logo\/image\/"}}]}},"publishpress_future_workflow_manual_trigger":{"enabledWorkflows":[]},"_links":{"self":[{"href":"https:\/\/otepaagolf.com\/fi\/wp-json\/wp\/v2\/product\/21912","targetHints":{"allow":["GET"]}}],"collection":[{"href":"https:\/\/otepaagolf.com\/fi\/wp-json\/wp\/v2\/product"}],"about":[{"href":"https:\/\/otepaagolf.com\/fi\/wp-json\/wp\/v2\/types\/product"}],"version-history":[{"count":5,"href":"https:\/\/otepaagolf.com\/fi\/wp-json\/wp\/v2\/product\/21912\/revisions"}],"predecessor-version":[{"id":23306,"href":"https:\/\/otepaagolf.com\/fi\/wp-json\/wp\/v2\/product\/21912\/revisions\/23306"}],"wp:featuredmedia":[{"embeddable":true,"href":"https:\/\/otepaagolf.com\/fi\/wp-json\/wp\/v2\/media\/20015"}],"wp:attachment":[{"href":"https:\/\/otepaagolf.com\/fi\/wp-json\/wp\/v2\/media?parent=21912"}],"wp:term":[{"taxonomy":"product_brand","embeddable":true,"href":"https:\/\/otepaagolf.com\/fi\/wp-json\/wp\/v2\/product_brand?post=21912"},{"taxonomy":"product_cat","embeddable":true,"href":"https:\/\/otepaagolf.com\/fi\/wp-json\/wp\/v2\/product_cat?post=21912"},{"taxonomy":"product_tag","embeddable":true,"href":"https:\/\/otepaagolf.com\/fi\/wp-json\/wp\/v2\/product_tag?post=21912"}],"curies":[{"name":"wp","href":"https:\/\/api.w.org\/{rel}","templated":true}]}}