{"id":21929,"date":"2026-02-03T13:47:46","date_gmt":"2026-02-03T11:47:46","guid":{"rendered":"https:\/\/otepaagolf.com\/?post_type=product&#038;p=21929"},"modified":"2026-02-03T13:47:51","modified_gmt":"2026-02-03T11:47:51","slug":"kampaania-vaba-manguoigus-2026-aktsionar","status":"publish","type":"product","link":"https:\/\/otepaagolf.com\/fi\/product\/kampaania-vaba-manguoigus-2026-aktsionar\/","title":{"rendered":"Vaba m\u00e4ngu\u00f5igus 2026 AKTSION\u00c4R"},"content":{"rendered":"<p>M\u00e4ngu\u00f5igus piiramata tiiaegadele ja m\u00e4nguringidele kehtib \u00fchele nimelisele m\u00e4ngijale hooajaks 2026.<\/p>\n<p>Kasutajaks saab nimetada isiku, kes on Otep\u00e4\u00e4 golfikeskuse aktsion\u00e4r. Kasutajat ei saa vahetada, kui m\u00e4ngu\u00f5iguse kasutamist on alustatud \u00fche m\u00e4ngija poolt.<\/p>\n<p>M\u00e4ngu\u00f5igust ei saa jagada Green Fee piletiteks.<\/p>\n<p>Soovitame tii-ajad ette broneerida. M\u00e4nguringide broneerimise eest vastutab paketi kasutaja. Caddiemaster: info@otepaagolf.com, (+372) 56200115.<\/p>\n<p>Palun esitage tellimuse kinnitus caddiemasterile.<\/p>\n","protected":false},"excerpt":{"rendered":"<p>M\u00e4ngu\u00f5igus piiramata tiiaegadele ja m\u00e4nguringidele kehtib \u00fchele nimelisele m\u00e4ngijale hooajaks 2026. Kasutajaks saab nimetada isiku, kes on Otep\u00e4\u00e4 golfikeskuse aktsion\u00e4r. Kasutajat ei saa vahetada, kui m\u00e4ngu\u00f5iguse kasutamist on alustatud \u00fche m\u00e4ngija poolt. M\u00e4ngu\u00f5igust ei saa jagada Green Fee piletiteks. Soovitame tii-ajad ette broneerida. M\u00e4nguringide broneerimise eest vastutab paketi kasutaja. Caddiemaster: info@otepaagolf.com, (+372) 56200115. Palun esitage [&hellip;]<\/p>\n","protected":false},"featured_media":22308,"template":"","meta":{"_acf_changed":false,"_improvement_type_select":"improve_an_existing","_thumb_yes_seoaic":false,"_frame_yes_seoaic":false,"seoaic_generate_description":"","seoaic_improve_instructions_prompt":"","seoaic_rollback_content_improvement":"","seoaic_idea_thumbnail_generator":"","thumbnail_generated":false,"thumbnail_generate_prompt":"","seoaic_article_description":""},"product_brand":[],"product_cat":[104,29,34,100,68],"product_tag":[75,74,73],"class_list":{"0":"post-21929","1":"product","2":"type-product","3":"status-publish","4":"has-post-thumbnail","6":"product_cat-aktsionarile","7":"product_cat-teenused","8":"product_cat-34","9":"product_cat-esto-deal","10":"product_cat-kampaaniad","11":"product_tag-greenfee","12":"product_tag-hooajamanguoigus","13":"product_tag-manguoigus","15":"first","16":"instock","17":"sale","18":"purchasable","19":"product-type-simple"},"acf":[],"gallery_images":[],"yoast_head":"<!-- This site is optimized with the Yoast SEO plugin v26.8 - https:\/\/yoast.com\/product\/yoast-seo-wordpress\/ -->\n<title>Vaba m\u00e4ngu\u00f5igus 2026 AKTSION\u00c4R - Otep\u00e4\u00e4 Golf &amp; Country Club<\/title>\n<meta name=\"robots\" content=\"index, follow, max-snippet:-1, max-image-preview:large, max-video-preview:-1\" \/>\n<link rel=\"canonical\" href=\"https:\/\/otepaagolf.com\/fi\/product\/kampaania-vaba-manguoigus-2026-aktsionar\/\" \/>\n<meta property=\"og:locale\" content=\"fi_FI\" \/>\n<meta property=\"og:type\" content=\"article\" \/>\n<meta property=\"og:title\" content=\"Vaba m\u00e4ngu\u00f5igus 2026 AKTSION\u00c4R - Otep\u00e4\u00e4 Golf &amp; Country Club\" \/>\n<meta property=\"og:description\" content=\"M\u00e4ngu\u00f5igus piiramata tiiaegadele ja m\u00e4nguringidele kehtib \u00fchele nimelisele m\u00e4ngijale hooajaks 2026. Kasutajaks saab nimetada isiku, kes on Otep\u00e4\u00e4 golfikeskuse aktsion\u00e4r. Kasutajat ei saa vahetada, kui m\u00e4ngu\u00f5iguse kasutamist on alustatud \u00fche m\u00e4ngija poolt. M\u00e4ngu\u00f5igust ei saa jagada Green Fee piletiteks. Soovitame tii-ajad ette broneerida. M\u00e4nguringide broneerimise eest vastutab paketi kasutaja. Caddiemaster: info@otepaagolf.com, (+372) 56200115. Palun esitage [&hellip;]\" \/>\n<meta property=\"og:url\" content=\"https:\/\/otepaagolf.com\/fi\/product\/kampaania-vaba-manguoigus-2026-aktsionar\/\" \/>\n<meta property=\"og:site_name\" content=\"Otep\u00e4\u00e4 Golf &amp; Country Club\" \/>\n<meta property=\"article:modified_time\" content=\"2026-02-03T11:47:51+00:00\" \/>\n<meta property=\"og:image\" content=\"https:\/\/otepaagolf.com\/wp-content\/uploads\/2025\/09\/Faili-jomara-2024-012.jpg-koopia-scaled.jpg\" \/>\n\t<meta property=\"og:image:width\" content=\"2560\" \/>\n\t<meta property=\"og:image:height\" content=\"1707\" \/>\n\t<meta property=\"og:image:type\" content=\"image\/jpeg\" \/>\n<meta name=\"twitter:card\" content=\"summary_large_image\" \/>\n<meta name=\"twitter:label1\" content=\"Arvioitu lukuaika\" \/>\n\t<meta name=\"twitter:data1\" content=\"1 minuutti\" \/>\n<script type=\"application\/ld+json\" class=\"yoast-schema-graph\">{\"@context\":\"https:\/\/schema.org\",\"@graph\":[{\"@type\":\"WebPage\",\"@id\":\"https:\/\/otepaagolf.com\/fi\/product\/kampaania-vaba-manguoigus-2026-aktsionar\/\",\"url\":\"https:\/\/otepaagolf.com\/fi\/product\/kampaania-vaba-manguoigus-2026-aktsionar\/\",\"name\":\"Vaba m\u00e4ngu\u00f5igus 2026 AKTSION\u00c4R - Otep\u00e4\u00e4 Golf &amp; Country Club\",\"isPartOf\":{\"@id\":\"https:\/\/otepaagolf.com\/fi\/#website\"},\"primaryImageOfPage\":{\"@id\":\"https:\/\/otepaagolf.com\/fi\/product\/kampaania-vaba-manguoigus-2026-aktsionar\/#primaryimage\"},\"image\":{\"@id\":\"https:\/\/otepaagolf.com\/fi\/product\/kampaania-vaba-manguoigus-2026-aktsionar\/#primaryimage\"},\"thumbnailUrl\":\"https:\/\/otepaagolf.com\/wp-content\/uploads\/2025\/09\/Faili-jomara-2024-012.jpg-koopia-scaled.jpg\",\"datePublished\":\"2026-02-03T11:47:46+00:00\",\"dateModified\":\"2026-02-03T11:47:51+00:00\",\"breadcrumb\":{\"@id\":\"https:\/\/otepaagolf.com\/fi\/product\/kampaania-vaba-manguoigus-2026-aktsionar\/#breadcrumb\"},\"inLanguage\":\"fi\",\"potentialAction\":[{\"@type\":\"ReadAction\",\"target\":[\"https:\/\/otepaagolf.com\/fi\/product\/kampaania-vaba-manguoigus-2026-aktsionar\/\"]}]},{\"@type\":\"ImageObject\",\"inLanguage\":\"fi\",\"@id\":\"https:\/\/otepaagolf.com\/fi\/product\/kampaania-vaba-manguoigus-2026-aktsionar\/#primaryimage\",\"url\":\"https:\/\/otepaagolf.com\/wp-content\/uploads\/2025\/09\/Faili-jomara-2024-012.jpg-koopia-scaled.jpg\",\"contentUrl\":\"https:\/\/otepaagolf.com\/wp-content\/uploads\/2025\/09\/Faili-jomara-2024-012.jpg-koopia-scaled.jpg\",\"width\":2560,\"height\":1707},{\"@type\":\"BreadcrumbList\",\"@id\":\"https:\/\/otepaagolf.com\/fi\/product\/kampaania-vaba-manguoigus-2026-aktsionar\/#breadcrumb\",\"itemListElement\":[{\"@type\":\"ListItem\",\"position\":1,\"name\":\"Home\",\"item\":\"https:\/\/otepaagolf.com\/fi\/\"},{\"@type\":\"ListItem\",\"position\":2,\"name\":\"E-POOD\",\"item\":\"https:\/\/otepaagolf.com\/pood\/\"},{\"@type\":\"ListItem\",\"position\":3,\"name\":\"Vaba m\u00e4ngu\u00f5igus 2026 AKTSION\u00c4R\"}]},{\"@type\":\"WebSite\",\"@id\":\"https:\/\/otepaagolf.com\/fi\/#website\",\"url\":\"https:\/\/otepaagolf.com\/fi\/\",\"name\":\"Otep\u00e4\u00e4 Golf &amp; Country Club\",\"description\":\"T\u00e4ism\u00f5\u00f5tmeline golfiv\u00e4ljak 18-holes PAR73\",\"publisher\":{\"@id\":\"https:\/\/otepaagolf.com\/fi\/#organization\"},\"potentialAction\":[{\"@type\":\"SearchAction\",\"target\":{\"@type\":\"EntryPoint\",\"urlTemplate\":\"https:\/\/otepaagolf.com\/fi\/?s={search_term_string}\"},\"query-input\":{\"@type\":\"PropertyValueSpecification\",\"valueRequired\":true,\"valueName\":\"search_term_string\"}}],\"inLanguage\":\"fi\"},{\"@type\":\"Organization\",\"@id\":\"https:\/\/otepaagolf.com\/fi\/#organization\",\"name\":\"Otep\u00e4\u00e4 Golf &amp; Country Club\",\"url\":\"https:\/\/otepaagolf.com\/fi\/\",\"logo\":{\"@type\":\"ImageObject\",\"inLanguage\":\"fi\",\"@id\":\"https:\/\/otepaagolf.com\/fi\/#\/schema\/logo\/image\/\",\"url\":\"https:\/\/otepaagolf.com\/wp-content\/uploads\/2021\/10\/OGCC_web_pais.png\",\"contentUrl\":\"https:\/\/otepaagolf.com\/wp-content\/uploads\/2021\/10\/OGCC_web_pais.png\",\"width\":1368,\"height\":541,\"caption\":\"Otep\u00e4\u00e4 Golf &amp; Country Club\"},\"image\":{\"@id\":\"https:\/\/otepaagolf.com\/fi\/#\/schema\/logo\/image\/\"}}]}<\/script>\n<!-- \/ Yoast SEO plugin. -->","yoast_head_json":{"title":"Vaba m\u00e4ngu\u00f5igus 2026 AKTSION\u00c4R - Otep\u00e4\u00e4 Golf &amp; Country Club","robots":{"index":"index","follow":"follow","max-snippet":"max-snippet:-1","max-image-preview":"max-image-preview:large","max-video-preview":"max-video-preview:-1"},"canonical":"https:\/\/otepaagolf.com\/fi\/product\/kampaania-vaba-manguoigus-2026-aktsionar\/","og_locale":"fi_FI","og_type":"article","og_title":"Vaba m\u00e4ngu\u00f5igus 2026 AKTSION\u00c4R - Otep\u00e4\u00e4 Golf &amp; Country Club","og_description":"M\u00e4ngu\u00f5igus piiramata tiiaegadele ja m\u00e4nguringidele kehtib \u00fchele nimelisele m\u00e4ngijale hooajaks 2026. Kasutajaks saab nimetada isiku, kes on Otep\u00e4\u00e4 golfikeskuse aktsion\u00e4r. Kasutajat ei saa vahetada, kui m\u00e4ngu\u00f5iguse kasutamist on alustatud \u00fche m\u00e4ngija poolt. M\u00e4ngu\u00f5igust ei saa jagada Green Fee piletiteks. Soovitame tii-ajad ette broneerida. M\u00e4nguringide broneerimise eest vastutab paketi kasutaja. Caddiemaster: info@otepaagolf.com, (+372) 56200115. Palun esitage [&hellip;]","og_url":"https:\/\/otepaagolf.com\/fi\/product\/kampaania-vaba-manguoigus-2026-aktsionar\/","og_site_name":"Otep\u00e4\u00e4 Golf &amp; Country Club","article_modified_time":"2026-02-03T11:47:51+00:00","og_image":[{"width":2560,"height":1707,"url":"https:\/\/otepaagolf.com\/wp-content\/uploads\/2025\/09\/Faili-jomara-2024-012.jpg-koopia-scaled.jpg","type":"image\/jpeg"}],"twitter_card":"summary_large_image","twitter_misc":{"Arvioitu lukuaika":"1 minuutti"},"schema":{"@context":"https:\/\/schema.org","@graph":[{"@type":"WebPage","@id":"https:\/\/otepaagolf.com\/fi\/product\/kampaania-vaba-manguoigus-2026-aktsionar\/","url":"https:\/\/otepaagolf.com\/fi\/product\/kampaania-vaba-manguoigus-2026-aktsionar\/","name":"Vaba m\u00e4ngu\u00f5igus 2026 AKTSION\u00c4R - Otep\u00e4\u00e4 Golf &amp; Country Club","isPartOf":{"@id":"https:\/\/otepaagolf.com\/fi\/#website"},"primaryImageOfPage":{"@id":"https:\/\/otepaagolf.com\/fi\/product\/kampaania-vaba-manguoigus-2026-aktsionar\/#primaryimage"},"image":{"@id":"https:\/\/otepaagolf.com\/fi\/product\/kampaania-vaba-manguoigus-2026-aktsionar\/#primaryimage"},"thumbnailUrl":"https:\/\/otepaagolf.com\/wp-content\/uploads\/2025\/09\/Faili-jomara-2024-012.jpg-koopia-scaled.jpg","datePublished":"2026-02-03T11:47:46+00:00","dateModified":"2026-02-03T11:47:51+00:00","breadcrumb":{"@id":"https:\/\/otepaagolf.com\/fi\/product\/kampaania-vaba-manguoigus-2026-aktsionar\/#breadcrumb"},"inLanguage":"fi","potentialAction":[{"@type":"ReadAction","target":["https:\/\/otepaagolf.com\/fi\/product\/kampaania-vaba-manguoigus-2026-aktsionar\/"]}]},{"@type":"ImageObject","inLanguage":"fi","@id":"https:\/\/otepaagolf.com\/fi\/product\/kampaania-vaba-manguoigus-2026-aktsionar\/#primaryimage","url":"https:\/\/otepaagolf.com\/wp-content\/uploads\/2025\/09\/Faili-jomara-2024-012.jpg-koopia-scaled.jpg","contentUrl":"https:\/\/otepaagolf.com\/wp-content\/uploads\/2025\/09\/Faili-jomara-2024-012.jpg-koopia-scaled.jpg","width":2560,"height":1707},{"@type":"BreadcrumbList","@id":"https:\/\/otepaagolf.com\/fi\/product\/kampaania-vaba-manguoigus-2026-aktsionar\/#breadcrumb","itemListElement":[{"@type":"ListItem","position":1,"name":"Home","item":"https:\/\/otepaagolf.com\/fi\/"},{"@type":"ListItem","position":2,"name":"E-POOD","item":"https:\/\/otepaagolf.com\/pood\/"},{"@type":"ListItem","position":3,"name":"Vaba m\u00e4ngu\u00f5igus 2026 AKTSION\u00c4R"}]},{"@type":"WebSite","@id":"https:\/\/otepaagolf.com\/fi\/#website","url":"https:\/\/otepaagolf.com\/fi\/","name":"Otep\u00e4\u00e4 Golf &amp; Country Club","description":"T\u00e4ism\u00f5\u00f5tmeline golfiv\u00e4ljak 18-holes PAR73","publisher":{"@id":"https:\/\/otepaagolf.com\/fi\/#organization"},"potentialAction":[{"@type":"SearchAction","target":{"@type":"EntryPoint","urlTemplate":"https:\/\/otepaagolf.com\/fi\/?s={search_term_string}"},"query-input":{"@type":"PropertyValueSpecification","valueRequired":true,"valueName":"search_term_string"}}],"inLanguage":"fi"},{"@type":"Organization","@id":"https:\/\/otepaagolf.com\/fi\/#organization","name":"Otep\u00e4\u00e4 Golf &amp; Country Club","url":"https:\/\/otepaagolf.com\/fi\/","logo":{"@type":"ImageObject","inLanguage":"fi","@id":"https:\/\/otepaagolf.com\/fi\/#\/schema\/logo\/image\/","url":"https:\/\/otepaagolf.com\/wp-content\/uploads\/2021\/10\/OGCC_web_pais.png","contentUrl":"https:\/\/otepaagolf.com\/wp-content\/uploads\/2021\/10\/OGCC_web_pais.png","width":1368,"height":541,"caption":"Otep\u00e4\u00e4 Golf &amp; Country Club"},"image":{"@id":"https:\/\/otepaagolf.com\/fi\/#\/schema\/logo\/image\/"}}]}},"publishpress_future_workflow_manual_trigger":{"enabledWorkflows":[]},"_links":{"self":[{"href":"https:\/\/otepaagolf.com\/fi\/wp-json\/wp\/v2\/product\/21929","targetHints":{"allow":["GET"]}}],"collection":[{"href":"https:\/\/otepaagolf.com\/fi\/wp-json\/wp\/v2\/product"}],"about":[{"href":"https:\/\/otepaagolf.com\/fi\/wp-json\/wp\/v2\/types\/product"}],"version-history":[{"count":5,"href":"https:\/\/otepaagolf.com\/fi\/wp-json\/wp\/v2\/product\/21929\/revisions"}],"predecessor-version":[{"id":23339,"href":"https:\/\/otepaagolf.com\/fi\/wp-json\/wp\/v2\/product\/21929\/revisions\/23339"}],"wp:featuredmedia":[{"embeddable":true,"href":"https:\/\/otepaagolf.com\/fi\/wp-json\/wp\/v2\/media\/22308"}],"wp:attachment":[{"href":"https:\/\/otepaagolf.com\/fi\/wp-json\/wp\/v2\/media?parent=21929"}],"wp:term":[{"taxonomy":"product_brand","embeddable":true,"href":"https:\/\/otepaagolf.com\/fi\/wp-json\/wp\/v2\/product_brand?post=21929"},{"taxonomy":"product_cat","embeddable":true,"href":"https:\/\/otepaagolf.com\/fi\/wp-json\/wp\/v2\/product_cat?post=21929"},{"taxonomy":"product_tag","embeddable":true,"href":"https:\/\/otepaagolf.com\/fi\/wp-json\/wp\/v2\/product_tag?post=21929"}],"curies":[{"name":"wp","href":"https:\/\/api.w.org\/{rel}","templated":true}]}}