{"id":22679,"date":"2025-11-19T19:26:35","date_gmt":"2025-11-19T17:26:35","guid":{"rendered":"https:\/\/otepaagolf.com\/?post_type=product&#038;p=22679"},"modified":"2026-04-18T14:20:40","modified_gmt":"2026-04-18T11:20:40","slug":"aprilli-greenfee-kahele-18-rada","status":"publish","type":"product","link":"https:\/\/otepaagolf.com\/fi\/product\/aprilli-greenfee-kahele-18-rada\/","title":{"rendered":"APRILLI GREENFEE KAHELE 18-RADA"},"content":{"rendered":"<p>Kehtiv aprillikuus 2026. hooajal kahele m\u00e4ngijale korraga samas flaidis 18-rajalise m\u00e4nguringi m\u00e4ngimiseks. Juhul, kui pilet j\u00e4\u00e4b kasutamata, kehtib ostetud pilet soetusv\u00e4\u00e4rtuses rahalise kinkekaardina \u00fcksk\u00f5ik millise Green Fee v\u00f5i m\u00e4ngu\u00f5iguse toodete ostuks kuni 2026.hooaja l\u00f5puni.<\/p>\n<p>Paketti ei saa jagada, pakett on kahele m\u00e4ngijale samal stardiajal aprilli m\u00e4nguringiks. Ei kehti v\u00f5istlustel.<\/p>\n<p>Paketi kasutamiseks palume stardiaeg ette broneerida Caddiemasteri kaudu.\u00a0Palun esitage tellimuse kinnitus caddiemasterile.<\/p>\n","protected":false},"excerpt":{"rendered":"<p>Kehtiv aprillikuus 2026. hooajal kahele m\u00e4ngijale korraga samas flaidis 18-rajalise m\u00e4nguringi m\u00e4ngimiseks. Juhul, kui pilet j\u00e4\u00e4b kasutamata, kehtib ostetud pilet soetusv\u00e4\u00e4rtuses rahalise kinkekaardina \u00fcksk\u00f5ik millise Green Fee v\u00f5i m\u00e4ngu\u00f5iguse toodete ostuks kuni 2026.hooaja l\u00f5puni. Paketti ei saa jagada, pakett on kahele m\u00e4ngijale samal stardiajal aprilli m\u00e4nguringiks. Ei kehti v\u00f5istlustel. Paketi kasutamiseks palume stardiaeg ette broneerida [&hellip;]<\/p>\n","protected":false},"featured_media":22342,"template":"","meta":{"_acf_changed":false,"_improvement_type_select":"improve_an_existing","_thumb_yes_seoaic":false,"_frame_yes_seoaic":false,"seoaic_generate_description":"","seoaic_improve_instructions_prompt":"","seoaic_rollback_content_improvement":"","seoaic_idea_thumbnail_generator":"","thumbnail_generated":false,"thumbnail_generate_prompt":"","seoaic_article_description":""},"product_brand":[],"product_cat":[29,31,30,100,68],"product_tag":[85,75],"class_list":{"0":"post-22679","1":"product","2":"type-product","3":"status-publish","4":"has-post-thumbnail","6":"product_cat-teenused","7":"product_cat-31","8":"product_cat-pakkumised","9":"product_cat-esto-deal","10":"product_cat-kampaaniad","11":"product_tag-18-rada","12":"product_tag-greenfee","14":"first","15":"instock","16":"sale","17":"purchasable","18":"product-type-simple"},"acf":[],"gallery_images":[],"yoast_head":"<!-- This site is optimized with the Yoast SEO plugin v26.8 - https:\/\/yoast.com\/product\/yoast-seo-wordpress\/ -->\n<title>APRILLI GREENFEE KAHELE 18-RADA - Otep\u00e4\u00e4 Golf &amp; Country Club<\/title>\n<meta name=\"robots\" content=\"index, follow, max-snippet:-1, max-image-preview:large, max-video-preview:-1\" \/>\n<link rel=\"canonical\" href=\"https:\/\/otepaagolf.com\/fi\/product\/aprilli-greenfee-kahele-18-rada\/\" \/>\n<meta property=\"og:locale\" content=\"fi_FI\" \/>\n<meta property=\"og:type\" content=\"article\" \/>\n<meta property=\"og:title\" content=\"APRILLI GREENFEE KAHELE 18-RADA - Otep\u00e4\u00e4 Golf &amp; Country Club\" \/>\n<meta property=\"og:description\" content=\"Kehtiv aprillikuus 2026. hooajal kahele m\u00e4ngijale korraga samas flaidis 18-rajalise m\u00e4nguringi m\u00e4ngimiseks. Juhul, kui pilet j\u00e4\u00e4b kasutamata, kehtib ostetud pilet soetusv\u00e4\u00e4rtuses rahalise kinkekaardina \u00fcksk\u00f5ik millise Green Fee v\u00f5i m\u00e4ngu\u00f5iguse toodete ostuks kuni 2026.hooaja l\u00f5puni. Paketti ei saa jagada, pakett on kahele m\u00e4ngijale samal stardiajal aprilli m\u00e4nguringiks. Ei kehti v\u00f5istlustel. Paketi kasutamiseks palume stardiaeg ette broneerida [&hellip;]\" \/>\n<meta property=\"og:url\" content=\"https:\/\/otepaagolf.com\/fi\/product\/aprilli-greenfee-kahele-18-rada\/\" \/>\n<meta property=\"og:site_name\" content=\"Otep\u00e4\u00e4 Golf &amp; Country Club\" \/>\n<meta property=\"article:modified_time\" content=\"2026-04-18T11:20:40+00:00\" \/>\n<meta property=\"og:image\" content=\"https:\/\/otepaagolf.com\/wp-content\/uploads\/2025\/09\/Otepaa-golf-DJI_20250527165950_0025_D.jpg\" \/>\n\t<meta property=\"og:image:width\" content=\"2500\" \/>\n\t<meta property=\"og:image:height\" content=\"1875\" \/>\n\t<meta property=\"og:image:type\" content=\"image\/jpeg\" \/>\n<meta name=\"twitter:card\" content=\"summary_large_image\" \/>\n<meta name=\"twitter:label1\" content=\"Arvioitu lukuaika\" \/>\n\t<meta name=\"twitter:data1\" content=\"1 minuutti\" \/>\n<script type=\"application\/ld+json\" class=\"yoast-schema-graph\">{\"@context\":\"https:\/\/schema.org\",\"@graph\":[{\"@type\":\"WebPage\",\"@id\":\"https:\/\/otepaagolf.com\/fi\/product\/aprilli-greenfee-kahele-18-rada\/\",\"url\":\"https:\/\/otepaagolf.com\/fi\/product\/aprilli-greenfee-kahele-18-rada\/\",\"name\":\"APRILLI GREENFEE KAHELE 18-RADA - Otep\u00e4\u00e4 Golf &amp; Country Club\",\"isPartOf\":{\"@id\":\"https:\/\/otepaagolf.com\/fi\/#website\"},\"primaryImageOfPage\":{\"@id\":\"https:\/\/otepaagolf.com\/fi\/product\/aprilli-greenfee-kahele-18-rada\/#primaryimage\"},\"image\":{\"@id\":\"https:\/\/otepaagolf.com\/fi\/product\/aprilli-greenfee-kahele-18-rada\/#primaryimage\"},\"thumbnailUrl\":\"https:\/\/otepaagolf.com\/wp-content\/uploads\/2025\/09\/Otepaa-golf-DJI_20250527165950_0025_D.jpg\",\"datePublished\":\"2025-11-19T17:26:35+00:00\",\"dateModified\":\"2026-04-18T11:20:40+00:00\",\"breadcrumb\":{\"@id\":\"https:\/\/otepaagolf.com\/fi\/product\/aprilli-greenfee-kahele-18-rada\/#breadcrumb\"},\"inLanguage\":\"fi\",\"potentialAction\":[{\"@type\":\"ReadAction\",\"target\":[\"https:\/\/otepaagolf.com\/fi\/product\/aprilli-greenfee-kahele-18-rada\/\"]}]},{\"@type\":\"ImageObject\",\"inLanguage\":\"fi\",\"@id\":\"https:\/\/otepaagolf.com\/fi\/product\/aprilli-greenfee-kahele-18-rada\/#primaryimage\",\"url\":\"https:\/\/otepaagolf.com\/wp-content\/uploads\/2025\/09\/Otepaa-golf-DJI_20250527165950_0025_D.jpg\",\"contentUrl\":\"https:\/\/otepaagolf.com\/wp-content\/uploads\/2025\/09\/Otepaa-golf-DJI_20250527165950_0025_D.jpg\",\"width\":2500,\"height\":1875,\"caption\":\"default\"},{\"@type\":\"BreadcrumbList\",\"@id\":\"https:\/\/otepaagolf.com\/fi\/product\/aprilli-greenfee-kahele-18-rada\/#breadcrumb\",\"itemListElement\":[{\"@type\":\"ListItem\",\"position\":1,\"name\":\"Home\",\"item\":\"https:\/\/otepaagolf.com\/fi\/\"},{\"@type\":\"ListItem\",\"position\":2,\"name\":\"E-POOD\",\"item\":\"https:\/\/otepaagolf.com\/pood\/\"},{\"@type\":\"ListItem\",\"position\":3,\"name\":\"APRILLI GREENFEE KAHELE 18-RADA\"}]},{\"@type\":\"WebSite\",\"@id\":\"https:\/\/otepaagolf.com\/fi\/#website\",\"url\":\"https:\/\/otepaagolf.com\/fi\/\",\"name\":\"Otep\u00e4\u00e4 Golf &amp; Country Club\",\"description\":\"T\u00e4ism\u00f5\u00f5tmeline golfiv\u00e4ljak 18-holes PAR73\",\"publisher\":{\"@id\":\"https:\/\/otepaagolf.com\/fi\/#organization\"},\"potentialAction\":[{\"@type\":\"SearchAction\",\"target\":{\"@type\":\"EntryPoint\",\"urlTemplate\":\"https:\/\/otepaagolf.com\/fi\/?s={search_term_string}\"},\"query-input\":{\"@type\":\"PropertyValueSpecification\",\"valueRequired\":true,\"valueName\":\"search_term_string\"}}],\"inLanguage\":\"fi\"},{\"@type\":\"Organization\",\"@id\":\"https:\/\/otepaagolf.com\/fi\/#organization\",\"name\":\"Otep\u00e4\u00e4 Golf &amp; Country Club\",\"url\":\"https:\/\/otepaagolf.com\/fi\/\",\"logo\":{\"@type\":\"ImageObject\",\"inLanguage\":\"fi\",\"@id\":\"https:\/\/otepaagolf.com\/fi\/#\/schema\/logo\/image\/\",\"url\":\"https:\/\/otepaagolf.com\/wp-content\/uploads\/2021\/10\/OGCC_web_pais.png\",\"contentUrl\":\"https:\/\/otepaagolf.com\/wp-content\/uploads\/2021\/10\/OGCC_web_pais.png\",\"width\":1368,\"height\":541,\"caption\":\"Otep\u00e4\u00e4 Golf &amp; Country Club\"},\"image\":{\"@id\":\"https:\/\/otepaagolf.com\/fi\/#\/schema\/logo\/image\/\"}}]}<\/script>\n<!-- \/ Yoast SEO plugin. -->","yoast_head_json":{"title":"APRILLI GREENFEE KAHELE 18-RADA - Otep\u00e4\u00e4 Golf &amp; Country Club","robots":{"index":"index","follow":"follow","max-snippet":"max-snippet:-1","max-image-preview":"max-image-preview:large","max-video-preview":"max-video-preview:-1"},"canonical":"https:\/\/otepaagolf.com\/fi\/product\/aprilli-greenfee-kahele-18-rada\/","og_locale":"fi_FI","og_type":"article","og_title":"APRILLI GREENFEE KAHELE 18-RADA - Otep\u00e4\u00e4 Golf &amp; Country Club","og_description":"Kehtiv aprillikuus 2026. hooajal kahele m\u00e4ngijale korraga samas flaidis 18-rajalise m\u00e4nguringi m\u00e4ngimiseks. Juhul, kui pilet j\u00e4\u00e4b kasutamata, kehtib ostetud pilet soetusv\u00e4\u00e4rtuses rahalise kinkekaardina \u00fcksk\u00f5ik millise Green Fee v\u00f5i m\u00e4ngu\u00f5iguse toodete ostuks kuni 2026.hooaja l\u00f5puni. Paketti ei saa jagada, pakett on kahele m\u00e4ngijale samal stardiajal aprilli m\u00e4nguringiks. Ei kehti v\u00f5istlustel. Paketi kasutamiseks palume stardiaeg ette broneerida [&hellip;]","og_url":"https:\/\/otepaagolf.com\/fi\/product\/aprilli-greenfee-kahele-18-rada\/","og_site_name":"Otep\u00e4\u00e4 Golf &amp; Country Club","article_modified_time":"2026-04-18T11:20:40+00:00","og_image":[{"width":2500,"height":1875,"url":"https:\/\/otepaagolf.com\/wp-content\/uploads\/2025\/09\/Otepaa-golf-DJI_20250527165950_0025_D.jpg","type":"image\/jpeg"}],"twitter_card":"summary_large_image","twitter_misc":{"Arvioitu lukuaika":"1 minuutti"},"schema":{"@context":"https:\/\/schema.org","@graph":[{"@type":"WebPage","@id":"https:\/\/otepaagolf.com\/fi\/product\/aprilli-greenfee-kahele-18-rada\/","url":"https:\/\/otepaagolf.com\/fi\/product\/aprilli-greenfee-kahele-18-rada\/","name":"APRILLI GREENFEE KAHELE 18-RADA - Otep\u00e4\u00e4 Golf &amp; Country Club","isPartOf":{"@id":"https:\/\/otepaagolf.com\/fi\/#website"},"primaryImageOfPage":{"@id":"https:\/\/otepaagolf.com\/fi\/product\/aprilli-greenfee-kahele-18-rada\/#primaryimage"},"image":{"@id":"https:\/\/otepaagolf.com\/fi\/product\/aprilli-greenfee-kahele-18-rada\/#primaryimage"},"thumbnailUrl":"https:\/\/otepaagolf.com\/wp-content\/uploads\/2025\/09\/Otepaa-golf-DJI_20250527165950_0025_D.jpg","datePublished":"2025-11-19T17:26:35+00:00","dateModified":"2026-04-18T11:20:40+00:00","breadcrumb":{"@id":"https:\/\/otepaagolf.com\/fi\/product\/aprilli-greenfee-kahele-18-rada\/#breadcrumb"},"inLanguage":"fi","potentialAction":[{"@type":"ReadAction","target":["https:\/\/otepaagolf.com\/fi\/product\/aprilli-greenfee-kahele-18-rada\/"]}]},{"@type":"ImageObject","inLanguage":"fi","@id":"https:\/\/otepaagolf.com\/fi\/product\/aprilli-greenfee-kahele-18-rada\/#primaryimage","url":"https:\/\/otepaagolf.com\/wp-content\/uploads\/2025\/09\/Otepaa-golf-DJI_20250527165950_0025_D.jpg","contentUrl":"https:\/\/otepaagolf.com\/wp-content\/uploads\/2025\/09\/Otepaa-golf-DJI_20250527165950_0025_D.jpg","width":2500,"height":1875,"caption":"default"},{"@type":"BreadcrumbList","@id":"https:\/\/otepaagolf.com\/fi\/product\/aprilli-greenfee-kahele-18-rada\/#breadcrumb","itemListElement":[{"@type":"ListItem","position":1,"name":"Home","item":"https:\/\/otepaagolf.com\/fi\/"},{"@type":"ListItem","position":2,"name":"E-POOD","item":"https:\/\/otepaagolf.com\/pood\/"},{"@type":"ListItem","position":3,"name":"APRILLI GREENFEE KAHELE 18-RADA"}]},{"@type":"WebSite","@id":"https:\/\/otepaagolf.com\/fi\/#website","url":"https:\/\/otepaagolf.com\/fi\/","name":"Otep\u00e4\u00e4 Golf &amp; Country Club","description":"T\u00e4ism\u00f5\u00f5tmeline golfiv\u00e4ljak 18-holes PAR73","publisher":{"@id":"https:\/\/otepaagolf.com\/fi\/#organization"},"potentialAction":[{"@type":"SearchAction","target":{"@type":"EntryPoint","urlTemplate":"https:\/\/otepaagolf.com\/fi\/?s={search_term_string}"},"query-input":{"@type":"PropertyValueSpecification","valueRequired":true,"valueName":"search_term_string"}}],"inLanguage":"fi"},{"@type":"Organization","@id":"https:\/\/otepaagolf.com\/fi\/#organization","name":"Otep\u00e4\u00e4 Golf &amp; Country Club","url":"https:\/\/otepaagolf.com\/fi\/","logo":{"@type":"ImageObject","inLanguage":"fi","@id":"https:\/\/otepaagolf.com\/fi\/#\/schema\/logo\/image\/","url":"https:\/\/otepaagolf.com\/wp-content\/uploads\/2021\/10\/OGCC_web_pais.png","contentUrl":"https:\/\/otepaagolf.com\/wp-content\/uploads\/2021\/10\/OGCC_web_pais.png","width":1368,"height":541,"caption":"Otep\u00e4\u00e4 Golf &amp; Country Club"},"image":{"@id":"https:\/\/otepaagolf.com\/fi\/#\/schema\/logo\/image\/"}}]}},"publishpress_future_workflow_manual_trigger":{"enabledWorkflows":[]},"_links":{"self":[{"href":"https:\/\/otepaagolf.com\/fi\/wp-json\/wp\/v2\/product\/22679","targetHints":{"allow":["GET"]}}],"collection":[{"href":"https:\/\/otepaagolf.com\/fi\/wp-json\/wp\/v2\/product"}],"about":[{"href":"https:\/\/otepaagolf.com\/fi\/wp-json\/wp\/v2\/types\/product"}],"version-history":[{"count":6,"href":"https:\/\/otepaagolf.com\/fi\/wp-json\/wp\/v2\/product\/22679\/revisions"}],"predecessor-version":[{"id":23330,"href":"https:\/\/otepaagolf.com\/fi\/wp-json\/wp\/v2\/product\/22679\/revisions\/23330"}],"wp:featuredmedia":[{"embeddable":true,"href":"https:\/\/otepaagolf.com\/fi\/wp-json\/wp\/v2\/media\/22342"}],"wp:attachment":[{"href":"https:\/\/otepaagolf.com\/fi\/wp-json\/wp\/v2\/media?parent=22679"}],"wp:term":[{"taxonomy":"product_brand","embeddable":true,"href":"https:\/\/otepaagolf.com\/fi\/wp-json\/wp\/v2\/product_brand?post=22679"},{"taxonomy":"product_cat","embeddable":true,"href":"https:\/\/otepaagolf.com\/fi\/wp-json\/wp\/v2\/product_cat?post=22679"},{"taxonomy":"product_tag","embeddable":true,"href":"https:\/\/otepaagolf.com\/fi\/wp-json\/wp\/v2\/product_tag?post=22679"}],"curies":[{"name":"wp","href":"https:\/\/api.w.org\/{rel}","templated":true}]}}