{"id":22890,"date":"2025-12-17T17:57:04","date_gmt":"2025-12-17T15:57:04","guid":{"rendered":"https:\/\/otepaagolf.com\/?post_type=product&#038;p=22890"},"modified":"2025-12-18T17:11:03","modified_gmt":"2025-12-18T15:11:03","slug":"2026-bagihoid-hooajaks-klubiliige","status":"publish","type":"product","link":"https:\/\/otepaagolf.com\/fi\/product\/2026-bagihoid-hooajaks-klubiliige\/","title":{"rendered":"2026 B\u00c4GIHOID HOOAJAKS Klubiliikmele"},"content":{"rendered":"<p>B\u00e4gihoid 2026. aasta hooajaks \u00fchele m\u00e4\u00e4ratud m\u00e4ngijale, kelle koduklubi on Otep\u00e4\u00e4 Golf &amp; Country Club.<\/p>\n<p>H\u00f5lmab vajadusel golfik\u00e4ru hoiustamist. Hoiustamine on v\u00f5imalik ka varahommikul ja hilis\u00f5htul, kui caddiemaster on suletud.<\/p>\n<p>Esitage tellimuse kinnitus caddiemasterile.<\/p>\n","protected":false},"excerpt":{"rendered":"<p>B\u00e4gihoid 2026. aasta hooajaks \u00fchele m\u00e4\u00e4ratud m\u00e4ngijale, kelle koduklubi on Otep\u00e4\u00e4 Golf &amp; Country Club. H\u00f5lmab vajadusel golfik\u00e4ru hoiustamist. Hoiustamine on v\u00f5imalik ka varahommikul ja hilis\u00f5htul, kui caddiemaster on suletud. Esitage tellimuse kinnitus caddiemasterile.<\/p>\n","protected":false},"featured_media":18264,"template":"","meta":{"_acf_changed":false,"_improvement_type_select":"improve_an_existing","_thumb_yes_seoaic":false,"_frame_yes_seoaic":false,"seoaic_generate_description":"","seoaic_improve_instructions_prompt":"","seoaic_rollback_content_improvement":"","seoaic_idea_thumbnail_generator":"","thumbnail_generated":false,"thumbnail_generate_prompt":"","seoaic_article_description":""},"product_brand":[],"product_cat":[106,29,37,38],"product_tag":[79,78],"class_list":{"0":"post-22890","1":"product","2":"type-product","3":"status-publish","4":"has-post-thumbnail","6":"product_cat-klubiliikmele","7":"product_cat-teenused","8":"product_cat-37","9":"product_cat-golfivarustus","10":"product_tag-baggihoid","11":"product_tag-hoiustramine","13":"first","14":"instock","15":"sale","16":"taxable","17":"shipping-taxable","18":"purchasable","19":"product-type-simple"},"acf":[],"gallery_images":[],"yoast_head":"<!-- This site is optimized with the Yoast SEO plugin v26.8 - https:\/\/yoast.com\/product\/yoast-seo-wordpress\/ -->\n<title>2026 B\u00c4GIHOID HOOAJAKS Klubiliikmele - Otep\u00e4\u00e4 Golf &amp; Country Club<\/title>\n<meta name=\"robots\" content=\"index, follow, max-snippet:-1, max-image-preview:large, max-video-preview:-1\" \/>\n<link rel=\"canonical\" href=\"https:\/\/otepaagolf.com\/fi\/product\/2026-bagihoid-hooajaks-klubiliige\/\" \/>\n<meta property=\"og:locale\" content=\"fi_FI\" \/>\n<meta property=\"og:type\" content=\"article\" \/>\n<meta property=\"og:title\" content=\"2026 B\u00c4GIHOID HOOAJAKS Klubiliikmele - Otep\u00e4\u00e4 Golf &amp; Country Club\" \/>\n<meta property=\"og:description\" content=\"B\u00e4gihoid 2026. aasta hooajaks \u00fchele m\u00e4\u00e4ratud m\u00e4ngijale, kelle koduklubi on Otep\u00e4\u00e4 Golf &amp; Country Club. H\u00f5lmab vajadusel golfik\u00e4ru hoiustamist. Hoiustamine on v\u00f5imalik ka varahommikul ja hilis\u00f5htul, kui caddiemaster on suletud. Esitage tellimuse kinnitus caddiemasterile.\" \/>\n<meta property=\"og:url\" content=\"https:\/\/otepaagolf.com\/fi\/product\/2026-bagihoid-hooajaks-klubiliige\/\" \/>\n<meta property=\"og:site_name\" content=\"Otep\u00e4\u00e4 Golf &amp; Country Club\" \/>\n<meta property=\"article:modified_time\" content=\"2025-12-18T15:11:03+00:00\" \/>\n<meta property=\"og:image\" content=\"https:\/\/otepaagolf.com\/wp-content\/uploads\/2024\/07\/placeholder_image-6-1024x1022.png\" \/>\n\t<meta property=\"og:image:width\" content=\"1024\" \/>\n\t<meta property=\"og:image:height\" content=\"1022\" \/>\n\t<meta property=\"og:image:type\" content=\"image\/png\" \/>\n<meta name=\"twitter:card\" content=\"summary_large_image\" \/>\n<meta name=\"twitter:label1\" content=\"Arvioitu lukuaika\" \/>\n\t<meta name=\"twitter:data1\" content=\"1 minuutti\" \/>\n<script type=\"application\/ld+json\" class=\"yoast-schema-graph\">{\"@context\":\"https:\/\/schema.org\",\"@graph\":[{\"@type\":\"WebPage\",\"@id\":\"https:\/\/otepaagolf.com\/fi\/product\/2026-bagihoid-hooajaks-klubiliige\/\",\"url\":\"https:\/\/otepaagolf.com\/fi\/product\/2026-bagihoid-hooajaks-klubiliige\/\",\"name\":\"2026 B\u00c4GIHOID HOOAJAKS Klubiliikmele - Otep\u00e4\u00e4 Golf &amp; Country Club\",\"isPartOf\":{\"@id\":\"https:\/\/otepaagolf.com\/fi\/#website\"},\"primaryImageOfPage\":{\"@id\":\"https:\/\/otepaagolf.com\/fi\/product\/2026-bagihoid-hooajaks-klubiliige\/#primaryimage\"},\"image\":{\"@id\":\"https:\/\/otepaagolf.com\/fi\/product\/2026-bagihoid-hooajaks-klubiliige\/#primaryimage\"},\"thumbnailUrl\":\"https:\/\/otepaagolf.com\/wp-content\/uploads\/2024\/07\/placeholder_image-6.png\",\"datePublished\":\"2025-12-17T15:57:04+00:00\",\"dateModified\":\"2025-12-18T15:11:03+00:00\",\"breadcrumb\":{\"@id\":\"https:\/\/otepaagolf.com\/fi\/product\/2026-bagihoid-hooajaks-klubiliige\/#breadcrumb\"},\"inLanguage\":\"fi\",\"potentialAction\":[{\"@type\":\"ReadAction\",\"target\":[\"https:\/\/otepaagolf.com\/fi\/product\/2026-bagihoid-hooajaks-klubiliige\/\"]}]},{\"@type\":\"ImageObject\",\"inLanguage\":\"fi\",\"@id\":\"https:\/\/otepaagolf.com\/fi\/product\/2026-bagihoid-hooajaks-klubiliige\/#primaryimage\",\"url\":\"https:\/\/otepaagolf.com\/wp-content\/uploads\/2024\/07\/placeholder_image-6.png\",\"contentUrl\":\"https:\/\/otepaagolf.com\/wp-content\/uploads\/2024\/07\/placeholder_image-6.png\",\"width\":1026,\"height\":1024},{\"@type\":\"BreadcrumbList\",\"@id\":\"https:\/\/otepaagolf.com\/fi\/product\/2026-bagihoid-hooajaks-klubiliige\/#breadcrumb\",\"itemListElement\":[{\"@type\":\"ListItem\",\"position\":1,\"name\":\"Home\",\"item\":\"https:\/\/otepaagolf.com\/fi\/\"},{\"@type\":\"ListItem\",\"position\":2,\"name\":\"E-POOD\",\"item\":\"https:\/\/otepaagolf.com\/pood\/\"},{\"@type\":\"ListItem\",\"position\":3,\"name\":\"2026 B\u00c4GIHOID HOOAJAKS Klubiliikmele\"}]},{\"@type\":\"WebSite\",\"@id\":\"https:\/\/otepaagolf.com\/fi\/#website\",\"url\":\"https:\/\/otepaagolf.com\/fi\/\",\"name\":\"Otep\u00e4\u00e4 Golf &amp; Country Club\",\"description\":\"T\u00e4ism\u00f5\u00f5tmeline golfiv\u00e4ljak 18-holes PAR73\",\"publisher\":{\"@id\":\"https:\/\/otepaagolf.com\/fi\/#organization\"},\"potentialAction\":[{\"@type\":\"SearchAction\",\"target\":{\"@type\":\"EntryPoint\",\"urlTemplate\":\"https:\/\/otepaagolf.com\/fi\/?s={search_term_string}\"},\"query-input\":{\"@type\":\"PropertyValueSpecification\",\"valueRequired\":true,\"valueName\":\"search_term_string\"}}],\"inLanguage\":\"fi\"},{\"@type\":\"Organization\",\"@id\":\"https:\/\/otepaagolf.com\/fi\/#organization\",\"name\":\"Otep\u00e4\u00e4 Golf &amp; Country Club\",\"url\":\"https:\/\/otepaagolf.com\/fi\/\",\"logo\":{\"@type\":\"ImageObject\",\"inLanguage\":\"fi\",\"@id\":\"https:\/\/otepaagolf.com\/fi\/#\/schema\/logo\/image\/\",\"url\":\"https:\/\/otepaagolf.com\/wp-content\/uploads\/2021\/10\/OGCC_web_pais.png\",\"contentUrl\":\"https:\/\/otepaagolf.com\/wp-content\/uploads\/2021\/10\/OGCC_web_pais.png\",\"width\":1368,\"height\":541,\"caption\":\"Otep\u00e4\u00e4 Golf &amp; Country Club\"},\"image\":{\"@id\":\"https:\/\/otepaagolf.com\/fi\/#\/schema\/logo\/image\/\"}}]}<\/script>\n<!-- \/ Yoast SEO plugin. -->","yoast_head_json":{"title":"2026 B\u00c4GIHOID HOOAJAKS Klubiliikmele - Otep\u00e4\u00e4 Golf &amp; Country Club","robots":{"index":"index","follow":"follow","max-snippet":"max-snippet:-1","max-image-preview":"max-image-preview:large","max-video-preview":"max-video-preview:-1"},"canonical":"https:\/\/otepaagolf.com\/fi\/product\/2026-bagihoid-hooajaks-klubiliige\/","og_locale":"fi_FI","og_type":"article","og_title":"2026 B\u00c4GIHOID HOOAJAKS Klubiliikmele - Otep\u00e4\u00e4 Golf &amp; Country Club","og_description":"B\u00e4gihoid 2026. aasta hooajaks \u00fchele m\u00e4\u00e4ratud m\u00e4ngijale, kelle koduklubi on Otep\u00e4\u00e4 Golf &amp; Country Club. H\u00f5lmab vajadusel golfik\u00e4ru hoiustamist. Hoiustamine on v\u00f5imalik ka varahommikul ja hilis\u00f5htul, kui caddiemaster on suletud. Esitage tellimuse kinnitus caddiemasterile.","og_url":"https:\/\/otepaagolf.com\/fi\/product\/2026-bagihoid-hooajaks-klubiliige\/","og_site_name":"Otep\u00e4\u00e4 Golf &amp; Country Club","article_modified_time":"2025-12-18T15:11:03+00:00","og_image":[{"width":1024,"height":1022,"url":"https:\/\/otepaagolf.com\/wp-content\/uploads\/2024\/07\/placeholder_image-6-1024x1022.png","type":"image\/png"}],"twitter_card":"summary_large_image","twitter_misc":{"Arvioitu lukuaika":"1 minuutti"},"schema":{"@context":"https:\/\/schema.org","@graph":[{"@type":"WebPage","@id":"https:\/\/otepaagolf.com\/fi\/product\/2026-bagihoid-hooajaks-klubiliige\/","url":"https:\/\/otepaagolf.com\/fi\/product\/2026-bagihoid-hooajaks-klubiliige\/","name":"2026 B\u00c4GIHOID HOOAJAKS Klubiliikmele - Otep\u00e4\u00e4 Golf &amp; Country Club","isPartOf":{"@id":"https:\/\/otepaagolf.com\/fi\/#website"},"primaryImageOfPage":{"@id":"https:\/\/otepaagolf.com\/fi\/product\/2026-bagihoid-hooajaks-klubiliige\/#primaryimage"},"image":{"@id":"https:\/\/otepaagolf.com\/fi\/product\/2026-bagihoid-hooajaks-klubiliige\/#primaryimage"},"thumbnailUrl":"https:\/\/otepaagolf.com\/wp-content\/uploads\/2024\/07\/placeholder_image-6.png","datePublished":"2025-12-17T15:57:04+00:00","dateModified":"2025-12-18T15:11:03+00:00","breadcrumb":{"@id":"https:\/\/otepaagolf.com\/fi\/product\/2026-bagihoid-hooajaks-klubiliige\/#breadcrumb"},"inLanguage":"fi","potentialAction":[{"@type":"ReadAction","target":["https:\/\/otepaagolf.com\/fi\/product\/2026-bagihoid-hooajaks-klubiliige\/"]}]},{"@type":"ImageObject","inLanguage":"fi","@id":"https:\/\/otepaagolf.com\/fi\/product\/2026-bagihoid-hooajaks-klubiliige\/#primaryimage","url":"https:\/\/otepaagolf.com\/wp-content\/uploads\/2024\/07\/placeholder_image-6.png","contentUrl":"https:\/\/otepaagolf.com\/wp-content\/uploads\/2024\/07\/placeholder_image-6.png","width":1026,"height":1024},{"@type":"BreadcrumbList","@id":"https:\/\/otepaagolf.com\/fi\/product\/2026-bagihoid-hooajaks-klubiliige\/#breadcrumb","itemListElement":[{"@type":"ListItem","position":1,"name":"Home","item":"https:\/\/otepaagolf.com\/fi\/"},{"@type":"ListItem","position":2,"name":"E-POOD","item":"https:\/\/otepaagolf.com\/pood\/"},{"@type":"ListItem","position":3,"name":"2026 B\u00c4GIHOID HOOAJAKS Klubiliikmele"}]},{"@type":"WebSite","@id":"https:\/\/otepaagolf.com\/fi\/#website","url":"https:\/\/otepaagolf.com\/fi\/","name":"Otep\u00e4\u00e4 Golf &amp; Country Club","description":"T\u00e4ism\u00f5\u00f5tmeline golfiv\u00e4ljak 18-holes PAR73","publisher":{"@id":"https:\/\/otepaagolf.com\/fi\/#organization"},"potentialAction":[{"@type":"SearchAction","target":{"@type":"EntryPoint","urlTemplate":"https:\/\/otepaagolf.com\/fi\/?s={search_term_string}"},"query-input":{"@type":"PropertyValueSpecification","valueRequired":true,"valueName":"search_term_string"}}],"inLanguage":"fi"},{"@type":"Organization","@id":"https:\/\/otepaagolf.com\/fi\/#organization","name":"Otep\u00e4\u00e4 Golf &amp; Country Club","url":"https:\/\/otepaagolf.com\/fi\/","logo":{"@type":"ImageObject","inLanguage":"fi","@id":"https:\/\/otepaagolf.com\/fi\/#\/schema\/logo\/image\/","url":"https:\/\/otepaagolf.com\/wp-content\/uploads\/2021\/10\/OGCC_web_pais.png","contentUrl":"https:\/\/otepaagolf.com\/wp-content\/uploads\/2021\/10\/OGCC_web_pais.png","width":1368,"height":541,"caption":"Otep\u00e4\u00e4 Golf &amp; Country Club"},"image":{"@id":"https:\/\/otepaagolf.com\/fi\/#\/schema\/logo\/image\/"}}]}},"publishpress_future_workflow_manual_trigger":{"enabledWorkflows":[]},"_links":{"self":[{"href":"https:\/\/otepaagolf.com\/fi\/wp-json\/wp\/v2\/product\/22890","targetHints":{"allow":["GET"]}}],"collection":[{"href":"https:\/\/otepaagolf.com\/fi\/wp-json\/wp\/v2\/product"}],"about":[{"href":"https:\/\/otepaagolf.com\/fi\/wp-json\/wp\/v2\/types\/product"}],"version-history":[{"count":2,"href":"https:\/\/otepaagolf.com\/fi\/wp-json\/wp\/v2\/product\/22890\/revisions"}],"predecessor-version":[{"id":22892,"href":"https:\/\/otepaagolf.com\/fi\/wp-json\/wp\/v2\/product\/22890\/revisions\/22892"}],"wp:featuredmedia":[{"embeddable":true,"href":"https:\/\/otepaagolf.com\/fi\/wp-json\/wp\/v2\/media\/18264"}],"wp:attachment":[{"href":"https:\/\/otepaagolf.com\/fi\/wp-json\/wp\/v2\/media?parent=22890"}],"wp:term":[{"taxonomy":"product_brand","embeddable":true,"href":"https:\/\/otepaagolf.com\/fi\/wp-json\/wp\/v2\/product_brand?post=22890"},{"taxonomy":"product_cat","embeddable":true,"href":"https:\/\/otepaagolf.com\/fi\/wp-json\/wp\/v2\/product_cat?post=22890"},{"taxonomy":"product_tag","embeddable":true,"href":"https:\/\/otepaagolf.com\/fi\/wp-json\/wp\/v2\/product_tag?post=22890"}],"curies":[{"name":"wp","href":"https:\/\/api.w.org\/{rel}","templated":true}]}}