{"id":22893,"date":"2025-12-17T18:00:18","date_gmt":"2025-12-17T16:00:18","guid":{"rendered":"https:\/\/otepaagolf.com\/?post_type=product&#038;p=22893"},"modified":"2026-02-02T12:27:41","modified_gmt":"2026-02-02T10:27:41","slug":"2026-bagihoid-hooajaks-aktsionarile","status":"publish","type":"product","link":"https:\/\/otepaagolf.com\/fi\/product\/2026-bagihoid-hooajaks-aktsionarile\/","title":{"rendered":"2026 B\u00c4GIHOID HOOAJAKS Aktsion\u00e4rile"},"content":{"rendered":"<p>B\u00e4gihoid 2026. aasta hooajaks \u00fchele m\u00e4\u00e4ratud m\u00e4ngijale, kes on Otep\u00e4\u00e4 Golfikeskuse aktsion\u00e4r.<\/p>\n<p>H\u00f5lmab vajadusel golfik\u00e4ru hoiustamist. Hoiustamine on v\u00f5imalik ka varahommikul ja hilis\u00f5htul, kui caddiemaster on suletud.<\/p>\n<p>Esitage tellimuse kinnitus caddiemasterile.<\/p>\n","protected":false},"excerpt":{"rendered":"<p>B\u00e4gihoid 2026. aasta hooajaks \u00fchele m\u00e4\u00e4ratud m\u00e4ngijale, kes on Otep\u00e4\u00e4 Golfikeskuse aktsion\u00e4r. H\u00f5lmab vajadusel golfik\u00e4ru hoiustamist. Hoiustamine on v\u00f5imalik ka varahommikul ja hilis\u00f5htul, kui caddiemaster on suletud. Esitage tellimuse kinnitus caddiemasterile.<\/p>\n","protected":false},"featured_media":18264,"template":"","meta":{"_acf_changed":false,"_improvement_type_select":"improve_an_existing","_thumb_yes_seoaic":false,"_frame_yes_seoaic":false,"seoaic_generate_description":"","seoaic_improve_instructions_prompt":"","seoaic_rollback_content_improvement":"","seoaic_idea_thumbnail_generator":"","thumbnail_generated":false,"thumbnail_generate_prompt":"","seoaic_article_description":""},"product_brand":[],"product_cat":[104,37,38],"product_tag":[79,78],"class_list":{"0":"post-22893","1":"product","2":"type-product","3":"status-publish","4":"has-post-thumbnail","6":"product_cat-aktsionarile","7":"product_cat-37","8":"product_cat-golfivarustus","9":"product_tag-baggihoid","10":"product_tag-hoiustramine","12":"first","13":"instock","14":"sale","15":"taxable","16":"shipping-taxable","17":"purchasable","18":"product-type-simple"},"acf":[],"gallery_images":[],"yoast_head":"<!-- This site is optimized with the Yoast SEO plugin v26.8 - https:\/\/yoast.com\/product\/yoast-seo-wordpress\/ -->\n<title>2026 B\u00c4GIHOID HOOAJAKS Aktsion\u00e4rile - Otep\u00e4\u00e4 Golf &amp; Country Club<\/title>\n<meta name=\"robots\" content=\"index, follow, max-snippet:-1, max-image-preview:large, max-video-preview:-1\" \/>\n<link rel=\"canonical\" href=\"https:\/\/otepaagolf.com\/fi\/product\/2026-bagihoid-hooajaks-aktsionarile\/\" \/>\n<meta property=\"og:locale\" content=\"fi_FI\" \/>\n<meta property=\"og:type\" content=\"article\" \/>\n<meta property=\"og:title\" content=\"2026 B\u00c4GIHOID HOOAJAKS Aktsion\u00e4rile - Otep\u00e4\u00e4 Golf &amp; Country Club\" \/>\n<meta property=\"og:description\" content=\"B\u00e4gihoid 2026. aasta hooajaks \u00fchele m\u00e4\u00e4ratud m\u00e4ngijale, kes on Otep\u00e4\u00e4 Golfikeskuse aktsion\u00e4r. H\u00f5lmab vajadusel golfik\u00e4ru hoiustamist. Hoiustamine on v\u00f5imalik ka varahommikul ja hilis\u00f5htul, kui caddiemaster on suletud. Esitage tellimuse kinnitus caddiemasterile.\" \/>\n<meta property=\"og:url\" content=\"https:\/\/otepaagolf.com\/fi\/product\/2026-bagihoid-hooajaks-aktsionarile\/\" \/>\n<meta property=\"og:site_name\" content=\"Otep\u00e4\u00e4 Golf &amp; Country Club\" \/>\n<meta property=\"article:modified_time\" content=\"2026-02-02T10:27:41+00:00\" \/>\n<meta property=\"og:image\" content=\"https:\/\/otepaagolf.com\/wp-content\/uploads\/2024\/07\/placeholder_image-6-1024x1022.png\" \/>\n\t<meta property=\"og:image:width\" content=\"1024\" \/>\n\t<meta property=\"og:image:height\" content=\"1022\" \/>\n\t<meta property=\"og:image:type\" content=\"image\/png\" \/>\n<meta name=\"twitter:card\" content=\"summary_large_image\" \/>\n<meta name=\"twitter:label1\" content=\"Arvioitu lukuaika\" \/>\n\t<meta name=\"twitter:data1\" content=\"1 minuutti\" \/>\n<script type=\"application\/ld+json\" class=\"yoast-schema-graph\">{\"@context\":\"https:\/\/schema.org\",\"@graph\":[{\"@type\":\"WebPage\",\"@id\":\"https:\/\/otepaagolf.com\/fi\/product\/2026-bagihoid-hooajaks-aktsionarile\/\",\"url\":\"https:\/\/otepaagolf.com\/fi\/product\/2026-bagihoid-hooajaks-aktsionarile\/\",\"name\":\"2026 B\u00c4GIHOID HOOAJAKS Aktsion\u00e4rile - Otep\u00e4\u00e4 Golf &amp; Country Club\",\"isPartOf\":{\"@id\":\"https:\/\/otepaagolf.com\/fi\/#website\"},\"primaryImageOfPage\":{\"@id\":\"https:\/\/otepaagolf.com\/fi\/product\/2026-bagihoid-hooajaks-aktsionarile\/#primaryimage\"},\"image\":{\"@id\":\"https:\/\/otepaagolf.com\/fi\/product\/2026-bagihoid-hooajaks-aktsionarile\/#primaryimage\"},\"thumbnailUrl\":\"https:\/\/otepaagolf.com\/wp-content\/uploads\/2024\/07\/placeholder_image-6.png\",\"datePublished\":\"2025-12-17T16:00:18+00:00\",\"dateModified\":\"2026-02-02T10:27:41+00:00\",\"breadcrumb\":{\"@id\":\"https:\/\/otepaagolf.com\/fi\/product\/2026-bagihoid-hooajaks-aktsionarile\/#breadcrumb\"},\"inLanguage\":\"fi\",\"potentialAction\":[{\"@type\":\"ReadAction\",\"target\":[\"https:\/\/otepaagolf.com\/fi\/product\/2026-bagihoid-hooajaks-aktsionarile\/\"]}]},{\"@type\":\"ImageObject\",\"inLanguage\":\"fi\",\"@id\":\"https:\/\/otepaagolf.com\/fi\/product\/2026-bagihoid-hooajaks-aktsionarile\/#primaryimage\",\"url\":\"https:\/\/otepaagolf.com\/wp-content\/uploads\/2024\/07\/placeholder_image-6.png\",\"contentUrl\":\"https:\/\/otepaagolf.com\/wp-content\/uploads\/2024\/07\/placeholder_image-6.png\",\"width\":1026,\"height\":1024},{\"@type\":\"BreadcrumbList\",\"@id\":\"https:\/\/otepaagolf.com\/fi\/product\/2026-bagihoid-hooajaks-aktsionarile\/#breadcrumb\",\"itemListElement\":[{\"@type\":\"ListItem\",\"position\":1,\"name\":\"Home\",\"item\":\"https:\/\/otepaagolf.com\/fi\/\"},{\"@type\":\"ListItem\",\"position\":2,\"name\":\"E-POOD\",\"item\":\"https:\/\/otepaagolf.com\/pood\/\"},{\"@type\":\"ListItem\",\"position\":3,\"name\":\"2026 B\u00c4GIHOID HOOAJAKS Aktsion\u00e4rile\"}]},{\"@type\":\"WebSite\",\"@id\":\"https:\/\/otepaagolf.com\/fi\/#website\",\"url\":\"https:\/\/otepaagolf.com\/fi\/\",\"name\":\"Otep\u00e4\u00e4 Golf &amp; Country Club\",\"description\":\"T\u00e4ism\u00f5\u00f5tmeline golfiv\u00e4ljak 18-holes PAR73\",\"publisher\":{\"@id\":\"https:\/\/otepaagolf.com\/fi\/#organization\"},\"potentialAction\":[{\"@type\":\"SearchAction\",\"target\":{\"@type\":\"EntryPoint\",\"urlTemplate\":\"https:\/\/otepaagolf.com\/fi\/?s={search_term_string}\"},\"query-input\":{\"@type\":\"PropertyValueSpecification\",\"valueRequired\":true,\"valueName\":\"search_term_string\"}}],\"inLanguage\":\"fi\"},{\"@type\":\"Organization\",\"@id\":\"https:\/\/otepaagolf.com\/fi\/#organization\",\"name\":\"Otep\u00e4\u00e4 Golf &amp; Country Club\",\"url\":\"https:\/\/otepaagolf.com\/fi\/\",\"logo\":{\"@type\":\"ImageObject\",\"inLanguage\":\"fi\",\"@id\":\"https:\/\/otepaagolf.com\/fi\/#\/schema\/logo\/image\/\",\"url\":\"https:\/\/otepaagolf.com\/wp-content\/uploads\/2021\/10\/OGCC_web_pais.png\",\"contentUrl\":\"https:\/\/otepaagolf.com\/wp-content\/uploads\/2021\/10\/OGCC_web_pais.png\",\"width\":1368,\"height\":541,\"caption\":\"Otep\u00e4\u00e4 Golf &amp; Country Club\"},\"image\":{\"@id\":\"https:\/\/otepaagolf.com\/fi\/#\/schema\/logo\/image\/\"}}]}<\/script>\n<!-- \/ Yoast SEO plugin. -->","yoast_head_json":{"title":"2026 B\u00c4GIHOID HOOAJAKS Aktsion\u00e4rile - Otep\u00e4\u00e4 Golf &amp; Country Club","robots":{"index":"index","follow":"follow","max-snippet":"max-snippet:-1","max-image-preview":"max-image-preview:large","max-video-preview":"max-video-preview:-1"},"canonical":"https:\/\/otepaagolf.com\/fi\/product\/2026-bagihoid-hooajaks-aktsionarile\/","og_locale":"fi_FI","og_type":"article","og_title":"2026 B\u00c4GIHOID HOOAJAKS Aktsion\u00e4rile - Otep\u00e4\u00e4 Golf &amp; Country Club","og_description":"B\u00e4gihoid 2026. aasta hooajaks \u00fchele m\u00e4\u00e4ratud m\u00e4ngijale, kes on Otep\u00e4\u00e4 Golfikeskuse aktsion\u00e4r. H\u00f5lmab vajadusel golfik\u00e4ru hoiustamist. Hoiustamine on v\u00f5imalik ka varahommikul ja hilis\u00f5htul, kui caddiemaster on suletud. Esitage tellimuse kinnitus caddiemasterile.","og_url":"https:\/\/otepaagolf.com\/fi\/product\/2026-bagihoid-hooajaks-aktsionarile\/","og_site_name":"Otep\u00e4\u00e4 Golf &amp; Country Club","article_modified_time":"2026-02-02T10:27:41+00:00","og_image":[{"width":1024,"height":1022,"url":"https:\/\/otepaagolf.com\/wp-content\/uploads\/2024\/07\/placeholder_image-6-1024x1022.png","type":"image\/png"}],"twitter_card":"summary_large_image","twitter_misc":{"Arvioitu lukuaika":"1 minuutti"},"schema":{"@context":"https:\/\/schema.org","@graph":[{"@type":"WebPage","@id":"https:\/\/otepaagolf.com\/fi\/product\/2026-bagihoid-hooajaks-aktsionarile\/","url":"https:\/\/otepaagolf.com\/fi\/product\/2026-bagihoid-hooajaks-aktsionarile\/","name":"2026 B\u00c4GIHOID HOOAJAKS Aktsion\u00e4rile - Otep\u00e4\u00e4 Golf &amp; Country Club","isPartOf":{"@id":"https:\/\/otepaagolf.com\/fi\/#website"},"primaryImageOfPage":{"@id":"https:\/\/otepaagolf.com\/fi\/product\/2026-bagihoid-hooajaks-aktsionarile\/#primaryimage"},"image":{"@id":"https:\/\/otepaagolf.com\/fi\/product\/2026-bagihoid-hooajaks-aktsionarile\/#primaryimage"},"thumbnailUrl":"https:\/\/otepaagolf.com\/wp-content\/uploads\/2024\/07\/placeholder_image-6.png","datePublished":"2025-12-17T16:00:18+00:00","dateModified":"2026-02-02T10:27:41+00:00","breadcrumb":{"@id":"https:\/\/otepaagolf.com\/fi\/product\/2026-bagihoid-hooajaks-aktsionarile\/#breadcrumb"},"inLanguage":"fi","potentialAction":[{"@type":"ReadAction","target":["https:\/\/otepaagolf.com\/fi\/product\/2026-bagihoid-hooajaks-aktsionarile\/"]}]},{"@type":"ImageObject","inLanguage":"fi","@id":"https:\/\/otepaagolf.com\/fi\/product\/2026-bagihoid-hooajaks-aktsionarile\/#primaryimage","url":"https:\/\/otepaagolf.com\/wp-content\/uploads\/2024\/07\/placeholder_image-6.png","contentUrl":"https:\/\/otepaagolf.com\/wp-content\/uploads\/2024\/07\/placeholder_image-6.png","width":1026,"height":1024},{"@type":"BreadcrumbList","@id":"https:\/\/otepaagolf.com\/fi\/product\/2026-bagihoid-hooajaks-aktsionarile\/#breadcrumb","itemListElement":[{"@type":"ListItem","position":1,"name":"Home","item":"https:\/\/otepaagolf.com\/fi\/"},{"@type":"ListItem","position":2,"name":"E-POOD","item":"https:\/\/otepaagolf.com\/pood\/"},{"@type":"ListItem","position":3,"name":"2026 B\u00c4GIHOID HOOAJAKS Aktsion\u00e4rile"}]},{"@type":"WebSite","@id":"https:\/\/otepaagolf.com\/fi\/#website","url":"https:\/\/otepaagolf.com\/fi\/","name":"Otep\u00e4\u00e4 Golf &amp; Country Club","description":"T\u00e4ism\u00f5\u00f5tmeline golfiv\u00e4ljak 18-holes PAR73","publisher":{"@id":"https:\/\/otepaagolf.com\/fi\/#organization"},"potentialAction":[{"@type":"SearchAction","target":{"@type":"EntryPoint","urlTemplate":"https:\/\/otepaagolf.com\/fi\/?s={search_term_string}"},"query-input":{"@type":"PropertyValueSpecification","valueRequired":true,"valueName":"search_term_string"}}],"inLanguage":"fi"},{"@type":"Organization","@id":"https:\/\/otepaagolf.com\/fi\/#organization","name":"Otep\u00e4\u00e4 Golf &amp; Country Club","url":"https:\/\/otepaagolf.com\/fi\/","logo":{"@type":"ImageObject","inLanguage":"fi","@id":"https:\/\/otepaagolf.com\/fi\/#\/schema\/logo\/image\/","url":"https:\/\/otepaagolf.com\/wp-content\/uploads\/2021\/10\/OGCC_web_pais.png","contentUrl":"https:\/\/otepaagolf.com\/wp-content\/uploads\/2021\/10\/OGCC_web_pais.png","width":1368,"height":541,"caption":"Otep\u00e4\u00e4 Golf &amp; Country Club"},"image":{"@id":"https:\/\/otepaagolf.com\/fi\/#\/schema\/logo\/image\/"}}]}},"publishpress_future_workflow_manual_trigger":{"enabledWorkflows":[]},"_links":{"self":[{"href":"https:\/\/otepaagolf.com\/fi\/wp-json\/wp\/v2\/product\/22893","targetHints":{"allow":["GET"]}}],"collection":[{"href":"https:\/\/otepaagolf.com\/fi\/wp-json\/wp\/v2\/product"}],"about":[{"href":"https:\/\/otepaagolf.com\/fi\/wp-json\/wp\/v2\/types\/product"}],"version-history":[{"count":1,"href":"https:\/\/otepaagolf.com\/fi\/wp-json\/wp\/v2\/product\/22893\/revisions"}],"predecessor-version":[{"id":22894,"href":"https:\/\/otepaagolf.com\/fi\/wp-json\/wp\/v2\/product\/22893\/revisions\/22894"}],"wp:featuredmedia":[{"embeddable":true,"href":"https:\/\/otepaagolf.com\/fi\/wp-json\/wp\/v2\/media\/18264"}],"wp:attachment":[{"href":"https:\/\/otepaagolf.com\/fi\/wp-json\/wp\/v2\/media?parent=22893"}],"wp:term":[{"taxonomy":"product_brand","embeddable":true,"href":"https:\/\/otepaagolf.com\/fi\/wp-json\/wp\/v2\/product_brand?post=22893"},{"taxonomy":"product_cat","embeddable":true,"href":"https:\/\/otepaagolf.com\/fi\/wp-json\/wp\/v2\/product_cat?post=22893"},{"taxonomy":"product_tag","embeddable":true,"href":"https:\/\/otepaagolf.com\/fi\/wp-json\/wp\/v2\/product_tag?post=22893"}],"curies":[{"name":"wp","href":"https:\/\/api.w.org\/{rel}","templated":true}]}}