{"id":22909,"date":"2025-12-17T20:07:00","date_gmt":"2025-12-17T18:07:00","guid":{"rendered":"https:\/\/otepaagolf.com\/?post_type=product&#038;p=22909"},"modified":"2026-02-02T12:26:14","modified_gmt":"2026-02-02T10:26:14","slug":"50-range-zetooni-range-card","status":"publish","type":"product","link":"https:\/\/otepaagolf.com\/fi\/product\/50-range-zetooni-range-card\/","title":{"rendered":"50 Range \u017aetooni + Range Card"},"content":{"rendered":"<p>Driving Range harjutuspallide 50 \u017aetooni (1200 harjutuspalli) koos palliautomaadi kaardiga. Kaart on isikustatud ja kasutamiseks \u00fchele nimelisele isikule. Kaart on taaskasutatav ja seda saab uute harjutuspallidega laadida Caddiemasteris. Kaardi v\u00e4\u00e4rtus eraldi ostetuna on 5\u20ac. Kaardi saab ostja k\u00e4tte Caddiemasterist (info@otepaagolf.com, 56200115), kui palliautomaat driving range jaoks avatakse hooaja alguses.<\/p>\n","protected":false},"excerpt":{"rendered":"<p>Driving Range harjutuspallide 50 \u017aetooni (1200 harjutuspalli) koos palliautomaadi kaardiga. Kaart on isikustatud ja kasutamiseks \u00fchele nimelisele isikule. Kaart on taaskasutatav ja seda saab uute harjutuspallidega laadida Caddiemasteris. Kaardi v\u00e4\u00e4rtus eraldi ostetuna on 5\u20ac. Kaardi saab ostja k\u00e4tte Caddiemasterist (info@otepaagolf.com, 56200115), kui palliautomaat driving range jaoks avatakse hooaja alguses.<\/p>\n","protected":false},"featured_media":22913,"template":"","meta":{"_acf_changed":false,"_improvement_type_select":"improve_an_existing","_thumb_yes_seoaic":false,"_frame_yes_seoaic":false,"seoaic_generate_description":"","seoaic_improve_instructions_prompt":"","seoaic_rollback_content_improvement":"","seoaic_idea_thumbnail_generator":"","thumbnail_generated":false,"thumbnail_generate_prompt":"","seoaic_article_description":""},"product_brand":[],"product_cat":[104,102,106,103,29,37,70,100,68,72,60],"product_tag":[],"class_list":{"0":"post-22909","1":"product","2":"type-product","3":"status-publish","4":"has-post-thumbnail","6":"product_cat-aktsionarile","7":"product_cat-juuniorile-13-19-a","8":"product_cat-klubiliikmele","9":"product_cat-seeniorile-65","10":"product_cat-teenused","11":"product_cat-37","12":"product_cat-kinkekaardid","13":"product_cat-esto-deal","14":"product_cat-kampaaniad","15":"product_cat-alustaja_tase_1","16":"product_cat-alustaja_2","18":"first","19":"instock","20":"sale","21":"taxable","22":"shipping-taxable","23":"purchasable","24":"product-type-simple"},"acf":[],"gallery_images":[],"yoast_head":"<!-- This site is optimized with the Yoast SEO plugin v26.8 - https:\/\/yoast.com\/product\/yoast-seo-wordpress\/ -->\n<title>50 Range \u017aetooni + Range Card - Otep\u00e4\u00e4 Golf &amp; Country Club<\/title>\n<meta name=\"robots\" content=\"index, follow, max-snippet:-1, max-image-preview:large, max-video-preview:-1\" \/>\n<link rel=\"canonical\" href=\"https:\/\/otepaagolf.com\/fi\/product\/50-range-zetooni-range-card\/\" \/>\n<meta property=\"og:locale\" content=\"fi_FI\" \/>\n<meta property=\"og:type\" content=\"article\" \/>\n<meta property=\"og:title\" content=\"50 Range \u017aetooni + Range Card - Otep\u00e4\u00e4 Golf &amp; Country Club\" \/>\n<meta property=\"og:description\" content=\"Driving Range harjutuspallide 50 \u017aetooni (1200 harjutuspalli) koos palliautomaadi kaardiga. Kaart on isikustatud ja kasutamiseks \u00fchele nimelisele isikule. Kaart on taaskasutatav ja seda saab uute harjutuspallidega laadida Caddiemasteris. Kaardi v\u00e4\u00e4rtus eraldi ostetuna on 5\u20ac. Kaardi saab ostja k\u00e4tte Caddiemasterist (info@otepaagolf.com, 56200115), kui palliautomaat driving range jaoks avatakse hooaja alguses.\" \/>\n<meta property=\"og:url\" content=\"https:\/\/otepaagolf.com\/fi\/product\/50-range-zetooni-range-card\/\" \/>\n<meta property=\"og:site_name\" content=\"Otep\u00e4\u00e4 Golf &amp; Country Club\" \/>\n<meta property=\"article:modified_time\" content=\"2026-02-02T10:26:14+00:00\" \/>\n<meta property=\"og:image\" content=\"https:\/\/otepaagolf.com\/wp-content\/uploads\/2025\/12\/RANGE-PALL-Vice.png\" \/>\n\t<meta property=\"og:image:width\" content=\"534\" \/>\n\t<meta property=\"og:image:height\" content=\"567\" \/>\n\t<meta property=\"og:image:type\" content=\"image\/png\" \/>\n<meta name=\"twitter:card\" content=\"summary_large_image\" \/>\n<meta name=\"twitter:label1\" content=\"Arvioitu lukuaika\" \/>\n\t<meta name=\"twitter:data1\" content=\"1 minuutti\" \/>\n<script type=\"application\/ld+json\" class=\"yoast-schema-graph\">{\"@context\":\"https:\/\/schema.org\",\"@graph\":[{\"@type\":\"WebPage\",\"@id\":\"https:\/\/otepaagolf.com\/fi\/product\/50-range-zetooni-range-card\/\",\"url\":\"https:\/\/otepaagolf.com\/fi\/product\/50-range-zetooni-range-card\/\",\"name\":\"50 Range \u017aetooni + Range Card - Otep\u00e4\u00e4 Golf &amp; Country Club\",\"isPartOf\":{\"@id\":\"https:\/\/otepaagolf.com\/fi\/#website\"},\"primaryImageOfPage\":{\"@id\":\"https:\/\/otepaagolf.com\/fi\/product\/50-range-zetooni-range-card\/#primaryimage\"},\"image\":{\"@id\":\"https:\/\/otepaagolf.com\/fi\/product\/50-range-zetooni-range-card\/#primaryimage\"},\"thumbnailUrl\":\"https:\/\/otepaagolf.com\/wp-content\/uploads\/2025\/12\/RANGE-PALL-Vice.png\",\"datePublished\":\"2025-12-17T18:07:00+00:00\",\"dateModified\":\"2026-02-02T10:26:14+00:00\",\"breadcrumb\":{\"@id\":\"https:\/\/otepaagolf.com\/fi\/product\/50-range-zetooni-range-card\/#breadcrumb\"},\"inLanguage\":\"fi\",\"potentialAction\":[{\"@type\":\"ReadAction\",\"target\":[\"https:\/\/otepaagolf.com\/fi\/product\/50-range-zetooni-range-card\/\"]}]},{\"@type\":\"ImageObject\",\"inLanguage\":\"fi\",\"@id\":\"https:\/\/otepaagolf.com\/fi\/product\/50-range-zetooni-range-card\/#primaryimage\",\"url\":\"https:\/\/otepaagolf.com\/wp-content\/uploads\/2025\/12\/RANGE-PALL-Vice.png\",\"contentUrl\":\"https:\/\/otepaagolf.com\/wp-content\/uploads\/2025\/12\/RANGE-PALL-Vice.png\",\"width\":534,\"height\":567},{\"@type\":\"BreadcrumbList\",\"@id\":\"https:\/\/otepaagolf.com\/fi\/product\/50-range-zetooni-range-card\/#breadcrumb\",\"itemListElement\":[{\"@type\":\"ListItem\",\"position\":1,\"name\":\"Home\",\"item\":\"https:\/\/otepaagolf.com\/fi\/\"},{\"@type\":\"ListItem\",\"position\":2,\"name\":\"E-POOD\",\"item\":\"https:\/\/otepaagolf.com\/pood\/\"},{\"@type\":\"ListItem\",\"position\":3,\"name\":\"50 Range \u017aetooni + Range Card\"}]},{\"@type\":\"WebSite\",\"@id\":\"https:\/\/otepaagolf.com\/fi\/#website\",\"url\":\"https:\/\/otepaagolf.com\/fi\/\",\"name\":\"Otep\u00e4\u00e4 Golf &amp; Country Club\",\"description\":\"T\u00e4ism\u00f5\u00f5tmeline golfiv\u00e4ljak 18-holes PAR73\",\"publisher\":{\"@id\":\"https:\/\/otepaagolf.com\/fi\/#organization\"},\"potentialAction\":[{\"@type\":\"SearchAction\",\"target\":{\"@type\":\"EntryPoint\",\"urlTemplate\":\"https:\/\/otepaagolf.com\/fi\/?s={search_term_string}\"},\"query-input\":{\"@type\":\"PropertyValueSpecification\",\"valueRequired\":true,\"valueName\":\"search_term_string\"}}],\"inLanguage\":\"fi\"},{\"@type\":\"Organization\",\"@id\":\"https:\/\/otepaagolf.com\/fi\/#organization\",\"name\":\"Otep\u00e4\u00e4 Golf &amp; Country Club\",\"url\":\"https:\/\/otepaagolf.com\/fi\/\",\"logo\":{\"@type\":\"ImageObject\",\"inLanguage\":\"fi\",\"@id\":\"https:\/\/otepaagolf.com\/fi\/#\/schema\/logo\/image\/\",\"url\":\"https:\/\/otepaagolf.com\/wp-content\/uploads\/2021\/10\/OGCC_web_pais.png\",\"contentUrl\":\"https:\/\/otepaagolf.com\/wp-content\/uploads\/2021\/10\/OGCC_web_pais.png\",\"width\":1368,\"height\":541,\"caption\":\"Otep\u00e4\u00e4 Golf &amp; Country Club\"},\"image\":{\"@id\":\"https:\/\/otepaagolf.com\/fi\/#\/schema\/logo\/image\/\"}}]}<\/script>\n<!-- \/ Yoast SEO plugin. -->","yoast_head_json":{"title":"50 Range \u017aetooni + Range Card - Otep\u00e4\u00e4 Golf &amp; Country Club","robots":{"index":"index","follow":"follow","max-snippet":"max-snippet:-1","max-image-preview":"max-image-preview:large","max-video-preview":"max-video-preview:-1"},"canonical":"https:\/\/otepaagolf.com\/fi\/product\/50-range-zetooni-range-card\/","og_locale":"fi_FI","og_type":"article","og_title":"50 Range \u017aetooni + Range Card - Otep\u00e4\u00e4 Golf &amp; Country Club","og_description":"Driving Range harjutuspallide 50 \u017aetooni (1200 harjutuspalli) koos palliautomaadi kaardiga. Kaart on isikustatud ja kasutamiseks \u00fchele nimelisele isikule. Kaart on taaskasutatav ja seda saab uute harjutuspallidega laadida Caddiemasteris. Kaardi v\u00e4\u00e4rtus eraldi ostetuna on 5\u20ac. Kaardi saab ostja k\u00e4tte Caddiemasterist (info@otepaagolf.com, 56200115), kui palliautomaat driving range jaoks avatakse hooaja alguses.","og_url":"https:\/\/otepaagolf.com\/fi\/product\/50-range-zetooni-range-card\/","og_site_name":"Otep\u00e4\u00e4 Golf &amp; Country Club","article_modified_time":"2026-02-02T10:26:14+00:00","og_image":[{"width":534,"height":567,"url":"https:\/\/otepaagolf.com\/wp-content\/uploads\/2025\/12\/RANGE-PALL-Vice.png","type":"image\/png"}],"twitter_card":"summary_large_image","twitter_misc":{"Arvioitu lukuaika":"1 minuutti"},"schema":{"@context":"https:\/\/schema.org","@graph":[{"@type":"WebPage","@id":"https:\/\/otepaagolf.com\/fi\/product\/50-range-zetooni-range-card\/","url":"https:\/\/otepaagolf.com\/fi\/product\/50-range-zetooni-range-card\/","name":"50 Range \u017aetooni + Range Card - Otep\u00e4\u00e4 Golf &amp; Country Club","isPartOf":{"@id":"https:\/\/otepaagolf.com\/fi\/#website"},"primaryImageOfPage":{"@id":"https:\/\/otepaagolf.com\/fi\/product\/50-range-zetooni-range-card\/#primaryimage"},"image":{"@id":"https:\/\/otepaagolf.com\/fi\/product\/50-range-zetooni-range-card\/#primaryimage"},"thumbnailUrl":"https:\/\/otepaagolf.com\/wp-content\/uploads\/2025\/12\/RANGE-PALL-Vice.png","datePublished":"2025-12-17T18:07:00+00:00","dateModified":"2026-02-02T10:26:14+00:00","breadcrumb":{"@id":"https:\/\/otepaagolf.com\/fi\/product\/50-range-zetooni-range-card\/#breadcrumb"},"inLanguage":"fi","potentialAction":[{"@type":"ReadAction","target":["https:\/\/otepaagolf.com\/fi\/product\/50-range-zetooni-range-card\/"]}]},{"@type":"ImageObject","inLanguage":"fi","@id":"https:\/\/otepaagolf.com\/fi\/product\/50-range-zetooni-range-card\/#primaryimage","url":"https:\/\/otepaagolf.com\/wp-content\/uploads\/2025\/12\/RANGE-PALL-Vice.png","contentUrl":"https:\/\/otepaagolf.com\/wp-content\/uploads\/2025\/12\/RANGE-PALL-Vice.png","width":534,"height":567},{"@type":"BreadcrumbList","@id":"https:\/\/otepaagolf.com\/fi\/product\/50-range-zetooni-range-card\/#breadcrumb","itemListElement":[{"@type":"ListItem","position":1,"name":"Home","item":"https:\/\/otepaagolf.com\/fi\/"},{"@type":"ListItem","position":2,"name":"E-POOD","item":"https:\/\/otepaagolf.com\/pood\/"},{"@type":"ListItem","position":3,"name":"50 Range \u017aetooni + Range Card"}]},{"@type":"WebSite","@id":"https:\/\/otepaagolf.com\/fi\/#website","url":"https:\/\/otepaagolf.com\/fi\/","name":"Otep\u00e4\u00e4 Golf &amp; Country Club","description":"T\u00e4ism\u00f5\u00f5tmeline golfiv\u00e4ljak 18-holes PAR73","publisher":{"@id":"https:\/\/otepaagolf.com\/fi\/#organization"},"potentialAction":[{"@type":"SearchAction","target":{"@type":"EntryPoint","urlTemplate":"https:\/\/otepaagolf.com\/fi\/?s={search_term_string}"},"query-input":{"@type":"PropertyValueSpecification","valueRequired":true,"valueName":"search_term_string"}}],"inLanguage":"fi"},{"@type":"Organization","@id":"https:\/\/otepaagolf.com\/fi\/#organization","name":"Otep\u00e4\u00e4 Golf &amp; Country Club","url":"https:\/\/otepaagolf.com\/fi\/","logo":{"@type":"ImageObject","inLanguage":"fi","@id":"https:\/\/otepaagolf.com\/fi\/#\/schema\/logo\/image\/","url":"https:\/\/otepaagolf.com\/wp-content\/uploads\/2021\/10\/OGCC_web_pais.png","contentUrl":"https:\/\/otepaagolf.com\/wp-content\/uploads\/2021\/10\/OGCC_web_pais.png","width":1368,"height":541,"caption":"Otep\u00e4\u00e4 Golf &amp; Country Club"},"image":{"@id":"https:\/\/otepaagolf.com\/fi\/#\/schema\/logo\/image\/"}}]}},"publishpress_future_workflow_manual_trigger":{"enabledWorkflows":[]},"_links":{"self":[{"href":"https:\/\/otepaagolf.com\/fi\/wp-json\/wp\/v2\/product\/22909","targetHints":{"allow":["GET"]}}],"collection":[{"href":"https:\/\/otepaagolf.com\/fi\/wp-json\/wp\/v2\/product"}],"about":[{"href":"https:\/\/otepaagolf.com\/fi\/wp-json\/wp\/v2\/types\/product"}],"version-history":[{"count":1,"href":"https:\/\/otepaagolf.com\/fi\/wp-json\/wp\/v2\/product\/22909\/revisions"}],"predecessor-version":[{"id":22916,"href":"https:\/\/otepaagolf.com\/fi\/wp-json\/wp\/v2\/product\/22909\/revisions\/22916"}],"wp:featuredmedia":[{"embeddable":true,"href":"https:\/\/otepaagolf.com\/fi\/wp-json\/wp\/v2\/media\/22913"}],"wp:attachment":[{"href":"https:\/\/otepaagolf.com\/fi\/wp-json\/wp\/v2\/media?parent=22909"}],"wp:term":[{"taxonomy":"product_brand","embeddable":true,"href":"https:\/\/otepaagolf.com\/fi\/wp-json\/wp\/v2\/product_brand?post=22909"},{"taxonomy":"product_cat","embeddable":true,"href":"https:\/\/otepaagolf.com\/fi\/wp-json\/wp\/v2\/product_cat?post=22909"},{"taxonomy":"product_tag","embeddable":true,"href":"https:\/\/otepaagolf.com\/fi\/wp-json\/wp\/v2\/product_tag?post=22909"}],"curies":[{"name":"wp","href":"https:\/\/api.w.org\/{rel}","templated":true}]}}