{"id":22919,"date":"2025-12-17T20:14:06","date_gmt":"2025-12-17T18:14:06","guid":{"rendered":"https:\/\/otepaagolf.com\/?post_type=product&#038;p=22919"},"modified":"2025-12-18T12:18:51","modified_gmt":"2025-12-18T10:18:51","slug":"2026-alustaja-golfihooaja-pakett-2-tase","status":"publish","type":"product","link":"https:\/\/otepaagolf.com\/fi\/product\/2026-alustaja-golfihooaja-pakett-2-tase\/","title":{"rendered":"2026 ALUSTAJA GOLFIHOOAJA PAKETT 2. TASE"},"content":{"rendered":"<p>ALUSTAJA GOLFARI HOOAJA PAKETT\u00a0 2. TASE<br \/>\n(pakett on m\u00f5eldud teise aasta alustajale ehk m\u00e4ngijale, kes on l\u00e4binud 1. TASEME)<\/p>\n<p>2026 hooaja piiramata m\u00e4ngu\u00f5igus<br \/>\n4 r\u00fchmatreeningus osalemist koos teiste alustajatega<br \/>\nAlustajate 9-raja \u00f5ppev\u00f5istluste sari (v.a finaal)<\/p>\n<p>Alustajate v\u00f5istlussari on loodud selleks, et tutvustada alustajale golfim\u00e4ngu erinevaid formaate. K\u00f5igil osav\u00f5istlustel on abistavaid k\u00e4si, mentoreid, golfi\u00f5petaja n\u00f5uandeid ja saab k\u00fcsida golfireeglite kohta. M\u00e4ng on l\u00fchike, st l\u00e4bitakse 9 rada.<\/p>\n<p>Paketi soodushind \u00fches osas tasumisel 749 \u20ac (liitudes klubiga saad antud paketi klubiliikme hinnaga 649 \u20ac). MUU INFO: Juunioritele 13-19 a. kehtib sellele paketile soodushind 509 \u20ac (klubiliikme hinnaga 459 \u20ac)<\/p>\n<p>(2. TASEME paketti saavad soetada 2026.hooajal need m\u00e4ngijad, kes l\u00e4bisid 2024 s\u00fcgisel Green Cardi ja soetasid 2025.hooajaks 1. TASEME alustaja hooaja paketi)<\/p>\n<p><strong>Lisainfo:<\/strong><br \/>\nKlubiliikmeks saades naudid p\u00fcsisoodustusi golfikeskuses ja proshopis. Soovi korral saad tutvuda liikmelisuse tingimustega ja t\u00e4ita avalduse veebilehel men\u00fc\u00fc all <a href=\"https:\/\/otepaagolf.com\/klubi\/\" target=\"_blank\" rel=\"noopener\">KLUBI<\/a> .<\/p>\n","protected":false},"excerpt":{"rendered":"<p>ALUSTAJA GOLFARI HOOAJA PAKETT\u00a0 2. TASE (pakett on m\u00f5eldud teise aasta alustajale ehk m\u00e4ngijale, kes on l\u00e4binud 1. TASEME) 2026 hooaja piiramata m\u00e4ngu\u00f5igus 4 r\u00fchmatreeningus osalemist koos teiste alustajatega Alustajate 9-raja \u00f5ppev\u00f5istluste sari (v.a finaal) Alustajate v\u00f5istlussari on loodud selleks, et tutvustada alustajale golfim\u00e4ngu erinevaid formaate. K\u00f5igil osav\u00f5istlustel on abistavaid k\u00e4si, mentoreid, golfi\u00f5petaja n\u00f5uandeid ja [&hellip;]<\/p>\n","protected":false},"featured_media":19040,"template":"","meta":{"_acf_changed":false,"_improvement_type_select":"improve_an_existing","_thumb_yes_seoaic":false,"_frame_yes_seoaic":false,"seoaic_generate_description":"","seoaic_improve_instructions_prompt":"","seoaic_rollback_content_improvement":"","seoaic_idea_thumbnail_generator":"","thumbnail_generated":false,"thumbnail_generate_prompt":"","seoaic_article_description":""},"product_brand":[],"product_cat":[30,100,35,60],"product_tag":[],"class_list":{"0":"post-22919","1":"product","2":"type-product","3":"status-publish","4":"has-post-thumbnail","6":"product_cat-pakkumised","7":"product_cat-esto-deal","8":"product_cat-alustajale","9":"product_cat-alustaja_2","11":"first","12":"instock","13":"sale","14":"taxable","15":"shipping-taxable","16":"purchasable","17":"product-type-simple"},"acf":[],"gallery_images":[],"yoast_head":"<!-- This site is optimized with the Yoast SEO plugin v26.8 - https:\/\/yoast.com\/product\/yoast-seo-wordpress\/ -->\n<title>2026 ALUSTAJA GOLFIHOOAJA PAKETT 2. TASE - Otep\u00e4\u00e4 Golf &amp; Country Club<\/title>\n<meta name=\"robots\" content=\"index, follow, max-snippet:-1, max-image-preview:large, max-video-preview:-1\" \/>\n<link rel=\"canonical\" href=\"https:\/\/otepaagolf.com\/fi\/product\/2026-alustaja-golfihooaja-pakett-2-tase\/\" \/>\n<meta property=\"og:locale\" content=\"fi_FI\" \/>\n<meta property=\"og:type\" content=\"article\" \/>\n<meta property=\"og:title\" content=\"2026 ALUSTAJA GOLFIHOOAJA PAKETT 2. TASE - Otep\u00e4\u00e4 Golf &amp; Country Club\" \/>\n<meta property=\"og:description\" content=\"ALUSTAJA GOLFARI HOOAJA PAKETT\u00a0 2. TASE (pakett on m\u00f5eldud teise aasta alustajale ehk m\u00e4ngijale, kes on l\u00e4binud 1. TASEME) 2026 hooaja piiramata m\u00e4ngu\u00f5igus 4 r\u00fchmatreeningus osalemist koos teiste alustajatega Alustajate 9-raja \u00f5ppev\u00f5istluste sari (v.a finaal) Alustajate v\u00f5istlussari on loodud selleks, et tutvustada alustajale golfim\u00e4ngu erinevaid formaate. K\u00f5igil osav\u00f5istlustel on abistavaid k\u00e4si, mentoreid, golfi\u00f5petaja n\u00f5uandeid ja [&hellip;]\" \/>\n<meta property=\"og:url\" content=\"https:\/\/otepaagolf.com\/fi\/product\/2026-alustaja-golfihooaja-pakett-2-tase\/\" \/>\n<meta property=\"og:site_name\" content=\"Otep\u00e4\u00e4 Golf &amp; Country Club\" \/>\n<meta property=\"article:modified_time\" content=\"2025-12-18T10:18:51+00:00\" \/>\n<meta property=\"og:image\" content=\"https:\/\/otepaagolf.com\/wp-content\/uploads\/2025\/04\/Placeholder_image-\u2013-21.png\" \/>\n\t<meta property=\"og:image:width\" content=\"1080\" \/>\n\t<meta property=\"og:image:height\" content=\"1080\" \/>\n\t<meta property=\"og:image:type\" content=\"image\/png\" \/>\n<meta name=\"twitter:card\" content=\"summary_large_image\" \/>\n<meta name=\"twitter:label1\" content=\"Arvioitu lukuaika\" \/>\n\t<meta name=\"twitter:data1\" content=\"1 minuutti\" \/>\n<script type=\"application\/ld+json\" class=\"yoast-schema-graph\">{\"@context\":\"https:\/\/schema.org\",\"@graph\":[{\"@type\":\"WebPage\",\"@id\":\"https:\/\/otepaagolf.com\/fi\/product\/2026-alustaja-golfihooaja-pakett-2-tase\/\",\"url\":\"https:\/\/otepaagolf.com\/fi\/product\/2026-alustaja-golfihooaja-pakett-2-tase\/\",\"name\":\"2026 ALUSTAJA GOLFIHOOAJA PAKETT 2. TASE - Otep\u00e4\u00e4 Golf &amp; Country Club\",\"isPartOf\":{\"@id\":\"https:\/\/otepaagolf.com\/fi\/#website\"},\"primaryImageOfPage\":{\"@id\":\"https:\/\/otepaagolf.com\/fi\/product\/2026-alustaja-golfihooaja-pakett-2-tase\/#primaryimage\"},\"image\":{\"@id\":\"https:\/\/otepaagolf.com\/fi\/product\/2026-alustaja-golfihooaja-pakett-2-tase\/#primaryimage\"},\"thumbnailUrl\":\"https:\/\/otepaagolf.com\/wp-content\/uploads\/2025\/04\/Placeholder_image-\u2013-21.png\",\"datePublished\":\"2025-12-17T18:14:06+00:00\",\"dateModified\":\"2025-12-18T10:18:51+00:00\",\"breadcrumb\":{\"@id\":\"https:\/\/otepaagolf.com\/fi\/product\/2026-alustaja-golfihooaja-pakett-2-tase\/#breadcrumb\"},\"inLanguage\":\"fi\",\"potentialAction\":[{\"@type\":\"ReadAction\",\"target\":[\"https:\/\/otepaagolf.com\/fi\/product\/2026-alustaja-golfihooaja-pakett-2-tase\/\"]}]},{\"@type\":\"ImageObject\",\"inLanguage\":\"fi\",\"@id\":\"https:\/\/otepaagolf.com\/fi\/product\/2026-alustaja-golfihooaja-pakett-2-tase\/#primaryimage\",\"url\":\"https:\/\/otepaagolf.com\/wp-content\/uploads\/2025\/04\/Placeholder_image-\u2013-21.png\",\"contentUrl\":\"https:\/\/otepaagolf.com\/wp-content\/uploads\/2025\/04\/Placeholder_image-\u2013-21.png\",\"width\":1080,\"height\":1080},{\"@type\":\"BreadcrumbList\",\"@id\":\"https:\/\/otepaagolf.com\/fi\/product\/2026-alustaja-golfihooaja-pakett-2-tase\/#breadcrumb\",\"itemListElement\":[{\"@type\":\"ListItem\",\"position\":1,\"name\":\"Home\",\"item\":\"https:\/\/otepaagolf.com\/fi\/\"},{\"@type\":\"ListItem\",\"position\":2,\"name\":\"E-POOD\",\"item\":\"https:\/\/otepaagolf.com\/pood\/\"},{\"@type\":\"ListItem\",\"position\":3,\"name\":\"2026 ALUSTAJA GOLFIHOOAJA PAKETT 2. TASE\"}]},{\"@type\":\"WebSite\",\"@id\":\"https:\/\/otepaagolf.com\/fi\/#website\",\"url\":\"https:\/\/otepaagolf.com\/fi\/\",\"name\":\"Otep\u00e4\u00e4 Golf &amp; Country Club\",\"description\":\"T\u00e4ism\u00f5\u00f5tmeline golfiv\u00e4ljak 18-holes PAR73\",\"publisher\":{\"@id\":\"https:\/\/otepaagolf.com\/fi\/#organization\"},\"potentialAction\":[{\"@type\":\"SearchAction\",\"target\":{\"@type\":\"EntryPoint\",\"urlTemplate\":\"https:\/\/otepaagolf.com\/fi\/?s={search_term_string}\"},\"query-input\":{\"@type\":\"PropertyValueSpecification\",\"valueRequired\":true,\"valueName\":\"search_term_string\"}}],\"inLanguage\":\"fi\"},{\"@type\":\"Organization\",\"@id\":\"https:\/\/otepaagolf.com\/fi\/#organization\",\"name\":\"Otep\u00e4\u00e4 Golf &amp; Country Club\",\"url\":\"https:\/\/otepaagolf.com\/fi\/\",\"logo\":{\"@type\":\"ImageObject\",\"inLanguage\":\"fi\",\"@id\":\"https:\/\/otepaagolf.com\/fi\/#\/schema\/logo\/image\/\",\"url\":\"https:\/\/otepaagolf.com\/wp-content\/uploads\/2021\/10\/OGCC_web_pais.png\",\"contentUrl\":\"https:\/\/otepaagolf.com\/wp-content\/uploads\/2021\/10\/OGCC_web_pais.png\",\"width\":1368,\"height\":541,\"caption\":\"Otep\u00e4\u00e4 Golf &amp; Country Club\"},\"image\":{\"@id\":\"https:\/\/otepaagolf.com\/fi\/#\/schema\/logo\/image\/\"}}]}<\/script>\n<!-- \/ Yoast SEO plugin. -->","yoast_head_json":{"title":"2026 ALUSTAJA GOLFIHOOAJA PAKETT 2. TASE - Otep\u00e4\u00e4 Golf &amp; Country Club","robots":{"index":"index","follow":"follow","max-snippet":"max-snippet:-1","max-image-preview":"max-image-preview:large","max-video-preview":"max-video-preview:-1"},"canonical":"https:\/\/otepaagolf.com\/fi\/product\/2026-alustaja-golfihooaja-pakett-2-tase\/","og_locale":"fi_FI","og_type":"article","og_title":"2026 ALUSTAJA GOLFIHOOAJA PAKETT 2. TASE - Otep\u00e4\u00e4 Golf &amp; Country Club","og_description":"ALUSTAJA GOLFARI HOOAJA PAKETT\u00a0 2. TASE (pakett on m\u00f5eldud teise aasta alustajale ehk m\u00e4ngijale, kes on l\u00e4binud 1. TASEME) 2026 hooaja piiramata m\u00e4ngu\u00f5igus 4 r\u00fchmatreeningus osalemist koos teiste alustajatega Alustajate 9-raja \u00f5ppev\u00f5istluste sari (v.a finaal) Alustajate v\u00f5istlussari on loodud selleks, et tutvustada alustajale golfim\u00e4ngu erinevaid formaate. K\u00f5igil osav\u00f5istlustel on abistavaid k\u00e4si, mentoreid, golfi\u00f5petaja n\u00f5uandeid ja [&hellip;]","og_url":"https:\/\/otepaagolf.com\/fi\/product\/2026-alustaja-golfihooaja-pakett-2-tase\/","og_site_name":"Otep\u00e4\u00e4 Golf &amp; Country Club","article_modified_time":"2025-12-18T10:18:51+00:00","og_image":[{"width":1080,"height":1080,"url":"https:\/\/otepaagolf.com\/wp-content\/uploads\/2025\/04\/Placeholder_image-\u2013-21.png","type":"image\/png"}],"twitter_card":"summary_large_image","twitter_misc":{"Arvioitu lukuaika":"1 minuutti"},"schema":{"@context":"https:\/\/schema.org","@graph":[{"@type":"WebPage","@id":"https:\/\/otepaagolf.com\/fi\/product\/2026-alustaja-golfihooaja-pakett-2-tase\/","url":"https:\/\/otepaagolf.com\/fi\/product\/2026-alustaja-golfihooaja-pakett-2-tase\/","name":"2026 ALUSTAJA GOLFIHOOAJA PAKETT 2. TASE - Otep\u00e4\u00e4 Golf &amp; Country Club","isPartOf":{"@id":"https:\/\/otepaagolf.com\/fi\/#website"},"primaryImageOfPage":{"@id":"https:\/\/otepaagolf.com\/fi\/product\/2026-alustaja-golfihooaja-pakett-2-tase\/#primaryimage"},"image":{"@id":"https:\/\/otepaagolf.com\/fi\/product\/2026-alustaja-golfihooaja-pakett-2-tase\/#primaryimage"},"thumbnailUrl":"https:\/\/otepaagolf.com\/wp-content\/uploads\/2025\/04\/Placeholder_image-\u2013-21.png","datePublished":"2025-12-17T18:14:06+00:00","dateModified":"2025-12-18T10:18:51+00:00","breadcrumb":{"@id":"https:\/\/otepaagolf.com\/fi\/product\/2026-alustaja-golfihooaja-pakett-2-tase\/#breadcrumb"},"inLanguage":"fi","potentialAction":[{"@type":"ReadAction","target":["https:\/\/otepaagolf.com\/fi\/product\/2026-alustaja-golfihooaja-pakett-2-tase\/"]}]},{"@type":"ImageObject","inLanguage":"fi","@id":"https:\/\/otepaagolf.com\/fi\/product\/2026-alustaja-golfihooaja-pakett-2-tase\/#primaryimage","url":"https:\/\/otepaagolf.com\/wp-content\/uploads\/2025\/04\/Placeholder_image-\u2013-21.png","contentUrl":"https:\/\/otepaagolf.com\/wp-content\/uploads\/2025\/04\/Placeholder_image-\u2013-21.png","width":1080,"height":1080},{"@type":"BreadcrumbList","@id":"https:\/\/otepaagolf.com\/fi\/product\/2026-alustaja-golfihooaja-pakett-2-tase\/#breadcrumb","itemListElement":[{"@type":"ListItem","position":1,"name":"Home","item":"https:\/\/otepaagolf.com\/fi\/"},{"@type":"ListItem","position":2,"name":"E-POOD","item":"https:\/\/otepaagolf.com\/pood\/"},{"@type":"ListItem","position":3,"name":"2026 ALUSTAJA GOLFIHOOAJA PAKETT 2. TASE"}]},{"@type":"WebSite","@id":"https:\/\/otepaagolf.com\/fi\/#website","url":"https:\/\/otepaagolf.com\/fi\/","name":"Otep\u00e4\u00e4 Golf &amp; Country Club","description":"T\u00e4ism\u00f5\u00f5tmeline golfiv\u00e4ljak 18-holes PAR73","publisher":{"@id":"https:\/\/otepaagolf.com\/fi\/#organization"},"potentialAction":[{"@type":"SearchAction","target":{"@type":"EntryPoint","urlTemplate":"https:\/\/otepaagolf.com\/fi\/?s={search_term_string}"},"query-input":{"@type":"PropertyValueSpecification","valueRequired":true,"valueName":"search_term_string"}}],"inLanguage":"fi"},{"@type":"Organization","@id":"https:\/\/otepaagolf.com\/fi\/#organization","name":"Otep\u00e4\u00e4 Golf &amp; Country Club","url":"https:\/\/otepaagolf.com\/fi\/","logo":{"@type":"ImageObject","inLanguage":"fi","@id":"https:\/\/otepaagolf.com\/fi\/#\/schema\/logo\/image\/","url":"https:\/\/otepaagolf.com\/wp-content\/uploads\/2021\/10\/OGCC_web_pais.png","contentUrl":"https:\/\/otepaagolf.com\/wp-content\/uploads\/2021\/10\/OGCC_web_pais.png","width":1368,"height":541,"caption":"Otep\u00e4\u00e4 Golf &amp; Country Club"},"image":{"@id":"https:\/\/otepaagolf.com\/fi\/#\/schema\/logo\/image\/"}}]}},"publishpress_future_workflow_manual_trigger":{"enabledWorkflows":[]},"_links":{"self":[{"href":"https:\/\/otepaagolf.com\/fi\/wp-json\/wp\/v2\/product\/22919","targetHints":{"allow":["GET"]}}],"collection":[{"href":"https:\/\/otepaagolf.com\/fi\/wp-json\/wp\/v2\/product"}],"about":[{"href":"https:\/\/otepaagolf.com\/fi\/wp-json\/wp\/v2\/types\/product"}],"version-history":[{"count":3,"href":"https:\/\/otepaagolf.com\/fi\/wp-json\/wp\/v2\/product\/22919\/revisions"}],"predecessor-version":[{"id":22930,"href":"https:\/\/otepaagolf.com\/fi\/wp-json\/wp\/v2\/product\/22919\/revisions\/22930"}],"wp:featuredmedia":[{"embeddable":true,"href":"https:\/\/otepaagolf.com\/fi\/wp-json\/wp\/v2\/media\/19040"}],"wp:attachment":[{"href":"https:\/\/otepaagolf.com\/fi\/wp-json\/wp\/v2\/media?parent=22919"}],"wp:term":[{"taxonomy":"product_brand","embeddable":true,"href":"https:\/\/otepaagolf.com\/fi\/wp-json\/wp\/v2\/product_brand?post=22919"},{"taxonomy":"product_cat","embeddable":true,"href":"https:\/\/otepaagolf.com\/fi\/wp-json\/wp\/v2\/product_cat?post=22919"},{"taxonomy":"product_tag","embeddable":true,"href":"https:\/\/otepaagolf.com\/fi\/wp-json\/wp\/v2\/product_tag?post=22919"}],"curies":[{"name":"wp","href":"https:\/\/api.w.org\/{rel}","templated":true}]}}