{"id":22947,"date":"2025-12-18T12:47:13","date_gmt":"2025-12-18T10:47:13","guid":{"rendered":"https:\/\/otepaagolf.com\/?post_type=product&#038;p=22947"},"modified":"2025-12-18T12:51:49","modified_gmt":"2025-12-18T10:51:49","slug":"meelelahutuslik-golfitutvustus-8-le","status":"publish","type":"product","link":"https:\/\/otepaagolf.com\/fi\/product\/meelelahutuslik-golfitutvustus-8-le\/","title":{"rendered":"MEELELAHUTUSLIK GOLFITUTVUSTUS 8-le"},"content":{"rendered":"<p>Meelelahutuslik golfitutvustus golfiv\u00f5hikule sobib aktiivseks seltskonna\u00fcrituseks ja kliendi\u00fcrituseks, tiimi\u00fcrituseks kui ka koosolekute vahepeale m\u00f5nusaks vaba\u00f5hu aktiviteediks.<\/p>\n<p>Eksklusiivselt l\u00fchike 2,5\u2011tunnine sissejuhatus golfi maailma, kus professionaalne golfi\u00f5petaja ehk golfim\u00e4ngijate keeles PRO tutvustab sulle golfi ajalugu, etiketti ja varustust, \u00f5petab l\u00f6\u00f6gitehnikat rangel, n\u00e4itab m\u00e4ngu p\u00e4ris rajal ning juhendab puttamist green\u2019il. Elegantne, sisukas ja inspireeriv kogemus k\u00f5igile, kes soovivad golfi avastada stiilselt ja professionaalse juhendamisega. Ja muidugi &#8211; osalejad saavad k\u00f5ike ise kaasa teha Otep\u00e4\u00e4 Golfikeskuse p\u00e4ris golfimurul.<\/p>\n<p>Pakett sisaldab ka \u00fcrituseaegset golfivarustuse kasutamist ja tutvustust kuni 8-le osalejale.<br \/>\nRiietumisjuhis: palun riietu mugavalt ja ole valmis ilmaga kohanema. V\u00f5ta kaasa pigem rohkem kui v\u00e4he riideid. Kui lubab jahedat, tuulist v\u00f5i p\u00e4ikeselist ilma, siis riietu vastavalt. Vihmajope on eestlasel ikka kaasas, kui lubab sademeid. Kuigi koleda ilma kaitseks pakume kuiva ja m\u00f5nusat istumist Klubihoones.<br \/>\nJalan\u00f5udest ei sobi kontsaga meeste v\u00f5i naiste jalan\u00f5ud ja rannapl\u00e4tud. Sportlik, mugav ja m\u00e4rjal murul libisemiskindel jalan\u00f5u on parim valik.<br \/>\nRiietusest ei sobi maikad, rannariided ja rebitud riided.<br \/>\nPeakate on pigem alati vajalik, nii kuuma p\u00e4ikese kui jahedama ilma korral.<br \/>\nPaketi ostja saab broneerida endale sobiva \u00fcrituse toimumise aja golfikeskuse administraatoriga e.Caddiemasteriga.<\/p>\n<p>LISAINFO: Kui r\u00fchmas on rohkem kui 8 osav\u00f5tjat, tuleb tegelik osalejate arv broneeringus kinnitada, lisapileti soetamine igale lisaosalejale on 40\u20ac (sisaldab k\u00e4ibemaksu), mille tasumine on kohapeal v\u00f5i \u00fclekandearvega enne \u00fcrituse toimumist.<\/p>\n<p>Palun esitage ostukinnitus kohapeal Caddiemasterile enne \u00fcrituse algust. Broneerimine ja lisainfo E-posti teel info@otepaagolf.com v\u00f5i helistades 56200115 (Caddiemaster on avatud golfihooajal 7 p\u00e4eva n\u00e4dalas, hooajav\u00e4lisel ajal 10-17 telefoni ja e-posti teel E-R).<\/p>\n","protected":false},"excerpt":{"rendered":"<p>Meelelahutuslik golfitutvustus golfiv\u00f5hikule sobib aktiivseks seltskonna\u00fcrituseks ja kliendi\u00fcrituseks, tiimi\u00fcrituseks kui ka koosolekute vahepeale m\u00f5nusaks vaba\u00f5hu aktiviteediks. Eksklusiivselt l\u00fchike 2,5\u2011tunnine sissejuhatus golfi maailma, kus professionaalne golfi\u00f5petaja ehk golfim\u00e4ngijate keeles PRO tutvustab sulle golfi ajalugu, etiketti ja varustust, \u00f5petab l\u00f6\u00f6gitehnikat rangel, n\u00e4itab m\u00e4ngu p\u00e4ris rajal ning juhendab puttamist green\u2019il. Elegantne, sisukas ja inspireeriv kogemus k\u00f5igile, kes soovivad [&hellip;]<\/p>\n","protected":false},"featured_media":22323,"template":"","meta":{"_acf_changed":false,"_improvement_type_select":"improve_an_existing","_thumb_yes_seoaic":false,"_frame_yes_seoaic":false,"seoaic_generate_description":"","seoaic_improve_instructions_prompt":"","seoaic_rollback_content_improvement":"","seoaic_idea_thumbnail_generator":"","thumbnail_generated":false,"thumbnail_generate_prompt":"","seoaic_article_description":""},"product_brand":[],"product_cat":[70,100,68,35,40,71],"product_tag":[],"class_list":{"0":"post-22947","1":"product","2":"type-product","3":"status-publish","4":"has-post-thumbnail","6":"product_cat-kinkekaardid","7":"product_cat-esto-deal","8":"product_cat-kampaaniad","9":"product_cat-alustajale","10":"product_cat-meelelahutuspaketid","11":"product_cat-golfidemo","13":"first","14":"instock","15":"sale","16":"taxable","17":"shipping-taxable","18":"purchasable","19":"product-type-simple"},"acf":[],"gallery_images":[],"yoast_head":"<!-- This site is optimized with the Yoast SEO plugin v26.8 - https:\/\/yoast.com\/product\/yoast-seo-wordpress\/ -->\n<title>MEELELAHUTUSLIK GOLFITUTVUSTUS 8-le - Otep\u00e4\u00e4 Golf &amp; Country Club<\/title>\n<meta name=\"robots\" content=\"index, follow, max-snippet:-1, max-image-preview:large, max-video-preview:-1\" \/>\n<link rel=\"canonical\" href=\"https:\/\/otepaagolf.com\/fi\/product\/meelelahutuslik-golfitutvustus-8-le\/\" \/>\n<meta property=\"og:locale\" content=\"fi_FI\" \/>\n<meta property=\"og:type\" content=\"article\" \/>\n<meta property=\"og:title\" content=\"MEELELAHUTUSLIK GOLFITUTVUSTUS 8-le - Otep\u00e4\u00e4 Golf &amp; Country Club\" \/>\n<meta property=\"og:description\" content=\"Meelelahutuslik golfitutvustus golfiv\u00f5hikule sobib aktiivseks seltskonna\u00fcrituseks ja kliendi\u00fcrituseks, tiimi\u00fcrituseks kui ka koosolekute vahepeale m\u00f5nusaks vaba\u00f5hu aktiviteediks. Eksklusiivselt l\u00fchike 2,5\u2011tunnine sissejuhatus golfi maailma, kus professionaalne golfi\u00f5petaja ehk golfim\u00e4ngijate keeles PRO tutvustab sulle golfi ajalugu, etiketti ja varustust, \u00f5petab l\u00f6\u00f6gitehnikat rangel, n\u00e4itab m\u00e4ngu p\u00e4ris rajal ning juhendab puttamist green\u2019il. Elegantne, sisukas ja inspireeriv kogemus k\u00f5igile, kes soovivad [&hellip;]\" \/>\n<meta property=\"og:url\" content=\"https:\/\/otepaagolf.com\/fi\/product\/meelelahutuslik-golfitutvustus-8-le\/\" \/>\n<meta property=\"og:site_name\" content=\"Otep\u00e4\u00e4 Golf &amp; Country Club\" \/>\n<meta property=\"article:modified_time\" content=\"2025-12-18T10:51:49+00:00\" \/>\n<meta property=\"og:image\" content=\"https:\/\/otepaagolf.com\/wp-content\/uploads\/2025\/09\/Faili-jomara-2024-141.jpg-koopia-scaled.jpg\" \/>\n\t<meta property=\"og:image:width\" content=\"2560\" \/>\n\t<meta property=\"og:image:height\" content=\"1707\" \/>\n\t<meta property=\"og:image:type\" content=\"image\/jpeg\" \/>\n<meta name=\"twitter:card\" content=\"summary_large_image\" \/>\n<meta name=\"twitter:label1\" content=\"Arvioitu lukuaika\" \/>\n\t<meta name=\"twitter:data1\" content=\"2 minuuttia\" \/>\n<script type=\"application\/ld+json\" class=\"yoast-schema-graph\">{\"@context\":\"https:\/\/schema.org\",\"@graph\":[{\"@type\":\"WebPage\",\"@id\":\"https:\/\/otepaagolf.com\/fi\/product\/meelelahutuslik-golfitutvustus-8-le\/\",\"url\":\"https:\/\/otepaagolf.com\/fi\/product\/meelelahutuslik-golfitutvustus-8-le\/\",\"name\":\"MEELELAHUTUSLIK GOLFITUTVUSTUS 8-le - Otep\u00e4\u00e4 Golf &amp; Country Club\",\"isPartOf\":{\"@id\":\"https:\/\/otepaagolf.com\/fi\/#website\"},\"primaryImageOfPage\":{\"@id\":\"https:\/\/otepaagolf.com\/fi\/product\/meelelahutuslik-golfitutvustus-8-le\/#primaryimage\"},\"image\":{\"@id\":\"https:\/\/otepaagolf.com\/fi\/product\/meelelahutuslik-golfitutvustus-8-le\/#primaryimage\"},\"thumbnailUrl\":\"https:\/\/otepaagolf.com\/wp-content\/uploads\/2025\/09\/Faili-jomara-2024-141.jpg-koopia-scaled.jpg\",\"datePublished\":\"2025-12-18T10:47:13+00:00\",\"dateModified\":\"2025-12-18T10:51:49+00:00\",\"breadcrumb\":{\"@id\":\"https:\/\/otepaagolf.com\/fi\/product\/meelelahutuslik-golfitutvustus-8-le\/#breadcrumb\"},\"inLanguage\":\"fi\",\"potentialAction\":[{\"@type\":\"ReadAction\",\"target\":[\"https:\/\/otepaagolf.com\/fi\/product\/meelelahutuslik-golfitutvustus-8-le\/\"]}]},{\"@type\":\"ImageObject\",\"inLanguage\":\"fi\",\"@id\":\"https:\/\/otepaagolf.com\/fi\/product\/meelelahutuslik-golfitutvustus-8-le\/#primaryimage\",\"url\":\"https:\/\/otepaagolf.com\/wp-content\/uploads\/2025\/09\/Faili-jomara-2024-141.jpg-koopia-scaled.jpg\",\"contentUrl\":\"https:\/\/otepaagolf.com\/wp-content\/uploads\/2025\/09\/Faili-jomara-2024-141.jpg-koopia-scaled.jpg\",\"width\":2560,\"height\":1707},{\"@type\":\"BreadcrumbList\",\"@id\":\"https:\/\/otepaagolf.com\/fi\/product\/meelelahutuslik-golfitutvustus-8-le\/#breadcrumb\",\"itemListElement\":[{\"@type\":\"ListItem\",\"position\":1,\"name\":\"Home\",\"item\":\"https:\/\/otepaagolf.com\/fi\/\"},{\"@type\":\"ListItem\",\"position\":2,\"name\":\"E-POOD\",\"item\":\"https:\/\/otepaagolf.com\/pood\/\"},{\"@type\":\"ListItem\",\"position\":3,\"name\":\"MEELELAHUTUSLIK GOLFITUTVUSTUS 8-le\"}]},{\"@type\":\"WebSite\",\"@id\":\"https:\/\/otepaagolf.com\/fi\/#website\",\"url\":\"https:\/\/otepaagolf.com\/fi\/\",\"name\":\"Otep\u00e4\u00e4 Golf &amp; Country Club\",\"description\":\"T\u00e4ism\u00f5\u00f5tmeline golfiv\u00e4ljak 18-holes PAR73\",\"publisher\":{\"@id\":\"https:\/\/otepaagolf.com\/fi\/#organization\"},\"potentialAction\":[{\"@type\":\"SearchAction\",\"target\":{\"@type\":\"EntryPoint\",\"urlTemplate\":\"https:\/\/otepaagolf.com\/fi\/?s={search_term_string}\"},\"query-input\":{\"@type\":\"PropertyValueSpecification\",\"valueRequired\":true,\"valueName\":\"search_term_string\"}}],\"inLanguage\":\"fi\"},{\"@type\":\"Organization\",\"@id\":\"https:\/\/otepaagolf.com\/fi\/#organization\",\"name\":\"Otep\u00e4\u00e4 Golf &amp; Country Club\",\"url\":\"https:\/\/otepaagolf.com\/fi\/\",\"logo\":{\"@type\":\"ImageObject\",\"inLanguage\":\"fi\",\"@id\":\"https:\/\/otepaagolf.com\/fi\/#\/schema\/logo\/image\/\",\"url\":\"https:\/\/otepaagolf.com\/wp-content\/uploads\/2021\/10\/OGCC_web_pais.png\",\"contentUrl\":\"https:\/\/otepaagolf.com\/wp-content\/uploads\/2021\/10\/OGCC_web_pais.png\",\"width\":1368,\"height\":541,\"caption\":\"Otep\u00e4\u00e4 Golf &amp; Country Club\"},\"image\":{\"@id\":\"https:\/\/otepaagolf.com\/fi\/#\/schema\/logo\/image\/\"}}]}<\/script>\n<!-- \/ Yoast SEO plugin. -->","yoast_head_json":{"title":"MEELELAHUTUSLIK GOLFITUTVUSTUS 8-le - Otep\u00e4\u00e4 Golf &amp; Country Club","robots":{"index":"index","follow":"follow","max-snippet":"max-snippet:-1","max-image-preview":"max-image-preview:large","max-video-preview":"max-video-preview:-1"},"canonical":"https:\/\/otepaagolf.com\/fi\/product\/meelelahutuslik-golfitutvustus-8-le\/","og_locale":"fi_FI","og_type":"article","og_title":"MEELELAHUTUSLIK GOLFITUTVUSTUS 8-le - Otep\u00e4\u00e4 Golf &amp; Country Club","og_description":"Meelelahutuslik golfitutvustus golfiv\u00f5hikule sobib aktiivseks seltskonna\u00fcrituseks ja kliendi\u00fcrituseks, tiimi\u00fcrituseks kui ka koosolekute vahepeale m\u00f5nusaks vaba\u00f5hu aktiviteediks. Eksklusiivselt l\u00fchike 2,5\u2011tunnine sissejuhatus golfi maailma, kus professionaalne golfi\u00f5petaja ehk golfim\u00e4ngijate keeles PRO tutvustab sulle golfi ajalugu, etiketti ja varustust, \u00f5petab l\u00f6\u00f6gitehnikat rangel, n\u00e4itab m\u00e4ngu p\u00e4ris rajal ning juhendab puttamist green\u2019il. Elegantne, sisukas ja inspireeriv kogemus k\u00f5igile, kes soovivad [&hellip;]","og_url":"https:\/\/otepaagolf.com\/fi\/product\/meelelahutuslik-golfitutvustus-8-le\/","og_site_name":"Otep\u00e4\u00e4 Golf &amp; Country Club","article_modified_time":"2025-12-18T10:51:49+00:00","og_image":[{"width":2560,"height":1707,"url":"https:\/\/otepaagolf.com\/wp-content\/uploads\/2025\/09\/Faili-jomara-2024-141.jpg-koopia-scaled.jpg","type":"image\/jpeg"}],"twitter_card":"summary_large_image","twitter_misc":{"Arvioitu lukuaika":"2 minuuttia"},"schema":{"@context":"https:\/\/schema.org","@graph":[{"@type":"WebPage","@id":"https:\/\/otepaagolf.com\/fi\/product\/meelelahutuslik-golfitutvustus-8-le\/","url":"https:\/\/otepaagolf.com\/fi\/product\/meelelahutuslik-golfitutvustus-8-le\/","name":"MEELELAHUTUSLIK GOLFITUTVUSTUS 8-le - Otep\u00e4\u00e4 Golf &amp; Country Club","isPartOf":{"@id":"https:\/\/otepaagolf.com\/fi\/#website"},"primaryImageOfPage":{"@id":"https:\/\/otepaagolf.com\/fi\/product\/meelelahutuslik-golfitutvustus-8-le\/#primaryimage"},"image":{"@id":"https:\/\/otepaagolf.com\/fi\/product\/meelelahutuslik-golfitutvustus-8-le\/#primaryimage"},"thumbnailUrl":"https:\/\/otepaagolf.com\/wp-content\/uploads\/2025\/09\/Faili-jomara-2024-141.jpg-koopia-scaled.jpg","datePublished":"2025-12-18T10:47:13+00:00","dateModified":"2025-12-18T10:51:49+00:00","breadcrumb":{"@id":"https:\/\/otepaagolf.com\/fi\/product\/meelelahutuslik-golfitutvustus-8-le\/#breadcrumb"},"inLanguage":"fi","potentialAction":[{"@type":"ReadAction","target":["https:\/\/otepaagolf.com\/fi\/product\/meelelahutuslik-golfitutvustus-8-le\/"]}]},{"@type":"ImageObject","inLanguage":"fi","@id":"https:\/\/otepaagolf.com\/fi\/product\/meelelahutuslik-golfitutvustus-8-le\/#primaryimage","url":"https:\/\/otepaagolf.com\/wp-content\/uploads\/2025\/09\/Faili-jomara-2024-141.jpg-koopia-scaled.jpg","contentUrl":"https:\/\/otepaagolf.com\/wp-content\/uploads\/2025\/09\/Faili-jomara-2024-141.jpg-koopia-scaled.jpg","width":2560,"height":1707},{"@type":"BreadcrumbList","@id":"https:\/\/otepaagolf.com\/fi\/product\/meelelahutuslik-golfitutvustus-8-le\/#breadcrumb","itemListElement":[{"@type":"ListItem","position":1,"name":"Home","item":"https:\/\/otepaagolf.com\/fi\/"},{"@type":"ListItem","position":2,"name":"E-POOD","item":"https:\/\/otepaagolf.com\/pood\/"},{"@type":"ListItem","position":3,"name":"MEELELAHUTUSLIK GOLFITUTVUSTUS 8-le"}]},{"@type":"WebSite","@id":"https:\/\/otepaagolf.com\/fi\/#website","url":"https:\/\/otepaagolf.com\/fi\/","name":"Otep\u00e4\u00e4 Golf &amp; Country Club","description":"T\u00e4ism\u00f5\u00f5tmeline golfiv\u00e4ljak 18-holes PAR73","publisher":{"@id":"https:\/\/otepaagolf.com\/fi\/#organization"},"potentialAction":[{"@type":"SearchAction","target":{"@type":"EntryPoint","urlTemplate":"https:\/\/otepaagolf.com\/fi\/?s={search_term_string}"},"query-input":{"@type":"PropertyValueSpecification","valueRequired":true,"valueName":"search_term_string"}}],"inLanguage":"fi"},{"@type":"Organization","@id":"https:\/\/otepaagolf.com\/fi\/#organization","name":"Otep\u00e4\u00e4 Golf &amp; Country Club","url":"https:\/\/otepaagolf.com\/fi\/","logo":{"@type":"ImageObject","inLanguage":"fi","@id":"https:\/\/otepaagolf.com\/fi\/#\/schema\/logo\/image\/","url":"https:\/\/otepaagolf.com\/wp-content\/uploads\/2021\/10\/OGCC_web_pais.png","contentUrl":"https:\/\/otepaagolf.com\/wp-content\/uploads\/2021\/10\/OGCC_web_pais.png","width":1368,"height":541,"caption":"Otep\u00e4\u00e4 Golf &amp; Country Club"},"image":{"@id":"https:\/\/otepaagolf.com\/fi\/#\/schema\/logo\/image\/"}}]}},"publishpress_future_workflow_manual_trigger":{"enabledWorkflows":[]},"_links":{"self":[{"href":"https:\/\/otepaagolf.com\/fi\/wp-json\/wp\/v2\/product\/22947","targetHints":{"allow":["GET"]}}],"collection":[{"href":"https:\/\/otepaagolf.com\/fi\/wp-json\/wp\/v2\/product"}],"about":[{"href":"https:\/\/otepaagolf.com\/fi\/wp-json\/wp\/v2\/types\/product"}],"version-history":[{"count":4,"href":"https:\/\/otepaagolf.com\/fi\/wp-json\/wp\/v2\/product\/22947\/revisions"}],"predecessor-version":[{"id":22952,"href":"https:\/\/otepaagolf.com\/fi\/wp-json\/wp\/v2\/product\/22947\/revisions\/22952"}],"wp:featuredmedia":[{"embeddable":true,"href":"https:\/\/otepaagolf.com\/fi\/wp-json\/wp\/v2\/media\/22323"}],"wp:attachment":[{"href":"https:\/\/otepaagolf.com\/fi\/wp-json\/wp\/v2\/media?parent=22947"}],"wp:term":[{"taxonomy":"product_brand","embeddable":true,"href":"https:\/\/otepaagolf.com\/fi\/wp-json\/wp\/v2\/product_brand?post=22947"},{"taxonomy":"product_cat","embeddable":true,"href":"https:\/\/otepaagolf.com\/fi\/wp-json\/wp\/v2\/product_cat?post=22947"},{"taxonomy":"product_tag","embeddable":true,"href":"https:\/\/otepaagolf.com\/fi\/wp-json\/wp\/v2\/product_tag?post=22947"}],"curies":[{"name":"wp","href":"https:\/\/api.w.org\/{rel}","templated":true}]}}