{"id":22967,"date":"2025-12-18T13:29:28","date_gmt":"2025-12-18T11:29:28","guid":{"rendered":"https:\/\/otepaagolf.com\/?post_type=product&#038;p=22967"},"modified":"2026-02-02T12:10:53","modified_gmt":"2026-02-02T10:10:53","slug":"2026-alustaja-golfihooaja-pakett-1-tase-juuniorile-13-19a","status":"publish","type":"product","link":"https:\/\/otepaagolf.com\/fi\/product\/2026-alustaja-golfihooaja-pakett-1-tase-juuniorile-13-19a\/","title":{"rendered":"KAMPAANIA! 2026 ALUSTAJA GOLFIHOOAJA PAKETT KAHELE 1. TASE Juuniorile 13-19a."},"content":{"rendered":"<p>ALUSTAJA GOLFARI HOOAJA PAKETT KAHELE 1. TASE Juuniorile 13-19 a.<br \/>\n(INFOKS: 1. TASEME hooajale 2026.aastal j\u00e4rgneb alustaja 2. TASE, mida on v\u00f5imalik soodushinnaga soetada ja l\u00e4bida 2027)<\/p>\n<p>2 p\u00e4eva alg\u00f5pe GREEN CARD<br \/>\n2026. hooaja piiramata m\u00e4ngu\u00f5igus<br \/>\n4 grupitreeningut<br \/>\nAlustajate 9-raja \u00f5ppev\u00f5istluste sari (v.a finaal)<\/p>\n<p><strong>Sisaldab m\u00f5lemale osalejale:<\/strong><\/p>\n<ul>\n<li>Green Cardi kursus<\/li>\n<li>m\u00e4ngu\u00f5igus, hooaeg<\/li>\n<li>varustuse kasutamine, 30 p\u00e4eva<\/li>\n<li>1 korv harjutuspalle p\u00e4eva kohta, 30 p\u00e4eva<\/li>\n<li>m\u00e4nguring koos mentoriga, 9 rada<\/li>\n<li>4 grupitreeningut<\/li>\n<li>Alustajate 9-raja \u00f5ppev\u00f5istluste sari (v.a finaal)<\/li>\n<\/ul>\n<p><strong>Lisainfo:<\/strong><br \/>\nKlubiliikmeks saades naudid p\u00fcsisoodustusi golfikeskuses ja proshopis. Soovi korral saad t\u00e4ita avalduse veebilehel men\u00fc\u00fc all <a href=\"https:\/\/otepaagolf.com\/klubi\/\" target=\"_blank\" rel=\"noopener\">KLUBI<\/a> ja alustaja hooaja liikmemaks on 0\u20ac. Kampaania perioodil 02.02.-13.02.2026 juurde ostetud lisapaketid t\u00e4iskasvanutele v\u00f5i lastele rakendame soodustused letihinnast -15%. Arve jaoks palume lisapakettide soov saata aadressil info@otepaagolf.com .<\/p>\n","protected":false},"excerpt":{"rendered":"<p>ALUSTAJA GOLFARI HOOAJA PAKETT KAHELE 1. TASE Juuniorile 13-19 a. (INFOKS: 1. TASEME hooajale 2026.aastal j\u00e4rgneb alustaja 2. TASE, mida on v\u00f5imalik soodushinnaga soetada ja l\u00e4bida 2027) 2 p\u00e4eva alg\u00f5pe GREEN CARD 2026. hooaja piiramata m\u00e4ngu\u00f5igus 4 grupitreeningut Alustajate 9-raja \u00f5ppev\u00f5istluste sari (v.a finaal) Sisaldab m\u00f5lemale osalejale: Green Cardi kursus m\u00e4ngu\u00f5igus, hooaeg varustuse kasutamine, 30 [&hellip;]<\/p>\n","protected":false},"featured_media":21337,"template":"","meta":{"_acf_changed":false,"_improvement_type_select":"improve_an_existing","_thumb_yes_seoaic":false,"_frame_yes_seoaic":false,"seoaic_generate_description":"","seoaic_improve_instructions_prompt":"","seoaic_rollback_content_improvement":"","seoaic_idea_thumbnail_generator":"","thumbnail_generated":false,"thumbnail_generate_prompt":"","seoaic_article_description":""},"product_brand":[],"product_cat":[102,30,100,35,72],"product_tag":[],"class_list":{"0":"post-22967","1":"product","2":"type-product","3":"status-publish","4":"has-post-thumbnail","6":"product_cat-juuniorile-13-19-a","7":"product_cat-pakkumised","8":"product_cat-esto-deal","9":"product_cat-alustajale","10":"product_cat-alustaja_tase_1","12":"first","13":"instock","14":"sale","15":"taxable","16":"shipping-taxable","17":"purchasable","18":"product-type-simple"},"acf":[],"gallery_images":[],"yoast_head":"<!-- This site is optimized with the Yoast SEO plugin v26.8 - https:\/\/yoast.com\/product\/yoast-seo-wordpress\/ -->\n<title>KAMPAANIA! 2026 ALUSTAJA GOLFIHOOAJA PAKETT KAHELE 1. TASE Juuniorile 13-19a. - Otep\u00e4\u00e4 Golf &amp; Country Club<\/title>\n<meta name=\"robots\" content=\"index, follow, max-snippet:-1, max-image-preview:large, max-video-preview:-1\" \/>\n<link rel=\"canonical\" href=\"https:\/\/otepaagolf.com\/fi\/product\/2026-alustaja-golfihooaja-pakett-1-tase-juuniorile-13-19a\/\" \/>\n<meta property=\"og:locale\" content=\"fi_FI\" \/>\n<meta property=\"og:type\" content=\"article\" \/>\n<meta property=\"og:title\" content=\"KAMPAANIA! 2026 ALUSTAJA GOLFIHOOAJA PAKETT KAHELE 1. TASE Juuniorile 13-19a. - Otep\u00e4\u00e4 Golf &amp; Country Club\" \/>\n<meta property=\"og:description\" content=\"ALUSTAJA GOLFARI HOOAJA PAKETT KAHELE 1. TASE Juuniorile 13-19 a. (INFOKS: 1. TASEME hooajale 2026.aastal j\u00e4rgneb alustaja 2. TASE, mida on v\u00f5imalik soodushinnaga soetada ja l\u00e4bida 2027) 2 p\u00e4eva alg\u00f5pe GREEN CARD 2026. hooaja piiramata m\u00e4ngu\u00f5igus 4 grupitreeningut Alustajate 9-raja \u00f5ppev\u00f5istluste sari (v.a finaal) Sisaldab m\u00f5lemale osalejale: Green Cardi kursus m\u00e4ngu\u00f5igus, hooaeg varustuse kasutamine, 30 [&hellip;]\" \/>\n<meta property=\"og:url\" content=\"https:\/\/otepaagolf.com\/fi\/product\/2026-alustaja-golfihooaja-pakett-1-tase-juuniorile-13-19a\/\" \/>\n<meta property=\"og:site_name\" content=\"Otep\u00e4\u00e4 Golf &amp; Country Club\" \/>\n<meta property=\"article:modified_time\" content=\"2026-02-02T10:10:53+00:00\" \/>\n<meta property=\"og:image\" content=\"https:\/\/otepaagolf.com\/wp-content\/uploads\/2025\/08\/IMG_4156.jpg\" \/>\n\t<meta property=\"og:image:width\" content=\"1500\" \/>\n\t<meta property=\"og:image:height\" content=\"1000\" \/>\n\t<meta property=\"og:image:type\" content=\"image\/jpeg\" \/>\n<meta name=\"twitter:card\" content=\"summary_large_image\" \/>\n<meta name=\"twitter:label1\" content=\"Arvioitu lukuaika\" \/>\n\t<meta name=\"twitter:data1\" content=\"1 minuutti\" \/>\n<script type=\"application\/ld+json\" class=\"yoast-schema-graph\">{\"@context\":\"https:\/\/schema.org\",\"@graph\":[{\"@type\":\"WebPage\",\"@id\":\"https:\/\/otepaagolf.com\/fi\/product\/2026-alustaja-golfihooaja-pakett-1-tase-juuniorile-13-19a\/\",\"url\":\"https:\/\/otepaagolf.com\/fi\/product\/2026-alustaja-golfihooaja-pakett-1-tase-juuniorile-13-19a\/\",\"name\":\"KAMPAANIA! 2026 ALUSTAJA GOLFIHOOAJA PAKETT KAHELE 1. TASE Juuniorile 13-19a. - Otep\u00e4\u00e4 Golf &amp; Country Club\",\"isPartOf\":{\"@id\":\"https:\/\/otepaagolf.com\/fi\/#website\"},\"primaryImageOfPage\":{\"@id\":\"https:\/\/otepaagolf.com\/fi\/product\/2026-alustaja-golfihooaja-pakett-1-tase-juuniorile-13-19a\/#primaryimage\"},\"image\":{\"@id\":\"https:\/\/otepaagolf.com\/fi\/product\/2026-alustaja-golfihooaja-pakett-1-tase-juuniorile-13-19a\/#primaryimage\"},\"thumbnailUrl\":\"https:\/\/otepaagolf.com\/wp-content\/uploads\/2025\/08\/IMG_4156.jpg\",\"datePublished\":\"2025-12-18T11:29:28+00:00\",\"dateModified\":\"2026-02-02T10:10:53+00:00\",\"breadcrumb\":{\"@id\":\"https:\/\/otepaagolf.com\/fi\/product\/2026-alustaja-golfihooaja-pakett-1-tase-juuniorile-13-19a\/#breadcrumb\"},\"inLanguage\":\"fi\",\"potentialAction\":[{\"@type\":\"ReadAction\",\"target\":[\"https:\/\/otepaagolf.com\/fi\/product\/2026-alustaja-golfihooaja-pakett-1-tase-juuniorile-13-19a\/\"]}]},{\"@type\":\"ImageObject\",\"inLanguage\":\"fi\",\"@id\":\"https:\/\/otepaagolf.com\/fi\/product\/2026-alustaja-golfihooaja-pakett-1-tase-juuniorile-13-19a\/#primaryimage\",\"url\":\"https:\/\/otepaagolf.com\/wp-content\/uploads\/2025\/08\/IMG_4156.jpg\",\"contentUrl\":\"https:\/\/otepaagolf.com\/wp-content\/uploads\/2025\/08\/IMG_4156.jpg\",\"width\":1500,\"height\":1000},{\"@type\":\"BreadcrumbList\",\"@id\":\"https:\/\/otepaagolf.com\/fi\/product\/2026-alustaja-golfihooaja-pakett-1-tase-juuniorile-13-19a\/#breadcrumb\",\"itemListElement\":[{\"@type\":\"ListItem\",\"position\":1,\"name\":\"Home\",\"item\":\"https:\/\/otepaagolf.com\/fi\/\"},{\"@type\":\"ListItem\",\"position\":2,\"name\":\"E-POOD\",\"item\":\"https:\/\/otepaagolf.com\/pood\/\"},{\"@type\":\"ListItem\",\"position\":3,\"name\":\"KAMPAANIA! 2026 ALUSTAJA GOLFIHOOAJA PAKETT KAHELE 1. TASE Juuniorile 13-19a.\"}]},{\"@type\":\"WebSite\",\"@id\":\"https:\/\/otepaagolf.com\/fi\/#website\",\"url\":\"https:\/\/otepaagolf.com\/fi\/\",\"name\":\"Otep\u00e4\u00e4 Golf &amp; Country Club\",\"description\":\"T\u00e4ism\u00f5\u00f5tmeline golfiv\u00e4ljak 18-holes PAR73\",\"publisher\":{\"@id\":\"https:\/\/otepaagolf.com\/fi\/#organization\"},\"potentialAction\":[{\"@type\":\"SearchAction\",\"target\":{\"@type\":\"EntryPoint\",\"urlTemplate\":\"https:\/\/otepaagolf.com\/fi\/?s={search_term_string}\"},\"query-input\":{\"@type\":\"PropertyValueSpecification\",\"valueRequired\":true,\"valueName\":\"search_term_string\"}}],\"inLanguage\":\"fi\"},{\"@type\":\"Organization\",\"@id\":\"https:\/\/otepaagolf.com\/fi\/#organization\",\"name\":\"Otep\u00e4\u00e4 Golf &amp; Country Club\",\"url\":\"https:\/\/otepaagolf.com\/fi\/\",\"logo\":{\"@type\":\"ImageObject\",\"inLanguage\":\"fi\",\"@id\":\"https:\/\/otepaagolf.com\/fi\/#\/schema\/logo\/image\/\",\"url\":\"https:\/\/otepaagolf.com\/wp-content\/uploads\/2021\/10\/OGCC_web_pais.png\",\"contentUrl\":\"https:\/\/otepaagolf.com\/wp-content\/uploads\/2021\/10\/OGCC_web_pais.png\",\"width\":1368,\"height\":541,\"caption\":\"Otep\u00e4\u00e4 Golf &amp; Country Club\"},\"image\":{\"@id\":\"https:\/\/otepaagolf.com\/fi\/#\/schema\/logo\/image\/\"}}]}<\/script>\n<!-- \/ Yoast SEO plugin. -->","yoast_head_json":{"title":"KAMPAANIA! 2026 ALUSTAJA GOLFIHOOAJA PAKETT KAHELE 1. TASE Juuniorile 13-19a. - Otep\u00e4\u00e4 Golf &amp; Country Club","robots":{"index":"index","follow":"follow","max-snippet":"max-snippet:-1","max-image-preview":"max-image-preview:large","max-video-preview":"max-video-preview:-1"},"canonical":"https:\/\/otepaagolf.com\/fi\/product\/2026-alustaja-golfihooaja-pakett-1-tase-juuniorile-13-19a\/","og_locale":"fi_FI","og_type":"article","og_title":"KAMPAANIA! 2026 ALUSTAJA GOLFIHOOAJA PAKETT KAHELE 1. TASE Juuniorile 13-19a. - Otep\u00e4\u00e4 Golf &amp; Country Club","og_description":"ALUSTAJA GOLFARI HOOAJA PAKETT KAHELE 1. TASE Juuniorile 13-19 a. (INFOKS: 1. TASEME hooajale 2026.aastal j\u00e4rgneb alustaja 2. TASE, mida on v\u00f5imalik soodushinnaga soetada ja l\u00e4bida 2027) 2 p\u00e4eva alg\u00f5pe GREEN CARD 2026. hooaja piiramata m\u00e4ngu\u00f5igus 4 grupitreeningut Alustajate 9-raja \u00f5ppev\u00f5istluste sari (v.a finaal) Sisaldab m\u00f5lemale osalejale: Green Cardi kursus m\u00e4ngu\u00f5igus, hooaeg varustuse kasutamine, 30 [&hellip;]","og_url":"https:\/\/otepaagolf.com\/fi\/product\/2026-alustaja-golfihooaja-pakett-1-tase-juuniorile-13-19a\/","og_site_name":"Otep\u00e4\u00e4 Golf &amp; Country Club","article_modified_time":"2026-02-02T10:10:53+00:00","og_image":[{"width":1500,"height":1000,"url":"https:\/\/otepaagolf.com\/wp-content\/uploads\/2025\/08\/IMG_4156.jpg","type":"image\/jpeg"}],"twitter_card":"summary_large_image","twitter_misc":{"Arvioitu lukuaika":"1 minuutti"},"schema":{"@context":"https:\/\/schema.org","@graph":[{"@type":"WebPage","@id":"https:\/\/otepaagolf.com\/fi\/product\/2026-alustaja-golfihooaja-pakett-1-tase-juuniorile-13-19a\/","url":"https:\/\/otepaagolf.com\/fi\/product\/2026-alustaja-golfihooaja-pakett-1-tase-juuniorile-13-19a\/","name":"KAMPAANIA! 2026 ALUSTAJA GOLFIHOOAJA PAKETT KAHELE 1. TASE Juuniorile 13-19a. - Otep\u00e4\u00e4 Golf &amp; Country Club","isPartOf":{"@id":"https:\/\/otepaagolf.com\/fi\/#website"},"primaryImageOfPage":{"@id":"https:\/\/otepaagolf.com\/fi\/product\/2026-alustaja-golfihooaja-pakett-1-tase-juuniorile-13-19a\/#primaryimage"},"image":{"@id":"https:\/\/otepaagolf.com\/fi\/product\/2026-alustaja-golfihooaja-pakett-1-tase-juuniorile-13-19a\/#primaryimage"},"thumbnailUrl":"https:\/\/otepaagolf.com\/wp-content\/uploads\/2025\/08\/IMG_4156.jpg","datePublished":"2025-12-18T11:29:28+00:00","dateModified":"2026-02-02T10:10:53+00:00","breadcrumb":{"@id":"https:\/\/otepaagolf.com\/fi\/product\/2026-alustaja-golfihooaja-pakett-1-tase-juuniorile-13-19a\/#breadcrumb"},"inLanguage":"fi","potentialAction":[{"@type":"ReadAction","target":["https:\/\/otepaagolf.com\/fi\/product\/2026-alustaja-golfihooaja-pakett-1-tase-juuniorile-13-19a\/"]}]},{"@type":"ImageObject","inLanguage":"fi","@id":"https:\/\/otepaagolf.com\/fi\/product\/2026-alustaja-golfihooaja-pakett-1-tase-juuniorile-13-19a\/#primaryimage","url":"https:\/\/otepaagolf.com\/wp-content\/uploads\/2025\/08\/IMG_4156.jpg","contentUrl":"https:\/\/otepaagolf.com\/wp-content\/uploads\/2025\/08\/IMG_4156.jpg","width":1500,"height":1000},{"@type":"BreadcrumbList","@id":"https:\/\/otepaagolf.com\/fi\/product\/2026-alustaja-golfihooaja-pakett-1-tase-juuniorile-13-19a\/#breadcrumb","itemListElement":[{"@type":"ListItem","position":1,"name":"Home","item":"https:\/\/otepaagolf.com\/fi\/"},{"@type":"ListItem","position":2,"name":"E-POOD","item":"https:\/\/otepaagolf.com\/pood\/"},{"@type":"ListItem","position":3,"name":"KAMPAANIA! 2026 ALUSTAJA GOLFIHOOAJA PAKETT KAHELE 1. TASE Juuniorile 13-19a."}]},{"@type":"WebSite","@id":"https:\/\/otepaagolf.com\/fi\/#website","url":"https:\/\/otepaagolf.com\/fi\/","name":"Otep\u00e4\u00e4 Golf &amp; Country Club","description":"T\u00e4ism\u00f5\u00f5tmeline golfiv\u00e4ljak 18-holes PAR73","publisher":{"@id":"https:\/\/otepaagolf.com\/fi\/#organization"},"potentialAction":[{"@type":"SearchAction","target":{"@type":"EntryPoint","urlTemplate":"https:\/\/otepaagolf.com\/fi\/?s={search_term_string}"},"query-input":{"@type":"PropertyValueSpecification","valueRequired":true,"valueName":"search_term_string"}}],"inLanguage":"fi"},{"@type":"Organization","@id":"https:\/\/otepaagolf.com\/fi\/#organization","name":"Otep\u00e4\u00e4 Golf &amp; Country Club","url":"https:\/\/otepaagolf.com\/fi\/","logo":{"@type":"ImageObject","inLanguage":"fi","@id":"https:\/\/otepaagolf.com\/fi\/#\/schema\/logo\/image\/","url":"https:\/\/otepaagolf.com\/wp-content\/uploads\/2021\/10\/OGCC_web_pais.png","contentUrl":"https:\/\/otepaagolf.com\/wp-content\/uploads\/2021\/10\/OGCC_web_pais.png","width":1368,"height":541,"caption":"Otep\u00e4\u00e4 Golf &amp; Country Club"},"image":{"@id":"https:\/\/otepaagolf.com\/fi\/#\/schema\/logo\/image\/"}}]}},"publishpress_future_workflow_manual_trigger":{"enabledWorkflows":[]},"_links":{"self":[{"href":"https:\/\/otepaagolf.com\/fi\/wp-json\/wp\/v2\/product\/22967","targetHints":{"allow":["GET"]}}],"collection":[{"href":"https:\/\/otepaagolf.com\/fi\/wp-json\/wp\/v2\/product"}],"about":[{"href":"https:\/\/otepaagolf.com\/fi\/wp-json\/wp\/v2\/types\/product"}],"version-history":[{"count":3,"href":"https:\/\/otepaagolf.com\/fi\/wp-json\/wp\/v2\/product\/22967\/revisions"}],"predecessor-version":[{"id":23297,"href":"https:\/\/otepaagolf.com\/fi\/wp-json\/wp\/v2\/product\/22967\/revisions\/23297"}],"wp:featuredmedia":[{"embeddable":true,"href":"https:\/\/otepaagolf.com\/fi\/wp-json\/wp\/v2\/media\/21337"}],"wp:attachment":[{"href":"https:\/\/otepaagolf.com\/fi\/wp-json\/wp\/v2\/media?parent=22967"}],"wp:term":[{"taxonomy":"product_brand","embeddable":true,"href":"https:\/\/otepaagolf.com\/fi\/wp-json\/wp\/v2\/product_brand?post=22967"},{"taxonomy":"product_cat","embeddable":true,"href":"https:\/\/otepaagolf.com\/fi\/wp-json\/wp\/v2\/product_cat?post=22967"},{"taxonomy":"product_tag","embeddable":true,"href":"https:\/\/otepaagolf.com\/fi\/wp-json\/wp\/v2\/product_tag?post=22967"}],"curies":[{"name":"wp","href":"https:\/\/api.w.org\/{rel}","templated":true}]}}