{"id":22970,"date":"2025-12-18T15:58:42","date_gmt":"2025-12-18T13:58:42","guid":{"rendered":"https:\/\/otepaagolf.com\/?post_type=product&#038;p=22970"},"modified":"2026-02-03T12:45:01","modified_gmt":"2026-02-03T10:45:01","slug":"kampaania-kinkekaart-gift-voucher-2","status":"publish","type":"product","link":"https:\/\/otepaagolf.com\/fi\/product\/kampaania-kinkekaart-gift-voucher-2\/","title":{"rendered":"KAMPAANIA! KINKEKAART 200\u20ac &#8211; GIFT VOUCHER 200\u20ac"},"content":{"rendered":"<p>Kinkekaart v\u00e4\u00e4rtuses 200\u20ac, mis kehtib m\u00e4ngu\u00f5iguste ja greenfee piletite ostuks 1 aasta jooksul ostu kuup\u00e4evast. Greenfee piletite hulka loetaks k\u00f5ik Greenfee paketid, m\u00e4ngu\u00f5iguste loetakse erinevad m\u00e4ngu\u00f5iguse tooted, mida leiate Otep\u00e4\u00e4 Golfikeskuse toodete valikust, k.a alustajate m\u00e4ngu\u00f5iguste paketid.<\/p>\n<p>Kinkekaardi k\u00e4ttetoimetus on tasuta \u00fcle Eesti pakiautomaatidesse. Kokkuleppel toimetame 48h jooksul pakitud kinkekaardi koos soovikaardiga ostjale k\u00e4tte Tallinnas, Tartus ja Otep\u00e4\u00e4l. Kinkekaarte on piiratud hulgal, kampaaniaperiood kehtib kuni kinkekaarte laos j\u00e4tkub.<\/p>\n<p>NB! Pakiautomaadi asukoha kokkuleppimiseks toimi nii, saada peale ostu sooritamist meile pakiautomaadi soovitud asukoht (t\u00e4pne v\u00f5i piirkond) meili teel, lisa kindlasti saaja telefoni number.<br \/>\nSaame paki saata ka otse kingituse saajale, sellisel juhul lisa soovikaardi jaoks oma p\u00fchadesoov samasse meili, et saaksime Sinu eest kaardi valmis kirjutada ja paki teele panna.<\/p>\n<p>Teenuste broneerimine ja lisainfo Caddiemasteri E-posti teel info@otepaagolf.com v\u00f5i telefonil 56200115 ja teenust kasutama tulles esita kinkekaart.<\/p>\n","protected":false},"excerpt":{"rendered":"<p>Kinkekaart v\u00e4\u00e4rtuses 200\u20ac, mis kehtib m\u00e4ngu\u00f5iguste ja greenfee piletite ostuks 1 aasta jooksul ostu kuup\u00e4evast. Greenfee piletite hulka loetaks k\u00f5ik Greenfee paketid, m\u00e4ngu\u00f5iguste loetakse erinevad m\u00e4ngu\u00f5iguse tooted, mida leiate Otep\u00e4\u00e4 Golfikeskuse toodete valikust, k.a alustajate m\u00e4ngu\u00f5iguste paketid. Kinkekaardi k\u00e4ttetoimetus on tasuta \u00fcle Eesti pakiautomaatidesse. Kokkuleppel toimetame 48h jooksul pakitud kinkekaardi koos soovikaardiga ostjale k\u00e4tte Tallinnas, [&hellip;]<\/p>\n","protected":false},"featured_media":22941,"template":"","meta":{"_acf_changed":false,"_improvement_type_select":"improve_an_existing","_thumb_yes_seoaic":false,"_frame_yes_seoaic":false,"seoaic_generate_description":"","seoaic_improve_instructions_prompt":"","seoaic_rollback_content_improvement":"","seoaic_idea_thumbnail_generator":"","thumbnail_generated":false,"thumbnail_generate_prompt":"","seoaic_article_description":""},"product_brand":[],"product_cat":[34,31,70,30,100,68,35],"product_tag":[],"class_list":{"0":"post-22970","1":"product","2":"type-product","3":"status-publish","4":"has-post-thumbnail","6":"product_cat-34","7":"product_cat-31","8":"product_cat-kinkekaardid","9":"product_cat-pakkumised","10":"product_cat-esto-deal","11":"product_cat-kampaaniad","12":"product_cat-alustajale","14":"first","15":"instock","16":"sale","17":"taxable","18":"shipping-taxable","19":"purchasable","20":"product-type-simple"},"acf":[],"gallery_images":[],"yoast_head":"<!-- This site is optimized with the Yoast SEO plugin v26.8 - https:\/\/yoast.com\/product\/yoast-seo-wordpress\/ -->\n<title>KAMPAANIA! KINKEKAART 200\u20ac - GIFT VOUCHER 200\u20ac - Otep\u00e4\u00e4 Golf &amp; Country Club<\/title>\n<meta name=\"robots\" content=\"index, follow, max-snippet:-1, max-image-preview:large, max-video-preview:-1\" \/>\n<link rel=\"canonical\" href=\"https:\/\/otepaagolf.com\/fi\/product\/kampaania-kinkekaart-gift-voucher-2\/\" \/>\n<meta property=\"og:locale\" content=\"fi_FI\" \/>\n<meta property=\"og:type\" content=\"article\" \/>\n<meta property=\"og:title\" content=\"KAMPAANIA! KINKEKAART 200\u20ac - GIFT VOUCHER 200\u20ac - Otep\u00e4\u00e4 Golf &amp; Country Club\" \/>\n<meta property=\"og:description\" content=\"Kinkekaart v\u00e4\u00e4rtuses 200\u20ac, mis kehtib m\u00e4ngu\u00f5iguste ja greenfee piletite ostuks 1 aasta jooksul ostu kuup\u00e4evast. Greenfee piletite hulka loetaks k\u00f5ik Greenfee paketid, m\u00e4ngu\u00f5iguste loetakse erinevad m\u00e4ngu\u00f5iguse tooted, mida leiate Otep\u00e4\u00e4 Golfikeskuse toodete valikust, k.a alustajate m\u00e4ngu\u00f5iguste paketid. Kinkekaardi k\u00e4ttetoimetus on tasuta \u00fcle Eesti pakiautomaatidesse. Kokkuleppel toimetame 48h jooksul pakitud kinkekaardi koos soovikaardiga ostjale k\u00e4tte Tallinnas, [&hellip;]\" \/>\n<meta property=\"og:url\" content=\"https:\/\/otepaagolf.com\/fi\/product\/kampaania-kinkekaart-gift-voucher-2\/\" \/>\n<meta property=\"og:site_name\" content=\"Otep\u00e4\u00e4 Golf &amp; Country Club\" \/>\n<meta property=\"article:modified_time\" content=\"2026-02-03T10:45:01+00:00\" \/>\n<meta property=\"og:image\" content=\"https:\/\/otepaagolf.com\/wp-content\/uploads\/2025\/12\/kinkeaart100_lindiga.png\" \/>\n\t<meta property=\"og:image:width\" content=\"867\" \/>\n\t<meta property=\"og:image:height\" content=\"439\" \/>\n\t<meta property=\"og:image:type\" content=\"image\/png\" \/>\n<meta name=\"twitter:card\" content=\"summary_large_image\" \/>\n<meta name=\"twitter:label1\" content=\"Arvioitu lukuaika\" \/>\n\t<meta name=\"twitter:data1\" content=\"1 minuutti\" \/>\n<script type=\"application\/ld+json\" class=\"yoast-schema-graph\">{\"@context\":\"https:\/\/schema.org\",\"@graph\":[{\"@type\":\"WebPage\",\"@id\":\"https:\/\/otepaagolf.com\/fi\/product\/kampaania-kinkekaart-gift-voucher-2\/\",\"url\":\"https:\/\/otepaagolf.com\/fi\/product\/kampaania-kinkekaart-gift-voucher-2\/\",\"name\":\"KAMPAANIA! KINKEKAART 200\u20ac - GIFT VOUCHER 200\u20ac - Otep\u00e4\u00e4 Golf &amp; Country Club\",\"isPartOf\":{\"@id\":\"https:\/\/otepaagolf.com\/fi\/#website\"},\"primaryImageOfPage\":{\"@id\":\"https:\/\/otepaagolf.com\/fi\/product\/kampaania-kinkekaart-gift-voucher-2\/#primaryimage\"},\"image\":{\"@id\":\"https:\/\/otepaagolf.com\/fi\/product\/kampaania-kinkekaart-gift-voucher-2\/#primaryimage\"},\"thumbnailUrl\":\"https:\/\/otepaagolf.com\/wp-content\/uploads\/2025\/12\/kinkeaart100_lindiga.png\",\"datePublished\":\"2025-12-18T13:58:42+00:00\",\"dateModified\":\"2026-02-03T10:45:01+00:00\",\"breadcrumb\":{\"@id\":\"https:\/\/otepaagolf.com\/fi\/product\/kampaania-kinkekaart-gift-voucher-2\/#breadcrumb\"},\"inLanguage\":\"fi\",\"potentialAction\":[{\"@type\":\"ReadAction\",\"target\":[\"https:\/\/otepaagolf.com\/fi\/product\/kampaania-kinkekaart-gift-voucher-2\/\"]}]},{\"@type\":\"ImageObject\",\"inLanguage\":\"fi\",\"@id\":\"https:\/\/otepaagolf.com\/fi\/product\/kampaania-kinkekaart-gift-voucher-2\/#primaryimage\",\"url\":\"https:\/\/otepaagolf.com\/wp-content\/uploads\/2025\/12\/kinkeaart100_lindiga.png\",\"contentUrl\":\"https:\/\/otepaagolf.com\/wp-content\/uploads\/2025\/12\/kinkeaart100_lindiga.png\",\"width\":867,\"height\":439},{\"@type\":\"BreadcrumbList\",\"@id\":\"https:\/\/otepaagolf.com\/fi\/product\/kampaania-kinkekaart-gift-voucher-2\/#breadcrumb\",\"itemListElement\":[{\"@type\":\"ListItem\",\"position\":1,\"name\":\"Home\",\"item\":\"https:\/\/otepaagolf.com\/fi\/\"},{\"@type\":\"ListItem\",\"position\":2,\"name\":\"E-POOD\",\"item\":\"https:\/\/otepaagolf.com\/pood\/\"},{\"@type\":\"ListItem\",\"position\":3,\"name\":\"KAMPAANIA! KINKEKAART 200\u20ac &#8211; GIFT VOUCHER 200\u20ac\"}]},{\"@type\":\"WebSite\",\"@id\":\"https:\/\/otepaagolf.com\/fi\/#website\",\"url\":\"https:\/\/otepaagolf.com\/fi\/\",\"name\":\"Otep\u00e4\u00e4 Golf &amp; Country Club\",\"description\":\"T\u00e4ism\u00f5\u00f5tmeline golfiv\u00e4ljak 18-holes PAR73\",\"publisher\":{\"@id\":\"https:\/\/otepaagolf.com\/fi\/#organization\"},\"potentialAction\":[{\"@type\":\"SearchAction\",\"target\":{\"@type\":\"EntryPoint\",\"urlTemplate\":\"https:\/\/otepaagolf.com\/fi\/?s={search_term_string}\"},\"query-input\":{\"@type\":\"PropertyValueSpecification\",\"valueRequired\":true,\"valueName\":\"search_term_string\"}}],\"inLanguage\":\"fi\"},{\"@type\":\"Organization\",\"@id\":\"https:\/\/otepaagolf.com\/fi\/#organization\",\"name\":\"Otep\u00e4\u00e4 Golf &amp; Country Club\",\"url\":\"https:\/\/otepaagolf.com\/fi\/\",\"logo\":{\"@type\":\"ImageObject\",\"inLanguage\":\"fi\",\"@id\":\"https:\/\/otepaagolf.com\/fi\/#\/schema\/logo\/image\/\",\"url\":\"https:\/\/otepaagolf.com\/wp-content\/uploads\/2021\/10\/OGCC_web_pais.png\",\"contentUrl\":\"https:\/\/otepaagolf.com\/wp-content\/uploads\/2021\/10\/OGCC_web_pais.png\",\"width\":1368,\"height\":541,\"caption\":\"Otep\u00e4\u00e4 Golf &amp; Country Club\"},\"image\":{\"@id\":\"https:\/\/otepaagolf.com\/fi\/#\/schema\/logo\/image\/\"}}]}<\/script>\n<!-- \/ Yoast SEO plugin. -->","yoast_head_json":{"title":"KAMPAANIA! KINKEKAART 200\u20ac - GIFT VOUCHER 200\u20ac - Otep\u00e4\u00e4 Golf &amp; Country Club","robots":{"index":"index","follow":"follow","max-snippet":"max-snippet:-1","max-image-preview":"max-image-preview:large","max-video-preview":"max-video-preview:-1"},"canonical":"https:\/\/otepaagolf.com\/fi\/product\/kampaania-kinkekaart-gift-voucher-2\/","og_locale":"fi_FI","og_type":"article","og_title":"KAMPAANIA! KINKEKAART 200\u20ac - GIFT VOUCHER 200\u20ac - Otep\u00e4\u00e4 Golf &amp; Country Club","og_description":"Kinkekaart v\u00e4\u00e4rtuses 200\u20ac, mis kehtib m\u00e4ngu\u00f5iguste ja greenfee piletite ostuks 1 aasta jooksul ostu kuup\u00e4evast. Greenfee piletite hulka loetaks k\u00f5ik Greenfee paketid, m\u00e4ngu\u00f5iguste loetakse erinevad m\u00e4ngu\u00f5iguse tooted, mida leiate Otep\u00e4\u00e4 Golfikeskuse toodete valikust, k.a alustajate m\u00e4ngu\u00f5iguste paketid. Kinkekaardi k\u00e4ttetoimetus on tasuta \u00fcle Eesti pakiautomaatidesse. Kokkuleppel toimetame 48h jooksul pakitud kinkekaardi koos soovikaardiga ostjale k\u00e4tte Tallinnas, [&hellip;]","og_url":"https:\/\/otepaagolf.com\/fi\/product\/kampaania-kinkekaart-gift-voucher-2\/","og_site_name":"Otep\u00e4\u00e4 Golf &amp; Country Club","article_modified_time":"2026-02-03T10:45:01+00:00","og_image":[{"width":867,"height":439,"url":"https:\/\/otepaagolf.com\/wp-content\/uploads\/2025\/12\/kinkeaart100_lindiga.png","type":"image\/png"}],"twitter_card":"summary_large_image","twitter_misc":{"Arvioitu lukuaika":"1 minuutti"},"schema":{"@context":"https:\/\/schema.org","@graph":[{"@type":"WebPage","@id":"https:\/\/otepaagolf.com\/fi\/product\/kampaania-kinkekaart-gift-voucher-2\/","url":"https:\/\/otepaagolf.com\/fi\/product\/kampaania-kinkekaart-gift-voucher-2\/","name":"KAMPAANIA! KINKEKAART 200\u20ac - GIFT VOUCHER 200\u20ac - Otep\u00e4\u00e4 Golf &amp; Country Club","isPartOf":{"@id":"https:\/\/otepaagolf.com\/fi\/#website"},"primaryImageOfPage":{"@id":"https:\/\/otepaagolf.com\/fi\/product\/kampaania-kinkekaart-gift-voucher-2\/#primaryimage"},"image":{"@id":"https:\/\/otepaagolf.com\/fi\/product\/kampaania-kinkekaart-gift-voucher-2\/#primaryimage"},"thumbnailUrl":"https:\/\/otepaagolf.com\/wp-content\/uploads\/2025\/12\/kinkeaart100_lindiga.png","datePublished":"2025-12-18T13:58:42+00:00","dateModified":"2026-02-03T10:45:01+00:00","breadcrumb":{"@id":"https:\/\/otepaagolf.com\/fi\/product\/kampaania-kinkekaart-gift-voucher-2\/#breadcrumb"},"inLanguage":"fi","potentialAction":[{"@type":"ReadAction","target":["https:\/\/otepaagolf.com\/fi\/product\/kampaania-kinkekaart-gift-voucher-2\/"]}]},{"@type":"ImageObject","inLanguage":"fi","@id":"https:\/\/otepaagolf.com\/fi\/product\/kampaania-kinkekaart-gift-voucher-2\/#primaryimage","url":"https:\/\/otepaagolf.com\/wp-content\/uploads\/2025\/12\/kinkeaart100_lindiga.png","contentUrl":"https:\/\/otepaagolf.com\/wp-content\/uploads\/2025\/12\/kinkeaart100_lindiga.png","width":867,"height":439},{"@type":"BreadcrumbList","@id":"https:\/\/otepaagolf.com\/fi\/product\/kampaania-kinkekaart-gift-voucher-2\/#breadcrumb","itemListElement":[{"@type":"ListItem","position":1,"name":"Home","item":"https:\/\/otepaagolf.com\/fi\/"},{"@type":"ListItem","position":2,"name":"E-POOD","item":"https:\/\/otepaagolf.com\/pood\/"},{"@type":"ListItem","position":3,"name":"KAMPAANIA! KINKEKAART 200\u20ac &#8211; GIFT VOUCHER 200\u20ac"}]},{"@type":"WebSite","@id":"https:\/\/otepaagolf.com\/fi\/#website","url":"https:\/\/otepaagolf.com\/fi\/","name":"Otep\u00e4\u00e4 Golf &amp; Country Club","description":"T\u00e4ism\u00f5\u00f5tmeline golfiv\u00e4ljak 18-holes PAR73","publisher":{"@id":"https:\/\/otepaagolf.com\/fi\/#organization"},"potentialAction":[{"@type":"SearchAction","target":{"@type":"EntryPoint","urlTemplate":"https:\/\/otepaagolf.com\/fi\/?s={search_term_string}"},"query-input":{"@type":"PropertyValueSpecification","valueRequired":true,"valueName":"search_term_string"}}],"inLanguage":"fi"},{"@type":"Organization","@id":"https:\/\/otepaagolf.com\/fi\/#organization","name":"Otep\u00e4\u00e4 Golf &amp; Country Club","url":"https:\/\/otepaagolf.com\/fi\/","logo":{"@type":"ImageObject","inLanguage":"fi","@id":"https:\/\/otepaagolf.com\/fi\/#\/schema\/logo\/image\/","url":"https:\/\/otepaagolf.com\/wp-content\/uploads\/2021\/10\/OGCC_web_pais.png","contentUrl":"https:\/\/otepaagolf.com\/wp-content\/uploads\/2021\/10\/OGCC_web_pais.png","width":1368,"height":541,"caption":"Otep\u00e4\u00e4 Golf &amp; Country Club"},"image":{"@id":"https:\/\/otepaagolf.com\/fi\/#\/schema\/logo\/image\/"}}]}},"publishpress_future_workflow_manual_trigger":{"enabledWorkflows":[]},"_links":{"self":[{"href":"https:\/\/otepaagolf.com\/fi\/wp-json\/wp\/v2\/product\/22970","targetHints":{"allow":["GET"]}}],"collection":[{"href":"https:\/\/otepaagolf.com\/fi\/wp-json\/wp\/v2\/product"}],"about":[{"href":"https:\/\/otepaagolf.com\/fi\/wp-json\/wp\/v2\/types\/product"}],"version-history":[{"count":2,"href":"https:\/\/otepaagolf.com\/fi\/wp-json\/wp\/v2\/product\/22970\/revisions"}],"predecessor-version":[{"id":23322,"href":"https:\/\/otepaagolf.com\/fi\/wp-json\/wp\/v2\/product\/22970\/revisions\/23322"}],"wp:featuredmedia":[{"embeddable":true,"href":"https:\/\/otepaagolf.com\/fi\/wp-json\/wp\/v2\/media\/22941"}],"wp:attachment":[{"href":"https:\/\/otepaagolf.com\/fi\/wp-json\/wp\/v2\/media?parent=22970"}],"wp:term":[{"taxonomy":"product_brand","embeddable":true,"href":"https:\/\/otepaagolf.com\/fi\/wp-json\/wp\/v2\/product_brand?post=22970"},{"taxonomy":"product_cat","embeddable":true,"href":"https:\/\/otepaagolf.com\/fi\/wp-json\/wp\/v2\/product_cat?post=22970"},{"taxonomy":"product_tag","embeddable":true,"href":"https:\/\/otepaagolf.com\/fi\/wp-json\/wp\/v2\/product_tag?post=22970"}],"curies":[{"name":"wp","href":"https:\/\/api.w.org\/{rel}","templated":true}]}}