{"id":22980,"date":"2026-02-03T13:41:35","date_gmt":"2026-02-03T11:41:35","guid":{"rendered":"https:\/\/otepaagolf.com\/?post_type=product&#038;p=22980"},"modified":"2026-02-03T13:41:35","modified_gmt":"2026-02-03T11:41:35","slug":"golfiauto-hooajapakett-2le","status":"publish","type":"product","link":"https:\/\/otepaagolf.com\/fi\/product\/golfiauto-hooajapakett-2le\/","title":{"rendered":"GOLFIAUTO HOOAJAPAKETT 2le"},"content":{"rendered":"<p>Nimeline piiramata golfiauto kasutuse hooaja pakett 2026 kahele nimetatud kasutajale, kes on \u00fchest leibkonnast. Paketti ei saa jagada \u00fcksikuteks piletiteks. Paketi kasutajad m\u00e4\u00e4rab ostja enne paketi kasutama hakkamist. Teenus tuleb ette broneerida Caddiemasteris info@otepaagolf.com, 56200115.<\/p>\n","protected":false},"excerpt":{"rendered":"<p>Nimeline piiramata golfiauto kasutuse hooaja pakett 2026 kahele nimetatud kasutajale, kes on \u00fchest leibkonnast. Paketti ei saa jagada \u00fcksikuteks piletiteks. Paketi kasutajad m\u00e4\u00e4rab ostja enne paketi kasutama hakkamist. Teenus tuleb ette broneerida Caddiemasteris info@otepaagolf.com, 56200115.<\/p>\n","protected":false},"featured_media":21995,"template":"","meta":{"_acf_changed":false,"_improvement_type_select":"improve_an_existing","_thumb_yes_seoaic":false,"_frame_yes_seoaic":false,"seoaic_generate_description":"","seoaic_improve_instructions_prompt":"","seoaic_rollback_content_improvement":"","seoaic_idea_thumbnail_generator":"","thumbnail_generated":false,"thumbnail_generate_prompt":"","seoaic_article_description":""},"product_brand":[],"product_cat":[34,37],"product_tag":[85,83,77,84,75,78,80,74,73,82,91],"class_list":{"0":"post-22980","1":"product","2":"type-product","3":"status-publish","4":"has-post-thumbnail","6":"product_cat-34","7":"product_cat-37","8":"product_tag-18-rada","9":"product_tag-9-rada","10":"product_tag-auto","11":"product_tag-golfiauto","12":"product_tag-greenfee","13":"product_tag-hoiustramine","14":"product_tag-hooajaline","15":"product_tag-hooajamanguoigus","16":"product_tag-manguoigus","17":"product_tag-muu","18":"product_tag-pakett","20":"first","21":"instock","22":"sale","23":"taxable","24":"shipping-taxable","25":"purchasable","26":"product-type-simple"},"acf":[],"gallery_images":[],"yoast_head":"<!-- This site is optimized with the Yoast SEO plugin v26.8 - https:\/\/yoast.com\/product\/yoast-seo-wordpress\/ -->\n<title>GOLFIAUTO HOOAJAPAKETT 2le - Otep\u00e4\u00e4 Golf &amp; Country Club<\/title>\n<meta name=\"robots\" content=\"index, follow, max-snippet:-1, max-image-preview:large, max-video-preview:-1\" \/>\n<link rel=\"canonical\" href=\"https:\/\/otepaagolf.com\/fi\/product\/golfiauto-hooajapakett-2le\/\" \/>\n<meta property=\"og:locale\" content=\"fi_FI\" \/>\n<meta property=\"og:type\" content=\"article\" \/>\n<meta property=\"og:title\" content=\"GOLFIAUTO HOOAJAPAKETT 2le - Otep\u00e4\u00e4 Golf &amp; Country Club\" \/>\n<meta property=\"og:description\" content=\"Nimeline piiramata golfiauto kasutuse hooaja pakett 2026 kahele nimetatud kasutajale, kes on \u00fchest leibkonnast. Paketti ei saa jagada \u00fcksikuteks piletiteks. Paketi kasutajad m\u00e4\u00e4rab ostja enne paketi kasutama hakkamist. Teenus tuleb ette broneerida Caddiemasteris info@otepaagolf.com, 56200115.\" \/>\n<meta property=\"og:url\" content=\"https:\/\/otepaagolf.com\/fi\/product\/golfiauto-hooajapakett-2le\/\" \/>\n<meta property=\"og:site_name\" content=\"Otep\u00e4\u00e4 Golf &amp; Country Club\" \/>\n<meta property=\"og:image\" content=\"https:\/\/otepaagolf.com\/wp-content\/uploads\/2025\/08\/Otepaa-golf-_5T_4447-1.jpg\" \/>\n\t<meta property=\"og:image:width\" content=\"2500\" \/>\n\t<meta property=\"og:image:height\" content=\"1667\" \/>\n\t<meta property=\"og:image:type\" content=\"image\/jpeg\" \/>\n<meta name=\"twitter:card\" content=\"summary_large_image\" \/>\n<meta name=\"twitter:label1\" content=\"Arvioitu lukuaika\" \/>\n\t<meta name=\"twitter:data1\" content=\"1 minuutti\" \/>\n<script type=\"application\/ld+json\" class=\"yoast-schema-graph\">{\"@context\":\"https:\/\/schema.org\",\"@graph\":[{\"@type\":\"WebPage\",\"@id\":\"https:\/\/otepaagolf.com\/fi\/product\/golfiauto-hooajapakett-2le\/\",\"url\":\"https:\/\/otepaagolf.com\/fi\/product\/golfiauto-hooajapakett-2le\/\",\"name\":\"GOLFIAUTO HOOAJAPAKETT 2le - Otep\u00e4\u00e4 Golf &amp; Country Club\",\"isPartOf\":{\"@id\":\"https:\/\/otepaagolf.com\/fi\/#website\"},\"primaryImageOfPage\":{\"@id\":\"https:\/\/otepaagolf.com\/fi\/product\/golfiauto-hooajapakett-2le\/#primaryimage\"},\"image\":{\"@id\":\"https:\/\/otepaagolf.com\/fi\/product\/golfiauto-hooajapakett-2le\/#primaryimage\"},\"thumbnailUrl\":\"https:\/\/otepaagolf.com\/wp-content\/uploads\/2025\/08\/Otepaa-golf-_5T_4447-1.jpg\",\"datePublished\":\"2026-02-03T11:41:35+00:00\",\"breadcrumb\":{\"@id\":\"https:\/\/otepaagolf.com\/fi\/product\/golfiauto-hooajapakett-2le\/#breadcrumb\"},\"inLanguage\":\"fi\",\"potentialAction\":[{\"@type\":\"ReadAction\",\"target\":[\"https:\/\/otepaagolf.com\/fi\/product\/golfiauto-hooajapakett-2le\/\"]}]},{\"@type\":\"ImageObject\",\"inLanguage\":\"fi\",\"@id\":\"https:\/\/otepaagolf.com\/fi\/product\/golfiauto-hooajapakett-2le\/#primaryimage\",\"url\":\"https:\/\/otepaagolf.com\/wp-content\/uploads\/2025\/08\/Otepaa-golf-_5T_4447-1.jpg\",\"contentUrl\":\"https:\/\/otepaagolf.com\/wp-content\/uploads\/2025\/08\/Otepaa-golf-_5T_4447-1.jpg\",\"width\":2500,\"height\":1667},{\"@type\":\"BreadcrumbList\",\"@id\":\"https:\/\/otepaagolf.com\/fi\/product\/golfiauto-hooajapakett-2le\/#breadcrumb\",\"itemListElement\":[{\"@type\":\"ListItem\",\"position\":1,\"name\":\"Home\",\"item\":\"https:\/\/otepaagolf.com\/fi\/\"},{\"@type\":\"ListItem\",\"position\":2,\"name\":\"E-POOD\",\"item\":\"https:\/\/otepaagolf.com\/pood\/\"},{\"@type\":\"ListItem\",\"position\":3,\"name\":\"GOLFIAUTO HOOAJAPAKETT 2le\"}]},{\"@type\":\"WebSite\",\"@id\":\"https:\/\/otepaagolf.com\/fi\/#website\",\"url\":\"https:\/\/otepaagolf.com\/fi\/\",\"name\":\"Otep\u00e4\u00e4 Golf &amp; Country Club\",\"description\":\"T\u00e4ism\u00f5\u00f5tmeline golfiv\u00e4ljak 18-holes PAR73\",\"publisher\":{\"@id\":\"https:\/\/otepaagolf.com\/fi\/#organization\"},\"potentialAction\":[{\"@type\":\"SearchAction\",\"target\":{\"@type\":\"EntryPoint\",\"urlTemplate\":\"https:\/\/otepaagolf.com\/fi\/?s={search_term_string}\"},\"query-input\":{\"@type\":\"PropertyValueSpecification\",\"valueRequired\":true,\"valueName\":\"search_term_string\"}}],\"inLanguage\":\"fi\"},{\"@type\":\"Organization\",\"@id\":\"https:\/\/otepaagolf.com\/fi\/#organization\",\"name\":\"Otep\u00e4\u00e4 Golf &amp; Country Club\",\"url\":\"https:\/\/otepaagolf.com\/fi\/\",\"logo\":{\"@type\":\"ImageObject\",\"inLanguage\":\"fi\",\"@id\":\"https:\/\/otepaagolf.com\/fi\/#\/schema\/logo\/image\/\",\"url\":\"https:\/\/otepaagolf.com\/wp-content\/uploads\/2021\/10\/OGCC_web_pais.png\",\"contentUrl\":\"https:\/\/otepaagolf.com\/wp-content\/uploads\/2021\/10\/OGCC_web_pais.png\",\"width\":1368,\"height\":541,\"caption\":\"Otep\u00e4\u00e4 Golf &amp; Country Club\"},\"image\":{\"@id\":\"https:\/\/otepaagolf.com\/fi\/#\/schema\/logo\/image\/\"}}]}<\/script>\n<!-- \/ Yoast SEO plugin. -->","yoast_head_json":{"title":"GOLFIAUTO HOOAJAPAKETT 2le - Otep\u00e4\u00e4 Golf &amp; Country Club","robots":{"index":"index","follow":"follow","max-snippet":"max-snippet:-1","max-image-preview":"max-image-preview:large","max-video-preview":"max-video-preview:-1"},"canonical":"https:\/\/otepaagolf.com\/fi\/product\/golfiauto-hooajapakett-2le\/","og_locale":"fi_FI","og_type":"article","og_title":"GOLFIAUTO HOOAJAPAKETT 2le - Otep\u00e4\u00e4 Golf &amp; Country Club","og_description":"Nimeline piiramata golfiauto kasutuse hooaja pakett 2026 kahele nimetatud kasutajale, kes on \u00fchest leibkonnast. Paketti ei saa jagada \u00fcksikuteks piletiteks. Paketi kasutajad m\u00e4\u00e4rab ostja enne paketi kasutama hakkamist. Teenus tuleb ette broneerida Caddiemasteris info@otepaagolf.com, 56200115.","og_url":"https:\/\/otepaagolf.com\/fi\/product\/golfiauto-hooajapakett-2le\/","og_site_name":"Otep\u00e4\u00e4 Golf &amp; Country Club","og_image":[{"width":2500,"height":1667,"url":"https:\/\/otepaagolf.com\/wp-content\/uploads\/2025\/08\/Otepaa-golf-_5T_4447-1.jpg","type":"image\/jpeg"}],"twitter_card":"summary_large_image","twitter_misc":{"Arvioitu lukuaika":"1 minuutti"},"schema":{"@context":"https:\/\/schema.org","@graph":[{"@type":"WebPage","@id":"https:\/\/otepaagolf.com\/fi\/product\/golfiauto-hooajapakett-2le\/","url":"https:\/\/otepaagolf.com\/fi\/product\/golfiauto-hooajapakett-2le\/","name":"GOLFIAUTO HOOAJAPAKETT 2le - Otep\u00e4\u00e4 Golf &amp; Country Club","isPartOf":{"@id":"https:\/\/otepaagolf.com\/fi\/#website"},"primaryImageOfPage":{"@id":"https:\/\/otepaagolf.com\/fi\/product\/golfiauto-hooajapakett-2le\/#primaryimage"},"image":{"@id":"https:\/\/otepaagolf.com\/fi\/product\/golfiauto-hooajapakett-2le\/#primaryimage"},"thumbnailUrl":"https:\/\/otepaagolf.com\/wp-content\/uploads\/2025\/08\/Otepaa-golf-_5T_4447-1.jpg","datePublished":"2026-02-03T11:41:35+00:00","breadcrumb":{"@id":"https:\/\/otepaagolf.com\/fi\/product\/golfiauto-hooajapakett-2le\/#breadcrumb"},"inLanguage":"fi","potentialAction":[{"@type":"ReadAction","target":["https:\/\/otepaagolf.com\/fi\/product\/golfiauto-hooajapakett-2le\/"]}]},{"@type":"ImageObject","inLanguage":"fi","@id":"https:\/\/otepaagolf.com\/fi\/product\/golfiauto-hooajapakett-2le\/#primaryimage","url":"https:\/\/otepaagolf.com\/wp-content\/uploads\/2025\/08\/Otepaa-golf-_5T_4447-1.jpg","contentUrl":"https:\/\/otepaagolf.com\/wp-content\/uploads\/2025\/08\/Otepaa-golf-_5T_4447-1.jpg","width":2500,"height":1667},{"@type":"BreadcrumbList","@id":"https:\/\/otepaagolf.com\/fi\/product\/golfiauto-hooajapakett-2le\/#breadcrumb","itemListElement":[{"@type":"ListItem","position":1,"name":"Home","item":"https:\/\/otepaagolf.com\/fi\/"},{"@type":"ListItem","position":2,"name":"E-POOD","item":"https:\/\/otepaagolf.com\/pood\/"},{"@type":"ListItem","position":3,"name":"GOLFIAUTO HOOAJAPAKETT 2le"}]},{"@type":"WebSite","@id":"https:\/\/otepaagolf.com\/fi\/#website","url":"https:\/\/otepaagolf.com\/fi\/","name":"Otep\u00e4\u00e4 Golf &amp; Country Club","description":"T\u00e4ism\u00f5\u00f5tmeline golfiv\u00e4ljak 18-holes PAR73","publisher":{"@id":"https:\/\/otepaagolf.com\/fi\/#organization"},"potentialAction":[{"@type":"SearchAction","target":{"@type":"EntryPoint","urlTemplate":"https:\/\/otepaagolf.com\/fi\/?s={search_term_string}"},"query-input":{"@type":"PropertyValueSpecification","valueRequired":true,"valueName":"search_term_string"}}],"inLanguage":"fi"},{"@type":"Organization","@id":"https:\/\/otepaagolf.com\/fi\/#organization","name":"Otep\u00e4\u00e4 Golf &amp; Country Club","url":"https:\/\/otepaagolf.com\/fi\/","logo":{"@type":"ImageObject","inLanguage":"fi","@id":"https:\/\/otepaagolf.com\/fi\/#\/schema\/logo\/image\/","url":"https:\/\/otepaagolf.com\/wp-content\/uploads\/2021\/10\/OGCC_web_pais.png","contentUrl":"https:\/\/otepaagolf.com\/wp-content\/uploads\/2021\/10\/OGCC_web_pais.png","width":1368,"height":541,"caption":"Otep\u00e4\u00e4 Golf &amp; Country Club"},"image":{"@id":"https:\/\/otepaagolf.com\/fi\/#\/schema\/logo\/image\/"}}]}},"publishpress_future_workflow_manual_trigger":{"enabledWorkflows":[]},"_links":{"self":[{"href":"https:\/\/otepaagolf.com\/fi\/wp-json\/wp\/v2\/product\/22980","targetHints":{"allow":["GET"]}}],"collection":[{"href":"https:\/\/otepaagolf.com\/fi\/wp-json\/wp\/v2\/product"}],"about":[{"href":"https:\/\/otepaagolf.com\/fi\/wp-json\/wp\/v2\/types\/product"}],"version-history":[{"count":1,"href":"https:\/\/otepaagolf.com\/fi\/wp-json\/wp\/v2\/product\/22980\/revisions"}],"predecessor-version":[{"id":22981,"href":"https:\/\/otepaagolf.com\/fi\/wp-json\/wp\/v2\/product\/22980\/revisions\/22981"}],"wp:featuredmedia":[{"embeddable":true,"href":"https:\/\/otepaagolf.com\/fi\/wp-json\/wp\/v2\/media\/21995"}],"wp:attachment":[{"href":"https:\/\/otepaagolf.com\/fi\/wp-json\/wp\/v2\/media?parent=22980"}],"wp:term":[{"taxonomy":"product_brand","embeddable":true,"href":"https:\/\/otepaagolf.com\/fi\/wp-json\/wp\/v2\/product_brand?post=22980"},{"taxonomy":"product_cat","embeddable":true,"href":"https:\/\/otepaagolf.com\/fi\/wp-json\/wp\/v2\/product_cat?post=22980"},{"taxonomy":"product_tag","embeddable":true,"href":"https:\/\/otepaagolf.com\/fi\/wp-json\/wp\/v2\/product_tag?post=22980"}],"curies":[{"name":"wp","href":"https:\/\/api.w.org\/{rel}","templated":true}]}}