{"id":23030,"date":"2025-12-18T18:16:48","date_gmt":"2025-12-18T16:16:48","guid":{"rendered":"https:\/\/otepaagolf.com\/?post_type=product&#038;p=23030"},"modified":"2025-12-18T19:04:01","modified_gmt":"2025-12-18T17:04:01","slug":"head-full-premium-golf-set-women-left-hand","status":"publish","type":"product","link":"https:\/\/otepaagolf.com\/fi\/product\/head-full-premium-golf-set-women-left-hand\/","title":{"rendered":"HEAD Full Premium Golf Set (Women Left Hand)"},"content":{"rendered":"<p>K\u00f5ik, mida uus v\u00f5i alustav golfim\u00e4ngija vajab! K\u00e4ttetoimetus ainult Eesti piires.<br \/>\nHead\u00ae reketitehnoloogiast inspireeritud t\u00e4iskomplekt on erakordselt stabiilne, lihtne tabada ja v\u00e4ga andestav. Komplekt sisaldab kvaliteetset jalatsiga golfikotti, 3 kaitsekatet, titaanist cup face driver\u2019it, roostevabast terasest cup face fairway\u2019d ja hybridi, 5 roostevabast terasest game improvement rauda, liivawedge\u2019i ning klassikalist, tasakaalus putterit.<br \/>\nDriver (12.0\u00b0)<br \/>\nT\u00f5eliselt h\u00e4sti toimiv driver. Cup face tehnoloogia tagab maksimaalse energiakande kogu l\u00f6\u00f6gipinna ulatuses, pakkudes tundlikku l\u00f6\u00f6gitunnet ja suuremat pallikiirust. K\u00f5rge MOI-kuju annab erakordse andestavuse ning sepistatud cup face maksimaalse kiiruse.<br \/>\nFairway #3 (15\u00b0)<br \/>\n\u00dclikiire cup face tagab muljetavaldava pallikiiruse ja k\u00f5rge lennutrajektoori. Head Fairway Wood on varustatud premium-klassi Head varrega.<br \/>\nHybrid #4 (22\u00b0)<br \/>\nK\u00f5rge start, pehme maandumine ja rohkem tabamusi green\u2019il \u2013 selle kuju eesm\u00e4rk on sisendada m\u00e4ngijasse kindlust. Head Hybrid on samuti varustatud premium Head varrega.<br \/>\nRauad (6\u2013PW)<br \/>\nRauad on detailideni viimistletud vastupidava, elegantse musta viimistlusega ning premium Head vartega. Iga kepi lennutrajektoor on optimeeritud maksimaalseks distantsiks ja k\u00f5rgeks stardiks. Need kvaliteetsed rauad pakuvad enesekindlust t\u00e4nu game improvement disainile: s\u00fcgav \u00f5\u00f5nsus, progressiivne offset parema andestavuse jaoks ning must PVD viimistlus.<br \/>\n56\u00b0 Wedge<br \/>\nT\u00e4ielikult roostevabast terasest pea, vastupidav mattmust SQ-viimistlus. Progressiivne raskuskese maksimaalse spinni saavutamiseks ning k\u00f5rge spinniga soonetehnoloogia. Wedge on varustatud premium Head varrega ja loodud pakkuma erakordset andestavust ning \u00fchtlast sooritust. Talla kuju sobib k\u00f5ikidele oskustasemetele ja m\u00e4ngutingimustele.<br \/>\nPutter<br \/>\nKlassikaline, tasakaalus putter. Putteri pea on valmistatud 304 roostevabast terasest ning sellel on CNC-t\u00f6\u00f6deldud t\u00e4ppis-l\u00f6\u00f6gipind.<br \/>\nPremium jalatsiga golfikott<br \/>\nKomplektiga on kaasas kvaliteetne jalatsiga golfikott. Kotil on topelt\u00f5larihm, 6 taskut, 4\u2011sektsiooniline pealisosa integreeritud k\u00e4epidemega, t\u00e4ispikkuses eraldajad, isoleeritud joogitasku ning veluurvoodriga v\u00e4\u00e4rtuseseme tasku.<\/p>\n<div id='gallery-1' class='gallery galleryid-23030 gallery-columns-3 gallery-size-thumbnail'><figure class='gallery-item'>\n\t\t\t<div class='gallery-icon landscape'>\n\t\t\t\t<a href='https:\/\/otepaagolf.com\/fi\/?attachment_id=23019'><img decoding=\"async\" width=\"150\" height=\"150\" src=\"https:\/\/otepaagolf.com\/wp-content\/uploads\/2025\/12\/Womens_FinalEdit_NoFADING_1800x1800-768x768-1-150x150.jpeg\" class=\"attachment-thumbnail size-thumbnail\" alt=\"\" srcset=\"https:\/\/otepaagolf.com\/wp-content\/uploads\/2025\/12\/Womens_FinalEdit_NoFADING_1800x1800-768x768-1-150x150.jpeg 150w, https:\/\/otepaagolf.com\/wp-content\/uploads\/2025\/12\/Womens_FinalEdit_NoFADING_1800x1800-768x768-1-300x300.jpeg 300w, https:\/\/otepaagolf.com\/wp-content\/uploads\/2025\/12\/Womens_FinalEdit_NoFADING_1800x1800-768x768-1-600x600.jpeg 600w, https:\/\/otepaagolf.com\/wp-content\/uploads\/2025\/12\/Womens_FinalEdit_NoFADING_1800x1800-768x768-1.jpeg 768w\" sizes=\"(max-width: 150px) 100vw, 150px\" \/><\/a>\n\t\t\t<\/div><\/figure><figure class='gallery-item'>\n\t\t\t<div class='gallery-icon landscape'>\n\t\t\t\t<a href='https:\/\/otepaagolf.com\/fi\/?attachment_id=23028'><img decoding=\"async\" width=\"150\" height=\"150\" src=\"https:\/\/otepaagolf.com\/wp-content\/uploads\/2025\/12\/WomensFull_Set_03_1800x1800-768x768-1-150x150.jpeg\" class=\"attachment-thumbnail size-thumbnail\" alt=\"\" srcset=\"https:\/\/otepaagolf.com\/wp-content\/uploads\/2025\/12\/WomensFull_Set_03_1800x1800-768x768-1-150x150.jpeg 150w, https:\/\/otepaagolf.com\/wp-content\/uploads\/2025\/12\/WomensFull_Set_03_1800x1800-768x768-1-300x300.jpeg 300w, https:\/\/otepaagolf.com\/wp-content\/uploads\/2025\/12\/WomensFull_Set_03_1800x1800-768x768-1-600x600.jpeg 600w, https:\/\/otepaagolf.com\/wp-content\/uploads\/2025\/12\/WomensFull_Set_03_1800x1800-768x768-1.jpeg 768w\" sizes=\"(max-width: 150px) 100vw, 150px\" \/><\/a>\n\t\t\t<\/div><\/figure><figure class='gallery-item'>\n\t\t\t<div class='gallery-icon landscape'>\n\t\t\t\t<a href='https:\/\/otepaagolf.com\/fi\/?attachment_id=23025'><img decoding=\"async\" width=\"150\" height=\"150\" src=\"https:\/\/otepaagolf.com\/wp-content\/uploads\/2025\/12\/Womens_Iron-_04_401f367a-b378-4254-a360-2d59b6f349b2_1800x1800-768x768-1-150x150.jpeg\" class=\"attachment-thumbnail size-thumbnail\" alt=\"\" srcset=\"https:\/\/otepaagolf.com\/wp-content\/uploads\/2025\/12\/Womens_Iron-_04_401f367a-b378-4254-a360-2d59b6f349b2_1800x1800-768x768-1-150x150.jpeg 150w, https:\/\/otepaagolf.com\/wp-content\/uploads\/2025\/12\/Womens_Iron-_04_401f367a-b378-4254-a360-2d59b6f349b2_1800x1800-768x768-1-300x300.jpeg 300w, https:\/\/otepaagolf.com\/wp-content\/uploads\/2025\/12\/Womens_Iron-_04_401f367a-b378-4254-a360-2d59b6f349b2_1800x1800-768x768-1-600x600.jpeg 600w, https:\/\/otepaagolf.com\/wp-content\/uploads\/2025\/12\/Womens_Iron-_04_401f367a-b378-4254-a360-2d59b6f349b2_1800x1800-768x768-1.jpeg 768w\" sizes=\"(max-width: 150px) 100vw, 150px\" \/><\/a>\n\t\t\t<\/div><\/figure><figure class='gallery-item'>\n\t\t\t<div class='gallery-icon landscape'>\n\t\t\t\t<a href='https:\/\/otepaagolf.com\/fi\/?attachment_id=23010'><img loading=\"lazy\" decoding=\"async\" width=\"150\" height=\"150\" src=\"https:\/\/otepaagolf.com\/wp-content\/uploads\/2025\/12\/Womens_3W_01_eb17a6d4-b413-45be-b847-5155e0a6a7ca_1800x1800-768x768-1-150x150.jpeg\" class=\"attachment-thumbnail size-thumbnail\" alt=\"\" srcset=\"https:\/\/otepaagolf.com\/wp-content\/uploads\/2025\/12\/Womens_3W_01_eb17a6d4-b413-45be-b847-5155e0a6a7ca_1800x1800-768x768-1-150x150.jpeg 150w, https:\/\/otepaagolf.com\/wp-content\/uploads\/2025\/12\/Womens_3W_01_eb17a6d4-b413-45be-b847-5155e0a6a7ca_1800x1800-768x768-1-300x300.jpeg 300w, https:\/\/otepaagolf.com\/wp-content\/uploads\/2025\/12\/Womens_3W_01_eb17a6d4-b413-45be-b847-5155e0a6a7ca_1800x1800-768x768-1-600x600.jpeg 600w, https:\/\/otepaagolf.com\/wp-content\/uploads\/2025\/12\/Womens_3W_01_eb17a6d4-b413-45be-b847-5155e0a6a7ca_1800x1800-768x768-1.jpeg 768w\" sizes=\"(max-width: 150px) 100vw, 150px\" \/><\/a>\n\t\t\t<\/div><\/figure><figure class='gallery-item'>\n\t\t\t<div class='gallery-icon landscape'>\n\t\t\t\t<a href='https:\/\/otepaagolf.com\/fi\/?attachment_id=23022'><img loading=\"lazy\" decoding=\"async\" width=\"150\" height=\"150\" src=\"https:\/\/otepaagolf.com\/wp-content\/uploads\/2025\/12\/Womens_Hybrid4_2_0a9747c8-790c-4c50-bfba-8fec602de1f0_1800x1800-768x768-1-150x150.jpeg\" class=\"attachment-thumbnail size-thumbnail\" alt=\"\" srcset=\"https:\/\/otepaagolf.com\/wp-content\/uploads\/2025\/12\/Womens_Hybrid4_2_0a9747c8-790c-4c50-bfba-8fec602de1f0_1800x1800-768x768-1-150x150.jpeg 150w, https:\/\/otepaagolf.com\/wp-content\/uploads\/2025\/12\/Womens_Hybrid4_2_0a9747c8-790c-4c50-bfba-8fec602de1f0_1800x1800-768x768-1-300x300.jpeg 300w, https:\/\/otepaagolf.com\/wp-content\/uploads\/2025\/12\/Womens_Hybrid4_2_0a9747c8-790c-4c50-bfba-8fec602de1f0_1800x1800-768x768-1-600x600.jpeg 600w, https:\/\/otepaagolf.com\/wp-content\/uploads\/2025\/12\/Womens_Hybrid4_2_0a9747c8-790c-4c50-bfba-8fec602de1f0_1800x1800-768x768-1.jpeg 768w\" sizes=\"(max-width: 150px) 100vw, 150px\" \/><\/a>\n\t\t\t<\/div><\/figure><figure class='gallery-item'>\n\t\t\t<div class='gallery-icon landscape'>\n\t\t\t\t<a href='https:\/\/otepaagolf.com\/fi\/?attachment_id=23016'><img loading=\"lazy\" decoding=\"async\" width=\"150\" height=\"150\" src=\"https:\/\/otepaagolf.com\/wp-content\/uploads\/2025\/12\/Womens_Driver_01_7ab3d6f7-f0ad-4b74-a306-e3272a60d6f7_1800x1800-768x768-1-150x150.jpeg\" class=\"attachment-thumbnail size-thumbnail\" alt=\"\" srcset=\"https:\/\/otepaagolf.com\/wp-content\/uploads\/2025\/12\/Womens_Driver_01_7ab3d6f7-f0ad-4b74-a306-e3272a60d6f7_1800x1800-768x768-1-150x150.jpeg 150w, https:\/\/otepaagolf.com\/wp-content\/uploads\/2025\/12\/Womens_Driver_01_7ab3d6f7-f0ad-4b74-a306-e3272a60d6f7_1800x1800-768x768-1-300x300.jpeg 300w, https:\/\/otepaagolf.com\/wp-content\/uploads\/2025\/12\/Womens_Driver_01_7ab3d6f7-f0ad-4b74-a306-e3272a60d6f7_1800x1800-768x768-1-600x600.jpeg 600w, https:\/\/otepaagolf.com\/wp-content\/uploads\/2025\/12\/Womens_Driver_01_7ab3d6f7-f0ad-4b74-a306-e3272a60d6f7_1800x1800-768x768-1.jpeg 768w\" sizes=\"(max-width: 150px) 100vw, 150px\" \/><\/a>\n\t\t\t<\/div><\/figure><figure class='gallery-item'>\n\t\t\t<div class='gallery-icon landscape'>\n\t\t\t\t<a href='https:\/\/otepaagolf.com\/fi\/?attachment_id=23013'><img loading=\"lazy\" decoding=\"async\" width=\"150\" height=\"150\" src=\"https:\/\/otepaagolf.com\/wp-content\/uploads\/2025\/12\/Womens_56Wedge_01_b1532858-a4a3-43b2-9161-2ce3ead38f31_1800x1800-768x768-1-150x150.jpeg\" class=\"attachment-thumbnail size-thumbnail\" alt=\"\" srcset=\"https:\/\/otepaagolf.com\/wp-content\/uploads\/2025\/12\/Womens_56Wedge_01_b1532858-a4a3-43b2-9161-2ce3ead38f31_1800x1800-768x768-1-150x150.jpeg 150w, https:\/\/otepaagolf.com\/wp-content\/uploads\/2025\/12\/Womens_56Wedge_01_b1532858-a4a3-43b2-9161-2ce3ead38f31_1800x1800-768x768-1-300x300.jpeg 300w, https:\/\/otepaagolf.com\/wp-content\/uploads\/2025\/12\/Womens_56Wedge_01_b1532858-a4a3-43b2-9161-2ce3ead38f31_1800x1800-768x768-1-600x600.jpeg 600w, https:\/\/otepaagolf.com\/wp-content\/uploads\/2025\/12\/Womens_56Wedge_01_b1532858-a4a3-43b2-9161-2ce3ead38f31_1800x1800-768x768-1.jpeg 768w\" sizes=\"(max-width: 150px) 100vw, 150px\" \/><\/a>\n\t\t\t<\/div><\/figure><figure class='gallery-item'>\n\t\t\t<div class='gallery-icon landscape'>\n\t\t\t\t<a href='https:\/\/otepaagolf.com\/fi\/?attachment_id=23007'><img loading=\"lazy\" decoding=\"async\" width=\"150\" height=\"150\" src=\"https:\/\/otepaagolf.com\/wp-content\/uploads\/2025\/12\/Mens_Blade_02_3a70ae9e-b0b1-46e3-8a95-0beb52007161_1800x1800-768x768-1-150x150.jpeg\" class=\"attachment-thumbnail size-thumbnail\" alt=\"\" srcset=\"https:\/\/otepaagolf.com\/wp-content\/uploads\/2025\/12\/Mens_Blade_02_3a70ae9e-b0b1-46e3-8a95-0beb52007161_1800x1800-768x768-1-150x150.jpeg 150w, https:\/\/otepaagolf.com\/wp-content\/uploads\/2025\/12\/Mens_Blade_02_3a70ae9e-b0b1-46e3-8a95-0beb52007161_1800x1800-768x768-1-300x300.jpeg 300w, https:\/\/otepaagolf.com\/wp-content\/uploads\/2025\/12\/Mens_Blade_02_3a70ae9e-b0b1-46e3-8a95-0beb52007161_1800x1800-768x768-1-600x600.jpeg 600w, https:\/\/otepaagolf.com\/wp-content\/uploads\/2025\/12\/Mens_Blade_02_3a70ae9e-b0b1-46e3-8a95-0beb52007161_1800x1800-768x768-1.jpeg 768w\" sizes=\"(max-width: 150px) 100vw, 150px\" \/><\/a>\n\t\t\t<\/div><\/figure>\n\t\t<\/div>\n\n<div id='gallery-2' class='gallery galleryid-23030 gallery-columns-3 gallery-size-thumbnail'><figure class='gallery-item'>\n\t\t\t<div class='gallery-icon portrait'>\n\t\t\t\t<a href='https:\/\/otepaagolf.com\/fi\/?attachment_id=23004'><img loading=\"lazy\" decoding=\"async\" width=\"150\" height=\"150\" src=\"https:\/\/otepaagolf.com\/wp-content\/uploads\/2025\/12\/WomensIrons_Lifestyle01-150x150.webp\" class=\"attachment-thumbnail size-thumbnail\" alt=\"\" srcset=\"https:\/\/otepaagolf.com\/wp-content\/uploads\/2025\/12\/WomensIrons_Lifestyle01-150x150.webp 150w, https:\/\/otepaagolf.com\/wp-content\/uploads\/2025\/12\/WomensIrons_Lifestyle01-300x300.webp 300w\" sizes=\"(max-width: 150px) 100vw, 150px\" \/><\/a>\n\t\t\t<\/div><\/figure>\n\t\t<\/div>\n\n","protected":false},"excerpt":{"rendered":"<p>K\u00f5ik, mida uus v\u00f5i alustav golfim\u00e4ngija vajab! K\u00e4ttetoimetus ainult Eesti piires. Head\u00ae reketitehnoloogiast inspireeritud t\u00e4iskomplekt on erakordselt stabiilne, lihtne tabada ja v\u00e4ga andestav. Komplekt sisaldab kvaliteetset jalatsiga golfikotti, 3 kaitsekatet, titaanist cup face driver\u2019it, roostevabast terasest cup face fairway\u2019d ja hybridi, 5 roostevabast terasest game improvement rauda, liivawedge\u2019i ning klassikalist, tasakaalus putterit. Driver (12.0\u00b0) T\u00f5eliselt [&hellip;]<\/p>\n","protected":false},"featured_media":23017,"template":"","meta":{"_acf_changed":false,"_improvement_type_select":"improve_an_existing","_thumb_yes_seoaic":false,"_frame_yes_seoaic":false,"seoaic_generate_description":"","seoaic_improve_instructions_prompt":"","seoaic_rollback_content_improvement":"","seoaic_idea_thumbnail_generator":"","thumbnail_generated":false,"thumbnail_generate_prompt":"","seoaic_article_description":""},"product_brand":[107],"product_cat":[38,100,68,35,86,72,60],"product_tag":[],"class_list":{"0":"post-23030","1":"product","2":"type-product","3":"status-publish","4":"has-post-thumbnail","6":"product_brand-head","7":"product_cat-golfivarustus","8":"product_cat-esto-deal","9":"product_cat-kampaaniad","10":"product_cat-alustajale","11":"product_cat-pro-shop","12":"product_cat-alustaja_tase_1","13":"product_cat-alustaja_2","15":"first","16":"instock","17":"sale","18":"taxable","19":"shipping-taxable","20":"purchasable","21":"product-type-simple"},"acf":[],"gallery_images":[],"yoast_head":"<!-- This site is optimized with the Yoast SEO plugin v26.8 - https:\/\/yoast.com\/product\/yoast-seo-wordpress\/ -->\n<title>HEAD Full Premium Golf Set (Women Left Hand) - Otep\u00e4\u00e4 Golf &amp; Country Club<\/title>\n<meta name=\"robots\" content=\"index, follow, max-snippet:-1, max-image-preview:large, max-video-preview:-1\" \/>\n<link rel=\"canonical\" href=\"https:\/\/otepaagolf.com\/fi\/product\/head-full-premium-golf-set-women-left-hand\/\" \/>\n<meta property=\"og:locale\" content=\"fi_FI\" \/>\n<meta property=\"og:type\" content=\"article\" \/>\n<meta property=\"og:title\" content=\"HEAD Full Premium Golf Set (Women Left Hand) - Otep\u00e4\u00e4 Golf &amp; Country Club\" \/>\n<meta property=\"og:description\" content=\"K\u00f5ik, mida uus v\u00f5i alustav golfim\u00e4ngija vajab! K\u00e4ttetoimetus ainult Eesti piires. Head\u00ae reketitehnoloogiast inspireeritud t\u00e4iskomplekt on erakordselt stabiilne, lihtne tabada ja v\u00e4ga andestav. Komplekt sisaldab kvaliteetset jalatsiga golfikotti, 3 kaitsekatet, titaanist cup face driver\u2019it, roostevabast terasest cup face fairway\u2019d ja hybridi, 5 roostevabast terasest game improvement rauda, liivawedge\u2019i ning klassikalist, tasakaalus putterit. Driver (12.0\u00b0) T\u00f5eliselt [&hellip;]\" \/>\n<meta property=\"og:url\" content=\"https:\/\/otepaagolf.com\/fi\/product\/head-full-premium-golf-set-women-left-hand\/\" \/>\n<meta property=\"og:site_name\" content=\"Otep\u00e4\u00e4 Golf &amp; Country Club\" \/>\n<meta property=\"article:modified_time\" content=\"2025-12-18T17:04:01+00:00\" \/>\n<meta property=\"og:image\" content=\"https:\/\/otepaagolf.com\/wp-content\/uploads\/2025\/12\/Womens_FinalEdit_NoFADING_1800x1800-768x768-1.jpeg\" \/>\n\t<meta property=\"og:image:width\" content=\"768\" \/>\n\t<meta property=\"og:image:height\" content=\"768\" \/>\n\t<meta property=\"og:image:type\" content=\"image\/jpeg\" \/>\n<meta name=\"twitter:card\" content=\"summary_large_image\" \/>\n<meta name=\"twitter:label1\" content=\"Arvioitu lukuaika\" \/>\n\t<meta name=\"twitter:data1\" content=\"2 minuuttia\" \/>\n<script type=\"application\/ld+json\" class=\"yoast-schema-graph\">{\"@context\":\"https:\/\/schema.org\",\"@graph\":[{\"@type\":\"WebPage\",\"@id\":\"https:\/\/otepaagolf.com\/fi\/product\/head-full-premium-golf-set-women-left-hand\/\",\"url\":\"https:\/\/otepaagolf.com\/fi\/product\/head-full-premium-golf-set-women-left-hand\/\",\"name\":\"HEAD Full Premium Golf Set (Women Left Hand) - Otep\u00e4\u00e4 Golf &amp; Country Club\",\"isPartOf\":{\"@id\":\"https:\/\/otepaagolf.com\/fi\/#website\"},\"primaryImageOfPage\":{\"@id\":\"https:\/\/otepaagolf.com\/fi\/product\/head-full-premium-golf-set-women-left-hand\/#primaryimage\"},\"image\":{\"@id\":\"https:\/\/otepaagolf.com\/fi\/product\/head-full-premium-golf-set-women-left-hand\/#primaryimage\"},\"thumbnailUrl\":\"https:\/\/otepaagolf.com\/wp-content\/uploads\/2025\/12\/Womens_FinalEdit_NoFADING_1800x1800-768x768-1.jpeg\",\"datePublished\":\"2025-12-18T16:16:48+00:00\",\"dateModified\":\"2025-12-18T17:04:01+00:00\",\"breadcrumb\":{\"@id\":\"https:\/\/otepaagolf.com\/fi\/product\/head-full-premium-golf-set-women-left-hand\/#breadcrumb\"},\"inLanguage\":\"fi\",\"potentialAction\":[{\"@type\":\"ReadAction\",\"target\":[\"https:\/\/otepaagolf.com\/fi\/product\/head-full-premium-golf-set-women-left-hand\/\"]}]},{\"@type\":\"ImageObject\",\"inLanguage\":\"fi\",\"@id\":\"https:\/\/otepaagolf.com\/fi\/product\/head-full-premium-golf-set-women-left-hand\/#primaryimage\",\"url\":\"https:\/\/otepaagolf.com\/wp-content\/uploads\/2025\/12\/Womens_FinalEdit_NoFADING_1800x1800-768x768-1.jpeg\",\"contentUrl\":\"https:\/\/otepaagolf.com\/wp-content\/uploads\/2025\/12\/Womens_FinalEdit_NoFADING_1800x1800-768x768-1.jpeg\",\"width\":768,\"height\":768},{\"@type\":\"BreadcrumbList\",\"@id\":\"https:\/\/otepaagolf.com\/fi\/product\/head-full-premium-golf-set-women-left-hand\/#breadcrumb\",\"itemListElement\":[{\"@type\":\"ListItem\",\"position\":1,\"name\":\"Home\",\"item\":\"https:\/\/otepaagolf.com\/fi\/\"},{\"@type\":\"ListItem\",\"position\":2,\"name\":\"E-POOD\",\"item\":\"https:\/\/otepaagolf.com\/pood\/\"},{\"@type\":\"ListItem\",\"position\":3,\"name\":\"HEAD Full Premium Golf Set (Women Left Hand)\"}]},{\"@type\":\"WebSite\",\"@id\":\"https:\/\/otepaagolf.com\/fi\/#website\",\"url\":\"https:\/\/otepaagolf.com\/fi\/\",\"name\":\"Otep\u00e4\u00e4 Golf &amp; Country Club\",\"description\":\"T\u00e4ism\u00f5\u00f5tmeline golfiv\u00e4ljak 18-holes PAR73\",\"publisher\":{\"@id\":\"https:\/\/otepaagolf.com\/fi\/#organization\"},\"potentialAction\":[{\"@type\":\"SearchAction\",\"target\":{\"@type\":\"EntryPoint\",\"urlTemplate\":\"https:\/\/otepaagolf.com\/fi\/?s={search_term_string}\"},\"query-input\":{\"@type\":\"PropertyValueSpecification\",\"valueRequired\":true,\"valueName\":\"search_term_string\"}}],\"inLanguage\":\"fi\"},{\"@type\":\"Organization\",\"@id\":\"https:\/\/otepaagolf.com\/fi\/#organization\",\"name\":\"Otep\u00e4\u00e4 Golf &amp; Country Club\",\"url\":\"https:\/\/otepaagolf.com\/fi\/\",\"logo\":{\"@type\":\"ImageObject\",\"inLanguage\":\"fi\",\"@id\":\"https:\/\/otepaagolf.com\/fi\/#\/schema\/logo\/image\/\",\"url\":\"https:\/\/otepaagolf.com\/wp-content\/uploads\/2021\/10\/OGCC_web_pais.png\",\"contentUrl\":\"https:\/\/otepaagolf.com\/wp-content\/uploads\/2021\/10\/OGCC_web_pais.png\",\"width\":1368,\"height\":541,\"caption\":\"Otep\u00e4\u00e4 Golf &amp; Country Club\"},\"image\":{\"@id\":\"https:\/\/otepaagolf.com\/fi\/#\/schema\/logo\/image\/\"}}]}<\/script>\n<!-- \/ Yoast SEO plugin. -->","yoast_head_json":{"title":"HEAD Full Premium Golf Set (Women Left Hand) - Otep\u00e4\u00e4 Golf &amp; Country Club","robots":{"index":"index","follow":"follow","max-snippet":"max-snippet:-1","max-image-preview":"max-image-preview:large","max-video-preview":"max-video-preview:-1"},"canonical":"https:\/\/otepaagolf.com\/fi\/product\/head-full-premium-golf-set-women-left-hand\/","og_locale":"fi_FI","og_type":"article","og_title":"HEAD Full Premium Golf Set (Women Left Hand) - Otep\u00e4\u00e4 Golf &amp; Country Club","og_description":"K\u00f5ik, mida uus v\u00f5i alustav golfim\u00e4ngija vajab! K\u00e4ttetoimetus ainult Eesti piires. Head\u00ae reketitehnoloogiast inspireeritud t\u00e4iskomplekt on erakordselt stabiilne, lihtne tabada ja v\u00e4ga andestav. Komplekt sisaldab kvaliteetset jalatsiga golfikotti, 3 kaitsekatet, titaanist cup face driver\u2019it, roostevabast terasest cup face fairway\u2019d ja hybridi, 5 roostevabast terasest game improvement rauda, liivawedge\u2019i ning klassikalist, tasakaalus putterit. Driver (12.0\u00b0) T\u00f5eliselt [&hellip;]","og_url":"https:\/\/otepaagolf.com\/fi\/product\/head-full-premium-golf-set-women-left-hand\/","og_site_name":"Otep\u00e4\u00e4 Golf &amp; Country Club","article_modified_time":"2025-12-18T17:04:01+00:00","og_image":[{"width":768,"height":768,"url":"https:\/\/otepaagolf.com\/wp-content\/uploads\/2025\/12\/Womens_FinalEdit_NoFADING_1800x1800-768x768-1.jpeg","type":"image\/jpeg"}],"twitter_card":"summary_large_image","twitter_misc":{"Arvioitu lukuaika":"2 minuuttia"},"schema":{"@context":"https:\/\/schema.org","@graph":[{"@type":"WebPage","@id":"https:\/\/otepaagolf.com\/fi\/product\/head-full-premium-golf-set-women-left-hand\/","url":"https:\/\/otepaagolf.com\/fi\/product\/head-full-premium-golf-set-women-left-hand\/","name":"HEAD Full Premium Golf Set (Women Left Hand) - Otep\u00e4\u00e4 Golf &amp; Country Club","isPartOf":{"@id":"https:\/\/otepaagolf.com\/fi\/#website"},"primaryImageOfPage":{"@id":"https:\/\/otepaagolf.com\/fi\/product\/head-full-premium-golf-set-women-left-hand\/#primaryimage"},"image":{"@id":"https:\/\/otepaagolf.com\/fi\/product\/head-full-premium-golf-set-women-left-hand\/#primaryimage"},"thumbnailUrl":"https:\/\/otepaagolf.com\/wp-content\/uploads\/2025\/12\/Womens_FinalEdit_NoFADING_1800x1800-768x768-1.jpeg","datePublished":"2025-12-18T16:16:48+00:00","dateModified":"2025-12-18T17:04:01+00:00","breadcrumb":{"@id":"https:\/\/otepaagolf.com\/fi\/product\/head-full-premium-golf-set-women-left-hand\/#breadcrumb"},"inLanguage":"fi","potentialAction":[{"@type":"ReadAction","target":["https:\/\/otepaagolf.com\/fi\/product\/head-full-premium-golf-set-women-left-hand\/"]}]},{"@type":"ImageObject","inLanguage":"fi","@id":"https:\/\/otepaagolf.com\/fi\/product\/head-full-premium-golf-set-women-left-hand\/#primaryimage","url":"https:\/\/otepaagolf.com\/wp-content\/uploads\/2025\/12\/Womens_FinalEdit_NoFADING_1800x1800-768x768-1.jpeg","contentUrl":"https:\/\/otepaagolf.com\/wp-content\/uploads\/2025\/12\/Womens_FinalEdit_NoFADING_1800x1800-768x768-1.jpeg","width":768,"height":768},{"@type":"BreadcrumbList","@id":"https:\/\/otepaagolf.com\/fi\/product\/head-full-premium-golf-set-women-left-hand\/#breadcrumb","itemListElement":[{"@type":"ListItem","position":1,"name":"Home","item":"https:\/\/otepaagolf.com\/fi\/"},{"@type":"ListItem","position":2,"name":"E-POOD","item":"https:\/\/otepaagolf.com\/pood\/"},{"@type":"ListItem","position":3,"name":"HEAD Full Premium Golf Set (Women Left Hand)"}]},{"@type":"WebSite","@id":"https:\/\/otepaagolf.com\/fi\/#website","url":"https:\/\/otepaagolf.com\/fi\/","name":"Otep\u00e4\u00e4 Golf &amp; Country Club","description":"T\u00e4ism\u00f5\u00f5tmeline golfiv\u00e4ljak 18-holes PAR73","publisher":{"@id":"https:\/\/otepaagolf.com\/fi\/#organization"},"potentialAction":[{"@type":"SearchAction","target":{"@type":"EntryPoint","urlTemplate":"https:\/\/otepaagolf.com\/fi\/?s={search_term_string}"},"query-input":{"@type":"PropertyValueSpecification","valueRequired":true,"valueName":"search_term_string"}}],"inLanguage":"fi"},{"@type":"Organization","@id":"https:\/\/otepaagolf.com\/fi\/#organization","name":"Otep\u00e4\u00e4 Golf &amp; Country Club","url":"https:\/\/otepaagolf.com\/fi\/","logo":{"@type":"ImageObject","inLanguage":"fi","@id":"https:\/\/otepaagolf.com\/fi\/#\/schema\/logo\/image\/","url":"https:\/\/otepaagolf.com\/wp-content\/uploads\/2021\/10\/OGCC_web_pais.png","contentUrl":"https:\/\/otepaagolf.com\/wp-content\/uploads\/2021\/10\/OGCC_web_pais.png","width":1368,"height":541,"caption":"Otep\u00e4\u00e4 Golf &amp; Country Club"},"image":{"@id":"https:\/\/otepaagolf.com\/fi\/#\/schema\/logo\/image\/"}}]}},"publishpress_future_workflow_manual_trigger":{"enabledWorkflows":[]},"_links":{"self":[{"href":"https:\/\/otepaagolf.com\/fi\/wp-json\/wp\/v2\/product\/23030","targetHints":{"allow":["GET"]}}],"collection":[{"href":"https:\/\/otepaagolf.com\/fi\/wp-json\/wp\/v2\/product"}],"about":[{"href":"https:\/\/otepaagolf.com\/fi\/wp-json\/wp\/v2\/types\/product"}],"version-history":[{"count":3,"href":"https:\/\/otepaagolf.com\/fi\/wp-json\/wp\/v2\/product\/23030\/revisions"}],"predecessor-version":[{"id":23055,"href":"https:\/\/otepaagolf.com\/fi\/wp-json\/wp\/v2\/product\/23030\/revisions\/23055"}],"wp:featuredmedia":[{"embeddable":true,"href":"https:\/\/otepaagolf.com\/fi\/wp-json\/wp\/v2\/media\/23017"}],"wp:attachment":[{"href":"https:\/\/otepaagolf.com\/fi\/wp-json\/wp\/v2\/media?parent=23030"}],"wp:term":[{"taxonomy":"product_brand","embeddable":true,"href":"https:\/\/otepaagolf.com\/fi\/wp-json\/wp\/v2\/product_brand?post=23030"},{"taxonomy":"product_cat","embeddable":true,"href":"https:\/\/otepaagolf.com\/fi\/wp-json\/wp\/v2\/product_cat?post=23030"},{"taxonomy":"product_tag","embeddable":true,"href":"https:\/\/otepaagolf.com\/fi\/wp-json\/wp\/v2\/product_tag?post=23030"}],"curies":[{"name":"wp","href":"https:\/\/api.w.org\/{rel}","templated":true}]}}