{"id":23121,"date":"2025-12-22T10:23:13","date_gmt":"2025-12-22T08:23:13","guid":{"rendered":"https:\/\/otepaagolf.com\/?post_type=product&#038;p=23121"},"modified":"2025-12-22T10:26:09","modified_gmt":"2025-12-22T08:26:09","slug":"green-card-koolitus-slim-pakett","status":"publish","type":"product","link":"https:\/\/otepaagolf.com\/fi\/product\/green-card-koolitus-slim-pakett\/","title":{"rendered":"GREEN CARD KOOLITUS Slim pakett"},"content":{"rendered":"<p>GREEN CARD SLIM t\u00e4iskasvanule<\/p>\n<h5 data-elementor-setting-key=\"title\" data-pen-placeholder=\"Type Here...\">2 p\u00e4eva alg\u00f5pe<br \/>\n2 x 9-raja piletit golfirajale<\/h5>\n<p>Sisaldab:<br \/>\n<b>_<\/b> Green Cardi alg\u00f5pe, 2 p\u00e4eva<br \/>\n<b>_<\/b> varustuse ja harjutuspallide kasutamine kursuse jooksul<\/p>\n<p>NB! Toode sobib ainult sellisele alustajale, kes alustab golfim\u00e4ngu koos oma isikliku Otep\u00e4\u00e4 golfiv\u00e4ljakul registreeritud mentoriga.<\/p>\n<p><b>Paketi kasutamiseks on vajalik eelbroneering Green Card koolitusele golfikeskuse administraatori juures. Paketi teiste teenuste ette broneerimine peale koolituse l\u00e4bimist on samuti vajalik.<\/b><\/p>\n<p><strong>KONTAKT<\/strong> info@otepaagolf.com, 56200115.<\/p>\n","protected":false},"excerpt":{"rendered":"<p>GREEN CARD SLIM t\u00e4iskasvanule 2 p\u00e4eva alg\u00f5pe 2 x 9-raja piletit golfirajale Sisaldab: _ Green Cardi alg\u00f5pe, 2 p\u00e4eva _ varustuse ja harjutuspallide kasutamine kursuse jooksul NB! Toode sobib ainult sellisele alustajale, kes alustab golfim\u00e4ngu koos oma isikliku Otep\u00e4\u00e4 golfiv\u00e4ljakul registreeritud mentoriga. Paketi kasutamiseks on vajalik eelbroneering Green Card koolitusele golfikeskuse administraatori juures. Paketi teiste [&hellip;]<\/p>\n","protected":false},"featured_media":22314,"template":"","meta":{"_acf_changed":false,"_improvement_type_select":"improve_an_existing","_thumb_yes_seoaic":false,"_frame_yes_seoaic":false,"seoaic_generate_description":"","seoaic_improve_instructions_prompt":"","seoaic_rollback_content_improvement":"","seoaic_idea_thumbnail_generator":"","thumbnail_generated":false,"thumbnail_generate_prompt":"","seoaic_article_description":""},"product_brand":[],"product_cat":[30,35,72],"product_tag":[],"class_list":{"0":"post-23121","1":"product","2":"type-product","3":"status-publish","4":"has-post-thumbnail","6":"product_cat-pakkumised","7":"product_cat-alustajale","8":"product_cat-alustaja_tase_1","10":"first","11":"instock","12":"sale","13":"taxable","14":"shipping-taxable","15":"purchasable","16":"product-type-simple"},"acf":[],"gallery_images":[],"yoast_head":"<!-- This site is optimized with the Yoast SEO plugin v26.8 - https:\/\/yoast.com\/product\/yoast-seo-wordpress\/ -->\n<title>GREEN CARD KOOLITUS Slim pakett - Otep\u00e4\u00e4 Golf &amp; Country Club<\/title>\n<meta name=\"robots\" content=\"index, follow, max-snippet:-1, max-image-preview:large, max-video-preview:-1\" \/>\n<link rel=\"canonical\" href=\"https:\/\/otepaagolf.com\/fi\/product\/green-card-koolitus-slim-pakett\/\" \/>\n<meta property=\"og:locale\" content=\"fi_FI\" \/>\n<meta property=\"og:type\" content=\"article\" \/>\n<meta property=\"og:title\" content=\"GREEN CARD KOOLITUS Slim pakett - Otep\u00e4\u00e4 Golf &amp; Country Club\" \/>\n<meta property=\"og:description\" content=\"GREEN CARD SLIM t\u00e4iskasvanule 2 p\u00e4eva alg\u00f5pe 2 x 9-raja piletit golfirajale Sisaldab: _ Green Cardi alg\u00f5pe, 2 p\u00e4eva _ varustuse ja harjutuspallide kasutamine kursuse jooksul NB! Toode sobib ainult sellisele alustajale, kes alustab golfim\u00e4ngu koos oma isikliku Otep\u00e4\u00e4 golfiv\u00e4ljakul registreeritud mentoriga. Paketi kasutamiseks on vajalik eelbroneering Green Card koolitusele golfikeskuse administraatori juures. Paketi teiste [&hellip;]\" \/>\n<meta property=\"og:url\" content=\"https:\/\/otepaagolf.com\/fi\/product\/green-card-koolitus-slim-pakett\/\" \/>\n<meta property=\"og:site_name\" content=\"Otep\u00e4\u00e4 Golf &amp; Country Club\" \/>\n<meta property=\"article:modified_time\" content=\"2025-12-22T08:26:09+00:00\" \/>\n<meta property=\"og:image\" content=\"https:\/\/otepaagolf.com\/wp-content\/uploads\/2025\/09\/Faili-jomara-2024-025.jpg-koopia-scaled.jpg\" \/>\n\t<meta property=\"og:image:width\" content=\"1707\" \/>\n\t<meta property=\"og:image:height\" content=\"2560\" \/>\n\t<meta property=\"og:image:type\" content=\"image\/jpeg\" \/>\n<meta name=\"twitter:card\" content=\"summary_large_image\" \/>\n<meta name=\"twitter:label1\" content=\"Arvioitu lukuaika\" \/>\n\t<meta name=\"twitter:data1\" content=\"1 minuutti\" \/>\n<script type=\"application\/ld+json\" class=\"yoast-schema-graph\">{\"@context\":\"https:\/\/schema.org\",\"@graph\":[{\"@type\":\"WebPage\",\"@id\":\"https:\/\/otepaagolf.com\/fi\/product\/green-card-koolitus-slim-pakett\/\",\"url\":\"https:\/\/otepaagolf.com\/fi\/product\/green-card-koolitus-slim-pakett\/\",\"name\":\"GREEN CARD KOOLITUS Slim pakett - Otep\u00e4\u00e4 Golf &amp; Country Club\",\"isPartOf\":{\"@id\":\"https:\/\/otepaagolf.com\/fi\/#website\"},\"primaryImageOfPage\":{\"@id\":\"https:\/\/otepaagolf.com\/fi\/product\/green-card-koolitus-slim-pakett\/#primaryimage\"},\"image\":{\"@id\":\"https:\/\/otepaagolf.com\/fi\/product\/green-card-koolitus-slim-pakett\/#primaryimage\"},\"thumbnailUrl\":\"https:\/\/otepaagolf.com\/wp-content\/uploads\/2025\/09\/Faili-jomara-2024-025.jpg-koopia-scaled.jpg\",\"datePublished\":\"2025-12-22T08:23:13+00:00\",\"dateModified\":\"2025-12-22T08:26:09+00:00\",\"breadcrumb\":{\"@id\":\"https:\/\/otepaagolf.com\/fi\/product\/green-card-koolitus-slim-pakett\/#breadcrumb\"},\"inLanguage\":\"fi\",\"potentialAction\":[{\"@type\":\"ReadAction\",\"target\":[\"https:\/\/otepaagolf.com\/fi\/product\/green-card-koolitus-slim-pakett\/\"]}]},{\"@type\":\"ImageObject\",\"inLanguage\":\"fi\",\"@id\":\"https:\/\/otepaagolf.com\/fi\/product\/green-card-koolitus-slim-pakett\/#primaryimage\",\"url\":\"https:\/\/otepaagolf.com\/wp-content\/uploads\/2025\/09\/Faili-jomara-2024-025.jpg-koopia-scaled.jpg\",\"contentUrl\":\"https:\/\/otepaagolf.com\/wp-content\/uploads\/2025\/09\/Faili-jomara-2024-025.jpg-koopia-scaled.jpg\",\"width\":1707,\"height\":2560},{\"@type\":\"BreadcrumbList\",\"@id\":\"https:\/\/otepaagolf.com\/fi\/product\/green-card-koolitus-slim-pakett\/#breadcrumb\",\"itemListElement\":[{\"@type\":\"ListItem\",\"position\":1,\"name\":\"Home\",\"item\":\"https:\/\/otepaagolf.com\/fi\/\"},{\"@type\":\"ListItem\",\"position\":2,\"name\":\"E-POOD\",\"item\":\"https:\/\/otepaagolf.com\/pood\/\"},{\"@type\":\"ListItem\",\"position\":3,\"name\":\"GREEN CARD KOOLITUS Slim pakett\"}]},{\"@type\":\"WebSite\",\"@id\":\"https:\/\/otepaagolf.com\/fi\/#website\",\"url\":\"https:\/\/otepaagolf.com\/fi\/\",\"name\":\"Otep\u00e4\u00e4 Golf &amp; Country Club\",\"description\":\"T\u00e4ism\u00f5\u00f5tmeline golfiv\u00e4ljak 18-holes PAR73\",\"publisher\":{\"@id\":\"https:\/\/otepaagolf.com\/fi\/#organization\"},\"potentialAction\":[{\"@type\":\"SearchAction\",\"target\":{\"@type\":\"EntryPoint\",\"urlTemplate\":\"https:\/\/otepaagolf.com\/fi\/?s={search_term_string}\"},\"query-input\":{\"@type\":\"PropertyValueSpecification\",\"valueRequired\":true,\"valueName\":\"search_term_string\"}}],\"inLanguage\":\"fi\"},{\"@type\":\"Organization\",\"@id\":\"https:\/\/otepaagolf.com\/fi\/#organization\",\"name\":\"Otep\u00e4\u00e4 Golf &amp; Country Club\",\"url\":\"https:\/\/otepaagolf.com\/fi\/\",\"logo\":{\"@type\":\"ImageObject\",\"inLanguage\":\"fi\",\"@id\":\"https:\/\/otepaagolf.com\/fi\/#\/schema\/logo\/image\/\",\"url\":\"https:\/\/otepaagolf.com\/wp-content\/uploads\/2021\/10\/OGCC_web_pais.png\",\"contentUrl\":\"https:\/\/otepaagolf.com\/wp-content\/uploads\/2021\/10\/OGCC_web_pais.png\",\"width\":1368,\"height\":541,\"caption\":\"Otep\u00e4\u00e4 Golf &amp; Country Club\"},\"image\":{\"@id\":\"https:\/\/otepaagolf.com\/fi\/#\/schema\/logo\/image\/\"}}]}<\/script>\n<!-- \/ Yoast SEO plugin. -->","yoast_head_json":{"title":"GREEN CARD KOOLITUS Slim pakett - Otep\u00e4\u00e4 Golf &amp; Country Club","robots":{"index":"index","follow":"follow","max-snippet":"max-snippet:-1","max-image-preview":"max-image-preview:large","max-video-preview":"max-video-preview:-1"},"canonical":"https:\/\/otepaagolf.com\/fi\/product\/green-card-koolitus-slim-pakett\/","og_locale":"fi_FI","og_type":"article","og_title":"GREEN CARD KOOLITUS Slim pakett - Otep\u00e4\u00e4 Golf &amp; Country Club","og_description":"GREEN CARD SLIM t\u00e4iskasvanule 2 p\u00e4eva alg\u00f5pe 2 x 9-raja piletit golfirajale Sisaldab: _ Green Cardi alg\u00f5pe, 2 p\u00e4eva _ varustuse ja harjutuspallide kasutamine kursuse jooksul NB! Toode sobib ainult sellisele alustajale, kes alustab golfim\u00e4ngu koos oma isikliku Otep\u00e4\u00e4 golfiv\u00e4ljakul registreeritud mentoriga. Paketi kasutamiseks on vajalik eelbroneering Green Card koolitusele golfikeskuse administraatori juures. Paketi teiste [&hellip;]","og_url":"https:\/\/otepaagolf.com\/fi\/product\/green-card-koolitus-slim-pakett\/","og_site_name":"Otep\u00e4\u00e4 Golf &amp; Country Club","article_modified_time":"2025-12-22T08:26:09+00:00","og_image":[{"width":1707,"height":2560,"url":"https:\/\/otepaagolf.com\/wp-content\/uploads\/2025\/09\/Faili-jomara-2024-025.jpg-koopia-scaled.jpg","type":"image\/jpeg"}],"twitter_card":"summary_large_image","twitter_misc":{"Arvioitu lukuaika":"1 minuutti"},"schema":{"@context":"https:\/\/schema.org","@graph":[{"@type":"WebPage","@id":"https:\/\/otepaagolf.com\/fi\/product\/green-card-koolitus-slim-pakett\/","url":"https:\/\/otepaagolf.com\/fi\/product\/green-card-koolitus-slim-pakett\/","name":"GREEN CARD KOOLITUS Slim pakett - Otep\u00e4\u00e4 Golf &amp; Country Club","isPartOf":{"@id":"https:\/\/otepaagolf.com\/fi\/#website"},"primaryImageOfPage":{"@id":"https:\/\/otepaagolf.com\/fi\/product\/green-card-koolitus-slim-pakett\/#primaryimage"},"image":{"@id":"https:\/\/otepaagolf.com\/fi\/product\/green-card-koolitus-slim-pakett\/#primaryimage"},"thumbnailUrl":"https:\/\/otepaagolf.com\/wp-content\/uploads\/2025\/09\/Faili-jomara-2024-025.jpg-koopia-scaled.jpg","datePublished":"2025-12-22T08:23:13+00:00","dateModified":"2025-12-22T08:26:09+00:00","breadcrumb":{"@id":"https:\/\/otepaagolf.com\/fi\/product\/green-card-koolitus-slim-pakett\/#breadcrumb"},"inLanguage":"fi","potentialAction":[{"@type":"ReadAction","target":["https:\/\/otepaagolf.com\/fi\/product\/green-card-koolitus-slim-pakett\/"]}]},{"@type":"ImageObject","inLanguage":"fi","@id":"https:\/\/otepaagolf.com\/fi\/product\/green-card-koolitus-slim-pakett\/#primaryimage","url":"https:\/\/otepaagolf.com\/wp-content\/uploads\/2025\/09\/Faili-jomara-2024-025.jpg-koopia-scaled.jpg","contentUrl":"https:\/\/otepaagolf.com\/wp-content\/uploads\/2025\/09\/Faili-jomara-2024-025.jpg-koopia-scaled.jpg","width":1707,"height":2560},{"@type":"BreadcrumbList","@id":"https:\/\/otepaagolf.com\/fi\/product\/green-card-koolitus-slim-pakett\/#breadcrumb","itemListElement":[{"@type":"ListItem","position":1,"name":"Home","item":"https:\/\/otepaagolf.com\/fi\/"},{"@type":"ListItem","position":2,"name":"E-POOD","item":"https:\/\/otepaagolf.com\/pood\/"},{"@type":"ListItem","position":3,"name":"GREEN CARD KOOLITUS Slim pakett"}]},{"@type":"WebSite","@id":"https:\/\/otepaagolf.com\/fi\/#website","url":"https:\/\/otepaagolf.com\/fi\/","name":"Otep\u00e4\u00e4 Golf &amp; Country Club","description":"T\u00e4ism\u00f5\u00f5tmeline golfiv\u00e4ljak 18-holes PAR73","publisher":{"@id":"https:\/\/otepaagolf.com\/fi\/#organization"},"potentialAction":[{"@type":"SearchAction","target":{"@type":"EntryPoint","urlTemplate":"https:\/\/otepaagolf.com\/fi\/?s={search_term_string}"},"query-input":{"@type":"PropertyValueSpecification","valueRequired":true,"valueName":"search_term_string"}}],"inLanguage":"fi"},{"@type":"Organization","@id":"https:\/\/otepaagolf.com\/fi\/#organization","name":"Otep\u00e4\u00e4 Golf &amp; Country Club","url":"https:\/\/otepaagolf.com\/fi\/","logo":{"@type":"ImageObject","inLanguage":"fi","@id":"https:\/\/otepaagolf.com\/fi\/#\/schema\/logo\/image\/","url":"https:\/\/otepaagolf.com\/wp-content\/uploads\/2021\/10\/OGCC_web_pais.png","contentUrl":"https:\/\/otepaagolf.com\/wp-content\/uploads\/2021\/10\/OGCC_web_pais.png","width":1368,"height":541,"caption":"Otep\u00e4\u00e4 Golf &amp; Country Club"},"image":{"@id":"https:\/\/otepaagolf.com\/fi\/#\/schema\/logo\/image\/"}}]}},"publishpress_future_workflow_manual_trigger":{"enabledWorkflows":[]},"_links":{"self":[{"href":"https:\/\/otepaagolf.com\/fi\/wp-json\/wp\/v2\/product\/23121","targetHints":{"allow":["GET"]}}],"collection":[{"href":"https:\/\/otepaagolf.com\/fi\/wp-json\/wp\/v2\/product"}],"about":[{"href":"https:\/\/otepaagolf.com\/fi\/wp-json\/wp\/v2\/types\/product"}],"version-history":[{"count":2,"href":"https:\/\/otepaagolf.com\/fi\/wp-json\/wp\/v2\/product\/23121\/revisions"}],"predecessor-version":[{"id":23123,"href":"https:\/\/otepaagolf.com\/fi\/wp-json\/wp\/v2\/product\/23121\/revisions\/23123"}],"wp:featuredmedia":[{"embeddable":true,"href":"https:\/\/otepaagolf.com\/fi\/wp-json\/wp\/v2\/media\/22314"}],"wp:attachment":[{"href":"https:\/\/otepaagolf.com\/fi\/wp-json\/wp\/v2\/media?parent=23121"}],"wp:term":[{"taxonomy":"product_brand","embeddable":true,"href":"https:\/\/otepaagolf.com\/fi\/wp-json\/wp\/v2\/product_brand?post=23121"},{"taxonomy":"product_cat","embeddable":true,"href":"https:\/\/otepaagolf.com\/fi\/wp-json\/wp\/v2\/product_cat?post=23121"},{"taxonomy":"product_tag","embeddable":true,"href":"https:\/\/otepaagolf.com\/fi\/wp-json\/wp\/v2\/product_tag?post=23121"}],"curies":[{"name":"wp","href":"https:\/\/api.w.org\/{rel}","templated":true}]}}