{"id":23302,"date":"2026-02-02T12:47:58","date_gmt":"2026-02-02T10:47:58","guid":{"rendered":"https:\/\/otepaagolf.com\/?post_type=product&#038;p=23302"},"modified":"2026-02-03T13:24:05","modified_gmt":"2026-02-03T11:24:05","slug":"kampaania-10-x-18-rada-kahele-esmaspaevadeks","status":"publish","type":"product","link":"https:\/\/otepaagolf.com\/fi\/product\/kampaania-10-x-18-rada-kahele-esmaspaevadeks\/","title":{"rendered":"KAMPAANIA! 10 GOLFIRINGI 18 RADA KAHELE ESMASP\u00c4EVADEKS"},"content":{"rendered":"<p>Kehtiv kuni 2026. hooaja l\u00f5puni, kahele inimesele korraga samas flaidis 10 golfiringi m\u00e4ngimiseks (18 rada) ainult esmasp\u00e4eviti. Ei kehti riiklikel p\u00fchadel.<\/p>\n<p>Paketti ei saa jagada 9-raja piletiteks, ega \u00fcle anda teisele isikule kasutamiseks.<\/p>\n<p>Paketi nimeliseks kasutajaks on 2 golfim\u00e4ngijat, kes alustavad korraga ja esimestena pileti kasutamist. Juhul kui m\u00e4ngukorra asutab ainult 1 m\u00e4ngija, siis loetakse m\u00e4nguring kahele kasutatuks.<\/p>\n<p>Palun esitage tellimuse kinnitus caddiemasterile.<\/p>\n","protected":false},"excerpt":{"rendered":"<p>Kehtiv kuni 2026. hooaja l\u00f5puni, kahele inimesele korraga samas flaidis 10 golfiringi m\u00e4ngimiseks (18 rada) ainult esmasp\u00e4eviti. Ei kehti riiklikel p\u00fchadel. Paketti ei saa jagada 9-raja piletiteks, ega \u00fcle anda teisele isikule kasutamiseks. Paketi nimeliseks kasutajaks on 2 golfim\u00e4ngijat, kes alustavad korraga ja esimestena pileti kasutamist. Juhul kui m\u00e4ngukorra asutab ainult 1 m\u00e4ngija, siis loetakse [&hellip;]<\/p>\n","protected":false},"featured_media":19040,"template":"","meta":{"_acf_changed":false,"_improvement_type_select":"improve_an_existing","_thumb_yes_seoaic":false,"_frame_yes_seoaic":false,"seoaic_generate_description":"","seoaic_improve_instructions_prompt":"","seoaic_rollback_content_improvement":"","seoaic_idea_thumbnail_generator":"","thumbnail_generated":false,"thumbnail_generate_prompt":"","seoaic_article_description":""},"product_brand":[],"product_cat":[29,34,31,70,30,100,68],"product_tag":[85,77,84,75,73,76],"class_list":{"0":"post-23302","1":"product","2":"type-product","3":"status-publish","4":"has-post-thumbnail","6":"product_cat-teenused","7":"product_cat-34","8":"product_cat-31","9":"product_cat-kinkekaardid","10":"product_cat-pakkumised","11":"product_cat-esto-deal","12":"product_cat-kampaaniad","13":"product_tag-18-rada","14":"product_tag-auto","15":"product_tag-golfiauto","16":"product_tag-greenfee","17":"product_tag-manguoigus","18":"product_tag-rent","20":"first","21":"instock","22":"sale","23":"purchasable","24":"product-type-simple"},"acf":[],"gallery_images":[],"yoast_head":"<!-- This site is optimized with the Yoast SEO plugin v26.8 - https:\/\/yoast.com\/product\/yoast-seo-wordpress\/ -->\n<title>KAMPAANIA! 10 GOLFIRINGI 18 RADA KAHELE ESMASP\u00c4EVADEKS - Otep\u00e4\u00e4 Golf &amp; Country Club<\/title>\n<meta name=\"robots\" content=\"index, follow, max-snippet:-1, max-image-preview:large, max-video-preview:-1\" \/>\n<link rel=\"canonical\" href=\"https:\/\/otepaagolf.com\/fi\/product\/kampaania-10-x-18-rada-kahele-esmaspaevadeks\/\" \/>\n<meta property=\"og:locale\" content=\"fi_FI\" \/>\n<meta property=\"og:type\" content=\"article\" \/>\n<meta property=\"og:title\" content=\"KAMPAANIA! 10 GOLFIRINGI 18 RADA KAHELE ESMASP\u00c4EVADEKS - Otep\u00e4\u00e4 Golf &amp; Country Club\" \/>\n<meta property=\"og:description\" content=\"Kehtiv kuni 2026. hooaja l\u00f5puni, kahele inimesele korraga samas flaidis 10 golfiringi m\u00e4ngimiseks (18 rada) ainult esmasp\u00e4eviti. Ei kehti riiklikel p\u00fchadel. Paketti ei saa jagada 9-raja piletiteks, ega \u00fcle anda teisele isikule kasutamiseks. Paketi nimeliseks kasutajaks on 2 golfim\u00e4ngijat, kes alustavad korraga ja esimestena pileti kasutamist. Juhul kui m\u00e4ngukorra asutab ainult 1 m\u00e4ngija, siis loetakse [&hellip;]\" \/>\n<meta property=\"og:url\" content=\"https:\/\/otepaagolf.com\/fi\/product\/kampaania-10-x-18-rada-kahele-esmaspaevadeks\/\" \/>\n<meta property=\"og:site_name\" content=\"Otep\u00e4\u00e4 Golf &amp; Country Club\" \/>\n<meta property=\"article:modified_time\" content=\"2026-02-03T11:24:05+00:00\" \/>\n<meta property=\"og:image\" content=\"https:\/\/otepaagolf.com\/wp-content\/uploads\/2025\/04\/Placeholder_image-\u2013-21.png\" \/>\n\t<meta property=\"og:image:width\" content=\"1080\" \/>\n\t<meta property=\"og:image:height\" content=\"1080\" \/>\n\t<meta property=\"og:image:type\" content=\"image\/png\" \/>\n<meta name=\"twitter:card\" content=\"summary_large_image\" \/>\n<meta name=\"twitter:label1\" content=\"Arvioitu lukuaika\" \/>\n\t<meta name=\"twitter:data1\" content=\"1 minuutti\" \/>\n<script type=\"application\/ld+json\" class=\"yoast-schema-graph\">{\"@context\":\"https:\/\/schema.org\",\"@graph\":[{\"@type\":\"WebPage\",\"@id\":\"https:\/\/otepaagolf.com\/fi\/product\/kampaania-10-x-18-rada-kahele-esmaspaevadeks\/\",\"url\":\"https:\/\/otepaagolf.com\/fi\/product\/kampaania-10-x-18-rada-kahele-esmaspaevadeks\/\",\"name\":\"KAMPAANIA! 10 GOLFIRINGI 18 RADA KAHELE ESMASP\u00c4EVADEKS - Otep\u00e4\u00e4 Golf &amp; Country Club\",\"isPartOf\":{\"@id\":\"https:\/\/otepaagolf.com\/fi\/#website\"},\"primaryImageOfPage\":{\"@id\":\"https:\/\/otepaagolf.com\/fi\/product\/kampaania-10-x-18-rada-kahele-esmaspaevadeks\/#primaryimage\"},\"image\":{\"@id\":\"https:\/\/otepaagolf.com\/fi\/product\/kampaania-10-x-18-rada-kahele-esmaspaevadeks\/#primaryimage\"},\"thumbnailUrl\":\"https:\/\/otepaagolf.com\/wp-content\/uploads\/2025\/04\/Placeholder_image-\u2013-21.png\",\"datePublished\":\"2026-02-02T10:47:58+00:00\",\"dateModified\":\"2026-02-03T11:24:05+00:00\",\"breadcrumb\":{\"@id\":\"https:\/\/otepaagolf.com\/fi\/product\/kampaania-10-x-18-rada-kahele-esmaspaevadeks\/#breadcrumb\"},\"inLanguage\":\"fi\",\"potentialAction\":[{\"@type\":\"ReadAction\",\"target\":[\"https:\/\/otepaagolf.com\/fi\/product\/kampaania-10-x-18-rada-kahele-esmaspaevadeks\/\"]}]},{\"@type\":\"ImageObject\",\"inLanguage\":\"fi\",\"@id\":\"https:\/\/otepaagolf.com\/fi\/product\/kampaania-10-x-18-rada-kahele-esmaspaevadeks\/#primaryimage\",\"url\":\"https:\/\/otepaagolf.com\/wp-content\/uploads\/2025\/04\/Placeholder_image-\u2013-21.png\",\"contentUrl\":\"https:\/\/otepaagolf.com\/wp-content\/uploads\/2025\/04\/Placeholder_image-\u2013-21.png\",\"width\":1080,\"height\":1080},{\"@type\":\"BreadcrumbList\",\"@id\":\"https:\/\/otepaagolf.com\/fi\/product\/kampaania-10-x-18-rada-kahele-esmaspaevadeks\/#breadcrumb\",\"itemListElement\":[{\"@type\":\"ListItem\",\"position\":1,\"name\":\"Home\",\"item\":\"https:\/\/otepaagolf.com\/fi\/\"},{\"@type\":\"ListItem\",\"position\":2,\"name\":\"E-POOD\",\"item\":\"https:\/\/otepaagolf.com\/pood\/\"},{\"@type\":\"ListItem\",\"position\":3,\"name\":\"KAMPAANIA! 10 GOLFIRINGI 18 RADA KAHELE ESMASP\u00c4EVADEKS\"}]},{\"@type\":\"WebSite\",\"@id\":\"https:\/\/otepaagolf.com\/fi\/#website\",\"url\":\"https:\/\/otepaagolf.com\/fi\/\",\"name\":\"Otep\u00e4\u00e4 Golf &amp; Country Club\",\"description\":\"T\u00e4ism\u00f5\u00f5tmeline golfiv\u00e4ljak 18-holes PAR73\",\"publisher\":{\"@id\":\"https:\/\/otepaagolf.com\/fi\/#organization\"},\"potentialAction\":[{\"@type\":\"SearchAction\",\"target\":{\"@type\":\"EntryPoint\",\"urlTemplate\":\"https:\/\/otepaagolf.com\/fi\/?s={search_term_string}\"},\"query-input\":{\"@type\":\"PropertyValueSpecification\",\"valueRequired\":true,\"valueName\":\"search_term_string\"}}],\"inLanguage\":\"fi\"},{\"@type\":\"Organization\",\"@id\":\"https:\/\/otepaagolf.com\/fi\/#organization\",\"name\":\"Otep\u00e4\u00e4 Golf &amp; Country Club\",\"url\":\"https:\/\/otepaagolf.com\/fi\/\",\"logo\":{\"@type\":\"ImageObject\",\"inLanguage\":\"fi\",\"@id\":\"https:\/\/otepaagolf.com\/fi\/#\/schema\/logo\/image\/\",\"url\":\"https:\/\/otepaagolf.com\/wp-content\/uploads\/2021\/10\/OGCC_web_pais.png\",\"contentUrl\":\"https:\/\/otepaagolf.com\/wp-content\/uploads\/2021\/10\/OGCC_web_pais.png\",\"width\":1368,\"height\":541,\"caption\":\"Otep\u00e4\u00e4 Golf &amp; Country Club\"},\"image\":{\"@id\":\"https:\/\/otepaagolf.com\/fi\/#\/schema\/logo\/image\/\"}}]}<\/script>\n<!-- \/ Yoast SEO plugin. -->","yoast_head_json":{"title":"KAMPAANIA! 10 GOLFIRINGI 18 RADA KAHELE ESMASP\u00c4EVADEKS - Otep\u00e4\u00e4 Golf &amp; Country Club","robots":{"index":"index","follow":"follow","max-snippet":"max-snippet:-1","max-image-preview":"max-image-preview:large","max-video-preview":"max-video-preview:-1"},"canonical":"https:\/\/otepaagolf.com\/fi\/product\/kampaania-10-x-18-rada-kahele-esmaspaevadeks\/","og_locale":"fi_FI","og_type":"article","og_title":"KAMPAANIA! 10 GOLFIRINGI 18 RADA KAHELE ESMASP\u00c4EVADEKS - Otep\u00e4\u00e4 Golf &amp; Country Club","og_description":"Kehtiv kuni 2026. hooaja l\u00f5puni, kahele inimesele korraga samas flaidis 10 golfiringi m\u00e4ngimiseks (18 rada) ainult esmasp\u00e4eviti. Ei kehti riiklikel p\u00fchadel. Paketti ei saa jagada 9-raja piletiteks, ega \u00fcle anda teisele isikule kasutamiseks. Paketi nimeliseks kasutajaks on 2 golfim\u00e4ngijat, kes alustavad korraga ja esimestena pileti kasutamist. Juhul kui m\u00e4ngukorra asutab ainult 1 m\u00e4ngija, siis loetakse [&hellip;]","og_url":"https:\/\/otepaagolf.com\/fi\/product\/kampaania-10-x-18-rada-kahele-esmaspaevadeks\/","og_site_name":"Otep\u00e4\u00e4 Golf &amp; Country Club","article_modified_time":"2026-02-03T11:24:05+00:00","og_image":[{"width":1080,"height":1080,"url":"https:\/\/otepaagolf.com\/wp-content\/uploads\/2025\/04\/Placeholder_image-\u2013-21.png","type":"image\/png"}],"twitter_card":"summary_large_image","twitter_misc":{"Arvioitu lukuaika":"1 minuutti"},"schema":{"@context":"https:\/\/schema.org","@graph":[{"@type":"WebPage","@id":"https:\/\/otepaagolf.com\/fi\/product\/kampaania-10-x-18-rada-kahele-esmaspaevadeks\/","url":"https:\/\/otepaagolf.com\/fi\/product\/kampaania-10-x-18-rada-kahele-esmaspaevadeks\/","name":"KAMPAANIA! 10 GOLFIRINGI 18 RADA KAHELE ESMASP\u00c4EVADEKS - Otep\u00e4\u00e4 Golf &amp; Country Club","isPartOf":{"@id":"https:\/\/otepaagolf.com\/fi\/#website"},"primaryImageOfPage":{"@id":"https:\/\/otepaagolf.com\/fi\/product\/kampaania-10-x-18-rada-kahele-esmaspaevadeks\/#primaryimage"},"image":{"@id":"https:\/\/otepaagolf.com\/fi\/product\/kampaania-10-x-18-rada-kahele-esmaspaevadeks\/#primaryimage"},"thumbnailUrl":"https:\/\/otepaagolf.com\/wp-content\/uploads\/2025\/04\/Placeholder_image-\u2013-21.png","datePublished":"2026-02-02T10:47:58+00:00","dateModified":"2026-02-03T11:24:05+00:00","breadcrumb":{"@id":"https:\/\/otepaagolf.com\/fi\/product\/kampaania-10-x-18-rada-kahele-esmaspaevadeks\/#breadcrumb"},"inLanguage":"fi","potentialAction":[{"@type":"ReadAction","target":["https:\/\/otepaagolf.com\/fi\/product\/kampaania-10-x-18-rada-kahele-esmaspaevadeks\/"]}]},{"@type":"ImageObject","inLanguage":"fi","@id":"https:\/\/otepaagolf.com\/fi\/product\/kampaania-10-x-18-rada-kahele-esmaspaevadeks\/#primaryimage","url":"https:\/\/otepaagolf.com\/wp-content\/uploads\/2025\/04\/Placeholder_image-\u2013-21.png","contentUrl":"https:\/\/otepaagolf.com\/wp-content\/uploads\/2025\/04\/Placeholder_image-\u2013-21.png","width":1080,"height":1080},{"@type":"BreadcrumbList","@id":"https:\/\/otepaagolf.com\/fi\/product\/kampaania-10-x-18-rada-kahele-esmaspaevadeks\/#breadcrumb","itemListElement":[{"@type":"ListItem","position":1,"name":"Home","item":"https:\/\/otepaagolf.com\/fi\/"},{"@type":"ListItem","position":2,"name":"E-POOD","item":"https:\/\/otepaagolf.com\/pood\/"},{"@type":"ListItem","position":3,"name":"KAMPAANIA! 10 GOLFIRINGI 18 RADA KAHELE ESMASP\u00c4EVADEKS"}]},{"@type":"WebSite","@id":"https:\/\/otepaagolf.com\/fi\/#website","url":"https:\/\/otepaagolf.com\/fi\/","name":"Otep\u00e4\u00e4 Golf &amp; Country Club","description":"T\u00e4ism\u00f5\u00f5tmeline golfiv\u00e4ljak 18-holes PAR73","publisher":{"@id":"https:\/\/otepaagolf.com\/fi\/#organization"},"potentialAction":[{"@type":"SearchAction","target":{"@type":"EntryPoint","urlTemplate":"https:\/\/otepaagolf.com\/fi\/?s={search_term_string}"},"query-input":{"@type":"PropertyValueSpecification","valueRequired":true,"valueName":"search_term_string"}}],"inLanguage":"fi"},{"@type":"Organization","@id":"https:\/\/otepaagolf.com\/fi\/#organization","name":"Otep\u00e4\u00e4 Golf &amp; Country Club","url":"https:\/\/otepaagolf.com\/fi\/","logo":{"@type":"ImageObject","inLanguage":"fi","@id":"https:\/\/otepaagolf.com\/fi\/#\/schema\/logo\/image\/","url":"https:\/\/otepaagolf.com\/wp-content\/uploads\/2021\/10\/OGCC_web_pais.png","contentUrl":"https:\/\/otepaagolf.com\/wp-content\/uploads\/2021\/10\/OGCC_web_pais.png","width":1368,"height":541,"caption":"Otep\u00e4\u00e4 Golf &amp; Country Club"},"image":{"@id":"https:\/\/otepaagolf.com\/fi\/#\/schema\/logo\/image\/"}}]}},"publishpress_future_workflow_manual_trigger":{"enabledWorkflows":[]},"_links":{"self":[{"href":"https:\/\/otepaagolf.com\/fi\/wp-json\/wp\/v2\/product\/23302","targetHints":{"allow":["GET"]}}],"collection":[{"href":"https:\/\/otepaagolf.com\/fi\/wp-json\/wp\/v2\/product"}],"about":[{"href":"https:\/\/otepaagolf.com\/fi\/wp-json\/wp\/v2\/types\/product"}],"version-history":[{"count":2,"href":"https:\/\/otepaagolf.com\/fi\/wp-json\/wp\/v2\/product\/23302\/revisions"}],"predecessor-version":[{"id":23336,"href":"https:\/\/otepaagolf.com\/fi\/wp-json\/wp\/v2\/product\/23302\/revisions\/23336"}],"wp:featuredmedia":[{"embeddable":true,"href":"https:\/\/otepaagolf.com\/fi\/wp-json\/wp\/v2\/media\/19040"}],"wp:attachment":[{"href":"https:\/\/otepaagolf.com\/fi\/wp-json\/wp\/v2\/media?parent=23302"}],"wp:term":[{"taxonomy":"product_brand","embeddable":true,"href":"https:\/\/otepaagolf.com\/fi\/wp-json\/wp\/v2\/product_brand?post=23302"},{"taxonomy":"product_cat","embeddable":true,"href":"https:\/\/otepaagolf.com\/fi\/wp-json\/wp\/v2\/product_cat?post=23302"},{"taxonomy":"product_tag","embeddable":true,"href":"https:\/\/otepaagolf.com\/fi\/wp-json\/wp\/v2\/product_tag?post=23302"}],"curies":[{"name":"wp","href":"https:\/\/api.w.org\/{rel}","templated":true}]}}